{"id":9,"date":"2023-12-16T20:50:35","date_gmt":"2023-12-16T20:50:35","guid":{"rendered":"https:\/\/playaviator.in\/?page_id=9"},"modified":"2023-12-26T22:50:30","modified_gmt":"2023-12-26T22:50:30","slug":"aviator-game-reviews","status":"publish","type":"page","link":"https:\/\/playaviator.in\/tr\/aviator-game-reviews\/","title":{"rendered":"\u0130ncelemeler"},"content":{"rendered":"<p><strong>\u0130nceleme: Ivan (30 ya\u015f\u0131nda)<\/strong><\/p>\n<h3>Oyun &#8220;Aviator&#8221;, bir acemi kumarbaz i\u00e7in bir zevktir!<\/h3>\n<p>Deneyimsiz olmama ra\u011fmen, ilk kez \u00e7evrimi\u00e7i casinoda kendimi denemeye karar verdim ve &#8220;Aviator&#8221; oyununu se\u00e7tim. \u015ea\u015f\u0131rt\u0131c\u0131 bir \u015fekilde, ba\u015flang\u0131\u00e7 miktar\u0131m\u0131 50 kat\u0131na \u00e7\u0131karmay\u0131 ba\u015fard\u0131m ya da daha fazlas\u0131n\u0131. Belki kumar e\u011flencesinin \u00e7ekicili\u011fini anlamaya ba\u015fl\u0131yorum.<\/p>\n<p><strong>\u0130nceleme: Max (25 ya\u015f\u0131nda)<\/strong><\/p>\n<h3>&#8220;Aviator&#8221; ile ba\u015far\u0131l\u0131 bir ba\u015flang\u0131c\u0131 tebrik edin!<\/h3>\n<p>&#8220;Aviator&#8221; oyunuyla tan\u0131\u015fmak benim i\u00e7in son bir olayd\u0131, ancak ilk denememde 10 dolar yat\u0131rd\u0131m ve bunu 450 dolara \u00e7\u0131kard\u0131m. Para \u00e7ekme i\u015flemi sorunsuz ge\u00e7ti ve \u015fimdi oyun kariyerime devam etmeye kararl\u0131y\u0131m.<\/p>\n<p><strong>\u0130nceleme: Anton (28 ya\u015f\u0131nda)<\/strong><\/p>\n<h3>&#8220;Aviator&#8221; lehine se\u00e7im<\/h3>\n<p>&#8220;Aviator&#8221;, \u00e7arpan oyunlar aras\u0131ndaki tercihim oldu ve pi\u015fman de\u011filim. Geri d\u00f6n\u00fc\u015fler burada y\u00fcksek seviyede ve lisansl\u0131 platformlarda oynamay\u0131 tercih ederim. S\u0131k kazan\u00e7lar ve sorunsuz fon \u00e7ekimleri, bu oyunu benim i\u00e7in \u00e7ekici k\u0131l\u0131yor.<\/p>\n<p><strong>\u0130nceleme: Anna (24 ya\u015f\u0131nda)<\/strong><\/p>\n<h3>\u00c7evrimi\u00e7i oyun &#8220;Aviator&#8221; ile olumlu tan\u0131t\u0131m<\/h3>\n<p>Son zamanlarda \u00e7arpan oyun &#8220;Aviator&#8221; hakk\u0131nda \u00f6\u011frendim ve daha mutlu olamam. S\u0131k kazan\u00e7lar ve an\u0131nda para \u00e7ekimleri oyunu keyifli bir zaman ge\u00e7irme haline getiriyor. Se\u00e7imimden \u00e7ok memnunum.<\/p>\n<p><strong>\u0130nceleme: Stas (32 ya\u015f\u0131nda)<\/strong><\/p>\n<h3>&#8220;Aviator&#8221; &#8211; heyecan verici ve kazan\u00e7l\u0131 bir oyun<\/h3>\n<p>&#8220;Aviator&#8221; d\u00fcnyas\u0131na yolculu\u011fuma demo s\u00fcr\u00fcmle ba\u015flad\u0131m, sonra ger\u00e7ek bahislere ge\u00e7tim. Oyun ger\u00e7ekten heyecan verici ve ziyaretlerimin nadirli\u011fine ra\u011fmen, s\u00fcrekli olarak \u00f6nemli karlar elde ediyorum.<\/p>\n<p><strong>\u0130nceleme: Nikolay (27 ya\u015f\u0131nda)<\/strong><\/p>\n<h3>\u00c7arpan oyun &#8220;Aviator&#8221; &#8211; benim i\u00e7in ho\u015f bir ke\u015fif<\/h3>\n<p>\u00c7evrimi\u00e7i casinolarda \u00e7e\u015fitli slotlar\u0131 denedim ve &#8220;Aviator&#8221; benim i\u00e7in ho\u015f bir ke\u015fif oldu. K\u00fc\u00e7\u00fck bir miktarla ba\u015flad\u0131m ve bunu 2500 dolara \u00e7\u0131kard\u0131m. Burada \u015fans benimle, ve oyun deneyimlerime devam etmeyi planl\u0131yorum.<\/p>\n<p><strong>\u0130nceleme: Yakov (29 ya\u015f\u0131nda)<\/strong><\/p>\n<h3>&#8220;Aviator&#8221; ba\u015far\u0131s\u0131ndan dolay\u0131 keyif<\/h3>\n<p>&#8220;Aviator&#8221; oyunu hakk\u0131nda bir inceleme b\u0131rakmaya karar verirken, hayranl\u0131kla ifade etmemek elde de\u011fil. Oyun beni ilk bahisten itibaren \u015fa\u015f\u0131rtt\u0131, yat\u0131r\u0131lan miktar\u0131 20 kat\u0131na \u00e7\u0131kard\u0131. \u015eans yan\u0131mda ve yeni oyun deneyimlerini bekliyorum.<\/p>\n<p><strong>\u0130nceleme: Andrey (30 ya\u015f\u0131nda)<\/strong><\/p>\n<h3>&#8220;Aviator&#8221; ile ho\u015f bir ke\u015fif ve ilk zafer<\/h3>\n<p>Ge\u00e7enlerde &#8220;Aviator&#8221;u bir arkada\u015f\u0131m\u0131n \u00f6nerisi \u00fczerine denedim. \u00c7ok bir \u015fey beklemiyordum, ancak 1000 dolarl\u0131k ilk kazan\u00e7 beni ho\u015f bir \u015fekilde \u015fa\u015f\u0131rtt\u0131. Pozitif deneyimimi payla\u015fmaya karar verdim.<\/p>\n<p><strong>\u0130nceleme: Alena (35 ya\u015f\u0131nda)<\/strong><\/p>\n<h3>Oyun &#8220;Aviator&#8221; hakk\u0131nda profesyonel bir bak\u0131\u015f<\/h3>\n<p>Deneyimli bir oyuncuyum ve &#8220;Aviator&#8221; beni \u015fa\u015f\u0131rtmay\u0131 ba\u015fard\u0131. Burada kazanma olas\u0131l\u0131\u011f\u0131 y\u00fcksek ve ba\u015flang\u0131\u00e7 miktar\u0131m\u0131 50-100 kat\u0131na \u00e7\u0131kar\u0131yorum. Ger\u00e7ekten kumar zevki.<\/p>\n<p><strong>\u0130nceleme: Kirill (26 ya\u015f\u0131nda)<\/strong><\/p>\n<h3>&#8220;Aviator&#8221;da \u015fansl\u0131 bir geli\u015fme<\/h3>\n<p>\u0130lk iki bahis ba\u015far\u0131s\u0131z oldu, ancak \u00fc\u00e7\u00fcnc\u00fc denemede bir risk almaya karar verdim ve 10 dolarl\u0131k bir bahis yaparak miktar\u0131 40 kat\u0131na \u00e7\u0131kard\u0131m. Para \u00e7ekme i\u015flemi sorunsuz ge\u00e7ti.<\/p>\n","protected":false},"excerpt":{"rendered":"<p>\u0130nceleme: Ivan (30 ya\u015f\u0131nda) Oyun &#8220;Aviator&#8221;, bir acemi kumarbaz i\u00e7in bir zevktir! Deneyimsiz olmama ra\u011fmen, ilk kez \u00e7evrimi\u00e7i casinoda kendimi denemeye karar verdim ve &#8220;Aviator&#8221; oyununu se\u00e7tim. \u015ea\u015f\u0131rt\u0131c\u0131 bir \u015fekilde, ba\u015flang\u0131\u00e7 miktar\u0131m\u0131 50 kat\u0131na \u00e7\u0131karmay\u0131 ba\u015fard\u0131m ya da daha fazlas\u0131n\u0131. Belki kumar e\u011flencesinin \u00e7ekicili\u011fini anlamaya ba\u015fl\u0131yorum. \u0130nceleme: Max (25 ya\u015f\u0131nda) &#8220;Aviator&#8221; ile ba\u015far\u0131l\u0131 bir ba\u015flang\u0131c\u0131 [&hellip;]<\/p>\n","protected":false},"author":1,"featured_media":0,"parent":0,"menu_order":0,"comment_status":"closed","ping_status":"closed","template":"","meta":{"footnotes":""},"class_list":["post-9","page","type-page","status-publish","hentry"],"yoast_head":"<!-- This site is optimized with the Yoast SEO plugin v27.2 - https:\/\/yoast.com\/product\/yoast-seo-wordpress\/ -->\n<title>Recenzje graczy Aviator: Prawdziwe Wra\u017cenia i Opowie\u015bci o Wygranych<\/title>\n<meta name=\"description\" content=\"Aviator&#039;un heyecan verici oyuncu incelemelerini okuyun! Bu crash oyununda heyecan, strateji ve \u015fans\u0131n nas\u0131l \u00e7arp\u0131c\u0131 bir deneyim yaratt\u0131\u011f\u0131n\u0131 ke\u015ffedin.\" \/>\n<meta name=\"robots\" content=\"index, follow, max-snippet:-1, max-image-preview:large, max-video-preview:-1\" \/>\n<link rel=\"canonical\" href=\"https:\/\/playaviator.in\/tr\/aviator-game-reviews\/\" \/>\n<meta property=\"og:locale\" content=\"tr_TR\" \/>\n<meta property=\"og:locale:alternate\" content=\"en_US\" \/>\n<meta property=\"og:locale:alternate\" content=\"ru_RU\" \/>\n<meta property=\"og:locale:alternate\" content=\"pt_PT\" \/>\n<meta property=\"og:locale:alternate\" content=\"es_ES\" \/>\n<meta property=\"og:locale:alternate\" content=\"ro_RO\" \/>\n<meta property=\"og:locale:alternate\" content=\"sr_RS\" \/>\n<meta property=\"og:locale:alternate\" content=\"bg_BG\" \/>\n<meta property=\"og:locale:alternate\" content=\"hu_HU\" \/>\n<meta property=\"og:locale:alternate\" content=\"pl_PL\" \/>\n<meta property=\"og:locale:alternate\" content=\"el\" \/>\n<meta property=\"og:type\" content=\"article\" \/>\n<meta property=\"og:title\" content=\"Recenzje graczy Aviator: Prawdziwe Wra\u017cenia i Opowie\u015bci o Wygranych\" \/>\n<meta property=\"og:description\" content=\"Przeczytaj entuzjastyczne recenzje graczy na temat Aviator! Odkryj, jak podekscytowanie, strategia i szcz\u0119\u015bcie tworz\u0105 ekscytuj\u0105ce do\u015bwiadczenie w tej grze crash.\" \/>\n<meta property=\"og:url\" content=\"https:\/\/playaviator.in\/tr\/aviator-game-reviews\/\" \/>\n<meta property=\"og:site_name\" content=\"Aviator Game\" \/>\n<meta property=\"article:modified_time\" content=\"2023-12-26T22:50:30+00:00\" \/>\n<meta name=\"twitter:card\" content=\"summary_large_image\" \/>\n<meta name=\"twitter:label1\" content=\"Tahmini okuma s\u00fcresi\" \/>\n\t<meta name=\"twitter:data1\" content=\"16 dakika\" \/>\n<script type=\"application\/ld+json\" class=\"yoast-schema-graph\">{\"@context\":\"https:\/\/schema.org\",\"@graph\":[{\"@type\":\"WebPage\",\"@id\":\"https:\/\/playaviator.in\/pl\/aviator-game-reviews\/\",\"url\":\"https:\/\/playaviator.in\/pl\/aviator-game-reviews\/\",\"name\":\"Recenzje graczy Aviator: Prawdziwe Wra\u017cenia i Opowie\u015bci o Wygranych\",\"isPartOf\":{\"@id\":\"https:\/\/playaviator.in\/pl\/#website\"},\"datePublished\":\"2023-12-16T20:50:35+00:00\",\"dateModified\":\"2023-12-26T22:50:30+00:00\",\"description\":\"Przeczytaj entuzjastyczne recenzje graczy na temat Aviator! Odkryj, jak podekscytowanie, strategia i szcz\u0119\u015bcie tworz\u0105 ekscytuj\u0105ce do\u015bwiadczenie w tej grze crash.\",\"breadcrumb\":{\"@id\":\"https:\/\/playaviator.in\/pl\/aviator-game-reviews\/#breadcrumb\"},\"inLanguage\":\"tr-TR\",\"potentialAction\":[{\"@type\":\"ReadAction\",\"target\":[\"https:\/\/playaviator.in\/pl\/aviator-game-reviews\/\"]}]},{\"@type\":\"BreadcrumbList\",\"@id\":\"https:\/\/playaviator.in\/pl\/aviator-game-reviews\/#breadcrumb\",\"itemListElement\":[{\"@type\":\"ListItem\",\"position\":1,\"name\":\"Home\",\"item\":\"https:\/\/playaviator.in\/pl\/\"},{\"@type\":\"ListItem\",\"position\":2,\"name\":\"Recenzje\"}]},{\"@type\":\"WebSite\",\"@id\":\"https:\/\/playaviator.in\/pl\/#website\",\"url\":\"https:\/\/playaviator.in\/pl\/\",\"name\":\"Aviator Game\",\"description\":\"\",\"publisher\":{\"@id\":\"https:\/\/playaviator.in\/pl\/#organization\"},\"potentialAction\":[{\"@type\":\"SearchAction\",\"target\":{\"@type\":\"EntryPoint\",\"urlTemplate\":\"https:\/\/playaviator.in\/pl\/?s={search_term_string}\"},\"query-input\":{\"@type\":\"PropertyValueSpecification\",\"valueRequired\":true,\"valueName\":\"search_term_string\"}}],\"inLanguage\":\"tr-TR\"},{\"@type\":\"Organization\",\"@id\":\"https:\/\/playaviator.in\/pl\/#organization\",\"name\":\"Aviator Game\",\"url\":\"https:\/\/playaviator.in\/pl\/\",\"logo\":{\"@type\":\"ImageObject\",\"inLanguage\":\"tr-TR\",\"@id\":\"https:\/\/playaviator.in\/pl\/#\/schema\/logo\/image\/\",\"url\":\"https:\/\/playaviator.in\/wp-content\/uploads\/Aviator_logo-e1702848125368.png\",\"contentUrl\":\"https:\/\/playaviator.in\/wp-content\/uploads\/Aviator_logo-e1702848125368.png\",\"width\":589,\"height\":156,\"caption\":\"Aviator Game\"},\"image\":{\"@id\":\"https:\/\/playaviator.in\/pl\/#\/schema\/logo\/image\/\"}}]}<\/script>\n<!-- \/ Yoast SEO plugin. -->","yoast_head_json":{"title":"Recenzje graczy Aviator: Prawdziwe Wra\u017cenia i Opowie\u015bci o Wygranych","description":"Aviator'un heyecan verici oyuncu incelemelerini okuyun! Bu crash oyununda heyecan, strateji ve \u015fans\u0131n nas\u0131l \u00e7arp\u0131c\u0131 bir deneyim yaratt\u0131\u011f\u0131n\u0131 ke\u015ffedin.","robots":{"index":"index","follow":"follow","max-snippet":"max-snippet:-1","max-image-preview":"max-image-preview:large","max-video-preview":"max-video-preview:-1"},"canonical":"https:\/\/playaviator.in\/tr\/aviator-game-reviews\/","og_locale":"tr_TR","og_type":"article","og_title":"Recenzje graczy Aviator: Prawdziwe Wra\u017cenia i Opowie\u015bci o Wygranych","og_description":"Przeczytaj entuzjastyczne recenzje graczy na temat Aviator! Odkryj, jak podekscytowanie, strategia i szcz\u0119\u015bcie tworz\u0105 ekscytuj\u0105ce do\u015bwiadczenie w tej grze crash.","og_url":"https:\/\/playaviator.in\/tr\/aviator-game-reviews\/","og_site_name":"Aviator Game","article_modified_time":"2023-12-26T22:50:30+00:00","twitter_card":"summary_large_image","twitter_misc":{"Tahmini okuma s\u00fcresi":"16 dakika"},"schema":{"@context":"https:\/\/schema.org","@graph":[{"@type":"WebPage","@id":"https:\/\/playaviator.in\/pl\/aviator-game-reviews\/","url":"https:\/\/playaviator.in\/pl\/aviator-game-reviews\/","name":"Recenzje graczy Aviator: Prawdziwe Wra\u017cenia i Opowie\u015bci o Wygranych","isPartOf":{"@id":"https:\/\/playaviator.in\/pl\/#website"},"datePublished":"2023-12-16T20:50:35+00:00","dateModified":"2023-12-26T22:50:30+00:00","description":"Przeczytaj entuzjastyczne recenzje graczy na temat Aviator! Odkryj, jak podekscytowanie, strategia i szcz\u0119\u015bcie tworz\u0105 ekscytuj\u0105ce do\u015bwiadczenie w tej grze crash.","breadcrumb":{"@id":"https:\/\/playaviator.in\/pl\/aviator-game-reviews\/#breadcrumb"},"inLanguage":"tr-TR","potentialAction":[{"@type":"ReadAction","target":["https:\/\/playaviator.in\/pl\/aviator-game-reviews\/"]}]},{"@type":"BreadcrumbList","@id":"https:\/\/playaviator.in\/pl\/aviator-game-reviews\/#breadcrumb","itemListElement":[{"@type":"ListItem","position":1,"name":"Home","item":"https:\/\/playaviator.in\/pl\/"},{"@type":"ListItem","position":2,"name":"Recenzje"}]},{"@type":"WebSite","@id":"https:\/\/playaviator.in\/pl\/#website","url":"https:\/\/playaviator.in\/pl\/","name":"Aviator Game","description":"","publisher":{"@id":"https:\/\/playaviator.in\/pl\/#organization"},"potentialAction":[{"@type":"SearchAction","target":{"@type":"EntryPoint","urlTemplate":"https:\/\/playaviator.in\/pl\/?s={search_term_string}"},"query-input":{"@type":"PropertyValueSpecification","valueRequired":true,"valueName":"search_term_string"}}],"inLanguage":"tr-TR"},{"@type":"Organization","@id":"https:\/\/playaviator.in\/pl\/#organization","name":"Aviator Game","url":"https:\/\/playaviator.in\/pl\/","logo":{"@type":"ImageObject","inLanguage":"tr-TR","@id":"https:\/\/playaviator.in\/pl\/#\/schema\/logo\/image\/","url":"https:\/\/playaviator.in\/wp-content\/uploads\/Aviator_logo-e1702848125368.png","contentUrl":"https:\/\/playaviator.in\/wp-content\/uploads\/Aviator_logo-e1702848125368.png","width":589,"height":156,"caption":"Aviator Game"},"image":{"@id":"https:\/\/playaviator.in\/pl\/#\/schema\/logo\/image\/"}}]}},"_links":{"self":[{"href":"https:\/\/playaviator.in\/tr\/wp-json\/wp\/v2\/pages\/9","targetHints":{"allow":["GET"]}}],"collection":[{"href":"https:\/\/playaviator.in\/tr\/wp-json\/wp\/v2\/pages"}],"about":[{"href":"https:\/\/playaviator.in\/tr\/wp-json\/wp\/v2\/types\/page"}],"author":[{"embeddable":true,"href":"https:\/\/playaviator.in\/tr\/wp-json\/wp\/v2\/users\/1"}],"replies":[{"embeddable":true,"href":"https:\/\/playaviator.in\/tr\/wp-json\/wp\/v2\/comments?post=9"}],"version-history":[{"count":27,"href":"https:\/\/playaviator.in\/tr\/wp-json\/wp\/v2\/pages\/9\/revisions"}],"predecessor-version":[{"id":163,"href":"https:\/\/playaviator.in\/tr\/wp-json\/wp\/v2\/pages\/9\/revisions\/163"}],"wp:attachment":[{"href":"https:\/\/playaviator.in\/tr\/wp-json\/wp\/v2\/media?parent=9"}],"curies":[{"name":"wp","href":"https:\/\/api.w.org\/{rel}","templated":true}]}}