{"id":7,"date":"2023-12-16T20:42:23","date_gmt":"2023-12-16T20:42:23","guid":{"rendered":"https:\/\/playaviator.in\/?page_id=7"},"modified":"2023-12-26T22:14:26","modified_gmt":"2023-12-26T22:14:26","slug":"home","status":"publish","type":"page","link":"https:\/\/playaviator.in\/tr\/","title":{"rendered":"Aviator ile G\u00f6ky\u00fcz\u00fcn\u00fc Fethet: Heyecan Verici Oyun, Heyecanl\u0131 Bahisler ve B\u00fcy\u00fck Kazan\u00e7lar"},"content":{"rendered":"<h2>The Aviator oyunu nedir?<\/h2>\n<p>Aviator casino oyunu, 80&#8217;lerin ruhuyla dolu basit bir \u00e7evrimi\u00e7i grafik oyundur. Oyun arka plan\u0131 siyah renkte olup, ilgi oda\u011f\u0131 kalk\u0131\u015f ve ini\u015f pistiyle canl\u0131 k\u0131rm\u0131z\u0131 bir u\u00e7akt\u0131r. Oyun s\u0131ras\u0131nda ayn\u0131 anda iki bahis yapma \u015fans\u0131na sahipsiniz. Bu Aviator incelemesinde, nas\u0131l bahis yap\u0131laca\u011f\u0131 ve kapat\u0131laca\u011f\u0131 konusundaki detaylara dalaca\u011f\u0131z.<\/p>\n<p>Aviator kumar oyununda kazanc\u0131n\u0131z, u\u00e7a\u011f\u0131n\u0131z\u0131n ne kadar y\u00fckse\u011fe \u00e7\u0131kaca\u011f\u0131na ba\u011fl\u0131d\u0131r. Ba\u015far\u0131l\u0131 bir bahsinize uygulanan \u00e7arpan, u\u00e7a\u011f\u0131n\u0131z\u0131n ula\u015ft\u0131\u011f\u0131 y\u00fcksekli\u011fe kar\u015f\u0131l\u0131k gelir. Ba\u015far\u0131n\u0131n, do\u011fru an\u0131nda durabilme yetene\u011fine ba\u011fl\u0131 oldu\u011funu hat\u0131rlamak \u00f6nemlidir ve genellikle u\u00e7a\u011f\u0131n maksimum y\u00fcksekli\u011fine ula\u015fmadan \u00f6nce nakit \u00e7\u0131k\u0131\u015f d\u00fc\u011fmesine basmay\u0131 gerektirir. Aviator&#8217;daki bahisler, x100&#8217;e kadar ula\u015fabilen b\u00fcy\u00fcyen \u00e7arpanlardan kar elde etme f\u0131rsat\u0131 sunar. Minimum bahis olan 1 dolar ile bile an\u0131nda 1,000 dolar kazanabilirsiniz. Spribe Aviator platformu, bu end\u00fcstride tarafs\u0131zl\u0131\u011f\u0131 sa\u011flayarak kan\u0131tlanm\u0131\u015f adil bir temele dayanmaktad\u0131r. Ancak, kazanc\u0131n\u0131z\u0131 kald\u0131rmay\u0131 ba\u015faramazsan\u0131z, bahis iptal edilecektir. Bu oyun, duygular\u0131n, riskin ve zaferin bir kar\u0131\u015f\u0131m\u0131d\u0131r!<\/p>\n<h3>Faydal\u0131 ipu\u00e7lar\u0131:<\/h3>\n<ol>\n<li>U\u00e7a\u011f\u0131n kazan\u00e7lar\u0131 i\u00e7in \u00e7arpan 1x&#8217;de ba\u015flar ve u\u00e7ak y\u00fckseldik\u00e7e artar.<\/li>\n<li>Oyunun sol taraf\u0131nda, di\u011fer oyuncular\u0131n eylemlerini, kazan\u00e7lar\u0131n\u0131 veya kay\u0131plar\u0131n\u0131 takip edebilece\u011finiz bir bahis paneli bulunur ve di\u011fer oyuncular\u0131n hangi \u00e7arpanlar\u0131 elde ettiklerini g\u00f6rebilirsiniz.<\/li>\n<li>Kazanc\u0131n\u0131z, \u00f6deme an\u0131ndaki ge\u00e7erli katsay\u0131ya ba\u011fl\u0131d\u0131r. \u00d6demeyi, katsay\u0131y\u0131 bahsinizin boyutuyla \u00e7arparak hesaplay\u0131n.<\/li>\n<li>U\u00e7a\u011f\u0131n h\u0131z\u0131, her turdan \u00f6nce olu\u015fturulan bir adaletli rasgele say\u0131 \u00fcreteci taraf\u0131ndan belirlenen bir katsay\u0131ya ba\u011fl\u0131d\u0131r. Her turun \u015feffafl\u0131\u011f\u0131n\u0131 kontrol etmek i\u00e7in oyunun \u00f6zelliklerini kullan\u0131n.<\/li>\n<\/ol>\n<h2>\u00d6deme:<\/h2>\n<p>Geli\u015ftirici, Aviator Spribe&#8217;in 100 turdan sonra k\u00fc\u00e7\u00fck u\u00e7a\u011f\u0131n \u00e7\u0131k\u0131\u015fa ba\u015flad\u0131\u011f\u0131 bir \u00e7\u0131k\u0131\u015f katsay\u0131s\u0131 iddia ediyor, bu da kar elde etmenin imkans\u0131z oldu\u011fu anlam\u0131na geliyor. Her tur i\u00e7in katsay\u0131lar, tamamen \u015feffafl\u0131\u011f\u0131 garanti eden &#8220;Provably Fair&#8221; algoritmas\u0131 kullan\u0131larak olu\u015fturulur. Bu \u015fifreleme teknolojisi, katsay\u0131lar\u0131n \u00e7evrimi\u00e7i casino sunucular\u0131nda olu\u015fturulmad\u0131\u011f\u0131n\u0131 garanti eder.<\/p>\n<h2>Aviator&#8217;daki Oyun \u0130\u00e7i Sohbet:<\/h2>\n<p>Aviator oyunundaki sohbet, oyunun ayr\u0131lmaz bir par\u00e7as\u0131d\u0131r ve t\u00fcm versiyonlar\u0131nda mevcuttur:<\/p>\n<ul>\n<li>Web s\u00fcr\u00fcm\u00fcnde: Sohbet penceresi, ekran\u0131n sa\u011f taraf\u0131nda, di\u011fer oyuncularla etkile\u015fimde bulunman\u0131za ve moderat\u00f6rlerden \u00f6nemli bildirimler alman\u0131za olanak tan\u0131r.<\/li>\n<li>Mobil s\u00fcr\u00fcmde: Mesaj penceresi ekran\u0131n alt\u0131nda bulunur.<\/li>\n<\/ul>\n<p>Sohbet, \u015funlar\u0131 yapma olana\u011f\u0131 tan\u0131r:<\/p>\n<ul>\n<li>Odadaki t\u00fcm oyunculara mesaj g\u00f6nderme.<\/li>\n<li>\u00d6nemli olaylar hakk\u0131nda bildirimler al\u0131n.<\/li>\n<li>Di\u011fer oyuncular\u0131n eylemleri hakk\u0131nda bilgi edinme.<\/li>\n<li>Oyun s\u0131ras\u0131nda olas\u0131 sorunlar\u0131 bildirme.<\/li>\n<\/ul>\n<h2>Oyun \u0130\u00e7i Ger\u00e7ek Zamanl\u0131 Bahis \u0130statistikleri:<\/h2>\n<p>Her oyuncu, di\u011fer kat\u0131l\u0131mc\u0131lar\u0131n eylemlerini ve ba\u015far\u0131lar\u0131n\u0131 takip edebilir. Oyun paneli, \u015funlar\u0131 i\u00e7eren bir &#8220;\u0130statistikler&#8221; b\u00f6l\u00fcm\u00fcne sahiptir:<\/p>\n<ul>\n<li>Son oyun zaman\u0131.<\/li>\n<li>Kazanan\u0131n ad\u0131.<\/li>\n<li>Bahis miktar\u0131.<\/li>\n<li>Onlarla oynad\u0131klar\u0131 katsay\u0131.<\/li>\n<\/ul>\n<p>Aviator oyununda dikkatli olmak ve u\u00e7a\u011f\u0131n maksimum y\u00fcksekli\u011fine ula\u015fmadan \u00f6nce bahis yapmak \u00f6nemlidir. Ancak dikkatli olmak ve bahis art\u0131\u015flar\u0131n\u0131 ak\u0131ll\u0131ca y\u00f6netmek suretiyle ba\u015far\u0131 \u015fanslar\u0131n\u0131z\u0131 art\u0131rabilirsiniz.<\/p>\n<h2>Aviator: Nas\u0131l Oynan\u0131r?<\/h2>\n<p>&#8220;Aviator&#8221; oyunundaki temel g\u00f6reviniz, bir bahis yapmak ve k\u00fc\u00e7\u00fck u\u00e7a\u011f\u0131n maksimum h\u0131za ula\u015fmadan \u00f6nce onu nakit \u00e7\u0131k\u0131\u015f\u0131n\u0131z\u0131 talep edebilece\u011finiz bir an\u0131 beklemektir. U\u00e7ak kademeli olarak y\u00fckseldik\u00e7e, \u00e7arpan artar, &#8220;Aviator&#8221;\u0131 ger\u00e7ek para veya demo s\u00fcr\u00fcm\u00fcnde oynuyor olman\u0131z fark etmeksizin.<\/p>\n<h2>&#8220;Aviator&#8221;da bahis nas\u0131l yap\u0131l\u0131r?<\/h2>\n<p>Oyun mekani\u011fi inan\u0131lmaz derecede basittir. Sonu\u00e7lar\u0131 belirleyen rastgele say\u0131 \u00fcreteci sayesinde oyuncular \u00f6nce bahis yaparlar ve ard\u0131ndan u\u00e7a\u011f\u0131n havalanmas\u0131n\u0131 heyecanla izlerler. U\u00e7ak g\u00f6r\u00fc\u015ften kayboldu\u011funda ve &#8220;Fly Away&#8221; i\u015fareti belirdi\u011finde turunuz tamamlanm\u0131\u015f olur! Bir tur ba\u015flad\u0131ktan sonra tur \u00fczerine bahis yapmak i\u00e7in yaln\u0131zca be\u015f saniyeniz vard\u0131r. U\u00e7ak havalan\u0131nca bir sonraki tur i\u00e7in bahis yapabilirsiniz. Jackpot miktar\u0131, her havalanmadan hemen \u00f6nce rastgele bir \u00e7arpan olu\u015fturan bir rastgele say\u0131 \u00fcreteci taraf\u0131ndan belirlenir. Bu kadar s\u0131n\u0131rl\u0131 zaman ve h\u0131zl\u0131 \u00e7arpanlarla, her saniye \u00f6nemlidir!<\/p>\n<p>&#8220;Bir Aviator oyun turuna kat\u0131lmak i\u00e7in oyuncu, se\u00e7ilen bahis miktar\u0131n\u0131 girmeli ve &#8220;Bet&#8221; d\u00fc\u011fmesine basmal\u0131d\u0131r. \u0130lgin\u00e7 bir \u015fekilde, kullan\u0131c\u0131 ayn\u0131 anda iki bahis yapabilir! &#8220;Aviator&#8221; oyununda g\u00f6reviniz, u\u00e7a\u011f\u0131n maksimum \u00e7arpan\u0131na ula\u015fmadan hemen \u00f6nce bahsinizi nakit \u00e7\u0131karmak suretiyle kazanmakt\u0131r. En karl\u0131 strateji, \u00e7arpan\u0131n maksimuma ula\u015ft\u0131\u011f\u0131 noktay\u0131 beklemektir, potansiyel \u00f6d\u00fclleri maksimize etmek ve dolay\u0131s\u0131yla kar\u0131n\u0131z\u0131 art\u0131rmakt\u0131r.<\/p>\n<h3>&#8220;Aviator&#8221;da bahis nas\u0131l yap\u0131l\u0131r?<\/h3>\n<p>Favori oyununuzda ger\u00e7ek para bahsi yapmak i\u00e7in \u00f6nce oyun platformuna bir hesap kaydolman\u0131z ve ki\u015fisel banka hesab\u0131n\u0131za bir depozit yapman\u0131z gerekir. Bu ad\u0131mlar\u0131 tamamlad\u0131ktan sonra bahis yapmaya haz\u0131r olacaks\u0131n\u0131z!<\/p>\n<p>Bahis yapmak i\u00e7in \u015fu ad\u0131mlar\u0131 izleyin:<\/p>\n<ul>\n<li>Resmi \u00e7evrimi\u00e7i casino sitesine giri\u015f yap\u0131n ve hesab\u0131n\u0131za giri\u015f yap\u0131n.<\/li>\n<li>Oyunu standart slot modunda ba\u015flat\u0131n.<\/li>\n<li>Se\u00e7ti\u011finiz miktar\u0131 yerle\u015ftirerek bir hamle yap\u0131n. Bu eylem, ekrandaki ilgili d\u00fc\u011fmeler arac\u0131l\u0131\u011f\u0131yla ger\u00e7ekle\u015ftirilir. Tercihinize ba\u011fl\u0131 olarak bir veya iki bahis yapabilirsiniz!<\/li>\n<\/ul>\n<h2>\u00c7ekim ve Bahis<\/h2>\n<p>Bahis yapmak i\u00e7in sadece &#8220;Bet&#8221; d\u00fc\u011fmesine basman\u0131z yeterlidir. Panelin sa\u011f \u00fcst k\u00f6\u015fesindeki art\u0131 simgesine t\u0131klayarak ikinci bir bahis ekleyebilirsiniz. Kazan\u00e7lar\u0131 \u00e7ekmek i\u00e7in &#8220;Withdraw&#8221; d\u00fc\u011fmesine t\u0131klay\u0131n. Para, bir Visa kart\u0131na, elektronik c\u00fczdana veya bir kripto hesab\u0131na \u00e7ekilebilir.<\/p>\n<h2>Otomatik oyun ve otomatik \u00e7ekilme<\/h2>\n<p>Otomatik oyun modunu etkinle\u015ftirmek i\u00e7in &#8220;Otomatik Bahis&#8221; d\u00fc\u011fmesine t\u0131klay\u0131n. Bundan sonra bahisler otomatik olarak yap\u0131l\u0131r. Gerekirse otomatik \u00e7ekilme \u015fu durumlarda etkinle\u015ftirilebilir:<\/p>\n<ul>\n<li>Bakiye belirli bir miktar azald\u0131\u011f\u0131nda.<\/li>\n<li>Bakiye belirli bir miktar artt\u0131\u011f\u0131nda.<\/li>\n<li>Bir kazan\u00e7 belirli bir miktar\u0131 a\u015ft\u0131\u011f\u0131nda.<\/li>\n<\/ul>\n<p>E\u011fer &#8220;Aviator&#8221; oynarken &#8220;Otomatik \u00c7ekilme&#8221; \u00f6zelli\u011fini etkinle\u015ftirirseniz, u\u00e7ak belirtti\u011finiz \u00e7arpana ula\u015ft\u0131\u011f\u0131nda \u00f6deme miktar\u0131 &#8220;Withdraw&#8221; d\u00fc\u011fmesini kullanarak al\u0131nacakt\u0131r.<\/p>\n<h2>&#8220;Aviator&#8221;\u0131n Demo S\u00fcr\u00fcm\u00fc<\/h2>\n<p>Herhangi bir m\u00fckemmel \u00e7evrimi\u00e7i oyun gibi &#8220;Aviator&#8221;\u0131n demo s\u00fcr\u00fcm\u00fcnde finansal risk almadan rahat\u00e7a oynayabilirsiniz. &#8220;Ger\u00e7ek parayla oynamaya ba\u015flamadan \u00f6nce &#8220;Aviator&#8221;\u0131 demo modunda denemeniz \u015fiddetle tavsiye edilir. Bu, oyuncular\u0131n oyun mekani\u011fini tan\u0131malar\u0131na, oynan\u0131\u015f\u0131n inceliklerini anlamalar\u0131na ve ger\u00e7ek parayla risk almadan bahis stratejisi geli\u015ftirmelerine olanak tan\u0131r. Bu, ger\u00e7ek parayla oynarken ba\u015far\u0131 \u015fans\u0131n\u0131 \u00f6nemli \u00f6l\u00e7\u00fcde art\u0131r\u0131r.&#8221;<\/p>\n<p>Yapman\u0131z gereken tek \u015fey &#8220;E\u011flence i\u00e7in Oyna&#8221; se\u00e7ene\u011fini se\u00e7mek, ve oyun a\u00e7\u0131lacakt\u0131r \u2014 ger\u00e7ek &#8220;Aviator&#8221; oyunuyla ayn\u0131. Tabii ki, &#8220;Aviator&#8221;\u0131n demo s\u00fcr\u00fcm\u00fc her zaman geri y\u00fckleyebilece\u011finiz 3.000 dolarl\u0131k bir kredi ile oynaman\u0131za izin verir.<\/p>\n<h2>&#8220;Aviator&#8221;da nas\u0131l oynan\u0131r ve kazan\u0131l\u0131r?<\/h2>\n<p>E\u011fer &#8220;Aviator&#8221;da nas\u0131l kazan\u0131laca\u011f\u0131n\u0131 \u00f6\u011frenmek istiyorsan\u0131z, etkili bir oyun stratejisi geli\u015ftirmeniz ve buna s\u0131k\u0131 s\u0131k\u0131ya uymaman\u0131z \u00f6nerilir. Oyunun kurallar\u0131 ve mekanikleri hakk\u0131nda bilgi sahibi olmadan \u00f6nce bu slot makinesi ile tan\u0131\u015fmay\u0131 unutmay\u0131n \u2014 bu alandaki bilgi sizin ana avantaj\u0131n\u0131z olacakt\u0131r. Oyun s\u0131ras\u0131nda ba\u015ftan \u00e7\u0131karmaya kar\u015f\u0131 koyarsan\u0131z, ba\u015far\u0131 \u015fans\u0131n\u0131z keskin bir \u015fekilde artacakt\u0131r!<\/p>\n<h3>&#8220;Aviator&#8221; i\u00e7in \u0130pu\u00e7lar\u0131 ve Tavsiyeler<\/h3>\n<p>Tabii ki, ba\u015far\u0131l\u0131 olma \u015fans\u0131n\u0131z\u0131 art\u0131rmak i\u00e7in yapabilece\u011finiz birka\u00e7 \u015fey var.<\/p>\n<ol>\n<li>\u0130lk olarak, oyunu demo s\u00fcr\u00fcmde tan\u0131y\u0131n. Bu \u015fekilde ba\u015ftan hi\u00e7bir \u015fey riske atmazs\u0131n\u0131z ve oyun mekani\u011fini anlayabilirsiniz.<\/li>\n<li>Risk ve potansiyel kar aras\u0131nda bir denge bulun. Mno\u011flit\u00f6r ne kadar y\u00fcksekse, potansiyel kazan\u00e7 o kadar b\u00fcy\u00fck olur. Ancak kazanma olas\u0131l\u0131\u011f\u0131 da azal\u0131r.<\/li>\n<li>Bilgece bahisler yap\u0131n ve h\u0131rsdan ka\u00e7\u0131n\u0131n. Tehlikeli bir \u015fekilde oynamak ve her \u015feyi kaybetme riskini almaktan ziyade dikkatlice oynamak daha iyidir.<\/li>\n<li>Son olarak, stabil bir internet ba\u011flant\u0131n\u0131z oldu\u011fundan emin olun. G\u00fcvenilir bir ba\u011flant\u0131, oyunun ortas\u0131nda donmamas\u0131 ve oyun s\u00fcrecinin tamamen tad\u0131n\u0131 \u00e7\u0131karabilmeniz i\u00e7in esast\u0131r.<\/li>\n<\/ol>\n<p>&#8220;Aviator&#8221;, herkesi cezbetebilecek basit ve etkileyici bir oyundur. Ger\u00e7ek parayla veya demo modunda oynay\u0131n; oyun size \u015f\u00fcphesiz bir\u00e7ok saat keyif sunacakt\u0131r.<\/p>\n","protected":false},"excerpt":{"rendered":"<p>The Aviator oyunu nedir? Aviator casino oyunu, 80&#8217;lerin ruhuyla dolu basit bir \u00e7evrimi\u00e7i grafik oyundur. Oyun arka plan\u0131 siyah renkte olup, ilgi oda\u011f\u0131 kalk\u0131\u015f ve ini\u015f pistiyle canl\u0131 k\u0131rm\u0131z\u0131 bir u\u00e7akt\u0131r. Oyun s\u0131ras\u0131nda ayn\u0131 anda iki bahis yapma \u015fans\u0131na sahipsiniz. Bu Aviator incelemesinde, nas\u0131l bahis yap\u0131laca\u011f\u0131 ve kapat\u0131laca\u011f\u0131 konusundaki detaylara dalaca\u011f\u0131z. Aviator kumar oyununda kazanc\u0131n\u0131z, [&hellip;]<\/p>\n","protected":false},"author":1,"featured_media":0,"parent":0,"menu_order":0,"comment_status":"closed","ping_status":"closed","template":"","meta":{"footnotes":""},"class_list":["post-7","page","type-page","status-publish","hentry"],"yoast_head":"<!-- This site is optimized with the Yoast SEO plugin v27.2 - https:\/\/yoast.com\/product\/yoast-seo-wordpress\/ -->\n<title>Podbij niebo z Aviatorem: Ekscytuj\u0105ce zak\u0142ady i adrenalina<\/title>\n<meta name=\"description\" content=\"Aviator ile kumar d\u00fcnyas\u0131n\u0131 ke\u015ffedin! Bir online casinoda benzersiz bir \u00e7arp\u0131\u015fma oyunu. Risk al\u0131n, bahislerinizi yap\u0131n ve zafer kazan\u0131n! Kat\u0131l\u0131n ve heyecan\u0131 hissedin!\" \/>\n<meta name=\"robots\" content=\"index, follow, max-snippet:-1, max-image-preview:large, max-video-preview:-1\" \/>\n<link rel=\"canonical\" href=\"https:\/\/playaviator.in\/tr\/\" \/>\n<meta property=\"og:locale\" content=\"tr_TR\" \/>\n<meta property=\"og:locale:alternate\" content=\"en_US\" \/>\n<meta property=\"og:locale:alternate\" content=\"ru_RU\" \/>\n<meta property=\"og:locale:alternate\" content=\"pt_PT\" \/>\n<meta property=\"og:locale:alternate\" content=\"es_ES\" \/>\n<meta property=\"og:locale:alternate\" content=\"ro_RO\" \/>\n<meta property=\"og:locale:alternate\" content=\"sr_RS\" \/>\n<meta property=\"og:locale:alternate\" content=\"bg_BG\" \/>\n<meta property=\"og:locale:alternate\" content=\"hu_HU\" \/>\n<meta property=\"og:locale:alternate\" content=\"pl_PL\" \/>\n<meta property=\"og:locale:alternate\" content=\"el\" \/>\n<meta property=\"og:type\" content=\"article\" \/>\n<meta property=\"og:title\" content=\"Podbij niebo z Aviatorem: Ekscytuj\u0105ce zak\u0142ady i adrenalina\" \/>\n<meta property=\"og:description\" content=\"Odkryj \u015bwiat hazardu z Aviatorem! Wyj\u0105tkowa gra w wypadki w kasynie online. Ryzykuj, stawiaj zak\u0142ady i zwyci\u0119\u017caj! Do\u0142\u0105cz i poczuj emocje!\" \/>\n<meta property=\"og:url\" content=\"https:\/\/playaviator.in\/tr\/\" \/>\n<meta property=\"og:site_name\" content=\"Aviator Game\" \/>\n<meta property=\"article:modified_time\" content=\"2023-12-26T22:14:26+00:00\" \/>\n<meta name=\"twitter:card\" content=\"summary_large_image\" \/>\n<meta name=\"twitter:label1\" content=\"Tahmini okuma s\u00fcresi\" \/>\n\t<meta name=\"twitter:data1\" content=\"54 dakika\" \/>\n<script type=\"application\/ld+json\" class=\"yoast-schema-graph\">{\"@context\":\"https:\/\/schema.org\",\"@graph\":[{\"@type\":\"WebPage\",\"@id\":\"https:\/\/playaviator.in\/pl\/\",\"url\":\"https:\/\/playaviator.in\/pl\/\",\"name\":\"Podbij niebo z Aviatorem: Ekscytuj\u0105ce zak\u0142ady i adrenalina\",\"isPartOf\":{\"@id\":\"https:\/\/playaviator.in\/pl\/#website\"},\"datePublished\":\"2023-12-16T20:42:23+00:00\",\"dateModified\":\"2023-12-26T22:14:26+00:00\",\"description\":\"Odkryj \u015bwiat hazardu z Aviatorem! Wyj\u0105tkowa gra w wypadki w kasynie online. Ryzykuj, stawiaj zak\u0142ady i zwyci\u0119\u017caj! Do\u0142\u0105cz i poczuj emocje!\",\"breadcrumb\":{\"@id\":\"https:\/\/playaviator.in\/pl\/#breadcrumb\"},\"inLanguage\":\"tr-TR\",\"potentialAction\":[{\"@type\":\"ReadAction\",\"target\":[\"https:\/\/playaviator.in\/pl\/\"]}]},{\"@type\":\"BreadcrumbList\",\"@id\":\"https:\/\/playaviator.in\/pl\/#breadcrumb\",\"itemListElement\":[{\"@type\":\"ListItem\",\"position\":1,\"name\":\"Home\",\"item\":\"https:\/\/playaviator.in\/pl\/\"},{\"@type\":\"ListItem\",\"position\":2,\"name\":\"Zdobywaj niebo z Aviatorem: ekscytuj\u0105ca rozgrywka, fascynuj\u0105ce zak\u0142ady i du\u017ce wygrane\"}]},{\"@type\":\"WebSite\",\"@id\":\"https:\/\/playaviator.in\/pl\/#website\",\"url\":\"https:\/\/playaviator.in\/pl\/\",\"name\":\"Aviator Game\",\"description\":\"\",\"publisher\":{\"@id\":\"https:\/\/playaviator.in\/pl\/#organization\"},\"potentialAction\":[{\"@type\":\"SearchAction\",\"target\":{\"@type\":\"EntryPoint\",\"urlTemplate\":\"https:\/\/playaviator.in\/pl\/?s={search_term_string}\"},\"query-input\":{\"@type\":\"PropertyValueSpecification\",\"valueRequired\":true,\"valueName\":\"search_term_string\"}}],\"inLanguage\":\"tr-TR\"},{\"@type\":\"Organization\",\"@id\":\"https:\/\/playaviator.in\/pl\/#organization\",\"name\":\"Aviator Game\",\"url\":\"https:\/\/playaviator.in\/pl\/\",\"logo\":{\"@type\":\"ImageObject\",\"inLanguage\":\"tr-TR\",\"@id\":\"https:\/\/playaviator.in\/pl\/#\/schema\/logo\/image\/\",\"url\":\"https:\/\/playaviator.in\/wp-content\/uploads\/Aviator_logo-e1702848125368.png\",\"contentUrl\":\"https:\/\/playaviator.in\/wp-content\/uploads\/Aviator_logo-e1702848125368.png\",\"width\":589,\"height\":156,\"caption\":\"Aviator Game\"},\"image\":{\"@id\":\"https:\/\/playaviator.in\/pl\/#\/schema\/logo\/image\/\"}}]}<\/script>\n<!-- \/ Yoast SEO plugin. -->","yoast_head_json":{"title":"Podbij niebo z Aviatorem: Ekscytuj\u0105ce zak\u0142ady i adrenalina","description":"Aviator ile kumar d\u00fcnyas\u0131n\u0131 ke\u015ffedin! Bir online casinoda benzersiz bir \u00e7arp\u0131\u015fma oyunu. Risk al\u0131n, bahislerinizi yap\u0131n ve zafer kazan\u0131n! Kat\u0131l\u0131n ve heyecan\u0131 hissedin!","robots":{"index":"index","follow":"follow","max-snippet":"max-snippet:-1","max-image-preview":"max-image-preview:large","max-video-preview":"max-video-preview:-1"},"canonical":"https:\/\/playaviator.in\/tr\/","og_locale":"tr_TR","og_type":"article","og_title":"Podbij niebo z Aviatorem: Ekscytuj\u0105ce zak\u0142ady i adrenalina","og_description":"Odkryj \u015bwiat hazardu z Aviatorem! Wyj\u0105tkowa gra w wypadki w kasynie online. Ryzykuj, stawiaj zak\u0142ady i zwyci\u0119\u017caj! Do\u0142\u0105cz i poczuj emocje!","og_url":"https:\/\/playaviator.in\/tr\/","og_site_name":"Aviator Game","article_modified_time":"2023-12-26T22:14:26+00:00","twitter_card":"summary_large_image","twitter_misc":{"Tahmini okuma s\u00fcresi":"54 dakika"},"schema":{"@context":"https:\/\/schema.org","@graph":[{"@type":"WebPage","@id":"https:\/\/playaviator.in\/pl\/","url":"https:\/\/playaviator.in\/pl\/","name":"Podbij niebo z Aviatorem: Ekscytuj\u0105ce zak\u0142ady i adrenalina","isPartOf":{"@id":"https:\/\/playaviator.in\/pl\/#website"},"datePublished":"2023-12-16T20:42:23+00:00","dateModified":"2023-12-26T22:14:26+00:00","description":"Odkryj \u015bwiat hazardu z Aviatorem! Wyj\u0105tkowa gra w wypadki w kasynie online. Ryzykuj, stawiaj zak\u0142ady i zwyci\u0119\u017caj! Do\u0142\u0105cz i poczuj emocje!","breadcrumb":{"@id":"https:\/\/playaviator.in\/pl\/#breadcrumb"},"inLanguage":"tr-TR","potentialAction":[{"@type":"ReadAction","target":["https:\/\/playaviator.in\/pl\/"]}]},{"@type":"BreadcrumbList","@id":"https:\/\/playaviator.in\/pl\/#breadcrumb","itemListElement":[{"@type":"ListItem","position":1,"name":"Home","item":"https:\/\/playaviator.in\/pl\/"},{"@type":"ListItem","position":2,"name":"Zdobywaj niebo z Aviatorem: ekscytuj\u0105ca rozgrywka, fascynuj\u0105ce zak\u0142ady i du\u017ce wygrane"}]},{"@type":"WebSite","@id":"https:\/\/playaviator.in\/pl\/#website","url":"https:\/\/playaviator.in\/pl\/","name":"Aviator Game","description":"","publisher":{"@id":"https:\/\/playaviator.in\/pl\/#organization"},"potentialAction":[{"@type":"SearchAction","target":{"@type":"EntryPoint","urlTemplate":"https:\/\/playaviator.in\/pl\/?s={search_term_string}"},"query-input":{"@type":"PropertyValueSpecification","valueRequired":true,"valueName":"search_term_string"}}],"inLanguage":"tr-TR"},{"@type":"Organization","@id":"https:\/\/playaviator.in\/pl\/#organization","name":"Aviator Game","url":"https:\/\/playaviator.in\/pl\/","logo":{"@type":"ImageObject","inLanguage":"tr-TR","@id":"https:\/\/playaviator.in\/pl\/#\/schema\/logo\/image\/","url":"https:\/\/playaviator.in\/wp-content\/uploads\/Aviator_logo-e1702848125368.png","contentUrl":"https:\/\/playaviator.in\/wp-content\/uploads\/Aviator_logo-e1702848125368.png","width":589,"height":156,"caption":"Aviator Game"},"image":{"@id":"https:\/\/playaviator.in\/pl\/#\/schema\/logo\/image\/"}}]}},"_links":{"self":[{"href":"https:\/\/playaviator.in\/tr\/wp-json\/wp\/v2\/pages\/7","targetHints":{"allow":["GET"]}}],"collection":[{"href":"https:\/\/playaviator.in\/tr\/wp-json\/wp\/v2\/pages"}],"about":[{"href":"https:\/\/playaviator.in\/tr\/wp-json\/wp\/v2\/types\/page"}],"author":[{"embeddable":true,"href":"https:\/\/playaviator.in\/tr\/wp-json\/wp\/v2\/users\/1"}],"replies":[{"embeddable":true,"href":"https:\/\/playaviator.in\/tr\/wp-json\/wp\/v2\/comments?post=7"}],"version-history":[{"count":35,"href":"https:\/\/playaviator.in\/tr\/wp-json\/wp\/v2\/pages\/7\/revisions"}],"predecessor-version":[{"id":147,"href":"https:\/\/playaviator.in\/tr\/wp-json\/wp\/v2\/pages\/7\/revisions\/147"}],"wp:attachment":[{"href":"https:\/\/playaviator.in\/tr\/wp-json\/wp\/v2\/media?parent=7"}],"curies":[{"name":"wp","href":"https:\/\/api.w.org\/{rel}","templated":true}]}}