{"id":9,"date":"2023-12-16T20:50:35","date_gmt":"2023-12-16T20:50:35","guid":{"rendered":"https:\/\/playaviator.in\/?page_id=9"},"modified":"2023-12-26T22:50:30","modified_gmt":"2023-12-26T22:50:30","slug":"aviator-game-reviews","status":"publish","type":"page","link":"https:\/\/playaviator.in\/ro\/aviator-game-reviews\/","title":{"rendered":"Recenzii"},"content":{"rendered":"<p><strong>\u041e\u0442\u0437\u044b\u0432 \u043e\u0442: \u0418\u0432\u0430\u043d (30 \u043b\u0435\u0442)<\/strong><\/p>\n<h3>\u0418\u0433\u0440\u0430 &#8222;\u0410\u0432\u0438\u0430\u0442\u043e\u0440&#8221; &#8211; \u0432\u043e\u0441\u0442\u043e\u0440\u0433 \u0434\u043b\u044f \u043d\u0430\u0447\u0438\u043d\u0430\u044e\u0449\u0435\u0433\u043e \u0433\u0435\u043c\u0431\u043b\u0435\u0440\u0430!<\/h3>\n<p>\u041d\u0435\u0441\u043c\u043e\u0442\u0440\u044f \u043d\u0430 \u0441\u0432\u043e\u044e \u043d\u0435\u043e\u043f\u044b\u0442\u043d\u043e\u0441\u0442\u044c, \u044f \u0432\u043f\u0435\u0440\u0432\u044b\u0435 \u0440\u0435\u0448\u0438\u043b \u043f\u043e\u043f\u0440\u043e\u0431\u043e\u0432\u0430\u0442\u044c \u0441\u0435\u0431\u044f \u0432 \u043e\u043d\u043b\u0430\u0439\u043d-\u043a\u0430\u0437\u0438\u043d\u043e, \u0438 \u0432\u044b\u0431\u0440\u0430\u043b \u0438\u0433\u0440\u0443 &#8222;\u0410\u0432\u0438\u0430\u0442\u043e\u0440&#8221;. \u0423\u0434\u0438\u0432\u0438\u0442\u0435\u043b\u044c\u043d\u043e, \u043d\u043e \u043c\u043d\u0435 \u0443\u0434\u0430\u043b\u043e\u0441\u044c \u0443\u0432\u0435\u043b\u0438\u0447\u0438\u0442\u044c \u0441\u0432\u043e\u044e \u0441\u0442\u0430\u0440\u0442\u043e\u0432\u0443\u044e \u0441\u0443\u043c\u043c\u0443 \u0432 50 \u0438 \u0431\u043e\u043b\u0435\u0435 \u0440\u0430\u0437. \u0412\u043e\u0437\u043c\u043e\u0436\u043d\u043e, \u043d\u0430\u0447\u0438\u043d\u0430\u044e \u043f\u043e\u043d\u0438\u043c\u0430\u0442\u044c \u0441\u043c\u044b\u0441\u043b \u0430\u0437\u0430\u0440\u0442\u043d\u044b\u0445 \u0440\u0430\u0437\u0432\u043b\u0435\u0447\u0435\u043d\u0438\u0439.<\/p>\n<p><strong>\u041e\u0442\u0437\u044b\u0432 \u043e\u0442: \u041c\u0430\u043a\u0441 (25 \u043b\u0435\u0442)<\/strong><\/p>\n<h3>\u041f\u043e\u0437\u0434\u0440\u0430\u0432\u044c\u0442\u0435 \u043c\u0435\u043d\u044f \u0441 \u0443\u0434\u0430\u0447\u043d\u044b\u043c \u0441\u0442\u0430\u0440\u0442\u043e\u043c \u0432 &#8222;\u0410\u0432\u0438\u0430\u0442\u043e\u0440&#8221;!<\/h3>\n<p>\u0417\u043d\u0430\u043a\u043e\u043c\u0441\u0442\u0432\u043e \u0441 \u0438\u0433\u0440\u043e\u0439 &#8222;\u0410\u0432\u0438\u0430\u0442\u043e\u0440&#8221; \u0431\u044b\u043b\u043e \u0434\u043b\u044f \u043c\u0435\u043d\u044f \u043d\u0435\u0434\u0430\u0432\u043d\u0438\u043c \u0441\u043e\u0431\u044b\u0442\u0438\u0435\u043c, \u043d\u043e \u0432 \u043f\u0435\u0440\u0432\u044b\u0439 \u0436\u0435 \u0440\u0430\u0437 \u044f \u0441\u0434\u0435\u043b\u0430\u043b \u0434\u0435\u043f\u043e\u0437\u0438\u0442 \u0432 1000 \u0440\u0443\u0431\u043b\u0435\u0439 \u0438 \u043f\u043e\u0434\u043d\u044f\u043b \u0435\u0433\u043e \u0434\u043e 45 000 \u0440\u0443\u0431\u043b\u0435\u0439. \u0412\u044b\u0432\u043e\u0434 \u0441\u0440\u0435\u0434\u0441\u0442\u0432 \u043f\u0440\u043e\u0448\u0435\u043b \u0433\u043b\u0430\u0434\u043a\u043e, \u0438 \u0442\u0435\u043f\u0435\u0440\u044c \u044f \u043f\u043e\u043b\u043e\u043d \u0440\u0435\u0448\u0438\u043c\u043e\u0441\u0442\u0438 \u043f\u0440\u043e\u0434\u043e\u043b\u0436\u0430\u0442\u044c \u0441\u0432\u043e\u044e \u0438\u0433\u0440\u043e\u0432\u0443\u044e \u043a\u0430\u0440\u044c\u0435\u0440\u0443.<\/p>\n<p><strong>\u041e\u0442\u0437\u044b\u0432 \u043e\u0442: \u0410\u043d\u0442\u043e\u043d (28 \u043b\u0435\u0442)<\/strong><\/p>\n<h3>\u0412\u044b\u0431\u043e\u0440 \u0432 \u043f\u043e\u043b\u044c\u0437\u0443 &#8222;\u0410\u0432\u0438\u0430\u0442\u043e\u0440\u0430&#8221;<\/h3>\n<p>&#8222;\u0410\u0432\u0438\u0430\u0442\u043e\u0440&#8221; \u0441\u0442\u0430\u043b \u043c\u043e\u0438\u043c \u0432\u044b\u0431\u043e\u0440\u043e\u043c \u0441\u0440\u0435\u0434\u0438 \u043a\u0440\u0430\u0448-\u0438\u0433\u0440, \u0438 \u044f \u043d\u0435 \u0440\u0430\u0437\u043e\u0447\u0430\u0440\u043e\u0432\u0430\u043d. \u041e\u0442\u0434\u0430\u0447\u0430 \u0437\u0434\u0435\u0441\u044c \u043d\u0430 \u0432\u044b\u0441\u043e\u043a\u043e\u043c \u0443\u0440\u043e\u0432\u043d\u0435, \u0438 \u044f \u043f\u0440\u0435\u0434\u043f\u043e\u0447\u0438\u0442\u0430\u044e \u0438\u0433\u0440\u0430\u0442\u044c \u043d\u0430 \u043b\u0438\u0446\u0435\u043d\u0437\u0438\u0440\u043e\u0432\u0430\u043d\u043d\u044b\u0445 \u043f\u043b\u043e\u0449\u0430\u0434\u043a\u0430\u0445. \u0427\u0430\u0441\u0442\u044b\u0435 \u0432\u044b\u0438\u0433\u0440\u044b\u0448\u0438 \u0438 \u0431\u0435\u0437\u043f\u0440\u043e\u0431\u043b\u0435\u043c\u043d\u044b\u0435 \u0432\u044b\u0432\u043e\u0434\u044b \u0441\u0440\u0435\u0434\u0441\u0442\u0432 \u0434\u0435\u043b\u0430\u044e\u0442 \u044d\u0442\u0443 \u0438\u0433\u0440\u0443 \u043f\u0440\u0438\u0432\u043b\u0435\u043a\u0430\u0442\u0435\u043b\u044c\u043d\u043e\u0439 \u0434\u043b\u044f \u043c\u0435\u043d\u044f.<\/p>\n<p><strong>\u041e\u0442\u0437\u044b\u0432 \u043e\u0442: \u0410\u043d\u043d\u0430 (24 \u0433\u043e\u0434\u0430)<\/strong><\/p>\n<h3>\u041f\u043e\u0437\u0438\u0442\u0438\u0432\u043d\u043e\u0435 \u0437\u043d\u0430\u043a\u043e\u043c\u0441\u0442\u0432\u043e \u0441 \u043e\u043d\u043b\u0430\u0439\u043d-\u0438\u0433\u0440\u043e\u0439 &#8222;\u0410\u0432\u0438\u0430\u0442\u043e\u0440&#8221;<\/h3>\n<p>\u041d\u0435\u0434\u0430\u0432\u043d\u043e \u0443\u0437\u043d\u0430\u043b\u0430 \u043e \u043a\u0440\u0430\u0448-\u0438\u0433\u0440\u0435 &#8222;\u0410\u0432\u0438\u0430\u0442\u043e\u0440&#8221; \u0438 \u043d\u0435 \u043c\u043e\u0433\u0443 \u043d\u0430\u0440\u0430\u0434\u043e\u0432\u0430\u0442\u044c\u0441\u044f. \u0427\u0430\u0441\u0442\u044b\u0435 \u0432\u044b\u0438\u0433\u0440\u044b\u0448\u0438 \u0438 \u043c\u0433\u043d\u043e\u0432\u0435\u043d\u043d\u044b\u0435 \u0432\u044b\u0432\u043e\u0434\u044b \u0434\u0435\u043d\u0435\u0433 \u0434\u0435\u043b\u0430\u044e\u0442 \u0438\u0433\u0440\u0443 \u043f\u0440\u0438\u044f\u0442\u043d\u044b\u043c \u0440\u0430\u0437\u0432\u043b\u0435\u0447\u0435\u043d\u0438\u0435\u043c. \u041e\u0447\u0435\u043d\u044c \u0434\u043e\u0432\u043e\u043b\u044c\u043d\u0430 \u0441\u0432\u043e\u0438\u043c \u0432\u044b\u0431\u043e\u0440\u043e\u043c.<\/p>\n<p><strong>\u041e\u0442\u0437\u044b\u0432 \u043e\u0442: \u0421\u0442\u0430\u0441 (32 \u0433\u043e\u0434\u0430)<\/strong><\/p>\n<h3>&#8222;\u0410\u0432\u0438\u0430\u0442\u043e\u0440&#8221; &#8211; \u0443\u0432\u043b\u0435\u043a\u0430\u0442\u0435\u043b\u044c\u043d\u0430\u044f \u0438 \u0430\u0437\u0430\u0440\u0442\u043d\u0430\u044f \u0438\u0433\u0440\u0430 \u0441 \u043f\u0440\u0438\u0431\u044b\u043b\u044c\u044e<\/h3>\n<p>\u041d\u0430\u0447\u0430\u043b \u0441\u0432\u043e\u0439 \u043f\u0443\u0442\u044c \u0432 \u043c\u0438\u0440 &#8222;\u0410\u0432\u0438\u0430\u0442\u043e\u0440\u0430&#8221; \u0441 \u0434\u0435\u043c\u043e-\u0432\u0435\u0440\u0441\u0438\u0438, \u0437\u0430\u0442\u0435\u043c \u043f\u0435\u0440\u0435\u0448\u0435\u043b \u043d\u0430 \u0440\u0435\u0430\u043b\u044c\u043d\u044b\u0435 \u0441\u0442\u0430\u0432\u043a\u0438. \u0418\u0433\u0440\u0430 \u0434\u0435\u0439\u0441\u0442\u0432\u0438\u0442\u0435\u043b\u044c\u043d\u043e \u0443\u0432\u043b\u0435\u043a\u0430\u0442\u0435\u043b\u044c\u043d\u0430\u044f, \u0438 \u043d\u0435\u0441\u043c\u043e\u0442\u0440\u044f \u043d\u0430 \u0440\u0435\u0434\u043a\u043e\u0441\u0442\u044c \u043c\u043e\u0438\u0445 \u043f\u043e\u0441\u0435\u0449\u0435\u043d\u0438\u0439, \u044f \u0441\u0442\u0430\u0431\u0438\u043b\u044c\u043d\u043e \u043f\u043e\u043b\u0443\u0447\u0430\u044e \u0431\u043e\u043b\u044c\u0448\u0443\u044e \u043f\u0440\u0438\u0431\u044b\u043b\u044c.<\/p>\n<p><strong>\u041e\u0442\u0437\u044b\u0432 \u043e\u0442: \u041d\u0438\u043a\u043e\u043b\u0430\u0439 (27 \u043b\u0435\u0442)<\/strong><\/p>\n<h3>\u041a\u0440\u0430\u0448-\u0438\u0433\u0440\u0430 &#8222;\u0410\u0432\u0438\u0430\u0442\u043e\u0440&#8221; &#8211; \u043f\u0440\u0438\u044f\u0442\u043d\u043e\u0435 \u043e\u0442\u043a\u0440\u044b\u0442\u0438\u0435 \u0434\u043b\u044f \u043c\u0435\u043d\u044f<\/h3>\n<p>\u041f\u0440\u043e\u0431\u043e\u0432\u0430\u043b \u0440\u0430\u0437\u043b\u0438\u0447\u043d\u044b\u0435 \u0441\u043b\u043e\u0442\u044b \u0432 \u043e\u043d\u043b\u0430\u0439\u043d-\u043a\u0430\u0437\u0438\u043d\u043e, \u0438 &#8222;\u0410\u0432\u0438\u0430\u0442\u043e\u0440&#8221; \u0441\u0442\u0430\u043b \u0434\u043b\u044f \u043c\u0435\u043d\u044f \u043f\u0440\u0438\u044f\u0442\u043d\u044b\u043c \u043e\u0442\u043a\u0440\u044b\u0442\u0438\u0435\u043c. \u041d\u0430\u0447\u0430\u043b \u0441 \u043d\u0435\u0431\u043e\u043b\u044c\u0448\u043e\u0439 \u0441\u0443\u043c\u043c\u044b \u0438 \u043f\u043e\u0434\u043d\u044f\u043b \u0435\u0435 \u0432 25 \u0442\u044b\u0441\u044f\u0447. \u0417\u0434\u0435\u0441\u044c \u0443\u0434\u0430\u0447\u0430 \u043d\u0430 \u043c\u043e\u0435\u0439 \u0441\u0442\u043e\u0440\u043e\u043d\u0435, \u0438 \u044f \u0441\u043e\u0431\u0438\u0440\u0430\u044e\u0441\u044c \u043f\u0440\u043e\u0434\u043e\u043b\u0436\u0430\u0442\u044c \u0441\u0432\u043e\u0438 \u0438\u0433\u0440\u043e\u0432\u044b\u0435 \u044d\u043a\u0441\u043f\u0435\u0440\u0438\u043c\u0435\u043d\u0442\u044b.<\/p>\n<p><strong>\u041e\u0442\u0437\u044b\u0432 \u043e\u0442: \u042f\u043a\u043e\u0432 (29 \u043b\u0435\u0442)<\/strong><\/p>\n<h3>\u0412\u043e\u0441\u0442\u043e\u0440\u0433 \u043e\u0442 \u0443\u0434\u0430\u0447\u0438 \u0432 &#8222;\u0410\u0432\u0438\u0430\u0442\u043e\u0440&#8221;<\/h3>\n<p>\u0420\u0435\u0448\u0438\u0432 \u043e\u0441\u0442\u0430\u0432\u0438\u0442\u044c \u043e\u0442\u0437\u044b\u0432 \u043e\u0431 \u0438\u0433\u0440\u0435 &#8222;\u0410\u0432\u0438\u0430\u0442\u043e\u0440&#8221;, \u044f \u043d\u0435 \u043c\u043e\u0433\u0443 \u043d\u0435 \u0432\u044b\u0440\u0430\u0437\u0438\u0442\u044c \u0441\u0432\u043e\u0439 \u0432\u043e\u0441\u0442\u043e\u0440\u0433. \u0418\u0433\u0440\u0430 \u0443\u0434\u0438\u0432\u0438\u043b\u0430 \u043c\u0435\u043d\u044f \u0441 \u043f\u0435\u0440\u0432\u043e\u0439 \u0436\u0435 \u0441\u0442\u0430\u0432\u043a\u0438, \u043f\u043e\u0434\u043d\u0438\u043c\u0430\u044f \u0432\u043b\u043e\u0436\u0435\u043d\u043d\u0443\u044e \u0441\u0443\u043c\u043c\u0443 \u0432 20 \u0440\u0430\u0437. \u0423\u0434\u0430\u0447\u0430 \u0431\u044b\u043b\u0430 \u043d\u0430 \u043c\u043e\u0435\u0439 \u0441\u0442\u043e\u0440\u043e\u043d\u0435, \u0438 \u044f \u0441 \u043d\u0435\u0442\u0435\u0440\u043f\u0435\u043d\u0438\u0435\u043c \u0436\u0434\u0443 \u043d\u043e\u0432\u044b\u0445 \u0438\u0433\u0440\u043e\u0432\u044b\u0445 \u0432\u043f\u0435\u0447\u0430\u0442\u043b\u0435\u043d\u0438\u0439.<\/p>\n<p><strong>\u041e\u0442\u0437\u044b\u0432 \u043e\u0442: \u0410\u043d\u0434\u0440\u0435\u0439 (30 \u043b\u0435\u0442)<\/strong><\/p>\n<h3>\u041f\u0440\u0438\u044f\u0442\u043d\u043e\u0435 \u043e\u0442\u043a\u0440\u044b\u0442\u0438\u0435 \u0438 \u043f\u0435\u0440\u0432\u044b\u0439 \u0432\u044b\u0438\u0433\u0440\u044b\u0448 \u0441 &#8222;\u0410\u0432\u0438\u0430\u0442\u043e\u0440&#8221;<\/h3>\n<p>\u041d\u0435\u0434\u0430\u0432\u043d\u043e \u043f\u043e\u043f\u0440\u043e\u0431\u043e\u0432\u0430\u043b &#8222;\u0410\u0432\u0438\u0430\u0442\u043e\u0440&#8221; \u043f\u043e \u0440\u0435\u043a\u043e\u043c\u0435\u043d\u0434\u0430\u0446\u0438\u0438 \u0434\u0440\u0443\u0433\u0430. \u041c\u0430\u043b\u043e \u0447\u0435\u0433\u043e \u043e\u0436\u0438\u0434\u0430\u043b, \u043d\u043e \u043f\u0435\u0440\u0432\u044b\u0439 \u0432\u044b\u0438\u0433\u0440\u044b\u0448 \u0432 10 \u0442\u044b\u0441\u044f\u0447 \u0440\u0443\u0431\u043b\u0435\u0439 \u043c\u0435\u043d\u044f \u043f\u0440\u0438\u044f\u0442\u043d\u043e \u0443\u0434\u0438\u0432\u0438\u043b. \u0420\u0435\u0448\u0438\u043b \u043f\u043e\u0434\u0435\u043b\u0438\u0442\u044c\u0441\u044f \u0441\u0432\u043e\u0438\u043c \u043f\u043e\u043b\u043e\u0436\u0438\u0442\u0435\u043b\u044c\u043d\u044b\u043c \u043e\u043f\u044b\u0442\u043e\u043c.<\/p>\n<p><strong>\u041e\u0442\u0437\u044b\u0432 \u043e\u0442: \u0410\u043b\u0435\u043d\u0430 (35 \u043b\u0435\u0442)<\/strong><\/p>\n<h3>\u041f\u0440\u043e\u0444\u0435\u0441\u0441\u0438\u043e\u043d\u0430\u043b\u044c\u043d\u044b\u0439 \u0432\u0437\u0433\u043b\u044f\u0434 \u043d\u0430 \u0438\u0433\u0440\u0443 &#8222;\u0410\u0432\u0438\u0430\u0442\u043e\u0440&#8221;<\/h3>\n<p>\u042f \u043e\u043f\u044b\u0442\u043d\u044b\u0439 \u0438\u0433\u0440\u043e\u043a, \u0438 &#8222;\u0410\u0432\u0438\u0430\u0442\u043e\u0440&#8221; \u0441\u043c\u043e\u0433 \u0443\u0434\u0438\u0432\u0438\u0442\u044c \u043c\u0435\u043d\u044f. \u0417\u0434\u0435\u0441\u044c \u0432\u044b\u0441\u043e\u043a\u0430\u044f \u0432\u0435\u0440\u043e\u044f\u0442\u043d\u043e\u0441\u0442\u044c \u043f\u043e\u0431\u0435\u0434\u044b, \u0438 \u044f \u043f\u043e\u0434\u043d\u0438\u043c\u0430\u044e \u0441\u0432\u043e\u044e \u0441\u0442\u0430\u0440\u0442\u043e\u0432\u0443\u044e \u0441\u0443\u043c\u043c\u0443 \u0432 50-100 \u0440\u0430\u0437. \u041d\u0430\u0441\u0442\u043e\u044f\u0449\u0435\u0435 \u0430\u0437\u0430\u0440\u0442\u043d\u043e\u0435 \u0443\u0434\u043e\u0432\u043e\u043b\u044c\u0441\u0442\u0432\u0438\u0435.<\/p>\n<p><strong>\u041e\u0442\u0437\u044b\u0432 \u043e\u0442: \u041a\u0438\u0440\u0438\u043b\u043b (26 \u043b\u0435\u0442)<\/strong><\/p>\n<h3>\u0423\u0434\u0430\u0447\u043d\u044b\u0439 \u0440\u0430\u0437\u0432\u043e\u0440\u043e\u0442 \u0441\u043e\u0431\u044b\u0442\u0438\u0439 \u0432 &#8222;\u0410\u0432\u0438\u0430\u0442\u043e\u0440&#8221;<\/h3>\n<p>\u041f\u0435\u0440\u0432\u044b\u0435 \u0434\u0432\u0435 \u0441\u0442\u0430\u0432\u043a\u0438 \u0431\u044b\u043b\u0438 \u043d\u0435\u0443\u0434\u0430\u0447\u043d\u044b\u043c\u0438, \u043d\u043e \u0432 \u0442\u0440\u0435\u0442\u0438\u0439 \u0440\u0430\u0437 \u044f \u0440\u0435\u0448\u0438\u043b \u0440\u0438\u0441\u043a\u043d\u0443\u0442\u044c \u0438 \u043f\u043e\u0441\u0442\u0430\u0432\u0438\u043b 100 \u0440\u0443\u0431\u043b\u0435\u0439, \u043f\u043e\u0434\u043d\u044f\u0432 \u0441\u0443\u043c\u043c\u0443 \u0432 40 \u0440\u0430\u0437. \u0412\u044b\u0432\u043e\u0434 \u0434\u0435\u043d\u0435\u0433 \u043f\u0440\u043e\u0448\u0435\u043b \u0431\u0435\u0437 \u0442\u0440\u0443\u0434\u043d\u043e\u0441\u0442\u0435\u0439.<\/p>\n","protected":false},"excerpt":{"rendered":"<p>\u041e\u0442\u0437\u044b\u0432 \u043e\u0442: \u0418\u0432\u0430\u043d (30 \u043b\u0435\u0442) \u0418\u0433\u0440\u0430 &#8222;\u0410\u0432\u0438\u0430\u0442\u043e\u0440&#8221; &#8211; \u0432\u043e\u0441\u0442\u043e\u0440\u0433 \u0434\u043b\u044f \u043d\u0430\u0447\u0438\u043d\u0430\u044e\u0449\u0435\u0433\u043e \u0433\u0435\u043c\u0431\u043b\u0435\u0440\u0430! \u041d\u0435\u0441\u043c\u043e\u0442\u0440\u044f \u043d\u0430 \u0441\u0432\u043e\u044e \u043d\u0435\u043e\u043f\u044b\u0442\u043d\u043e\u0441\u0442\u044c, \u044f \u0432\u043f\u0435\u0440\u0432\u044b\u0435 \u0440\u0435\u0448\u0438\u043b \u043f\u043e\u043f\u0440\u043e\u0431\u043e\u0432\u0430\u0442\u044c \u0441\u0435\u0431\u044f \u0432 \u043e\u043d\u043b\u0430\u0439\u043d-\u043a\u0430\u0437\u0438\u043d\u043e, \u0438 \u0432\u044b\u0431\u0440\u0430\u043b \u0438\u0433\u0440\u0443 &#8222;\u0410\u0432\u0438\u0430\u0442\u043e\u0440&#8221;. \u0423\u0434\u0438\u0432\u0438\u0442\u0435\u043b\u044c\u043d\u043e, \u043d\u043e \u043c\u043d\u0435 \u0443\u0434\u0430\u043b\u043e\u0441\u044c \u0443\u0432\u0435\u043b\u0438\u0447\u0438\u0442\u044c \u0441\u0432\u043e\u044e \u0441\u0442\u0430\u0440\u0442\u043e\u0432\u0443\u044e \u0441\u0443\u043c\u043c\u0443 \u0432 50 \u0438 \u0431\u043e\u043b\u0435\u0435 \u0440\u0430\u0437. \u0412\u043e\u0437\u043c\u043e\u0436\u043d\u043e, \u043d\u0430\u0447\u0438\u043d\u0430\u044e \u043f\u043e\u043d\u0438\u043c\u0430\u0442\u044c \u0441\u043c\u044b\u0441\u043b \u0430\u0437\u0430\u0440\u0442\u043d\u044b\u0445 \u0440\u0430\u0437\u0432\u043b\u0435\u0447\u0435\u043d\u0438\u0439. \u041e\u0442\u0437\u044b\u0432 \u043e\u0442: \u041c\u0430\u043a\u0441 (25 \u043b\u0435\u0442) \u041f\u043e\u0437\u0434\u0440\u0430\u0432\u044c\u0442\u0435 \u043c\u0435\u043d\u044f \u0441 \u0443\u0434\u0430\u0447\u043d\u044b\u043c [&hellip;]<\/p>\n","protected":false},"author":1,"featured_media":0,"parent":0,"menu_order":0,"comment_status":"closed","ping_status":"closed","template":"","meta":{"footnotes":""},"class_list":["post-9","page","type-page","status-publish","hentry"],"yoast_head":"<!-- This site is optimized with the Yoast SEO plugin v27.2 - https:\/\/yoast.com\/product\/yoast-seo-wordpress\/ -->\n<title>Recenzje graczy Aviator: Prawdziwe Wra\u017cenia i Opowie\u015bci o Wygranych<\/title>\n<meta name=\"description\" content=\"Citi\u021bi recenziile entuziaste ale juc\u0103torilor despre Aviator! Descoperi\u021bi cum entuziasmul, strategia \u0219i norocul creeaz\u0103 o experien\u021b\u0103 captivant\u0103 \u00een aceast\u0103 joc de pr\u0103bu\u0219ire.\" \/>\n<meta name=\"robots\" content=\"index, follow, max-snippet:-1, max-image-preview:large, max-video-preview:-1\" \/>\n<link rel=\"canonical\" href=\"https:\/\/playaviator.in\/ro\/aviator-game-reviews\/\" \/>\n<meta property=\"og:locale\" content=\"ro_RO\" \/>\n<meta property=\"og:locale:alternate\" content=\"en_US\" \/>\n<meta property=\"og:locale:alternate\" content=\"ru_RU\" \/>\n<meta property=\"og:locale:alternate\" content=\"pt_PT\" \/>\n<meta property=\"og:locale:alternate\" content=\"es_ES\" \/>\n<meta property=\"og:locale:alternate\" content=\"sr_RS\" \/>\n<meta property=\"og:locale:alternate\" content=\"bg_BG\" \/>\n<meta property=\"og:locale:alternate\" content=\"hu_HU\" \/>\n<meta property=\"og:locale:alternate\" content=\"pl_PL\" \/>\n<meta property=\"og:locale:alternate\" content=\"el\" \/>\n<meta property=\"og:locale:alternate\" content=\"tr_TR\" \/>\n<meta property=\"og:type\" content=\"article\" \/>\n<meta property=\"og:title\" content=\"Recenzje graczy Aviator: Prawdziwe Wra\u017cenia i Opowie\u015bci o Wygranych\" \/>\n<meta property=\"og:description\" content=\"Przeczytaj entuzjastyczne recenzje graczy na temat Aviator! Odkryj, jak podekscytowanie, strategia i szcz\u0119\u015bcie tworz\u0105 ekscytuj\u0105ce do\u015bwiadczenie w tej grze crash.\" \/>\n<meta property=\"og:url\" content=\"https:\/\/playaviator.in\/ro\/aviator-game-reviews\/\" \/>\n<meta property=\"og:site_name\" content=\"Aviator Game\" \/>\n<meta property=\"article:modified_time\" content=\"2023-12-26T22:50:30+00:00\" \/>\n<meta name=\"twitter:card\" content=\"summary_large_image\" \/>\n<meta name=\"twitter:label1\" content=\"Timp estimat pentru citire\" \/>\n\t<meta name=\"twitter:data1\" content=\"16 minute\" \/>\n<script type=\"application\/ld+json\" class=\"yoast-schema-graph\">{\"@context\":\"https:\/\/schema.org\",\"@graph\":[{\"@type\":\"WebPage\",\"@id\":\"https:\/\/playaviator.in\/pl\/aviator-game-reviews\/\",\"url\":\"https:\/\/playaviator.in\/pl\/aviator-game-reviews\/\",\"name\":\"Recenzje graczy Aviator: Prawdziwe Wra\u017cenia i Opowie\u015bci o Wygranych\",\"isPartOf\":{\"@id\":\"https:\/\/playaviator.in\/pl\/#website\"},\"datePublished\":\"2023-12-16T20:50:35+00:00\",\"dateModified\":\"2023-12-26T22:50:30+00:00\",\"description\":\"Przeczytaj entuzjastyczne recenzje graczy na temat Aviator! Odkryj, jak podekscytowanie, strategia i szcz\u0119\u015bcie tworz\u0105 ekscytuj\u0105ce do\u015bwiadczenie w tej grze crash.\",\"breadcrumb\":{\"@id\":\"https:\/\/playaviator.in\/pl\/aviator-game-reviews\/#breadcrumb\"},\"inLanguage\":\"ro-RO\",\"potentialAction\":[{\"@type\":\"ReadAction\",\"target\":[\"https:\/\/playaviator.in\/pl\/aviator-game-reviews\/\"]}]},{\"@type\":\"BreadcrumbList\",\"@id\":\"https:\/\/playaviator.in\/pl\/aviator-game-reviews\/#breadcrumb\",\"itemListElement\":[{\"@type\":\"ListItem\",\"position\":1,\"name\":\"Home\",\"item\":\"https:\/\/playaviator.in\/pl\/\"},{\"@type\":\"ListItem\",\"position\":2,\"name\":\"Recenzje\"}]},{\"@type\":\"WebSite\",\"@id\":\"https:\/\/playaviator.in\/pl\/#website\",\"url\":\"https:\/\/playaviator.in\/pl\/\",\"name\":\"Aviator Game\",\"description\":\"\",\"publisher\":{\"@id\":\"https:\/\/playaviator.in\/pl\/#organization\"},\"potentialAction\":[{\"@type\":\"SearchAction\",\"target\":{\"@type\":\"EntryPoint\",\"urlTemplate\":\"https:\/\/playaviator.in\/pl\/?s={search_term_string}\"},\"query-input\":{\"@type\":\"PropertyValueSpecification\",\"valueRequired\":true,\"valueName\":\"search_term_string\"}}],\"inLanguage\":\"ro-RO\"},{\"@type\":\"Organization\",\"@id\":\"https:\/\/playaviator.in\/pl\/#organization\",\"name\":\"Aviator Game\",\"url\":\"https:\/\/playaviator.in\/pl\/\",\"logo\":{\"@type\":\"ImageObject\",\"inLanguage\":\"ro-RO\",\"@id\":\"https:\/\/playaviator.in\/pl\/#\/schema\/logo\/image\/\",\"url\":\"https:\/\/playaviator.in\/wp-content\/uploads\/Aviator_logo-e1702848125368.png\",\"contentUrl\":\"https:\/\/playaviator.in\/wp-content\/uploads\/Aviator_logo-e1702848125368.png\",\"width\":589,\"height\":156,\"caption\":\"Aviator Game\"},\"image\":{\"@id\":\"https:\/\/playaviator.in\/pl\/#\/schema\/logo\/image\/\"}}]}<\/script>\n<!-- \/ Yoast SEO plugin. -->","yoast_head_json":{"title":"Recenzje graczy Aviator: Prawdziwe Wra\u017cenia i Opowie\u015bci o Wygranych","description":"Citi\u021bi recenziile entuziaste ale juc\u0103torilor despre Aviator! Descoperi\u021bi cum entuziasmul, strategia \u0219i norocul creeaz\u0103 o experien\u021b\u0103 captivant\u0103 \u00een aceast\u0103 joc de pr\u0103bu\u0219ire.","robots":{"index":"index","follow":"follow","max-snippet":"max-snippet:-1","max-image-preview":"max-image-preview:large","max-video-preview":"max-video-preview:-1"},"canonical":"https:\/\/playaviator.in\/ro\/aviator-game-reviews\/","og_locale":"ro_RO","og_type":"article","og_title":"Recenzje graczy Aviator: Prawdziwe Wra\u017cenia i Opowie\u015bci o Wygranych","og_description":"Przeczytaj entuzjastyczne recenzje graczy na temat Aviator! Odkryj, jak podekscytowanie, strategia i szcz\u0119\u015bcie tworz\u0105 ekscytuj\u0105ce do\u015bwiadczenie w tej grze crash.","og_url":"https:\/\/playaviator.in\/ro\/aviator-game-reviews\/","og_site_name":"Aviator Game","article_modified_time":"2023-12-26T22:50:30+00:00","twitter_card":"summary_large_image","twitter_misc":{"Timp estimat pentru citire":"16 minute"},"schema":{"@context":"https:\/\/schema.org","@graph":[{"@type":"WebPage","@id":"https:\/\/playaviator.in\/pl\/aviator-game-reviews\/","url":"https:\/\/playaviator.in\/pl\/aviator-game-reviews\/","name":"Recenzje graczy Aviator: Prawdziwe Wra\u017cenia i Opowie\u015bci o Wygranych","isPartOf":{"@id":"https:\/\/playaviator.in\/pl\/#website"},"datePublished":"2023-12-16T20:50:35+00:00","dateModified":"2023-12-26T22:50:30+00:00","description":"Przeczytaj entuzjastyczne recenzje graczy na temat Aviator! Odkryj, jak podekscytowanie, strategia i szcz\u0119\u015bcie tworz\u0105 ekscytuj\u0105ce do\u015bwiadczenie w tej grze crash.","breadcrumb":{"@id":"https:\/\/playaviator.in\/pl\/aviator-game-reviews\/#breadcrumb"},"inLanguage":"ro-RO","potentialAction":[{"@type":"ReadAction","target":["https:\/\/playaviator.in\/pl\/aviator-game-reviews\/"]}]},{"@type":"BreadcrumbList","@id":"https:\/\/playaviator.in\/pl\/aviator-game-reviews\/#breadcrumb","itemListElement":[{"@type":"ListItem","position":1,"name":"Home","item":"https:\/\/playaviator.in\/pl\/"},{"@type":"ListItem","position":2,"name":"Recenzje"}]},{"@type":"WebSite","@id":"https:\/\/playaviator.in\/pl\/#website","url":"https:\/\/playaviator.in\/pl\/","name":"Aviator Game","description":"","publisher":{"@id":"https:\/\/playaviator.in\/pl\/#organization"},"potentialAction":[{"@type":"SearchAction","target":{"@type":"EntryPoint","urlTemplate":"https:\/\/playaviator.in\/pl\/?s={search_term_string}"},"query-input":{"@type":"PropertyValueSpecification","valueRequired":true,"valueName":"search_term_string"}}],"inLanguage":"ro-RO"},{"@type":"Organization","@id":"https:\/\/playaviator.in\/pl\/#organization","name":"Aviator Game","url":"https:\/\/playaviator.in\/pl\/","logo":{"@type":"ImageObject","inLanguage":"ro-RO","@id":"https:\/\/playaviator.in\/pl\/#\/schema\/logo\/image\/","url":"https:\/\/playaviator.in\/wp-content\/uploads\/Aviator_logo-e1702848125368.png","contentUrl":"https:\/\/playaviator.in\/wp-content\/uploads\/Aviator_logo-e1702848125368.png","width":589,"height":156,"caption":"Aviator Game"},"image":{"@id":"https:\/\/playaviator.in\/pl\/#\/schema\/logo\/image\/"}}]}},"_links":{"self":[{"href":"https:\/\/playaviator.in\/ro\/wp-json\/wp\/v2\/pages\/9","targetHints":{"allow":["GET"]}}],"collection":[{"href":"https:\/\/playaviator.in\/ro\/wp-json\/wp\/v2\/pages"}],"about":[{"href":"https:\/\/playaviator.in\/ro\/wp-json\/wp\/v2\/types\/page"}],"author":[{"embeddable":true,"href":"https:\/\/playaviator.in\/ro\/wp-json\/wp\/v2\/users\/1"}],"replies":[{"embeddable":true,"href":"https:\/\/playaviator.in\/ro\/wp-json\/wp\/v2\/comments?post=9"}],"version-history":[{"count":27,"href":"https:\/\/playaviator.in\/ro\/wp-json\/wp\/v2\/pages\/9\/revisions"}],"predecessor-version":[{"id":163,"href":"https:\/\/playaviator.in\/ro\/wp-json\/wp\/v2\/pages\/9\/revisions\/163"}],"wp:attachment":[{"href":"https:\/\/playaviator.in\/ro\/wp-json\/wp\/v2\/media?parent=9"}],"curies":[{"name":"wp","href":"https:\/\/api.w.org\/{rel}","templated":true}]}}