{"id":7,"date":"2023-12-16T20:42:23","date_gmt":"2023-12-16T20:42:23","guid":{"rendered":"https:\/\/playaviator.in\/?page_id=7"},"modified":"2023-12-26T22:14:26","modified_gmt":"2023-12-26T22:14:26","slug":"home","status":"publish","type":"page","link":"https:\/\/playaviator.in\/ro\/","title":{"rendered":"Cucer\u0103 Cerurile cu Aviator: Joc Incitant, Pariuri Palpitante \u0219i C\u00e2\u0219tiguri Mari"},"content":{"rendered":"<h2>Ce este jocul Aviator?<\/h2>\n<p>Jocul de cazino Aviator este un simplu joc grafic online imbunatatit cu spiritul anilor &#8217;80. Fundalul jocului este negru, iar centrul atentiei este pista de decolare si aterizare cu un avion rosu vibrant. In timpul jocului, ai oportunitatea de a plasa doua pariuri simultan. \u00cen aceast\u0103 recenzie Aviator, vom explora detaliile despre cum s\u0103 plasa\u021bi \u0219i s\u0103 \u00eenchide\u021bi pariurile.<\/p>\n<p>\u00cen jocul de noroc Aviator, c\u00e2\u0219tigurile tale depind de c\u00e2t de \u00eenalt va ajunge avionul t\u0103u. Multiplicatorul aplicat la pariu c\u00e2\u0219tig\u0103tor corespunde \u00een\u0103l\u021bimii pe care avionul t\u0103u o atinge. Este crucial s\u0103-\u021bi aminte\u0219ti c\u0103 succesul depinde de abilitatea de a opri \u00een momentul potrivit, \u0219i adesea necesit\u0103 ap\u0103sarea butonului de retragere \u00eenainte de a atinge altitudinea maxim\u0103 a avionului. Pariurile \u00een Aviator ofer\u0103 oportunitatea de a ob\u021bine profituri din multiplicatorii \u00een cre\u0219tere, ajung\u00e2nd p\u00e2n\u0103 la x100. Chiar \u0219i cu o miz\u0103 minim\u0103 de 1 dolar, po\u021bi c\u00e2\u0219tiga instantaneu 1.000 de dolari. Platforma Spribe Aviator opereaz\u0103 baz\u00e2ndu-se pe corectitudinea dovedit\u0103, asigur\u00e2nd impar\u021bialitate \u00een aceast\u0103 industrie. Cu toate acestea, aminte\u0219te-\u021bi c\u0103 dac\u0103 nu \u00ee\u021bi retragi c\u00e2\u0219tigurile \u00eenainte de decolare, pariul va fi anulat. Acest joc este o combina\u021bie de emo\u021bii, risc \u0219i triumf!<\/p>\n<h2>Sfaturi utile:<\/h2>\n<ul>\n<li>Multiplicatorul pentru c\u00e2\u0219tigurile avionului \u00eencepe de la 1x \u0219i cre\u0219te odat\u0103 cu ascensiunea avionului.<\/li>\n<li>Pe partea st\u00e2ng\u0103 a jocului, exist\u0103 un panou de pariere unde po\u021bi urm\u0103ri ac\u021biunile altor juc\u0103tori, c\u00e2\u0219tigurile sau pierderile lor \u0219i vezi multiplicatorii pe care \u00eei ob\u021bin al\u021bi juc\u0103tori.<\/li>\n<li>C\u00e2\u0219tigurile tale depind de coeficientul curent la momentul pl\u0103\u021bii. Calculeaz\u0103 plata \u00eenmul\u021bind coeficientul cu dimensiunea pariului t\u0103u.<\/li>\n<li>Viteza de decolare a avionului depinde de coeficientul generat de un generator de numere aleatoare corect \u00eenainte de fiecare rund\u0103. Utilizeaz\u0103 func\u021biile jocului pentru a verifica corectitudinea fiec\u0103rei runde.<\/li>\n<\/ul>\n<h2>Plat\u0103:<\/h2>\n<p>Produc\u0103torul sus\u021bine un coeficient de plat\u0103 de 97%, presupun\u00e2nd c\u0103 dup\u0103 100 de runde de Aviator Spribe, avionul mic va \u00eencepe s\u0103 se ridice cu un multiplicator de 0,00, f\u0103c\u00e2nd imposibil profitul. Coeficien\u021bii pentru fiecare rund\u0103 sunt genera\u021bi folosind algoritmul &#8222;Provably Fair&#8221;, asigur\u00e2nd transparen\u021b\u0103 complet\u0103. Aceast\u0103 tehnologie criptografic\u0103 garanteaz\u0103 c\u0103 coeficien\u021bii nu sunt genera\u021bi pe serverele cazinoului online.<\/p>\n<h2>Chat \u00een timpul jocului \u00een Aviator:<\/h2>\n<p>Chatul \u00een jocul Aviator este o parte integral\u0103 a gameplay-ului \u0219i este disponibil \u00een toate versiunile sale:<\/p>\n<ul>\n<li>\u00cen versiunea web: Fereastra de chat este situat\u0103 \u00een partea dreapt\u0103 a ecranului, unde po\u021bi interac\u021biona cu al\u021bi juc\u0103tori \u0219i primi notific\u0103ri importante de la moderatorii chatului.<\/li>\n<li>\u00cen versiunea mobil\u0103: Fereastra de mesaje este \u00een partea de jos a ecranului.<\/li>\n<\/ul>\n<h3>Chatul ofer\u0103 oportunitatea de a:<\/h3>\n<ul>\n<li>Trimite mesaje tuturor juc\u0103torilor din camer\u0103.<\/li>\n<li>Primirea notific\u0103rilor despre evenimente importante.<\/li>\n<li>Ob\u021bine informa\u021bii despre ac\u021biunile altor juc\u0103tori.<\/li>\n<li>Raporta posibile probleme \u00een timpul jocului.<\/li>\n<\/ul>\n<h2>Statistici de pariere \u00een timp real:<\/h2>\n<p>Fiecare juc\u0103tor poate urm\u0103ri ac\u021biunile \u0219i succesele celorlal\u021bi participan\u021bi. Panoul de joc include o sec\u021biune &#8222;Statistici&#8221;, care cuprinde:<\/p>\n<ul>\n<li>Timpul ultimului joc.<\/li>\n<li>Numele c\u00e2\u0219tig\u0103torului.<\/li>\n<li>Dimensiunea pariului lor.<\/li>\n<li>Coeficientul cu care au jucat.<\/li>\n<\/ul>\n<p>\u00cen jocul Aviator, este crucial s\u0103 fii atent \u0219i s\u0103 plasezi pariurile \u00eenainte ca avionul s\u0103 ating\u0103 altitudinea maxim\u0103 pentru a evita pierderile. Cu toate acestea, exercit\u00e2nd pruden\u021ba \u0219i gestion\u00e2nd cre\u0219terile de pariuri \u00een mod \u00een\u021belept, po\u021bi cre\u0219te \u0219ansele tale de succes.<\/p>\n<h2>Aviator: Cum se Joac\u0103?<\/h2>\n<p>\u00cen jocul &#8222;Aviator&#8221;, principalul t\u0103u obiectiv este s\u0103 plasezi un pariu \u0219i s\u0103-l retragi \u00eenainte ca avionul mic s\u0103 accelereze la viteza sa maxim\u0103, astfel \u00eenc\u00e2t s\u0103 po\u021bi revendica c\u00e2\u0219tigurile tale. Pe m\u0103sur\u0103 ce avionul urc\u0103 treptat, multiplicatorul cre\u0219te, fie c\u0103 joci &#8222;Aviator&#8221; cu bani reali sau \u00een versiunea demo.<\/p>\n<h3>Cum func\u021bioneaz\u0103 parierea \u00een &#8222;Aviator&#8221;?<\/h3>\n<p>Mecanica jocului este incredibil de simpl\u0103. Datorit\u0103 unui generator de numere aleatoare care determin\u0103 rezultatele, juc\u0103torii plaseaz\u0103 mai \u00eent\u00e2i pariurile \u0219i apoi urm\u0103resc cu ner\u0103bdare cum avionul decoleaz\u0103. Odat\u0103 ce acesta dispare din vedere \u0219i apare semnul &#8222;Fly Away&#8221;, runda ta este complet\u0103! Ai doar cinci secunde s\u0103 plasezi un pariu \u00een runda care \u00eencepe. C\u00e2nd avionul decoleaz\u0103, po\u021bi paria pe urm\u0103toarea rund\u0103. Suma jackpot-ului este determinat\u0103 de un generator de numere aleatoare, care creeaz\u0103 un multiplicator aleatoriu chiar \u00eenainte de fiecare decolare. Cu un timp at\u00e2t de limitat \u0219i multiplicatori rapizi, fiecare secund\u0103 conteaz\u0103!<\/p>\n<p>Pentru a participa la o rund\u0103 de joc &#8222;Aviator&#8221;, juc\u0103torul trebuie s\u0103 introduc\u0103 suma aleas\u0103 pentru pariu \u0219i s\u0103 apese butonul &#8222;Bet&#8221;. Interesant, utilizatorul poate plasa chiar dou\u0103 pariuri simultan! \u00cen jocul &#8222;Aviator&#8221;, sarcina ta este s\u0103 c\u00e2\u0219tigi retr\u0103g\u00e2ndu-\u021bi pariu la momentul cel mai potrivit, chiar \u00eenainte ca avionul s\u0103 decoleze. Cea mai profitabil\u0103 strategie este s\u0103 a\u0219tep\u021bi p\u00e2n\u0103 c\u00e2nd multiplicatorul atinge maximul s\u0103u, maximiz\u00e2nd astfel recompensele poten\u021biale \u0219i, implicit, cre\u0219terea profitului.<\/p>\n<h2>Cum s\u0103 plasezi pariuri \u00een &#8222;Aviator&#8221;?<\/h2>\n<p>Pentru a plasa un pariu cu bani reali \u00een jocul t\u0103u preferat, trebuie s\u0103 \u00ee\u021bi creezi mai \u00eent\u00e2i un cont pe platforma de joc \u0219i s\u0103 \u00ee\u021bi alimentezi banca personal\u0103 prin efectuarea unei depuneri. Dup\u0103 finalizarea acestor pa\u0219i, vei fi preg\u0103tit s\u0103 plasezi cu \u00eencredere pariuri!<\/p>\n<h3>Pentru a plasa un pariu, urmeaz\u0103 ace\u0219ti pa\u0219i:<\/h3>\n<ol>\n<li>Conecteaz\u0103-te la site-ul oficial al cazinoului online \u0219i intr\u0103 \u00een contul t\u0103u.<\/li>\n<li>Lanseaz\u0103 jocul \u00een modul standard cu sloturi.<\/li>\n<li>Plaseaz\u0103 mi\u0219carea select\u00e2nd suma dorit\u0103. Aceast\u0103 ac\u021biune se efectueaz\u0103 prin butoanele corespunz\u0103toare de pe ecran. Po\u021bi plasa unul sau dou\u0103 pariuri la un moment dat, \u00een func\u021bie de preferin\u021ba ta!<\/li>\n<\/ol>\n<h2>Retrageri \u0219i Pariuri<\/h2>\n<p>Pentru a plasa un pariu, apas\u0103 pur \u0219i simplu butonul &#8222;Bet&#8221;. Po\u021bi ad\u0103uga un al doilea pariu f\u0103c\u00e2nd clic pe iconi\u021ba plus din col\u021bul din dreapta sus al panoului. Pentru a retrage c\u00e2\u0219tigurile, apas\u0103 butonul &#8222;Withdraw&#8221;. Banii pot fi retrasi pe o carte Visa, \u00een portofele electronice sau \u00eentr-un cont de criptomonede.<\/p>\n<h2>Redare automat\u0103 \u0219i retragere automat\u0103<\/h2>\n<p>Pentru a activa modul de redare automat\u0103, apas\u0103 butonul &#8222;Automatic Bet&#8221;. Dup\u0103 aceea, pariurile vor fi plasate automat. Dac\u0103 este necesar, retragerea automat\u0103 poate fi activat\u0103:<\/p>\n<ul>\n<li>C\u00e2nd balan\u021ba scade cu o sum\u0103 specificat\u0103.<\/li>\n<li>Dac\u0103 balan\u021ba cre\u0219te cu o anumit\u0103 sum\u0103.<\/li>\n<li>C\u00e2nd o singur\u0103 victorie dep\u0103\u0219e\u0219te o anumit\u0103 sum\u0103.<\/li>\n<\/ul>\n<p>Dac\u0103 activezi func\u021bia &#8222;Retragere automat\u0103&#8221; \u00een timpul jocului &#8222;Aviator&#8221;, suma c\u00e2\u0219tigat\u0103 va fi primit\u0103 folosind butonul &#8222;Withdraw&#8221; imediat ce avionul atinge multiplicatorul specificat de tine.<\/p>\n<h2>Versiunea demo a &#8222;Aviator&#8221;<\/h2>\n<p>La fel ca \u00een orice alt joc online excelent, \u00een versiunea demo a &#8222;Aviator&#8221;, po\u021bi juca confortabil f\u0103r\u0103 a-\u021bi pune \u00een pericol finan\u021bele. \u00cenainte de a \u00eencepe s\u0103 joci cu bani reali, este recomandat s\u0103 \u00eencerci &#8222;Aviator&#8221; \u00een modul demo. Acest lucru permite juc\u0103torilor s\u0103 se familiarizeze cu mecanica jocului, s\u0103 \u00een\u021beleag\u0103 nuan\u021bele gameplay-ului \u0219i s\u0103 dezvolte o strategie de pariere f\u0103r\u0103 a-\u0219i pune \u00een pericol banii reali. Acest lucru cre\u0219te semnificativ \u0219ansele de succes atunci c\u00e2nd joci cu bani reali.<\/p>\n<h2>Cum s\u0103 joci \u0219i s\u0103 c\u00e2\u0219tigi \u00een &#8222;Aviator&#8221;?<\/h2>\n<p>Dac\u0103 vrei s\u0103 \u0219tii cum s\u0103 c\u00e2\u0219tigi \u00een &#8222;Aviator&#8221;, se recomand\u0103 s\u0103 dezvol\u021bi o strategie de joc eficient\u0103 \u0219i s\u0103 o respec\u021bi strict. Nu uita s\u0103 te familiarizezi cu regulile \u0219i mecanica acestei ma\u0219ini cu sloturi \u00eenainte de a \u00eencepe jocul &#8211; cunoa\u0219terea aici va fi avantajul t\u0103u principal. Dac\u0103 rezisti tenta\u021biei \u00een timpul jocului, \u0219ansele tale de succes vor cre\u0219te semnificativ!<\/p>\n<h3>Sfaturi \u0219i recomand\u0103ri pentru &#8222;Aviator&#8221;<\/h3>\n<p>Desigur, exist\u0103 c\u00e2teva lucruri pe care le po\u021bi face pentru a-\u021bi cre\u0219te \u0219ansele de succes.<\/p>\n<ol>\n<li>\u00cen primul r\u00e2nd, familiarizeaz\u0103-te cu jocul \u00een versiunea demo. Astfel, nu risipe\u0219ti nimic de la \u00eenceput, iar tu po\u021bi \u00een\u021belege mecanica jocului.<\/li>\n<li>G\u0103se\u0219te un echilibru \u00eentre risc \u0219i profit poten\u021bial. Cu c\u00e2t este mai mare multiplicatorul, cu at\u00e2t sunt mai mari c\u00e2\u0219tigurile poten\u021biale. Cu toate acestea, probabilitatea de c\u00e2\u0219tig scade, de asemenea.<\/li>\n<li>Plaseaz\u0103 pariuri cu \u00een\u021belepciune \u0219i evit\u0103 l\u0103comia. Este mai bine s\u0103 joci cu pruden\u021b\u0103 \u0219i s\u0103 prime\u0219ti mici profituri dec\u00e2t s\u0103 mergi all-in, posibil pierz\u00e2nd totul.<\/li>\n<li>\u00cen cele din urm\u0103, asigur\u0103-te c\u0103 ai o conexiune la internet stabil\u0103. O conexiune fiabil\u0103 este esen\u021bial\u0103 pentru ca jocul s\u0103 nu se blocheze \u00een mijloc, iar tu s\u0103 po\u021bi bucura pe deplin de procesul de joc.<\/li>\n<\/ol>\n<p>&#8222;Aviator&#8221; este un joc simplu \u0219i captivant care poate atrage pe toat\u0103 lumea. Joac\u0103 pentru bani reali sau \u00een modul demo; jocul \u00ee\u021bi va oferi, f\u0103r\u0103 \u00eendoial\u0103, multe ore de distrac\u021bie.<\/p>\n","protected":false},"excerpt":{"rendered":"<p>Ce este jocul Aviator? Jocul de cazino Aviator este un simplu joc grafic online imbunatatit cu spiritul anilor &#8217;80. Fundalul jocului este negru, iar centrul atentiei este pista de decolare si aterizare cu un avion rosu vibrant. In timpul jocului, ai oportunitatea de a plasa doua pariuri simultan. \u00cen aceast\u0103 recenzie Aviator, vom explora detaliile [&hellip;]<\/p>\n","protected":false},"author":1,"featured_media":0,"parent":0,"menu_order":0,"comment_status":"closed","ping_status":"closed","template":"","meta":{"footnotes":""},"class_list":["post-7","page","type-page","status-publish","hentry"],"yoast_head":"<!-- This site is optimized with the Yoast SEO plugin v27.2 - https:\/\/yoast.com\/product\/yoast-seo-wordpress\/ -->\n<title>Podbij niebo z Aviatorem: Ekscytuj\u0105ce zak\u0142ady i adrenalina<\/title>\n<meta name=\"description\" content=\"Exploreaz\u0103 lumea jocurilor de noroc cu Aviator! Un joc unic de crash \u00eentr-un cazino online. Asum\u0103-\u021bi riscul, plaseaz\u0103-\u021bi pariurile \u0219i triumf\u0103! Al\u0103tur\u0103-te \u0219i simte emo\u021bia!\" \/>\n<meta name=\"robots\" content=\"index, follow, max-snippet:-1, max-image-preview:large, max-video-preview:-1\" \/>\n<link rel=\"canonical\" href=\"https:\/\/playaviator.in\/ro\/\" \/>\n<meta property=\"og:locale\" content=\"ro_RO\" \/>\n<meta property=\"og:locale:alternate\" content=\"en_US\" \/>\n<meta property=\"og:locale:alternate\" content=\"ru_RU\" \/>\n<meta property=\"og:locale:alternate\" content=\"pt_PT\" \/>\n<meta property=\"og:locale:alternate\" content=\"es_ES\" \/>\n<meta property=\"og:locale:alternate\" content=\"sr_RS\" \/>\n<meta property=\"og:locale:alternate\" content=\"bg_BG\" \/>\n<meta property=\"og:locale:alternate\" content=\"hu_HU\" \/>\n<meta property=\"og:locale:alternate\" content=\"pl_PL\" \/>\n<meta property=\"og:locale:alternate\" content=\"el\" \/>\n<meta property=\"og:locale:alternate\" content=\"tr_TR\" \/>\n<meta property=\"og:type\" content=\"article\" \/>\n<meta property=\"og:title\" content=\"Podbij niebo z Aviatorem: Ekscytuj\u0105ce zak\u0142ady i adrenalina\" \/>\n<meta property=\"og:description\" content=\"Odkryj \u015bwiat hazardu z Aviatorem! Wyj\u0105tkowa gra w wypadki w kasynie online. Ryzykuj, stawiaj zak\u0142ady i zwyci\u0119\u017caj! Do\u0142\u0105cz i poczuj emocje!\" \/>\n<meta property=\"og:url\" content=\"https:\/\/playaviator.in\/ro\/\" \/>\n<meta property=\"og:site_name\" content=\"Aviator Game\" \/>\n<meta property=\"article:modified_time\" content=\"2023-12-26T22:14:26+00:00\" \/>\n<meta name=\"twitter:card\" content=\"summary_large_image\" \/>\n<meta name=\"twitter:label1\" content=\"Timp estimat pentru citire\" \/>\n\t<meta name=\"twitter:data1\" content=\"54 de minute\" \/>\n<script type=\"application\/ld+json\" class=\"yoast-schema-graph\">{\"@context\":\"https:\/\/schema.org\",\"@graph\":[{\"@type\":\"WebPage\",\"@id\":\"https:\/\/playaviator.in\/pl\/\",\"url\":\"https:\/\/playaviator.in\/pl\/\",\"name\":\"Podbij niebo z Aviatorem: Ekscytuj\u0105ce zak\u0142ady i adrenalina\",\"isPartOf\":{\"@id\":\"https:\/\/playaviator.in\/pl\/#website\"},\"datePublished\":\"2023-12-16T20:42:23+00:00\",\"dateModified\":\"2023-12-26T22:14:26+00:00\",\"description\":\"Odkryj \u015bwiat hazardu z Aviatorem! Wyj\u0105tkowa gra w wypadki w kasynie online. Ryzykuj, stawiaj zak\u0142ady i zwyci\u0119\u017caj! Do\u0142\u0105cz i poczuj emocje!\",\"breadcrumb\":{\"@id\":\"https:\/\/playaviator.in\/pl\/#breadcrumb\"},\"inLanguage\":\"ro-RO\",\"potentialAction\":[{\"@type\":\"ReadAction\",\"target\":[\"https:\/\/playaviator.in\/pl\/\"]}]},{\"@type\":\"BreadcrumbList\",\"@id\":\"https:\/\/playaviator.in\/pl\/#breadcrumb\",\"itemListElement\":[{\"@type\":\"ListItem\",\"position\":1,\"name\":\"Home\",\"item\":\"https:\/\/playaviator.in\/pl\/\"},{\"@type\":\"ListItem\",\"position\":2,\"name\":\"Zdobywaj niebo z Aviatorem: ekscytuj\u0105ca rozgrywka, fascynuj\u0105ce zak\u0142ady i du\u017ce wygrane\"}]},{\"@type\":\"WebSite\",\"@id\":\"https:\/\/playaviator.in\/pl\/#website\",\"url\":\"https:\/\/playaviator.in\/pl\/\",\"name\":\"Aviator Game\",\"description\":\"\",\"publisher\":{\"@id\":\"https:\/\/playaviator.in\/pl\/#organization\"},\"potentialAction\":[{\"@type\":\"SearchAction\",\"target\":{\"@type\":\"EntryPoint\",\"urlTemplate\":\"https:\/\/playaviator.in\/pl\/?s={search_term_string}\"},\"query-input\":{\"@type\":\"PropertyValueSpecification\",\"valueRequired\":true,\"valueName\":\"search_term_string\"}}],\"inLanguage\":\"ro-RO\"},{\"@type\":\"Organization\",\"@id\":\"https:\/\/playaviator.in\/pl\/#organization\",\"name\":\"Aviator Game\",\"url\":\"https:\/\/playaviator.in\/pl\/\",\"logo\":{\"@type\":\"ImageObject\",\"inLanguage\":\"ro-RO\",\"@id\":\"https:\/\/playaviator.in\/pl\/#\/schema\/logo\/image\/\",\"url\":\"https:\/\/playaviator.in\/wp-content\/uploads\/Aviator_logo-e1702848125368.png\",\"contentUrl\":\"https:\/\/playaviator.in\/wp-content\/uploads\/Aviator_logo-e1702848125368.png\",\"width\":589,\"height\":156,\"caption\":\"Aviator Game\"},\"image\":{\"@id\":\"https:\/\/playaviator.in\/pl\/#\/schema\/logo\/image\/\"}}]}<\/script>\n<!-- \/ Yoast SEO plugin. -->","yoast_head_json":{"title":"Podbij niebo z Aviatorem: Ekscytuj\u0105ce zak\u0142ady i adrenalina","description":"Exploreaz\u0103 lumea jocurilor de noroc cu Aviator! Un joc unic de crash \u00eentr-un cazino online. Asum\u0103-\u021bi riscul, plaseaz\u0103-\u021bi pariurile \u0219i triumf\u0103! Al\u0103tur\u0103-te \u0219i simte emo\u021bia!","robots":{"index":"index","follow":"follow","max-snippet":"max-snippet:-1","max-image-preview":"max-image-preview:large","max-video-preview":"max-video-preview:-1"},"canonical":"https:\/\/playaviator.in\/ro\/","og_locale":"ro_RO","og_type":"article","og_title":"Podbij niebo z Aviatorem: Ekscytuj\u0105ce zak\u0142ady i adrenalina","og_description":"Odkryj \u015bwiat hazardu z Aviatorem! Wyj\u0105tkowa gra w wypadki w kasynie online. Ryzykuj, stawiaj zak\u0142ady i zwyci\u0119\u017caj! Do\u0142\u0105cz i poczuj emocje!","og_url":"https:\/\/playaviator.in\/ro\/","og_site_name":"Aviator Game","article_modified_time":"2023-12-26T22:14:26+00:00","twitter_card":"summary_large_image","twitter_misc":{"Timp estimat pentru citire":"54 de minute"},"schema":{"@context":"https:\/\/schema.org","@graph":[{"@type":"WebPage","@id":"https:\/\/playaviator.in\/pl\/","url":"https:\/\/playaviator.in\/pl\/","name":"Podbij niebo z Aviatorem: Ekscytuj\u0105ce zak\u0142ady i adrenalina","isPartOf":{"@id":"https:\/\/playaviator.in\/pl\/#website"},"datePublished":"2023-12-16T20:42:23+00:00","dateModified":"2023-12-26T22:14:26+00:00","description":"Odkryj \u015bwiat hazardu z Aviatorem! Wyj\u0105tkowa gra w wypadki w kasynie online. Ryzykuj, stawiaj zak\u0142ady i zwyci\u0119\u017caj! Do\u0142\u0105cz i poczuj emocje!","breadcrumb":{"@id":"https:\/\/playaviator.in\/pl\/#breadcrumb"},"inLanguage":"ro-RO","potentialAction":[{"@type":"ReadAction","target":["https:\/\/playaviator.in\/pl\/"]}]},{"@type":"BreadcrumbList","@id":"https:\/\/playaviator.in\/pl\/#breadcrumb","itemListElement":[{"@type":"ListItem","position":1,"name":"Home","item":"https:\/\/playaviator.in\/pl\/"},{"@type":"ListItem","position":2,"name":"Zdobywaj niebo z Aviatorem: ekscytuj\u0105ca rozgrywka, fascynuj\u0105ce zak\u0142ady i du\u017ce wygrane"}]},{"@type":"WebSite","@id":"https:\/\/playaviator.in\/pl\/#website","url":"https:\/\/playaviator.in\/pl\/","name":"Aviator Game","description":"","publisher":{"@id":"https:\/\/playaviator.in\/pl\/#organization"},"potentialAction":[{"@type":"SearchAction","target":{"@type":"EntryPoint","urlTemplate":"https:\/\/playaviator.in\/pl\/?s={search_term_string}"},"query-input":{"@type":"PropertyValueSpecification","valueRequired":true,"valueName":"search_term_string"}}],"inLanguage":"ro-RO"},{"@type":"Organization","@id":"https:\/\/playaviator.in\/pl\/#organization","name":"Aviator Game","url":"https:\/\/playaviator.in\/pl\/","logo":{"@type":"ImageObject","inLanguage":"ro-RO","@id":"https:\/\/playaviator.in\/pl\/#\/schema\/logo\/image\/","url":"https:\/\/playaviator.in\/wp-content\/uploads\/Aviator_logo-e1702848125368.png","contentUrl":"https:\/\/playaviator.in\/wp-content\/uploads\/Aviator_logo-e1702848125368.png","width":589,"height":156,"caption":"Aviator Game"},"image":{"@id":"https:\/\/playaviator.in\/pl\/#\/schema\/logo\/image\/"}}]}},"_links":{"self":[{"href":"https:\/\/playaviator.in\/ro\/wp-json\/wp\/v2\/pages\/7","targetHints":{"allow":["GET"]}}],"collection":[{"href":"https:\/\/playaviator.in\/ro\/wp-json\/wp\/v2\/pages"}],"about":[{"href":"https:\/\/playaviator.in\/ro\/wp-json\/wp\/v2\/types\/page"}],"author":[{"embeddable":true,"href":"https:\/\/playaviator.in\/ro\/wp-json\/wp\/v2\/users\/1"}],"replies":[{"embeddable":true,"href":"https:\/\/playaviator.in\/ro\/wp-json\/wp\/v2\/comments?post=7"}],"version-history":[{"count":35,"href":"https:\/\/playaviator.in\/ro\/wp-json\/wp\/v2\/pages\/7\/revisions"}],"predecessor-version":[{"id":147,"href":"https:\/\/playaviator.in\/ro\/wp-json\/wp\/v2\/pages\/7\/revisions\/147"}],"wp:attachment":[{"href":"https:\/\/playaviator.in\/ro\/wp-json\/wp\/v2\/media?parent=7"}],"curies":[{"name":"wp","href":"https:\/\/api.w.org\/{rel}","templated":true}]}}