{"id":5,"date":"2023-12-16T19:56:11","date_gmt":"2023-12-16T19:56:11","guid":{"rendered":"https:\/\/playaviator.in\/?page_id=5"},"modified":"2023-12-26T22:17:09","modified_gmt":"2023-12-26T22:17:09","slug":"faq-aviator-game","status":"publish","type":"page","link":"https:\/\/playaviator.in\/ro\/faq-aviator-game\/","title":{"rendered":"FAQ"},"content":{"rendered":"<h3>Cum s\u0103 c\u00e2\u0219tigi o sum\u0103 mare de bani \u00een jocul Aviator?<\/h3>\n<p>Nu exist\u0103 un r\u0103spuns universal la aceast\u0103 \u00eentrebare. Po\u021bi c\u00e2\u0219tiga o sum\u0103 semnificativ\u0103 de bani juc\u00e2nd jocul Aviator \u00een func\u021bie de experien\u021ba \u0219i norocul t\u0103u. Cu toate acestea, este important s\u0103-\u021bi aminte\u0219ti c\u0103 toate jocurile de noroc implic\u0103 un anumit nivel de risc. \u00cen\u021belegerea tuturor riscurilor asociate cu jocul Aviator este crucial\u0103.<\/p>\n<h3>Pot juca Aviator gratuit?<\/h3>\n<p>Da, po\u021bi juca Aviator gratuit \u00een modul demo. Acest lucru \u00ee\u021bi ofer\u0103 posibilitatea s\u0103 sim\u021bi jocul f\u0103r\u0103 a investi bani.<\/p>\n<h3>Este posibil s\u0103 c\u00e2\u0219tig bani \u00een jocul Aviator?<\/h3>\n<p>Da, po\u021bi c\u00e2\u0219tiga bani reali \u00een jocul Aviator. Cu toate acestea, exist\u0103 un risc implicat, a\u0219a cum este cazul cu orice activitate de jocuri de noroc. Este important s\u0103 fii con\u0219tient de riscurile asociate cu jocul Aviator dac\u0103 vrei s\u0103 c\u00e2\u0219tigi bani reali.<\/p>\n<h3>Cum s\u0103 joci jocul &#8222;Aviator&#8221; online?<\/h3>\n<p>Pentru a juca jocul Aviator, po\u021bi crea un cont la oricare dintre cazinourile listate pe site-ul nostru. Dup\u0103 \u00eenregistrare, vei putea alege jocul din lista de op\u021biuni disponibile.<\/p>\n<h3>Cum \u00eemi pot finan\u021ba contul \u00een jocul Aviator?<\/h3>\n<p>Exist\u0103 mai multe modalit\u0103\u021bi de a-\u021bi finan\u021ba contul \u00een jocul Aviator. O op\u021biune este s\u0103 folose\u0219ti o carte de credit. O alt\u0103 op\u021biune este s\u0103 folose\u0219ti un portofel electronic, precum Skrill sau PayPal.<\/p>\n<h3>Este posibil s\u0103 prezic rezultatul jocului Aviator?<\/h3>\n<p>Este imposibil s\u0103 prezici rezultatele jocului Aviator. Prin urmare, este important s\u0103 fii con\u0219tient de riscurile asociate cu jocul dac\u0103 vrei s\u0103 c\u00e2\u0219tigi bani.<\/p>\n<h3>Care este miza minim\u0103 \u00een Aviator?<\/h3>\n<p>Miza minim\u0103 \u00een Aviator este de 1 cent.<\/p>\n<h3>Care este miza maxim\u0103 care poate fi plasat\u0103 \u00een Aviator?<\/h3>\n<p>Miza maxim\u0103 \u00een Aviator este de 100 de dolari.<\/p>\n<h3>Care este RTP \u00een jocul Aviator?<\/h3>\n<p>RTP (Return to Player) \u00een jocul Aviator este de 95 la sut\u0103.<\/p>\n","protected":false},"excerpt":{"rendered":"<p>Cum s\u0103 c\u00e2\u0219tigi o sum\u0103 mare de bani \u00een jocul Aviator? Nu exist\u0103 un r\u0103spuns universal la aceast\u0103 \u00eentrebare. Po\u021bi c\u00e2\u0219tiga o sum\u0103 semnificativ\u0103 de bani juc\u00e2nd jocul Aviator \u00een func\u021bie de experien\u021ba \u0219i norocul t\u0103u. Cu toate acestea, este important s\u0103-\u021bi aminte\u0219ti c\u0103 toate jocurile de noroc implic\u0103 un anumit nivel de risc. \u00cen\u021belegerea [&hellip;]<\/p>\n","protected":false},"author":1,"featured_media":0,"parent":0,"menu_order":0,"comment_status":"closed","ping_status":"closed","template":"","meta":{"footnotes":""},"class_list":["post-5","page","type-page","status-publish","hentry"],"yoast_head":"<!-- This site is optimized with the Yoast SEO plugin v27.2 - https:\/\/yoast.com\/product\/yoast-seo-wordpress\/ -->\n<title>\u03a3\u03c5\u03c7\u03bd\u03ad\u03c2 \u0395\u03c1\u03c9\u03c4\u03ae\u03c3\u03b5\u03b9\u03c2 \u03b3\u03b9\u03b1 \u03c4\u03bf online \u03c0\u03b1\u03b9\u03c7\u03bd\u03af\u03b4\u03b9 \u03ba\u03b1\u03c4\u03b1\u03c1\u03c1\u03bf\u03ae\u03c2 Aviator<\/title>\n<meta name=\"description\" content=\"Cauti r\u0103spunsuri? \u00cen sec\u021biunea de \u00centreb\u0103ri Frecvente (FAQ), vom aborda regulile, strategiile \u0219i caracteristicile Aviatorului. Afl\u0103 tot ce ai nevoie pentru a juca cu succes!\" \/>\n<meta name=\"robots\" content=\"index, follow, max-snippet:-1, max-image-preview:large, max-video-preview:-1\" \/>\n<link rel=\"canonical\" href=\"https:\/\/playaviator.in\/ro\/faq-aviator-game\/\" \/>\n<meta property=\"og:locale\" content=\"ro_RO\" \/>\n<meta property=\"og:locale:alternate\" content=\"en_US\" \/>\n<meta property=\"og:locale:alternate\" content=\"ru_RU\" \/>\n<meta property=\"og:locale:alternate\" content=\"pt_PT\" \/>\n<meta property=\"og:locale:alternate\" content=\"es_ES\" \/>\n<meta property=\"og:locale:alternate\" content=\"sr_RS\" \/>\n<meta property=\"og:locale:alternate\" content=\"bg_BG\" \/>\n<meta property=\"og:locale:alternate\" content=\"hu_HU\" \/>\n<meta property=\"og:locale:alternate\" content=\"pl_PL\" \/>\n<meta property=\"og:locale:alternate\" content=\"el\" \/>\n<meta property=\"og:locale:alternate\" content=\"tr_TR\" \/>\n<meta property=\"og:type\" content=\"article\" \/>\n<meta property=\"og:title\" content=\"\u03a3\u03c5\u03c7\u03bd\u03ad\u03c2 \u0395\u03c1\u03c9\u03c4\u03ae\u03c3\u03b5\u03b9\u03c2 \u03b3\u03b9\u03b1 \u03c4\u03bf online \u03c0\u03b1\u03b9\u03c7\u03bd\u03af\u03b4\u03b9 \u03ba\u03b1\u03c4\u03b1\u03c1\u03c1\u03bf\u03ae\u03c2 Aviator\" \/>\n<meta property=\"og:description\" content=\"\u03a8\u03ac\u03c7\u03bd\u03b5\u03c4\u03b5 \u03b1\u03c0\u03b1\u03bd\u03c4\u03ae\u03c3\u03b5\u03b9\u03c2; \u03a3\u03c4\u03bf \u03c4\u03bc\u03ae\u03bc\u03b1 \u03a3\u03c5\u03c7\u03bd\u03ce\u03bd \u0395\u03c1\u03c9\u03c4\u03ae\u03c3\u03b5\u03c9\u03bd, \u03b8\u03b1 \u03ba\u03b1\u03bb\u03cd\u03c8\u03bf\u03c5\u03bc\u03b5 \u03c4\u03bf\u03c5\u03c2 \u03ba\u03b1\u03bd\u03cc\u03bd\u03b5\u03c2, \u03c4\u03b9\u03c2 \u03c3\u03c4\u03c1\u03b1\u03c4\u03b7\u03b3\u03b9\u03ba\u03ad\u03c2 \u03ba\u03b1\u03b9 \u03c4\u03b1 \u03c7\u03b1\u03c1\u03b1\u03ba\u03c4\u03b7\u03c1\u03b9\u03c3\u03c4\u03b9\u03ba\u03ac \u03c4\u03bf\u03c5 Aviator. \u039c\u03ac\u03b8\u03b5\u03c4\u03b5 \u03c4\u03b1 \u03c0\u03ac\u03bd\u03c4\u03b1 \u03b3\u03b9\u03b1 \u03bd\u03b1 \u03c0\u03b1\u03af\u03be\u03b5\u03c4\u03b5 \u03bc\u03b5 \u03b5\u03c0\u03b9\u03c4\u03c5\u03c7\u03af\u03b1!\" \/>\n<meta property=\"og:url\" content=\"https:\/\/playaviator.in\/ro\/faq-aviator-game\/\" \/>\n<meta property=\"og:site_name\" content=\"Aviator Game\" \/>\n<meta property=\"article:modified_time\" content=\"2023-12-26T22:17:09+00:00\" \/>\n<meta name=\"twitter:card\" content=\"summary_large_image\" \/>\n<meta name=\"twitter:label1\" content=\"Timp estimat pentru citire\" \/>\n\t<meta name=\"twitter:data1\" content=\"11 minute\" \/>\n<script type=\"application\/ld+json\" class=\"yoast-schema-graph\">{\"@context\":\"https:\/\/schema.org\",\"@graph\":[{\"@type\":\"WebPage\",\"@id\":\"https:\/\/playaviator.in\/el\/faq-aviator-game\/\",\"url\":\"https:\/\/playaviator.in\/el\/faq-aviator-game\/\",\"name\":\"\u03a3\u03c5\u03c7\u03bd\u03ad\u03c2 \u0395\u03c1\u03c9\u03c4\u03ae\u03c3\u03b5\u03b9\u03c2 \u03b3\u03b9\u03b1 \u03c4\u03bf online \u03c0\u03b1\u03b9\u03c7\u03bd\u03af\u03b4\u03b9 \u03ba\u03b1\u03c4\u03b1\u03c1\u03c1\u03bf\u03ae\u03c2 Aviator\",\"isPartOf\":{\"@id\":\"https:\/\/playaviator.in\/pl\/#website\"},\"datePublished\":\"2023-12-16T19:56:11+00:00\",\"dateModified\":\"2023-12-26T22:17:09+00:00\",\"description\":\"\u03a8\u03ac\u03c7\u03bd\u03b5\u03c4\u03b5 \u03b1\u03c0\u03b1\u03bd\u03c4\u03ae\u03c3\u03b5\u03b9\u03c2; \u03a3\u03c4\u03bf \u03c4\u03bc\u03ae\u03bc\u03b1 \u03a3\u03c5\u03c7\u03bd\u03ce\u03bd \u0395\u03c1\u03c9\u03c4\u03ae\u03c3\u03b5\u03c9\u03bd, \u03b8\u03b1 \u03ba\u03b1\u03bb\u03cd\u03c8\u03bf\u03c5\u03bc\u03b5 \u03c4\u03bf\u03c5\u03c2 \u03ba\u03b1\u03bd\u03cc\u03bd\u03b5\u03c2, \u03c4\u03b9\u03c2 \u03c3\u03c4\u03c1\u03b1\u03c4\u03b7\u03b3\u03b9\u03ba\u03ad\u03c2 \u03ba\u03b1\u03b9 \u03c4\u03b1 \u03c7\u03b1\u03c1\u03b1\u03ba\u03c4\u03b7\u03c1\u03b9\u03c3\u03c4\u03b9\u03ba\u03ac \u03c4\u03bf\u03c5 Aviator. \u039c\u03ac\u03b8\u03b5\u03c4\u03b5 \u03c4\u03b1 \u03c0\u03ac\u03bd\u03c4\u03b1 \u03b3\u03b9\u03b1 \u03bd\u03b1 \u03c0\u03b1\u03af\u03be\u03b5\u03c4\u03b5 \u03bc\u03b5 \u03b5\u03c0\u03b9\u03c4\u03c5\u03c7\u03af\u03b1!\",\"breadcrumb\":{\"@id\":\"https:\/\/playaviator.in\/el\/faq-aviator-game\/#breadcrumb\"},\"inLanguage\":\"ro-RO\",\"potentialAction\":[{\"@type\":\"ReadAction\",\"target\":[\"https:\/\/playaviator.in\/el\/faq-aviator-game\/\"]}]},{\"@type\":\"BreadcrumbList\",\"@id\":\"https:\/\/playaviator.in\/el\/faq-aviator-game\/#breadcrumb\",\"itemListElement\":[{\"@type\":\"ListItem\",\"position\":1,\"name\":\"Home\",\"item\":\"https:\/\/playaviator.in\/pl\/\"},{\"@type\":\"ListItem\",\"position\":2,\"name\":\"FAQ\"}]},{\"@type\":\"WebSite\",\"@id\":\"https:\/\/playaviator.in\/pl\/#website\",\"url\":\"https:\/\/playaviator.in\/pl\/\",\"name\":\"Aviator Game\",\"description\":\"\",\"publisher\":{\"@id\":\"https:\/\/playaviator.in\/pl\/#organization\"},\"potentialAction\":[{\"@type\":\"SearchAction\",\"target\":{\"@type\":\"EntryPoint\",\"urlTemplate\":\"https:\/\/playaviator.in\/pl\/?s={search_term_string}\"},\"query-input\":{\"@type\":\"PropertyValueSpecification\",\"valueRequired\":true,\"valueName\":\"search_term_string\"}}],\"inLanguage\":\"ro-RO\"},{\"@type\":\"Organization\",\"@id\":\"https:\/\/playaviator.in\/pl\/#organization\",\"name\":\"Aviator Game\",\"url\":\"https:\/\/playaviator.in\/pl\/\",\"logo\":{\"@type\":\"ImageObject\",\"inLanguage\":\"ro-RO\",\"@id\":\"https:\/\/playaviator.in\/pl\/#\/schema\/logo\/image\/\",\"url\":\"https:\/\/playaviator.in\/wp-content\/uploads\/Aviator_logo-e1702848125368.png\",\"contentUrl\":\"https:\/\/playaviator.in\/wp-content\/uploads\/Aviator_logo-e1702848125368.png\",\"width\":589,\"height\":156,\"caption\":\"Aviator Game\"},\"image\":{\"@id\":\"https:\/\/playaviator.in\/pl\/#\/schema\/logo\/image\/\"}}]}<\/script>\n<!-- \/ Yoast SEO plugin. -->","yoast_head_json":{"title":"\u03a3\u03c5\u03c7\u03bd\u03ad\u03c2 \u0395\u03c1\u03c9\u03c4\u03ae\u03c3\u03b5\u03b9\u03c2 \u03b3\u03b9\u03b1 \u03c4\u03bf online \u03c0\u03b1\u03b9\u03c7\u03bd\u03af\u03b4\u03b9 \u03ba\u03b1\u03c4\u03b1\u03c1\u03c1\u03bf\u03ae\u03c2 Aviator","description":"Cauti r\u0103spunsuri? \u00cen sec\u021biunea de \u00centreb\u0103ri Frecvente (FAQ), vom aborda regulile, strategiile \u0219i caracteristicile Aviatorului. Afl\u0103 tot ce ai nevoie pentru a juca cu succes!","robots":{"index":"index","follow":"follow","max-snippet":"max-snippet:-1","max-image-preview":"max-image-preview:large","max-video-preview":"max-video-preview:-1"},"canonical":"https:\/\/playaviator.in\/ro\/faq-aviator-game\/","og_locale":"ro_RO","og_type":"article","og_title":"\u03a3\u03c5\u03c7\u03bd\u03ad\u03c2 \u0395\u03c1\u03c9\u03c4\u03ae\u03c3\u03b5\u03b9\u03c2 \u03b3\u03b9\u03b1 \u03c4\u03bf online \u03c0\u03b1\u03b9\u03c7\u03bd\u03af\u03b4\u03b9 \u03ba\u03b1\u03c4\u03b1\u03c1\u03c1\u03bf\u03ae\u03c2 Aviator","og_description":"\u03a8\u03ac\u03c7\u03bd\u03b5\u03c4\u03b5 \u03b1\u03c0\u03b1\u03bd\u03c4\u03ae\u03c3\u03b5\u03b9\u03c2; \u03a3\u03c4\u03bf \u03c4\u03bc\u03ae\u03bc\u03b1 \u03a3\u03c5\u03c7\u03bd\u03ce\u03bd \u0395\u03c1\u03c9\u03c4\u03ae\u03c3\u03b5\u03c9\u03bd, \u03b8\u03b1 \u03ba\u03b1\u03bb\u03cd\u03c8\u03bf\u03c5\u03bc\u03b5 \u03c4\u03bf\u03c5\u03c2 \u03ba\u03b1\u03bd\u03cc\u03bd\u03b5\u03c2, \u03c4\u03b9\u03c2 \u03c3\u03c4\u03c1\u03b1\u03c4\u03b7\u03b3\u03b9\u03ba\u03ad\u03c2 \u03ba\u03b1\u03b9 \u03c4\u03b1 \u03c7\u03b1\u03c1\u03b1\u03ba\u03c4\u03b7\u03c1\u03b9\u03c3\u03c4\u03b9\u03ba\u03ac \u03c4\u03bf\u03c5 Aviator. \u039c\u03ac\u03b8\u03b5\u03c4\u03b5 \u03c4\u03b1 \u03c0\u03ac\u03bd\u03c4\u03b1 \u03b3\u03b9\u03b1 \u03bd\u03b1 \u03c0\u03b1\u03af\u03be\u03b5\u03c4\u03b5 \u03bc\u03b5 \u03b5\u03c0\u03b9\u03c4\u03c5\u03c7\u03af\u03b1!","og_url":"https:\/\/playaviator.in\/ro\/faq-aviator-game\/","og_site_name":"Aviator Game","article_modified_time":"2023-12-26T22:17:09+00:00","twitter_card":"summary_large_image","twitter_misc":{"Timp estimat pentru citire":"11 minute"},"schema":{"@context":"https:\/\/schema.org","@graph":[{"@type":"WebPage","@id":"https:\/\/playaviator.in\/el\/faq-aviator-game\/","url":"https:\/\/playaviator.in\/el\/faq-aviator-game\/","name":"\u03a3\u03c5\u03c7\u03bd\u03ad\u03c2 \u0395\u03c1\u03c9\u03c4\u03ae\u03c3\u03b5\u03b9\u03c2 \u03b3\u03b9\u03b1 \u03c4\u03bf online \u03c0\u03b1\u03b9\u03c7\u03bd\u03af\u03b4\u03b9 \u03ba\u03b1\u03c4\u03b1\u03c1\u03c1\u03bf\u03ae\u03c2 Aviator","isPartOf":{"@id":"https:\/\/playaviator.in\/pl\/#website"},"datePublished":"2023-12-16T19:56:11+00:00","dateModified":"2023-12-26T22:17:09+00:00","description":"\u03a8\u03ac\u03c7\u03bd\u03b5\u03c4\u03b5 \u03b1\u03c0\u03b1\u03bd\u03c4\u03ae\u03c3\u03b5\u03b9\u03c2; \u03a3\u03c4\u03bf \u03c4\u03bc\u03ae\u03bc\u03b1 \u03a3\u03c5\u03c7\u03bd\u03ce\u03bd \u0395\u03c1\u03c9\u03c4\u03ae\u03c3\u03b5\u03c9\u03bd, \u03b8\u03b1 \u03ba\u03b1\u03bb\u03cd\u03c8\u03bf\u03c5\u03bc\u03b5 \u03c4\u03bf\u03c5\u03c2 \u03ba\u03b1\u03bd\u03cc\u03bd\u03b5\u03c2, \u03c4\u03b9\u03c2 \u03c3\u03c4\u03c1\u03b1\u03c4\u03b7\u03b3\u03b9\u03ba\u03ad\u03c2 \u03ba\u03b1\u03b9 \u03c4\u03b1 \u03c7\u03b1\u03c1\u03b1\u03ba\u03c4\u03b7\u03c1\u03b9\u03c3\u03c4\u03b9\u03ba\u03ac \u03c4\u03bf\u03c5 Aviator. \u039c\u03ac\u03b8\u03b5\u03c4\u03b5 \u03c4\u03b1 \u03c0\u03ac\u03bd\u03c4\u03b1 \u03b3\u03b9\u03b1 \u03bd\u03b1 \u03c0\u03b1\u03af\u03be\u03b5\u03c4\u03b5 \u03bc\u03b5 \u03b5\u03c0\u03b9\u03c4\u03c5\u03c7\u03af\u03b1!","breadcrumb":{"@id":"https:\/\/playaviator.in\/el\/faq-aviator-game\/#breadcrumb"},"inLanguage":"ro-RO","potentialAction":[{"@type":"ReadAction","target":["https:\/\/playaviator.in\/el\/faq-aviator-game\/"]}]},{"@type":"BreadcrumbList","@id":"https:\/\/playaviator.in\/el\/faq-aviator-game\/#breadcrumb","itemListElement":[{"@type":"ListItem","position":1,"name":"Home","item":"https:\/\/playaviator.in\/pl\/"},{"@type":"ListItem","position":2,"name":"FAQ"}]},{"@type":"WebSite","@id":"https:\/\/playaviator.in\/pl\/#website","url":"https:\/\/playaviator.in\/pl\/","name":"Aviator Game","description":"","publisher":{"@id":"https:\/\/playaviator.in\/pl\/#organization"},"potentialAction":[{"@type":"SearchAction","target":{"@type":"EntryPoint","urlTemplate":"https:\/\/playaviator.in\/pl\/?s={search_term_string}"},"query-input":{"@type":"PropertyValueSpecification","valueRequired":true,"valueName":"search_term_string"}}],"inLanguage":"ro-RO"},{"@type":"Organization","@id":"https:\/\/playaviator.in\/pl\/#organization","name":"Aviator Game","url":"https:\/\/playaviator.in\/pl\/","logo":{"@type":"ImageObject","inLanguage":"ro-RO","@id":"https:\/\/playaviator.in\/pl\/#\/schema\/logo\/image\/","url":"https:\/\/playaviator.in\/wp-content\/uploads\/Aviator_logo-e1702848125368.png","contentUrl":"https:\/\/playaviator.in\/wp-content\/uploads\/Aviator_logo-e1702848125368.png","width":589,"height":156,"caption":"Aviator Game"},"image":{"@id":"https:\/\/playaviator.in\/pl\/#\/schema\/logo\/image\/"}}]}},"_links":{"self":[{"href":"https:\/\/playaviator.in\/ro\/wp-json\/wp\/v2\/pages\/5","targetHints":{"allow":["GET"]}}],"collection":[{"href":"https:\/\/playaviator.in\/ro\/wp-json\/wp\/v2\/pages"}],"about":[{"href":"https:\/\/playaviator.in\/ro\/wp-json\/wp\/v2\/types\/page"}],"author":[{"embeddable":true,"href":"https:\/\/playaviator.in\/ro\/wp-json\/wp\/v2\/users\/1"}],"replies":[{"embeddable":true,"href":"https:\/\/playaviator.in\/ro\/wp-json\/wp\/v2\/comments?post=5"}],"version-history":[{"count":12,"href":"https:\/\/playaviator.in\/ro\/wp-json\/wp\/v2\/pages\/5\/revisions"}],"predecessor-version":[{"id":122,"href":"https:\/\/playaviator.in\/ro\/wp-json\/wp\/v2\/pages\/5\/revisions\/122"}],"wp:attachment":[{"href":"https:\/\/playaviator.in\/ro\/wp-json\/wp\/v2\/media?parent=5"}],"curies":[{"name":"wp","href":"https:\/\/api.w.org\/{rel}","templated":true}]}}