{"id":18,"date":"2023-12-16T22:33:01","date_gmt":"2023-12-16T22:33:01","guid":{"rendered":"https:\/\/playaviator.in\/?page_id=18"},"modified":"2023-12-26T22:36:08","modified_gmt":"2023-12-26T22:36:08","slug":"aviator-game-strategies","status":"publish","type":"page","link":"https:\/\/playaviator.in\/ro\/aviator-game-strategies\/","title":{"rendered":"Strategii"},"content":{"rendered":"<p>Strategia de joc este un sistem special de pariere dezvoltat de juc\u0103torii experimenta\u021bi. Respect\u00e2ndu-l, pute\u021bi reduce riscul de pierderi \u0219i c\u00e2\u0219tiga sume semnificative. Pentru a juca cu succes \u00eentr-un cazino online, \u00een special \u00een jocul &#8222;Aviator&#8221;, exist\u0103 mai multe strategii: strategia cu riscuri mici, strategia cu riscuri moderate, strategia cu riscuri mari \u0219i o strategie cu dou\u0103 pariuri simultane.<\/p>\n<h2>Strategia cu riscuri mici:<\/h2>\n<p>\u00cen &#8222;Aviator&#8221;, strategia cu riscuri mici nu vizeaz\u0103 c\u00e2\u0219tiguri rapide, ci mari. Esen\u021ba sa const\u0103 \u00een jocul cu multiplicatori minime cuprin\u0219i \u00eentre x1.20 \u0219i x1.21. Pe m\u0103sur\u0103 ce soldul cre\u0219te, se recomand\u0103 s\u0103 trece\u021bi la pariuri mai semnificative.<\/p>\n<h2>Strategia cu riscuri moderate:<\/h2>\n<p>Aceast\u0103 strategie implic\u0103 acoperirea multiplicatorilor de 2-3, cu o probabilitate de aproximativ 40%. \u00cen cazul unei absen\u021be prelungite a rezultatelor de succes, se recomand\u0103 s\u0103 a\u0219tepta\u021bi coeficien\u021bi mai mari.<\/p>\n<h2>Strategia cu riscuri mari:<\/h2>\n<p>Aceast\u0103 strategie nu asigur\u0103 un venit stabil; este concentrat\u0103 pe ob\u021binerea unor pl\u0103\u021bi mici cu multiplicatori care dep\u0103\u0219esc x100 la fiecare 1,5 ore. \u00cenainte de pariurile active, se recomand\u0103 s\u0103 studia\u021bi rezultatele recente cu un multiplicator x100, s\u0103 nota\u021bi ora \u0219i s\u0103 \u00eencepe\u021bi s\u0103 juca\u021bi.<\/p>\n<h2>Dou\u0103 pariuri simultane:<\/h2>\n<p>Strategia cu dou\u0103 pariuri simultane este pu\u021bin diferit\u0103 fa\u021b\u0103 de jocul cu pariuri simple, necesit\u00e2nd mai mult\u0103 concentrare. Pentru primul pariu, se sugereaz\u0103 un cashout automat \u0219i un coeficient de x1,2. Al doilea pariu poate fi f\u0103cut cu un risc moderat. C\u00e2nd utiliza\u021bi aceast\u0103 strategie, se recomand\u0103 s\u0103 opri\u021bi la un multiplicator x40 pentru primul pariu \u0219i x100 pentru al doilea, asigur\u00e2ndu-v\u0103 un echilibru \u0219i coeficien\u021bi mari.<\/p>\n<h2>Sisteme Optime de Pariuri<\/h2>\n<p>Exist\u0103 o varietate de sisteme de pariere care promit victoria, dar nu toate \u00ee\u0219i respect\u0103 a\u0219tept\u0103rile. Unele sisteme se bazeaz\u0103 pe experien\u021ba practic\u0103 \u0219i \u0219i-au dovedit eficacitatea, \u00een timp ce altele sunt doar modele matematice care pot fi precise sau nu.<\/p>\n<ul>\n<li>Unul dintre cele mai populare sisteme de pariere este sistemul Martingale. Acesta implic\u0103 dublarea pariului dup\u0103 fiecare pierdere p\u00e2n\u0103 c\u00e2nd \u00een cele din urm\u0103 c\u00e2\u0219tigi.<\/li>\n<li>Sistemul de pariere Labouchere este o alt\u0103 metod\u0103 matematic\u0103 care include o secven\u021b\u0103 de pariuri cu eliminarea primului \u0219i ultimului num\u0103r din serie dup\u0103 fiecare pariu.<\/li>\n<li>Asem\u0103n\u0103tor cu sistemul Labouchere, sistemul de pariere Fibonacci implic\u0103 ad\u0103ugarea de numere \u00een loc s\u0103 le elimini dup\u0103 fiecare pierdere.<\/li>\n<li>Sistemul de pariere D&#8217;Alembert este o alt\u0103 strategie matematic\u0103, implic\u00e2nd cre\u0219terea pariului cu o unitate dup\u0103 o pierdere \u0219i sc\u0103derea cu o unitate dup\u0103 o victorie.<\/li>\n<li>Sistemul de pariere Paroli este un model teoretic bazat pe ideea de serii. Acesta implic\u0103 dublarea pariului dup\u0103 o victorie \u0219i resetarea acestuia dup\u0103 o pierdere.<\/li>\n<\/ul>\n<p>Niciun sistem de pariere nu garanteaz\u0103 succesul, dar unele se dovedesc a fi mai eficiente dec\u00e2t altele. \u00cencerca\u021bi mai multe sisteme diferite \u0219i determina\u021bi care se potrive\u0219te cel mai bine stilului dvs. de joc.<\/p>\n","protected":false},"excerpt":{"rendered":"<p>Strategia de joc este un sistem special de pariere dezvoltat de juc\u0103torii experimenta\u021bi. Respect\u00e2ndu-l, pute\u021bi reduce riscul de pierderi \u0219i c\u00e2\u0219tiga sume semnificative. Pentru a juca cu succes \u00eentr-un cazino online, \u00een special \u00een jocul &#8222;Aviator&#8221;, exist\u0103 mai multe strategii: strategia cu riscuri mici, strategia cu riscuri moderate, strategia cu riscuri mari \u0219i o strategie [&hellip;]<\/p>\n","protected":false},"author":1,"featured_media":0,"parent":0,"menu_order":0,"comment_status":"closed","ping_status":"closed","template":"","meta":{"footnotes":""},"class_list":["post-18","page","type-page","status-publish","hentry"],"yoast_head":"<!-- This site is optimized with the Yoast SEO plugin v27.2 - https:\/\/yoast.com\/product\/yoast-seo-wordpress\/ -->\n<title>\u0423\u043c\u043d\u044b\u0435 \u0445\u043e\u0434\u044b \u0432 Aviator: \u044d\u0444\u0444\u0435\u043a\u0442\u0438\u0432\u043d\u044b\u0435 \u0441\u0442\u0440\u0430\u0442\u0435\u0433\u0438\u0438 \u0434\u043b\u044f \u043f\u043e\u0431\u0435\u0434\u044b<\/title>\n<meta name=\"description\" content=\"St\u0103p\u00e2ni\u021bi cele mai bune strategii pentru Aviator! Maximiza\u021bi-v\u0103 \u0219ansele de succes \u00een acest joc captivant. Deveni\u021bi un maestru al jocurilor de noroc!\" \/>\n<meta name=\"robots\" content=\"index, follow, max-snippet:-1, max-image-preview:large, max-video-preview:-1\" \/>\n<link rel=\"canonical\" href=\"https:\/\/playaviator.in\/ro\/aviator-game-strategies\/\" \/>\n<meta property=\"og:locale\" content=\"ro_RO\" \/>\n<meta property=\"og:locale:alternate\" content=\"en_US\" \/>\n<meta property=\"og:locale:alternate\" content=\"ru_RU\" \/>\n<meta property=\"og:locale:alternate\" content=\"pt_PT\" \/>\n<meta property=\"og:locale:alternate\" content=\"es_ES\" \/>\n<meta property=\"og:locale:alternate\" content=\"sr_RS\" \/>\n<meta property=\"og:locale:alternate\" content=\"bg_BG\" \/>\n<meta property=\"og:locale:alternate\" content=\"hu_HU\" \/>\n<meta property=\"og:locale:alternate\" content=\"pl_PL\" \/>\n<meta property=\"og:locale:alternate\" content=\"el\" \/>\n<meta property=\"og:locale:alternate\" content=\"tr_TR\" \/>\n<meta property=\"og:type\" content=\"article\" \/>\n<meta property=\"og:title\" content=\"\u0423\u043c\u043d\u044b\u0435 \u0445\u043e\u0434\u044b \u0432 Aviator: \u044d\u0444\u0444\u0435\u043a\u0442\u0438\u0432\u043d\u044b\u0435 \u0441\u0442\u0440\u0430\u0442\u0435\u0433\u0438\u0438 \u0434\u043b\u044f \u043f\u043e\u0431\u0435\u0434\u044b\" \/>\n<meta property=\"og:description\" content=\"\u041e\u0441\u0432\u043e\u0439 \u043b\u0443\u0447\u0448\u0438\u0435 \u0441\u0442\u0440\u0430\u0442\u0435\u0433\u0438\u0438 \u0434\u043b\u044f Aviator! \u041c\u0430\u043a\u0441\u0438\u043c\u0438\u0437\u0438\u0440\u0443\u0439 \u0441\u0432\u043e\u0438 \u0448\u0430\u043d\u0441\u044b \u043d\u0430 \u0443\u0441\u043f\u0435\u0445 \u0432 \u044d\u0442\u043e\u0439 \u0437\u0430\u0445\u0432\u0430\u0442\u044b\u0432\u0430\u044e\u0449\u0435\u0439 \u043a\u0440\u0430\u0448-\u0438\u0433\u0440\u0435. \u0421\u0442\u0430\u043d\u044c \u043c\u0430\u0441\u0442\u0435\u0440\u043e\u043c \u0430\u0437\u0430\u0440\u0442\u0430!\" \/>\n<meta property=\"og:url\" content=\"https:\/\/playaviator.in\/ro\/aviator-game-strategies\/\" \/>\n<meta property=\"og:site_name\" content=\"Aviator Game\" \/>\n<meta property=\"article:modified_time\" content=\"2023-12-26T22:36:08+00:00\" \/>\n<meta name=\"twitter:card\" content=\"summary_large_image\" \/>\n<meta name=\"twitter:label1\" content=\"Timp estimat pentru citire\" \/>\n\t<meta name=\"twitter:data1\" content=\"18 minute\" \/>\n<script type=\"application\/ld+json\" class=\"yoast-schema-graph\">{\"@context\":\"https:\/\/schema.org\",\"@graph\":[{\"@type\":\"WebPage\",\"@id\":\"https:\/\/playaviator.in\/aviator-game-strategies\/\",\"url\":\"https:\/\/playaviator.in\/aviator-game-strategies\/\",\"name\":\"\u0423\u043c\u043d\u044b\u0435 \u0445\u043e\u0434\u044b \u0432 Aviator: \u044d\u0444\u0444\u0435\u043a\u0442\u0438\u0432\u043d\u044b\u0435 \u0441\u0442\u0440\u0430\u0442\u0435\u0433\u0438\u0438 \u0434\u043b\u044f \u043f\u043e\u0431\u0435\u0434\u044b\",\"isPartOf\":{\"@id\":\"https:\/\/playaviator.in\/pl\/#website\"},\"datePublished\":\"2023-12-16T22:33:01+00:00\",\"dateModified\":\"2023-12-26T22:36:08+00:00\",\"description\":\"\u041e\u0441\u0432\u043e\u0439 \u043b\u0443\u0447\u0448\u0438\u0435 \u0441\u0442\u0440\u0430\u0442\u0435\u0433\u0438\u0438 \u0434\u043b\u044f Aviator! \u041c\u0430\u043a\u0441\u0438\u043c\u0438\u0437\u0438\u0440\u0443\u0439 \u0441\u0432\u043e\u0438 \u0448\u0430\u043d\u0441\u044b \u043d\u0430 \u0443\u0441\u043f\u0435\u0445 \u0432 \u044d\u0442\u043e\u0439 \u0437\u0430\u0445\u0432\u0430\u0442\u044b\u0432\u0430\u044e\u0449\u0435\u0439 \u043a\u0440\u0430\u0448-\u0438\u0433\u0440\u0435. \u0421\u0442\u0430\u043d\u044c \u043c\u0430\u0441\u0442\u0435\u0440\u043e\u043c \u0430\u0437\u0430\u0440\u0442\u0430!\",\"breadcrumb\":{\"@id\":\"https:\/\/playaviator.in\/aviator-game-strategies\/#breadcrumb\"},\"inLanguage\":\"ro-RO\",\"potentialAction\":[{\"@type\":\"ReadAction\",\"target\":[\"https:\/\/playaviator.in\/aviator-game-strategies\/\"]}]},{\"@type\":\"BreadcrumbList\",\"@id\":\"https:\/\/playaviator.in\/aviator-game-strategies\/#breadcrumb\",\"itemListElement\":[{\"@type\":\"ListItem\",\"position\":1,\"name\":\"Home\",\"item\":\"https:\/\/playaviator.in\/pl\/\"},{\"@type\":\"ListItem\",\"position\":2,\"name\":\"\u0421\u0442\u0440\u0430\u0442\u0435\u0433\u0438\u0438\"}]},{\"@type\":\"WebSite\",\"@id\":\"https:\/\/playaviator.in\/pl\/#website\",\"url\":\"https:\/\/playaviator.in\/pl\/\",\"name\":\"Aviator Game\",\"description\":\"\",\"publisher\":{\"@id\":\"https:\/\/playaviator.in\/pl\/#organization\"},\"potentialAction\":[{\"@type\":\"SearchAction\",\"target\":{\"@type\":\"EntryPoint\",\"urlTemplate\":\"https:\/\/playaviator.in\/pl\/?s={search_term_string}\"},\"query-input\":{\"@type\":\"PropertyValueSpecification\",\"valueRequired\":true,\"valueName\":\"search_term_string\"}}],\"inLanguage\":\"ro-RO\"},{\"@type\":\"Organization\",\"@id\":\"https:\/\/playaviator.in\/pl\/#organization\",\"name\":\"Aviator Game\",\"url\":\"https:\/\/playaviator.in\/pl\/\",\"logo\":{\"@type\":\"ImageObject\",\"inLanguage\":\"ro-RO\",\"@id\":\"https:\/\/playaviator.in\/pl\/#\/schema\/logo\/image\/\",\"url\":\"https:\/\/playaviator.in\/wp-content\/uploads\/Aviator_logo-e1702848125368.png\",\"contentUrl\":\"https:\/\/playaviator.in\/wp-content\/uploads\/Aviator_logo-e1702848125368.png\",\"width\":589,\"height\":156,\"caption\":\"Aviator Game\"},\"image\":{\"@id\":\"https:\/\/playaviator.in\/pl\/#\/schema\/logo\/image\/\"}}]}<\/script>\n<!-- \/ Yoast SEO plugin. -->","yoast_head_json":{"title":"\u0423\u043c\u043d\u044b\u0435 \u0445\u043e\u0434\u044b \u0432 Aviator: \u044d\u0444\u0444\u0435\u043a\u0442\u0438\u0432\u043d\u044b\u0435 \u0441\u0442\u0440\u0430\u0442\u0435\u0433\u0438\u0438 \u0434\u043b\u044f \u043f\u043e\u0431\u0435\u0434\u044b","description":"St\u0103p\u00e2ni\u021bi cele mai bune strategii pentru Aviator! Maximiza\u021bi-v\u0103 \u0219ansele de succes \u00een acest joc captivant. Deveni\u021bi un maestru al jocurilor de noroc!","robots":{"index":"index","follow":"follow","max-snippet":"max-snippet:-1","max-image-preview":"max-image-preview:large","max-video-preview":"max-video-preview:-1"},"canonical":"https:\/\/playaviator.in\/ro\/aviator-game-strategies\/","og_locale":"ro_RO","og_type":"article","og_title":"\u0423\u043c\u043d\u044b\u0435 \u0445\u043e\u0434\u044b \u0432 Aviator: \u044d\u0444\u0444\u0435\u043a\u0442\u0438\u0432\u043d\u044b\u0435 \u0441\u0442\u0440\u0430\u0442\u0435\u0433\u0438\u0438 \u0434\u043b\u044f \u043f\u043e\u0431\u0435\u0434\u044b","og_description":"\u041e\u0441\u0432\u043e\u0439 \u043b\u0443\u0447\u0448\u0438\u0435 \u0441\u0442\u0440\u0430\u0442\u0435\u0433\u0438\u0438 \u0434\u043b\u044f Aviator! \u041c\u0430\u043a\u0441\u0438\u043c\u0438\u0437\u0438\u0440\u0443\u0439 \u0441\u0432\u043e\u0438 \u0448\u0430\u043d\u0441\u044b \u043d\u0430 \u0443\u0441\u043f\u0435\u0445 \u0432 \u044d\u0442\u043e\u0439 \u0437\u0430\u0445\u0432\u0430\u0442\u044b\u0432\u0430\u044e\u0449\u0435\u0439 \u043a\u0440\u0430\u0448-\u0438\u0433\u0440\u0435. \u0421\u0442\u0430\u043d\u044c \u043c\u0430\u0441\u0442\u0435\u0440\u043e\u043c \u0430\u0437\u0430\u0440\u0442\u0430!","og_url":"https:\/\/playaviator.in\/ro\/aviator-game-strategies\/","og_site_name":"Aviator Game","article_modified_time":"2023-12-26T22:36:08+00:00","twitter_card":"summary_large_image","twitter_misc":{"Timp estimat pentru citire":"18 minute"},"schema":{"@context":"https:\/\/schema.org","@graph":[{"@type":"WebPage","@id":"https:\/\/playaviator.in\/aviator-game-strategies\/","url":"https:\/\/playaviator.in\/aviator-game-strategies\/","name":"\u0423\u043c\u043d\u044b\u0435 \u0445\u043e\u0434\u044b \u0432 Aviator: \u044d\u0444\u0444\u0435\u043a\u0442\u0438\u0432\u043d\u044b\u0435 \u0441\u0442\u0440\u0430\u0442\u0435\u0433\u0438\u0438 \u0434\u043b\u044f \u043f\u043e\u0431\u0435\u0434\u044b","isPartOf":{"@id":"https:\/\/playaviator.in\/pl\/#website"},"datePublished":"2023-12-16T22:33:01+00:00","dateModified":"2023-12-26T22:36:08+00:00","description":"\u041e\u0441\u0432\u043e\u0439 \u043b\u0443\u0447\u0448\u0438\u0435 \u0441\u0442\u0440\u0430\u0442\u0435\u0433\u0438\u0438 \u0434\u043b\u044f Aviator! \u041c\u0430\u043a\u0441\u0438\u043c\u0438\u0437\u0438\u0440\u0443\u0439 \u0441\u0432\u043e\u0438 \u0448\u0430\u043d\u0441\u044b \u043d\u0430 \u0443\u0441\u043f\u0435\u0445 \u0432 \u044d\u0442\u043e\u0439 \u0437\u0430\u0445\u0432\u0430\u0442\u044b\u0432\u0430\u044e\u0449\u0435\u0439 \u043a\u0440\u0430\u0448-\u0438\u0433\u0440\u0435. \u0421\u0442\u0430\u043d\u044c \u043c\u0430\u0441\u0442\u0435\u0440\u043e\u043c \u0430\u0437\u0430\u0440\u0442\u0430!","breadcrumb":{"@id":"https:\/\/playaviator.in\/aviator-game-strategies\/#breadcrumb"},"inLanguage":"ro-RO","potentialAction":[{"@type":"ReadAction","target":["https:\/\/playaviator.in\/aviator-game-strategies\/"]}]},{"@type":"BreadcrumbList","@id":"https:\/\/playaviator.in\/aviator-game-strategies\/#breadcrumb","itemListElement":[{"@type":"ListItem","position":1,"name":"Home","item":"https:\/\/playaviator.in\/pl\/"},{"@type":"ListItem","position":2,"name":"\u0421\u0442\u0440\u0430\u0442\u0435\u0433\u0438\u0438"}]},{"@type":"WebSite","@id":"https:\/\/playaviator.in\/pl\/#website","url":"https:\/\/playaviator.in\/pl\/","name":"Aviator Game","description":"","publisher":{"@id":"https:\/\/playaviator.in\/pl\/#organization"},"potentialAction":[{"@type":"SearchAction","target":{"@type":"EntryPoint","urlTemplate":"https:\/\/playaviator.in\/pl\/?s={search_term_string}"},"query-input":{"@type":"PropertyValueSpecification","valueRequired":true,"valueName":"search_term_string"}}],"inLanguage":"ro-RO"},{"@type":"Organization","@id":"https:\/\/playaviator.in\/pl\/#organization","name":"Aviator Game","url":"https:\/\/playaviator.in\/pl\/","logo":{"@type":"ImageObject","inLanguage":"ro-RO","@id":"https:\/\/playaviator.in\/pl\/#\/schema\/logo\/image\/","url":"https:\/\/playaviator.in\/wp-content\/uploads\/Aviator_logo-e1702848125368.png","contentUrl":"https:\/\/playaviator.in\/wp-content\/uploads\/Aviator_logo-e1702848125368.png","width":589,"height":156,"caption":"Aviator Game"},"image":{"@id":"https:\/\/playaviator.in\/pl\/#\/schema\/logo\/image\/"}}]}},"_links":{"self":[{"href":"https:\/\/playaviator.in\/ro\/wp-json\/wp\/v2\/pages\/18","targetHints":{"allow":["GET"]}}],"collection":[{"href":"https:\/\/playaviator.in\/ro\/wp-json\/wp\/v2\/pages"}],"about":[{"href":"https:\/\/playaviator.in\/ro\/wp-json\/wp\/v2\/types\/page"}],"author":[{"embeddable":true,"href":"https:\/\/playaviator.in\/ro\/wp-json\/wp\/v2\/users\/1"}],"replies":[{"embeddable":true,"href":"https:\/\/playaviator.in\/ro\/wp-json\/wp\/v2\/comments?post=18"}],"version-history":[{"count":27,"href":"https:\/\/playaviator.in\/ro\/wp-json\/wp\/v2\/pages\/18\/revisions"}],"predecessor-version":[{"id":159,"href":"https:\/\/playaviator.in\/ro\/wp-json\/wp\/v2\/pages\/18\/revisions\/159"}],"wp:attachment":[{"href":"https:\/\/playaviator.in\/ro\/wp-json\/wp\/v2\/media?parent=18"}],"curies":[{"name":"wp","href":"https:\/\/api.w.org\/{rel}","templated":true}]}}