{"id":5,"date":"2023-12-16T19:56:11","date_gmt":"2023-12-16T19:56:11","guid":{"rendered":"https:\/\/playaviator.in\/?page_id=5"},"modified":"2023-12-26T22:17:09","modified_gmt":"2023-12-26T22:17:09","slug":"faq-aviator-game","status":"publish","type":"page","link":"https:\/\/playaviator.in\/pt\/faq-aviator-game\/","title":{"rendered":"FAQ"},"content":{"rendered":"<h3>Como ganhar muito dinheiro no jogo Aviator?<\/h3>\n<p>N\u00e3o h\u00e1 uma resposta universal para esta pergunta. Voc\u00ea pode ganhar uma quantia substancial de dinheiro jogando o jogo Aviator, dependendo da sua experi\u00eancia e sorte. No entanto, \u00e9 importante lembrar que todo jogo de azar envolve um certo n\u00edvel de risco. Compreender todos os riscos associados ao jogo Aviator \u00e9 crucial.<\/p>\n<h3>Posso jogar Aviator de gra\u00e7a?<\/h3>\n<p>Sim, voc\u00ea pode jogar Aviator gratuitamente no modo de demonstra\u00e7\u00e3o. Isso permite que voc\u00ea tenha uma ideia do jogo sem investir dinheiro.<\/p>\n<h3>\u00c9 poss\u00edvel ganhar dinheiro no jogo Aviator?<\/h3>\n<p>Sim, \u00e9 poss\u00edvel ganhar dinheiro real no jogo Aviator. No entanto, h\u00e1 um risco envolvido, como em qualquer atividade de jogo. \u00c9 importante estar ciente dos riscos associados ao jogo Aviator se voc\u00ea quiser ganhar dinheiro real.<\/p>\n<h3>Como jogar o jogo &#8220;Aviator&#8221; online?<\/h3>\n<p>Para jogar o jogo Aviator, voc\u00ea pode criar uma conta em qualquer um dos cassinos listados em nosso site. Uma vez registrado, voc\u00ea poder\u00e1 escolher o jogo na lista de op\u00e7\u00f5es dispon\u00edveis.<\/p>\n<h3>Como posso financiar minha conta no jogo Aviator?<\/h3>\n<p>Existem v\u00e1rias maneiras de financiar sua conta no jogo Aviator. Uma op\u00e7\u00e3o \u00e9 usar um cart\u00e3o de cr\u00e9dito. Outra op\u00e7\u00e3o \u00e9 usar uma carteira eletr\u00f4nica, como Skrill ou PayPal.<\/p>\n<h3>\u00c9 poss\u00edvel prever o resultado do jogo Aviator?<\/h3>\n<p>\u00c9 imposs\u00edvel prever os resultados do jogo Aviator. Portanto, \u00e9 importante estar ciente dos riscos associados ao jogo se voc\u00ea quiser ganhar dinheiro.<\/p>\n<h3>Qual \u00e9 a aposta m\u00ednima no Aviator?<\/h3>\n<p>A aposta m\u00ednima no Aviator \u00e9 de 1 centavo.<\/p>\n<h3>Qual \u00e9 a aposta m\u00e1xima que pode ser feita no Aviator?<\/h3>\n<p>A aposta m\u00e1xima no Aviator \u00e9 de 100 d\u00f3lares.<\/p>\n<h3>Qual \u00e9 o RTP no jogo Aviator?<\/h3>\n<p>O RTP (Retorno ao Jogador) no jogo Aviator \u00e9 de 95 por cento.<\/p>\n","protected":false},"excerpt":{"rendered":"<p>Como ganhar muito dinheiro no jogo Aviator? N\u00e3o h\u00e1 uma resposta universal para esta pergunta. Voc\u00ea pode ganhar uma quantia substancial de dinheiro jogando o jogo Aviator, dependendo da sua experi\u00eancia e sorte. No entanto, \u00e9 importante lembrar que todo jogo de azar envolve um certo n\u00edvel de risco. Compreender todos os riscos associados ao [&hellip;]<\/p>\n","protected":false},"author":1,"featured_media":0,"parent":0,"menu_order":0,"comment_status":"closed","ping_status":"closed","template":"","meta":{"footnotes":""},"class_list":["post-5","page","type-page","status-publish","hentry"],"yoast_head":"<!-- This site is optimized with the Yoast SEO plugin v27.2 - https:\/\/yoast.com\/product\/yoast-seo-wordpress\/ -->\n<title>\u03a3\u03c5\u03c7\u03bd\u03ad\u03c2 \u0395\u03c1\u03c9\u03c4\u03ae\u03c3\u03b5\u03b9\u03c2 \u03b3\u03b9\u03b1 \u03c4\u03bf online \u03c0\u03b1\u03b9\u03c7\u03bd\u03af\u03b4\u03b9 \u03ba\u03b1\u03c4\u03b1\u03c1\u03c1\u03bf\u03ae\u03c2 Aviator<\/title>\n<meta name=\"description\" content=\"Procurando por respostas? Na se\u00e7\u00e3o de FAQ, abordaremos as regras, estrat\u00e9gias e caracter\u00edsticas do Aviator. Aprenda tudo o que voc\u00ea precisa para jogar com sucesso!\" \/>\n<meta name=\"robots\" content=\"index, follow, max-snippet:-1, max-image-preview:large, max-video-preview:-1\" \/>\n<link rel=\"canonical\" href=\"https:\/\/playaviator.in\/pt\/faq-aviator-game\/\" \/>\n<meta property=\"og:locale\" content=\"pt_PT\" \/>\n<meta property=\"og:locale:alternate\" content=\"en_US\" \/>\n<meta property=\"og:locale:alternate\" content=\"ru_RU\" \/>\n<meta property=\"og:locale:alternate\" content=\"es_ES\" \/>\n<meta property=\"og:locale:alternate\" content=\"ro_RO\" \/>\n<meta property=\"og:locale:alternate\" content=\"sr_RS\" \/>\n<meta property=\"og:locale:alternate\" content=\"bg_BG\" \/>\n<meta property=\"og:locale:alternate\" content=\"hu_HU\" \/>\n<meta property=\"og:locale:alternate\" content=\"pl_PL\" \/>\n<meta property=\"og:locale:alternate\" content=\"el\" \/>\n<meta property=\"og:locale:alternate\" content=\"tr_TR\" \/>\n<meta property=\"og:type\" content=\"article\" \/>\n<meta property=\"og:title\" content=\"\u03a3\u03c5\u03c7\u03bd\u03ad\u03c2 \u0395\u03c1\u03c9\u03c4\u03ae\u03c3\u03b5\u03b9\u03c2 \u03b3\u03b9\u03b1 \u03c4\u03bf online \u03c0\u03b1\u03b9\u03c7\u03bd\u03af\u03b4\u03b9 \u03ba\u03b1\u03c4\u03b1\u03c1\u03c1\u03bf\u03ae\u03c2 Aviator\" \/>\n<meta property=\"og:description\" content=\"\u03a8\u03ac\u03c7\u03bd\u03b5\u03c4\u03b5 \u03b1\u03c0\u03b1\u03bd\u03c4\u03ae\u03c3\u03b5\u03b9\u03c2; \u03a3\u03c4\u03bf \u03c4\u03bc\u03ae\u03bc\u03b1 \u03a3\u03c5\u03c7\u03bd\u03ce\u03bd \u0395\u03c1\u03c9\u03c4\u03ae\u03c3\u03b5\u03c9\u03bd, \u03b8\u03b1 \u03ba\u03b1\u03bb\u03cd\u03c8\u03bf\u03c5\u03bc\u03b5 \u03c4\u03bf\u03c5\u03c2 \u03ba\u03b1\u03bd\u03cc\u03bd\u03b5\u03c2, \u03c4\u03b9\u03c2 \u03c3\u03c4\u03c1\u03b1\u03c4\u03b7\u03b3\u03b9\u03ba\u03ad\u03c2 \u03ba\u03b1\u03b9 \u03c4\u03b1 \u03c7\u03b1\u03c1\u03b1\u03ba\u03c4\u03b7\u03c1\u03b9\u03c3\u03c4\u03b9\u03ba\u03ac \u03c4\u03bf\u03c5 Aviator. \u039c\u03ac\u03b8\u03b5\u03c4\u03b5 \u03c4\u03b1 \u03c0\u03ac\u03bd\u03c4\u03b1 \u03b3\u03b9\u03b1 \u03bd\u03b1 \u03c0\u03b1\u03af\u03be\u03b5\u03c4\u03b5 \u03bc\u03b5 \u03b5\u03c0\u03b9\u03c4\u03c5\u03c7\u03af\u03b1!\" \/>\n<meta property=\"og:url\" content=\"https:\/\/playaviator.in\/pt\/faq-aviator-game\/\" \/>\n<meta property=\"og:site_name\" content=\"Aviator Game\" \/>\n<meta property=\"article:modified_time\" content=\"2023-12-26T22:17:09+00:00\" \/>\n<meta name=\"twitter:card\" content=\"summary_large_image\" \/>\n<meta name=\"twitter:label1\" content=\"Tempo estimado de leitura\" \/>\n\t<meta name=\"twitter:data1\" content=\"11 minutos\" \/>\n<script type=\"application\/ld+json\" class=\"yoast-schema-graph\">{\"@context\":\"https:\/\/schema.org\",\"@graph\":[{\"@type\":\"WebPage\",\"@id\":\"https:\/\/playaviator.in\/el\/faq-aviator-game\/\",\"url\":\"https:\/\/playaviator.in\/el\/faq-aviator-game\/\",\"name\":\"\u03a3\u03c5\u03c7\u03bd\u03ad\u03c2 \u0395\u03c1\u03c9\u03c4\u03ae\u03c3\u03b5\u03b9\u03c2 \u03b3\u03b9\u03b1 \u03c4\u03bf online \u03c0\u03b1\u03b9\u03c7\u03bd\u03af\u03b4\u03b9 \u03ba\u03b1\u03c4\u03b1\u03c1\u03c1\u03bf\u03ae\u03c2 Aviator\",\"isPartOf\":{\"@id\":\"https:\/\/playaviator.in\/pl\/#website\"},\"datePublished\":\"2023-12-16T19:56:11+00:00\",\"dateModified\":\"2023-12-26T22:17:09+00:00\",\"description\":\"\u03a8\u03ac\u03c7\u03bd\u03b5\u03c4\u03b5 \u03b1\u03c0\u03b1\u03bd\u03c4\u03ae\u03c3\u03b5\u03b9\u03c2; \u03a3\u03c4\u03bf \u03c4\u03bc\u03ae\u03bc\u03b1 \u03a3\u03c5\u03c7\u03bd\u03ce\u03bd \u0395\u03c1\u03c9\u03c4\u03ae\u03c3\u03b5\u03c9\u03bd, \u03b8\u03b1 \u03ba\u03b1\u03bb\u03cd\u03c8\u03bf\u03c5\u03bc\u03b5 \u03c4\u03bf\u03c5\u03c2 \u03ba\u03b1\u03bd\u03cc\u03bd\u03b5\u03c2, \u03c4\u03b9\u03c2 \u03c3\u03c4\u03c1\u03b1\u03c4\u03b7\u03b3\u03b9\u03ba\u03ad\u03c2 \u03ba\u03b1\u03b9 \u03c4\u03b1 \u03c7\u03b1\u03c1\u03b1\u03ba\u03c4\u03b7\u03c1\u03b9\u03c3\u03c4\u03b9\u03ba\u03ac \u03c4\u03bf\u03c5 Aviator. \u039c\u03ac\u03b8\u03b5\u03c4\u03b5 \u03c4\u03b1 \u03c0\u03ac\u03bd\u03c4\u03b1 \u03b3\u03b9\u03b1 \u03bd\u03b1 \u03c0\u03b1\u03af\u03be\u03b5\u03c4\u03b5 \u03bc\u03b5 \u03b5\u03c0\u03b9\u03c4\u03c5\u03c7\u03af\u03b1!\",\"breadcrumb\":{\"@id\":\"https:\/\/playaviator.in\/el\/faq-aviator-game\/#breadcrumb\"},\"inLanguage\":\"pt-PT\",\"potentialAction\":[{\"@type\":\"ReadAction\",\"target\":[\"https:\/\/playaviator.in\/el\/faq-aviator-game\/\"]}]},{\"@type\":\"BreadcrumbList\",\"@id\":\"https:\/\/playaviator.in\/el\/faq-aviator-game\/#breadcrumb\",\"itemListElement\":[{\"@type\":\"ListItem\",\"position\":1,\"name\":\"Home\",\"item\":\"https:\/\/playaviator.in\/pl\/\"},{\"@type\":\"ListItem\",\"position\":2,\"name\":\"FAQ\"}]},{\"@type\":\"WebSite\",\"@id\":\"https:\/\/playaviator.in\/pl\/#website\",\"url\":\"https:\/\/playaviator.in\/pl\/\",\"name\":\"Aviator Game\",\"description\":\"\",\"publisher\":{\"@id\":\"https:\/\/playaviator.in\/pl\/#organization\"},\"potentialAction\":[{\"@type\":\"SearchAction\",\"target\":{\"@type\":\"EntryPoint\",\"urlTemplate\":\"https:\/\/playaviator.in\/pl\/?s={search_term_string}\"},\"query-input\":{\"@type\":\"PropertyValueSpecification\",\"valueRequired\":true,\"valueName\":\"search_term_string\"}}],\"inLanguage\":\"pt-PT\"},{\"@type\":\"Organization\",\"@id\":\"https:\/\/playaviator.in\/pl\/#organization\",\"name\":\"Aviator Game\",\"url\":\"https:\/\/playaviator.in\/pl\/\",\"logo\":{\"@type\":\"ImageObject\",\"inLanguage\":\"pt-PT\",\"@id\":\"https:\/\/playaviator.in\/pl\/#\/schema\/logo\/image\/\",\"url\":\"https:\/\/playaviator.in\/wp-content\/uploads\/Aviator_logo-e1702848125368.png\",\"contentUrl\":\"https:\/\/playaviator.in\/wp-content\/uploads\/Aviator_logo-e1702848125368.png\",\"width\":589,\"height\":156,\"caption\":\"Aviator Game\"},\"image\":{\"@id\":\"https:\/\/playaviator.in\/pl\/#\/schema\/logo\/image\/\"}}]}<\/script>\n<!-- \/ Yoast SEO plugin. -->","yoast_head_json":{"title":"\u03a3\u03c5\u03c7\u03bd\u03ad\u03c2 \u0395\u03c1\u03c9\u03c4\u03ae\u03c3\u03b5\u03b9\u03c2 \u03b3\u03b9\u03b1 \u03c4\u03bf online \u03c0\u03b1\u03b9\u03c7\u03bd\u03af\u03b4\u03b9 \u03ba\u03b1\u03c4\u03b1\u03c1\u03c1\u03bf\u03ae\u03c2 Aviator","description":"Procurando por respostas? Na se\u00e7\u00e3o de FAQ, abordaremos as regras, estrat\u00e9gias e caracter\u00edsticas do Aviator. Aprenda tudo o que voc\u00ea precisa para jogar com sucesso!","robots":{"index":"index","follow":"follow","max-snippet":"max-snippet:-1","max-image-preview":"max-image-preview:large","max-video-preview":"max-video-preview:-1"},"canonical":"https:\/\/playaviator.in\/pt\/faq-aviator-game\/","og_locale":"pt_PT","og_type":"article","og_title":"\u03a3\u03c5\u03c7\u03bd\u03ad\u03c2 \u0395\u03c1\u03c9\u03c4\u03ae\u03c3\u03b5\u03b9\u03c2 \u03b3\u03b9\u03b1 \u03c4\u03bf online \u03c0\u03b1\u03b9\u03c7\u03bd\u03af\u03b4\u03b9 \u03ba\u03b1\u03c4\u03b1\u03c1\u03c1\u03bf\u03ae\u03c2 Aviator","og_description":"\u03a8\u03ac\u03c7\u03bd\u03b5\u03c4\u03b5 \u03b1\u03c0\u03b1\u03bd\u03c4\u03ae\u03c3\u03b5\u03b9\u03c2; \u03a3\u03c4\u03bf \u03c4\u03bc\u03ae\u03bc\u03b1 \u03a3\u03c5\u03c7\u03bd\u03ce\u03bd \u0395\u03c1\u03c9\u03c4\u03ae\u03c3\u03b5\u03c9\u03bd, \u03b8\u03b1 \u03ba\u03b1\u03bb\u03cd\u03c8\u03bf\u03c5\u03bc\u03b5 \u03c4\u03bf\u03c5\u03c2 \u03ba\u03b1\u03bd\u03cc\u03bd\u03b5\u03c2, \u03c4\u03b9\u03c2 \u03c3\u03c4\u03c1\u03b1\u03c4\u03b7\u03b3\u03b9\u03ba\u03ad\u03c2 \u03ba\u03b1\u03b9 \u03c4\u03b1 \u03c7\u03b1\u03c1\u03b1\u03ba\u03c4\u03b7\u03c1\u03b9\u03c3\u03c4\u03b9\u03ba\u03ac \u03c4\u03bf\u03c5 Aviator. \u039c\u03ac\u03b8\u03b5\u03c4\u03b5 \u03c4\u03b1 \u03c0\u03ac\u03bd\u03c4\u03b1 \u03b3\u03b9\u03b1 \u03bd\u03b1 \u03c0\u03b1\u03af\u03be\u03b5\u03c4\u03b5 \u03bc\u03b5 \u03b5\u03c0\u03b9\u03c4\u03c5\u03c7\u03af\u03b1!","og_url":"https:\/\/playaviator.in\/pt\/faq-aviator-game\/","og_site_name":"Aviator Game","article_modified_time":"2023-12-26T22:17:09+00:00","twitter_card":"summary_large_image","twitter_misc":{"Tempo estimado de leitura":"11 minutos"},"schema":{"@context":"https:\/\/schema.org","@graph":[{"@type":"WebPage","@id":"https:\/\/playaviator.in\/el\/faq-aviator-game\/","url":"https:\/\/playaviator.in\/el\/faq-aviator-game\/","name":"\u03a3\u03c5\u03c7\u03bd\u03ad\u03c2 \u0395\u03c1\u03c9\u03c4\u03ae\u03c3\u03b5\u03b9\u03c2 \u03b3\u03b9\u03b1 \u03c4\u03bf online \u03c0\u03b1\u03b9\u03c7\u03bd\u03af\u03b4\u03b9 \u03ba\u03b1\u03c4\u03b1\u03c1\u03c1\u03bf\u03ae\u03c2 Aviator","isPartOf":{"@id":"https:\/\/playaviator.in\/pl\/#website"},"datePublished":"2023-12-16T19:56:11+00:00","dateModified":"2023-12-26T22:17:09+00:00","description":"\u03a8\u03ac\u03c7\u03bd\u03b5\u03c4\u03b5 \u03b1\u03c0\u03b1\u03bd\u03c4\u03ae\u03c3\u03b5\u03b9\u03c2; \u03a3\u03c4\u03bf \u03c4\u03bc\u03ae\u03bc\u03b1 \u03a3\u03c5\u03c7\u03bd\u03ce\u03bd \u0395\u03c1\u03c9\u03c4\u03ae\u03c3\u03b5\u03c9\u03bd, \u03b8\u03b1 \u03ba\u03b1\u03bb\u03cd\u03c8\u03bf\u03c5\u03bc\u03b5 \u03c4\u03bf\u03c5\u03c2 \u03ba\u03b1\u03bd\u03cc\u03bd\u03b5\u03c2, \u03c4\u03b9\u03c2 \u03c3\u03c4\u03c1\u03b1\u03c4\u03b7\u03b3\u03b9\u03ba\u03ad\u03c2 \u03ba\u03b1\u03b9 \u03c4\u03b1 \u03c7\u03b1\u03c1\u03b1\u03ba\u03c4\u03b7\u03c1\u03b9\u03c3\u03c4\u03b9\u03ba\u03ac \u03c4\u03bf\u03c5 Aviator. \u039c\u03ac\u03b8\u03b5\u03c4\u03b5 \u03c4\u03b1 \u03c0\u03ac\u03bd\u03c4\u03b1 \u03b3\u03b9\u03b1 \u03bd\u03b1 \u03c0\u03b1\u03af\u03be\u03b5\u03c4\u03b5 \u03bc\u03b5 \u03b5\u03c0\u03b9\u03c4\u03c5\u03c7\u03af\u03b1!","breadcrumb":{"@id":"https:\/\/playaviator.in\/el\/faq-aviator-game\/#breadcrumb"},"inLanguage":"pt-PT","potentialAction":[{"@type":"ReadAction","target":["https:\/\/playaviator.in\/el\/faq-aviator-game\/"]}]},{"@type":"BreadcrumbList","@id":"https:\/\/playaviator.in\/el\/faq-aviator-game\/#breadcrumb","itemListElement":[{"@type":"ListItem","position":1,"name":"Home","item":"https:\/\/playaviator.in\/pl\/"},{"@type":"ListItem","position":2,"name":"FAQ"}]},{"@type":"WebSite","@id":"https:\/\/playaviator.in\/pl\/#website","url":"https:\/\/playaviator.in\/pl\/","name":"Aviator Game","description":"","publisher":{"@id":"https:\/\/playaviator.in\/pl\/#organization"},"potentialAction":[{"@type":"SearchAction","target":{"@type":"EntryPoint","urlTemplate":"https:\/\/playaviator.in\/pl\/?s={search_term_string}"},"query-input":{"@type":"PropertyValueSpecification","valueRequired":true,"valueName":"search_term_string"}}],"inLanguage":"pt-PT"},{"@type":"Organization","@id":"https:\/\/playaviator.in\/pl\/#organization","name":"Aviator Game","url":"https:\/\/playaviator.in\/pl\/","logo":{"@type":"ImageObject","inLanguage":"pt-PT","@id":"https:\/\/playaviator.in\/pl\/#\/schema\/logo\/image\/","url":"https:\/\/playaviator.in\/wp-content\/uploads\/Aviator_logo-e1702848125368.png","contentUrl":"https:\/\/playaviator.in\/wp-content\/uploads\/Aviator_logo-e1702848125368.png","width":589,"height":156,"caption":"Aviator Game"},"image":{"@id":"https:\/\/playaviator.in\/pl\/#\/schema\/logo\/image\/"}}]}},"_links":{"self":[{"href":"https:\/\/playaviator.in\/pt\/wp-json\/wp\/v2\/pages\/5","targetHints":{"allow":["GET"]}}],"collection":[{"href":"https:\/\/playaviator.in\/pt\/wp-json\/wp\/v2\/pages"}],"about":[{"href":"https:\/\/playaviator.in\/pt\/wp-json\/wp\/v2\/types\/page"}],"author":[{"embeddable":true,"href":"https:\/\/playaviator.in\/pt\/wp-json\/wp\/v2\/users\/1"}],"replies":[{"embeddable":true,"href":"https:\/\/playaviator.in\/pt\/wp-json\/wp\/v2\/comments?post=5"}],"version-history":[{"count":12,"href":"https:\/\/playaviator.in\/pt\/wp-json\/wp\/v2\/pages\/5\/revisions"}],"predecessor-version":[{"id":122,"href":"https:\/\/playaviator.in\/pt\/wp-json\/wp\/v2\/pages\/5\/revisions\/122"}],"wp:attachment":[{"href":"https:\/\/playaviator.in\/pt\/wp-json\/wp\/v2\/media?parent=5"}],"curies":[{"name":"wp","href":"https:\/\/api.w.org\/{rel}","templated":true}]}}