{"id":9,"date":"2023-12-16T20:50:35","date_gmt":"2023-12-16T20:50:35","guid":{"rendered":"https:\/\/playaviator.in\/?page_id=9"},"modified":"2023-12-26T22:50:30","modified_gmt":"2023-12-26T22:50:30","slug":"aviator-game-reviews","status":"publish","type":"page","link":"https:\/\/playaviator.in\/pl\/aviator-game-reviews\/","title":{"rendered":"Recenzje"},"content":{"rendered":"<p><strong>Recenzja od: Ivan (30 lat)<\/strong><\/p>\n<h3>Gra &#8222;Aviator&#8221; to rozkosz dla pocz\u0105tkuj\u0105cego hazardzisty!<\/h3>\n<p>Mimo mojej nie\u015bwiadomo\u015bci, postanowi\u0142em spr\u00f3bowa\u0107 swoich si\u0142 po raz pierwszy w kasynie online i wybra\u0142em gr\u0119 &#8222;Aviator&#8221;. Zaskakuj\u0105co uda\u0142o mi si\u0119 zwi\u0119kszy\u0107 moj\u0105 pocz\u0105tkow\u0105 kwot\u0119 o 50 razy lub nawet wi\u0119cej. By\u0107 mo\u017ce zaczynam rozumie\u0107 urok rozrywki hazardowej.<\/p>\n<p><strong>Recenzja od: Max (25 lat)<\/strong><\/p>\n<h3>Gratuluj mi udanego startu w &#8222;Aviator&#8221;!<\/h3>\n<p>Zapoznanie si\u0119 z gr\u0105 &#8222;Aviator&#8221; by\u0142o dla mnie niedawno, ale ju\u017c przy pierwszej pr\u00f3bie wp\u0142aci\u0142em 10 dolar\u00f3w i podni\u00f3s\u0142em go do 450 dolar\u00f3w. Proces wyp\u0142aty przebieg\u0142 g\u0142adko, teraz jestem zdeterminowany, aby kontynuowa\u0107 moj\u0105 karier\u0119 hazardow\u0105.<\/p>\n<p><strong>Recenzja od: Anton (28 lat)<\/strong><\/p>\n<h3>Wybieraj\u0105c na korzy\u015b\u0107 &#8222;Aviator&#8221;<\/h3>\n<p>&#8222;Aviator&#8221; sta\u0142 si\u0119 moim wyborem w\u015br\u00f3d gier typu crash, i nie \u017ca\u0142uj\u0119. Zwroty tutaj s\u0105 na wysokim poziomie, a ja wol\u0119 gra\u0107 na licencjonowanych platformach. Cz\u0119ste wygrane i bezproblemowe wyp\u0142aty funduszy sprawiaj\u0105, \u017ce ta gra jest dla mnie atrakcyjna.<\/p>\n<p><strong>Recenzja od: Anna (24 lata)<\/strong><\/p>\n<h3>Pozytywne wprowadzenie do gry online &#8222;Aviator&#8221;<\/h3>\n<p>Ostatnio dowiedzia\u0142am si\u0119 o grze typu crash &#8222;Aviator&#8221; i nie mog\u0142abym by\u0107 szcz\u0119\u015bliwsza. Cz\u0119ste wygrane i natychmiastowe wyp\u0142aty pieni\u0119dzy sprawiaj\u0105, \u017ce gra to przyjemne zaj\u0119cie. Bardzo zadowolona z mojego wyboru.<\/p>\n<p><strong>Recenzja od: Stas (32 lata)<\/strong><\/p>\n<h3>&#8222;Aviator&#8221; &#8211; ekscytuj\u0105ca i emocjonuj\u0105ca gra z zyskiem<\/h3>\n<p>Swoj\u0105 podr\u00f3\u017c do \u015bwiata &#8222;Aviator&#8221; zacz\u0105\u0142em od wersji demonstracyjnej, a nast\u0119pnie przeszed\u0142em do prawdziwych zak\u0142ad\u00f3w. Gra jest naprawd\u0119 ekscytuj\u0105ca, i pomimo rzadkich wizyt, regularnie osi\u0105gam znaczne zyski.<\/p>\n<p><strong>Recenzja od: Nikolay (27 lat)<\/strong><\/p>\n<h3>Gra typu crash &#8222;Aviator&#8221; &#8211; mi\u0142e odkrycie dla mnie<\/h3>\n<p>Pr\u00f3bowa\u0142em r\u00f3\u017cnych automat\u00f3w w kasynach online, a &#8222;Aviator&#8221; okaza\u0142 si\u0119 dla mnie mi\u0142ym odkryciem. Zacz\u0105\u0142em od niewielkiej kwoty i podni\u00f3s\u0142em j\u0105 do 2500. Szcz\u0119\u015bcie jest po mojej stronie tutaj, i planuj\u0119 kontynuowa\u0107 moje eksperymenty z grami.<\/p>\n<p><strong>Recenzja od: Yakov (29 lat)<\/strong><\/p>\n<h3>Rado\u015b\u0107 z sukcesu w &#8222;Aviator&#8221;<\/h3>\n<p>Decyduj\u0105c si\u0119 na napisanie recenzji o grze &#8222;Aviator&#8221;, nie mog\u0119 si\u0119 powstrzyma\u0107 przed wyra\u017ceniem mojej rado\u015bci. Gra zaskoczy\u0142a mnie ju\u017c od pierwszego zak\u0142adu, zwi\u0119kszaj\u0105c wp\u0142acon\u0105 kwot\u0119 20 razy. Szcz\u0119\u015bcie by\u0142o po mojej stronie, i z niecierpliwo\u015bci\u0105 czekam na nowe do\u015bwiadczenia z gr\u0105.<\/p>\n<p><strong>Recenzja od: Andrey (30 lat)<\/strong><\/p>\n<h3>Mi\u0142e odkrycie i pierwsza wygrana z &#8222;Aviator&#8221;<\/h3>\n<p>Ostatnio spr\u00f3bowa\u0142em &#8222;Aviator&#8221; na zalecenie przyjaciela. Nie oczekiwa\u0142em wiele, ale pierwsza wygrana w wysoko\u015bci 1000 dolar\u00f3w mi\u0142o mnie zaskoczy\u0142a. Postanowi\u0142em podzieli\u0107 si\u0119 swoim pozytywnym do\u015bwiadczeniem.<\/p>\n<p><strong>Recenzja od: Alena (35 lat)<\/strong><\/p>\n<h3>Profesjonalne spojrzenie na gr\u0119 &#8222;Aviator&#8221;<\/h3>\n<p>Jestem do\u015bwiadczonym graczem, a &#8222;Aviator&#8221; uda\u0142o si\u0119 mnie zaskoczy\u0107. Tutaj istnieje du\u017ce prawdopodobie\u0144stwo wygranej, i podnosz\u0119 moj\u0105 pocz\u0105tkow\u0105 kwot\u0119 50-100 razy. To prawdziwa przyjemno\u015b\u0107 hazardu.<\/p>\n<p><strong>Recenzja od: Kirill (26 lat)<\/strong><\/p>\n<h3>Szcz\u0119\u015bliwy zwrot w grze &#8222;Aviator&#8221;<\/h3>\n<p>Pierwsze dwie stawki by\u0142y nieudane, ale za trzecim razem postanowi\u0142em zaryzykowa\u0107 i postawi\u0142em 10 dolar\u00f3w, podnosz\u0105c kwot\u0119 40 razy. Proces wyp\u0142aty pieni\u0119dzy przebieg\u0142 sprawnie.<\/p>\n","protected":false},"excerpt":{"rendered":"<p>Recenzja od: Ivan (30 lat) Gra &#8222;Aviator&#8221; to rozkosz dla pocz\u0105tkuj\u0105cego hazardzisty! Mimo mojej nie\u015bwiadomo\u015bci, postanowi\u0142em spr\u00f3bowa\u0107 swoich si\u0142 po raz pierwszy w kasynie online i wybra\u0142em gr\u0119 &#8222;Aviator&#8221;. Zaskakuj\u0105co uda\u0142o mi si\u0119 zwi\u0119kszy\u0107 moj\u0105 pocz\u0105tkow\u0105 kwot\u0119 o 50 razy lub nawet wi\u0119cej. By\u0107 mo\u017ce zaczynam rozumie\u0107 urok rozrywki hazardowej. Recenzja od: Max (25 lat) [&hellip;]<\/p>\n","protected":false},"author":1,"featured_media":0,"parent":0,"menu_order":0,"comment_status":"closed","ping_status":"closed","template":"","meta":{"footnotes":""},"class_list":["post-9","page","type-page","status-publish","hentry"],"yoast_head":"<!-- This site is optimized with the Yoast SEO plugin v27.2 - https:\/\/yoast.com\/product\/yoast-seo-wordpress\/ -->\n<title>Recenzje graczy Aviator: Prawdziwe Wra\u017cenia i Opowie\u015bci o Wygranych<\/title>\n<meta name=\"description\" content=\"Przeczytaj entuzjastyczne recenzje graczy na temat Aviator! Odkryj, jak podekscytowanie, strategia i szcz\u0119\u015bcie tworz\u0105 ekscytuj\u0105ce do\u015bwiadczenie w tej grze crash.\" \/>\n<meta name=\"robots\" content=\"index, follow, max-snippet:-1, max-image-preview:large, max-video-preview:-1\" \/>\n<link rel=\"canonical\" href=\"https:\/\/playaviator.in\/pl\/aviator-game-reviews\/\" \/>\n<meta property=\"og:locale\" content=\"pl_PL\" \/>\n<meta property=\"og:locale:alternate\" content=\"en_US\" \/>\n<meta property=\"og:locale:alternate\" content=\"ru_RU\" \/>\n<meta property=\"og:locale:alternate\" content=\"pt_PT\" \/>\n<meta property=\"og:locale:alternate\" content=\"es_ES\" \/>\n<meta property=\"og:locale:alternate\" content=\"ro_RO\" \/>\n<meta property=\"og:locale:alternate\" content=\"sr_RS\" \/>\n<meta property=\"og:locale:alternate\" content=\"bg_BG\" \/>\n<meta property=\"og:locale:alternate\" content=\"hu_HU\" \/>\n<meta property=\"og:locale:alternate\" content=\"el\" \/>\n<meta property=\"og:locale:alternate\" content=\"tr_TR\" \/>\n<meta property=\"og:type\" content=\"article\" \/>\n<meta property=\"og:title\" content=\"Recenzje graczy Aviator: Prawdziwe Wra\u017cenia i Opowie\u015bci o Wygranych\" \/>\n<meta property=\"og:description\" content=\"Przeczytaj entuzjastyczne recenzje graczy na temat Aviator! Odkryj, jak podekscytowanie, strategia i szcz\u0119\u015bcie tworz\u0105 ekscytuj\u0105ce do\u015bwiadczenie w tej grze crash.\" \/>\n<meta property=\"og:url\" content=\"https:\/\/playaviator.in\/pl\/aviator-game-reviews\/\" \/>\n<meta property=\"og:site_name\" content=\"Aviator Game\" \/>\n<meta property=\"article:modified_time\" content=\"2023-12-26T22:50:30+00:00\" \/>\n<meta name=\"twitter:card\" content=\"summary_large_image\" \/>\n<meta name=\"twitter:label1\" content=\"Szacowany czas czytania\" \/>\n\t<meta name=\"twitter:data1\" content=\"16 minut\" \/>\n<script type=\"application\/ld+json\" class=\"yoast-schema-graph\">{\"@context\":\"https:\/\/schema.org\",\"@graph\":[{\"@type\":\"WebPage\",\"@id\":\"https:\/\/playaviator.in\/pl\/aviator-game-reviews\/\",\"url\":\"https:\/\/playaviator.in\/pl\/aviator-game-reviews\/\",\"name\":\"Recenzje graczy Aviator: Prawdziwe Wra\u017cenia i Opowie\u015bci o Wygranych\",\"isPartOf\":{\"@id\":\"https:\/\/playaviator.in\/pl\/#website\"},\"datePublished\":\"2023-12-16T20:50:35+00:00\",\"dateModified\":\"2023-12-26T22:50:30+00:00\",\"description\":\"Przeczytaj entuzjastyczne recenzje graczy na temat Aviator! Odkryj, jak podekscytowanie, strategia i szcz\u0119\u015bcie tworz\u0105 ekscytuj\u0105ce do\u015bwiadczenie w tej grze crash.\",\"breadcrumb\":{\"@id\":\"https:\/\/playaviator.in\/pl\/aviator-game-reviews\/#breadcrumb\"},\"inLanguage\":\"pl-PL\",\"potentialAction\":[{\"@type\":\"ReadAction\",\"target\":[\"https:\/\/playaviator.in\/pl\/aviator-game-reviews\/\"]}]},{\"@type\":\"BreadcrumbList\",\"@id\":\"https:\/\/playaviator.in\/pl\/aviator-game-reviews\/#breadcrumb\",\"itemListElement\":[{\"@type\":\"ListItem\",\"position\":1,\"name\":\"Home\",\"item\":\"https:\/\/playaviator.in\/pl\/\"},{\"@type\":\"ListItem\",\"position\":2,\"name\":\"Recenzje\"}]},{\"@type\":\"WebSite\",\"@id\":\"https:\/\/playaviator.in\/pl\/#website\",\"url\":\"https:\/\/playaviator.in\/pl\/\",\"name\":\"Aviator Game\",\"description\":\"\",\"publisher\":{\"@id\":\"https:\/\/playaviator.in\/pl\/#organization\"},\"potentialAction\":[{\"@type\":\"SearchAction\",\"target\":{\"@type\":\"EntryPoint\",\"urlTemplate\":\"https:\/\/playaviator.in\/pl\/?s={search_term_string}\"},\"query-input\":{\"@type\":\"PropertyValueSpecification\",\"valueRequired\":true,\"valueName\":\"search_term_string\"}}],\"inLanguage\":\"pl-PL\"},{\"@type\":\"Organization\",\"@id\":\"https:\/\/playaviator.in\/pl\/#organization\",\"name\":\"Aviator Game\",\"url\":\"https:\/\/playaviator.in\/pl\/\",\"logo\":{\"@type\":\"ImageObject\",\"inLanguage\":\"pl-PL\",\"@id\":\"https:\/\/playaviator.in\/pl\/#\/schema\/logo\/image\/\",\"url\":\"https:\/\/playaviator.in\/wp-content\/uploads\/Aviator_logo-e1702848125368.png\",\"contentUrl\":\"https:\/\/playaviator.in\/wp-content\/uploads\/Aviator_logo-e1702848125368.png\",\"width\":589,\"height\":156,\"caption\":\"Aviator Game\"},\"image\":{\"@id\":\"https:\/\/playaviator.in\/pl\/#\/schema\/logo\/image\/\"}}]}<\/script>\n<!-- \/ Yoast SEO plugin. -->","yoast_head_json":{"title":"Recenzje graczy Aviator: Prawdziwe Wra\u017cenia i Opowie\u015bci o Wygranych","description":"Przeczytaj entuzjastyczne recenzje graczy na temat Aviator! Odkryj, jak podekscytowanie, strategia i szcz\u0119\u015bcie tworz\u0105 ekscytuj\u0105ce do\u015bwiadczenie w tej grze crash.","robots":{"index":"index","follow":"follow","max-snippet":"max-snippet:-1","max-image-preview":"max-image-preview:large","max-video-preview":"max-video-preview:-1"},"canonical":"https:\/\/playaviator.in\/pl\/aviator-game-reviews\/","og_locale":"pl_PL","og_type":"article","og_title":"Recenzje graczy Aviator: Prawdziwe Wra\u017cenia i Opowie\u015bci o Wygranych","og_description":"Przeczytaj entuzjastyczne recenzje graczy na temat Aviator! Odkryj, jak podekscytowanie, strategia i szcz\u0119\u015bcie tworz\u0105 ekscytuj\u0105ce do\u015bwiadczenie w tej grze crash.","og_url":"https:\/\/playaviator.in\/pl\/aviator-game-reviews\/","og_site_name":"Aviator Game","article_modified_time":"2023-12-26T22:50:30+00:00","twitter_card":"summary_large_image","twitter_misc":{"Szacowany czas czytania":"16 minut"},"schema":{"@context":"https:\/\/schema.org","@graph":[{"@type":"WebPage","@id":"https:\/\/playaviator.in\/pl\/aviator-game-reviews\/","url":"https:\/\/playaviator.in\/pl\/aviator-game-reviews\/","name":"Recenzje graczy Aviator: Prawdziwe Wra\u017cenia i Opowie\u015bci o Wygranych","isPartOf":{"@id":"https:\/\/playaviator.in\/pl\/#website"},"datePublished":"2023-12-16T20:50:35+00:00","dateModified":"2023-12-26T22:50:30+00:00","description":"Przeczytaj entuzjastyczne recenzje graczy na temat Aviator! Odkryj, jak podekscytowanie, strategia i szcz\u0119\u015bcie tworz\u0105 ekscytuj\u0105ce do\u015bwiadczenie w tej grze crash.","breadcrumb":{"@id":"https:\/\/playaviator.in\/pl\/aviator-game-reviews\/#breadcrumb"},"inLanguage":"pl-PL","potentialAction":[{"@type":"ReadAction","target":["https:\/\/playaviator.in\/pl\/aviator-game-reviews\/"]}]},{"@type":"BreadcrumbList","@id":"https:\/\/playaviator.in\/pl\/aviator-game-reviews\/#breadcrumb","itemListElement":[{"@type":"ListItem","position":1,"name":"Home","item":"https:\/\/playaviator.in\/pl\/"},{"@type":"ListItem","position":2,"name":"Recenzje"}]},{"@type":"WebSite","@id":"https:\/\/playaviator.in\/pl\/#website","url":"https:\/\/playaviator.in\/pl\/","name":"Aviator Game","description":"","publisher":{"@id":"https:\/\/playaviator.in\/pl\/#organization"},"potentialAction":[{"@type":"SearchAction","target":{"@type":"EntryPoint","urlTemplate":"https:\/\/playaviator.in\/pl\/?s={search_term_string}"},"query-input":{"@type":"PropertyValueSpecification","valueRequired":true,"valueName":"search_term_string"}}],"inLanguage":"pl-PL"},{"@type":"Organization","@id":"https:\/\/playaviator.in\/pl\/#organization","name":"Aviator Game","url":"https:\/\/playaviator.in\/pl\/","logo":{"@type":"ImageObject","inLanguage":"pl-PL","@id":"https:\/\/playaviator.in\/pl\/#\/schema\/logo\/image\/","url":"https:\/\/playaviator.in\/wp-content\/uploads\/Aviator_logo-e1702848125368.png","contentUrl":"https:\/\/playaviator.in\/wp-content\/uploads\/Aviator_logo-e1702848125368.png","width":589,"height":156,"caption":"Aviator Game"},"image":{"@id":"https:\/\/playaviator.in\/pl\/#\/schema\/logo\/image\/"}}]}},"_links":{"self":[{"href":"https:\/\/playaviator.in\/pl\/wp-json\/wp\/v2\/pages\/9","targetHints":{"allow":["GET"]}}],"collection":[{"href":"https:\/\/playaviator.in\/pl\/wp-json\/wp\/v2\/pages"}],"about":[{"href":"https:\/\/playaviator.in\/pl\/wp-json\/wp\/v2\/types\/page"}],"author":[{"embeddable":true,"href":"https:\/\/playaviator.in\/pl\/wp-json\/wp\/v2\/users\/1"}],"replies":[{"embeddable":true,"href":"https:\/\/playaviator.in\/pl\/wp-json\/wp\/v2\/comments?post=9"}],"version-history":[{"count":27,"href":"https:\/\/playaviator.in\/pl\/wp-json\/wp\/v2\/pages\/9\/revisions"}],"predecessor-version":[{"id":163,"href":"https:\/\/playaviator.in\/pl\/wp-json\/wp\/v2\/pages\/9\/revisions\/163"}],"wp:attachment":[{"href":"https:\/\/playaviator.in\/pl\/wp-json\/wp\/v2\/media?parent=9"}],"curies":[{"name":"wp","href":"https:\/\/api.w.org\/{rel}","templated":true}]}}