{"id":18,"date":"2023-12-16T22:33:01","date_gmt":"2023-12-16T22:33:01","guid":{"rendered":"https:\/\/playaviator.in\/?page_id=18"},"modified":"2023-12-26T22:36:08","modified_gmt":"2023-12-26T22:36:08","slug":"aviator-game-strategies","status":"publish","type":"page","link":"https:\/\/playaviator.in\/pl\/aviator-game-strategies\/","title":{"rendered":"Strategie"},"content":{"rendered":"<p>Strategia hazardowa to specjalny system obstawiania opracowany przez do\u015bwiadczonych graczy. Przestrzegaj\u0105c go, mo\u017cna zredukowa\u0107 ryzyko strat i wygra\u0107 znaczne sumy. Dla udanej gry w kasynie online, zw\u0142aszcza w grze &#8222;Aviator&#8221;, istnieje kilka strategii: strategia niskiego ryzyka, strategia umiarkowanego ryzyka, strategia wysokiego ryzyka i strategia z dwoma jednoczesnymi zak\u0142adami.<\/p>\n<h2>Strategia niskiego ryzyka:<\/h2>\n<p>W grze &#8222;Aviator&#8221; strategia niskiego ryzyka nie jest ukierunkowana na szybkie, ale du\u017ce wygrane. Jej istota polega na grze przy minimalnych mno\u017cnikach od x1.20 do x1.21. W miar\u0119 wzrostu salda zaleca si\u0119 przej\u015bcie na bardziej znacz\u0105ce zak\u0142ady.<\/p>\n<h2>Strategia umiarkowanego ryzyka:<\/h2>\n<p>Ta strategia obejmuje zakrywanie mno\u017cnik\u00f3w 2-3, z prawdopodobie\u0144stwem oko\u0142o 40%. W przypadku d\u0142ugotrwa\u0142ego braku udanych wynik\u00f3w zaleca si\u0119 oczekiwanie na wy\u017csze wsp\u00f3\u0142czynniki.<\/p>\n<h2>Strategia wysokiego ryzyka:<\/h2>\n<p>Ta strategia nie zapewnia stabilnego dochodu; skupia si\u0119 na uzyskiwaniu ma\u0142ych wyp\u0142at przy mno\u017cnikach przekraczaj\u0105cych x100 co 1,5 godziny. Przed aktywnym obstawianiem zaleca si\u0119 zaznajomienie si\u0119 z ostatnimi wynikami przy mno\u017cniku x100, zapami\u0119tanie czasu i rozpocz\u0119cie gry.<\/p>\n<h2>Dwa jednoczesne zak\u0142ady:<\/h2>\n<p>Strategia jednoczesnych zak\u0142ad\u00f3w r\u00f3\u017cni si\u0119 nieco od gry pojedynczymi zak\u0142adami, wymaga wi\u0119kszej koncentracji. Dla pierwszego zak\u0142adu sugeruje si\u0119 automatyczne zako\u0144czenie gry i wsp\u00f3\u0142czynnik x1.2. Drugi zak\u0142ad mo\u017cna zrobi\u0107 z umiarkowanym ryzykiem. Korzystaj\u0105c z tej strategii, zaleca si\u0119 zatrzymanie si\u0119 przy mno\u017cniku x40 dla pierwszego zak\u0142adu i x100 dla drugiego, dbaj\u0105c o r\u00f3wnowag\u0119 i wysokie wsp\u00f3\u0142czynniki.<\/p>\n<h2>Optymalne Systemy Zak\u0142ad\u00f3w<\/h2>\n<p>Istnieje wiele system\u00f3w zak\u0142ad\u00f3w obiecuj\u0105cych zwyci\u0119stwo, ale nie wszystkie spe\u0142niaj\u0105 oczekiwania. Niekt\u00f3re systemy opieraj\u0105 si\u0119 na do\u015bwiadczeniach praktycznych i udowodni\u0142y swoj\u0105 skuteczno\u015b\u0107, podczas gdy inne s\u0105 tylko modelami matematycznymi, kt\u00f3re mog\u0105 by\u0107 trafne lub nie.<\/p>\n<ul>\n<li>Jednym z najpopularniejszych system\u00f3w zak\u0142ad\u00f3w jest system Martingale. Polega on na podwajaniu zak\u0142adu po ka\u017cdej przegranej, a\u017c w ko\u0144cu wygrasz.<\/li>\n<li>System zak\u0142ad\u00f3w Labouchere to inna matematyczna metoda, kt\u00f3ra obejmuje sekwencj\u0119 zak\u0142ad\u00f3w z eliminacj\u0105 pierwszej i ostatniej liczby w serii po ka\u017cdym zak\u0142adzie.<\/li>\n<li>Podobnie jak system Labouchere, system zak\u0142ad\u00f3w Fibonacci polega na dodawaniu liczb zamiast eliminowania ich po ka\u017cdej przegranej.<\/li>\n<li>System zak\u0142ad\u00f3w D&#8217;Alembert to kolejna matematyczna strategia, obejmuj\u0105ca zwi\u0119kszanie zak\u0142adu o jednostk\u0119 po przegranej i zmniejszanie go o jednostk\u0119 po wygranej.<\/li>\n<li>System zak\u0142ad\u00f3w Paroli to teoretyczny model oparty na idei serii. Polega na podwajaniu zak\u0142adu po wygranej i resetowaniu go po przegranej.<\/li>\n<\/ul>\n<p>\u017baden system zak\u0142ad\u00f3w nie gwarantuje sukcesu, ale niekt\u00f3re okazuj\u0105 si\u0119 skuteczniejsze ni\u017c inne. Wypr\u00f3buj kilka r\u00f3\u017cnych system\u00f3w i okre\u015bl, kt\u00f3ry najlepiej odpowiada Twojemu stylowi gry.<\/p>\n","protected":false},"excerpt":{"rendered":"<p>Strategia hazardowa to specjalny system obstawiania opracowany przez do\u015bwiadczonych graczy. Przestrzegaj\u0105c go, mo\u017cna zredukowa\u0107 ryzyko strat i wygra\u0107 znaczne sumy. Dla udanej gry w kasynie online, zw\u0142aszcza w grze &#8222;Aviator&#8221;, istnieje kilka strategii: strategia niskiego ryzyka, strategia umiarkowanego ryzyka, strategia wysokiego ryzyka i strategia z dwoma jednoczesnymi zak\u0142adami. Strategia niskiego ryzyka: W grze &#8222;Aviator&#8221; strategia [&hellip;]<\/p>\n","protected":false},"author":1,"featured_media":0,"parent":0,"menu_order":0,"comment_status":"closed","ping_status":"closed","template":"","meta":{"footnotes":""},"class_list":["post-18","page","type-page","status-publish","hentry"],"yoast_head":"<!-- This site is optimized with the Yoast SEO plugin v27.2 - https:\/\/yoast.com\/product\/yoast-seo-wordpress\/ -->\n<title>\u0423\u043c\u043d\u044b\u0435 \u0445\u043e\u0434\u044b \u0432 Aviator: \u044d\u0444\u0444\u0435\u043a\u0442\u0438\u0432\u043d\u044b\u0435 \u0441\u0442\u0440\u0430\u0442\u0435\u0433\u0438\u0438 \u0434\u043b\u044f \u043f\u043e\u0431\u0435\u0434\u044b<\/title>\n<meta name=\"description\" content=\"Opanuj najlepsze strategie w Aviator! Maksymalizuj swoje szanse na sukces w tej emocjonuj\u0105cej grze wypadkowej. Sta\u0144 si\u0119 mistrzem hazardu!\" \/>\n<meta name=\"robots\" content=\"index, follow, max-snippet:-1, max-image-preview:large, max-video-preview:-1\" \/>\n<link rel=\"canonical\" href=\"https:\/\/playaviator.in\/pl\/aviator-game-strategies\/\" \/>\n<meta property=\"og:locale\" content=\"pl_PL\" \/>\n<meta property=\"og:locale:alternate\" content=\"en_US\" \/>\n<meta property=\"og:locale:alternate\" content=\"ru_RU\" \/>\n<meta property=\"og:locale:alternate\" content=\"pt_PT\" \/>\n<meta property=\"og:locale:alternate\" content=\"es_ES\" \/>\n<meta property=\"og:locale:alternate\" content=\"ro_RO\" \/>\n<meta property=\"og:locale:alternate\" content=\"sr_RS\" \/>\n<meta property=\"og:locale:alternate\" content=\"bg_BG\" \/>\n<meta property=\"og:locale:alternate\" content=\"hu_HU\" \/>\n<meta property=\"og:locale:alternate\" content=\"el\" \/>\n<meta property=\"og:locale:alternate\" content=\"tr_TR\" \/>\n<meta property=\"og:type\" content=\"article\" \/>\n<meta property=\"og:title\" content=\"\u0423\u043c\u043d\u044b\u0435 \u0445\u043e\u0434\u044b \u0432 Aviator: \u044d\u0444\u0444\u0435\u043a\u0442\u0438\u0432\u043d\u044b\u0435 \u0441\u0442\u0440\u0430\u0442\u0435\u0433\u0438\u0438 \u0434\u043b\u044f \u043f\u043e\u0431\u0435\u0434\u044b\" \/>\n<meta property=\"og:description\" content=\"\u041e\u0441\u0432\u043e\u0439 \u043b\u0443\u0447\u0448\u0438\u0435 \u0441\u0442\u0440\u0430\u0442\u0435\u0433\u0438\u0438 \u0434\u043b\u044f Aviator! \u041c\u0430\u043a\u0441\u0438\u043c\u0438\u0437\u0438\u0440\u0443\u0439 \u0441\u0432\u043e\u0438 \u0448\u0430\u043d\u0441\u044b \u043d\u0430 \u0443\u0441\u043f\u0435\u0445 \u0432 \u044d\u0442\u043e\u0439 \u0437\u0430\u0445\u0432\u0430\u0442\u044b\u0432\u0430\u044e\u0449\u0435\u0439 \u043a\u0440\u0430\u0448-\u0438\u0433\u0440\u0435. \u0421\u0442\u0430\u043d\u044c \u043c\u0430\u0441\u0442\u0435\u0440\u043e\u043c \u0430\u0437\u0430\u0440\u0442\u0430!\" \/>\n<meta property=\"og:url\" content=\"https:\/\/playaviator.in\/pl\/aviator-game-strategies\/\" \/>\n<meta property=\"og:site_name\" content=\"Aviator Game\" \/>\n<meta property=\"article:modified_time\" content=\"2023-12-26T22:36:08+00:00\" \/>\n<meta name=\"twitter:card\" content=\"summary_large_image\" \/>\n<meta name=\"twitter:label1\" content=\"Szacowany czas czytania\" \/>\n\t<meta name=\"twitter:data1\" content=\"18 minut\" \/>\n<script type=\"application\/ld+json\" class=\"yoast-schema-graph\">{\"@context\":\"https:\/\/schema.org\",\"@graph\":[{\"@type\":\"WebPage\",\"@id\":\"https:\/\/playaviator.in\/aviator-game-strategies\/\",\"url\":\"https:\/\/playaviator.in\/aviator-game-strategies\/\",\"name\":\"\u0423\u043c\u043d\u044b\u0435 \u0445\u043e\u0434\u044b \u0432 Aviator: \u044d\u0444\u0444\u0435\u043a\u0442\u0438\u0432\u043d\u044b\u0435 \u0441\u0442\u0440\u0430\u0442\u0435\u0433\u0438\u0438 \u0434\u043b\u044f \u043f\u043e\u0431\u0435\u0434\u044b\",\"isPartOf\":{\"@id\":\"https:\/\/playaviator.in\/pl\/#website\"},\"datePublished\":\"2023-12-16T22:33:01+00:00\",\"dateModified\":\"2023-12-26T22:36:08+00:00\",\"description\":\"\u041e\u0441\u0432\u043e\u0439 \u043b\u0443\u0447\u0448\u0438\u0435 \u0441\u0442\u0440\u0430\u0442\u0435\u0433\u0438\u0438 \u0434\u043b\u044f Aviator! \u041c\u0430\u043a\u0441\u0438\u043c\u0438\u0437\u0438\u0440\u0443\u0439 \u0441\u0432\u043e\u0438 \u0448\u0430\u043d\u0441\u044b \u043d\u0430 \u0443\u0441\u043f\u0435\u0445 \u0432 \u044d\u0442\u043e\u0439 \u0437\u0430\u0445\u0432\u0430\u0442\u044b\u0432\u0430\u044e\u0449\u0435\u0439 \u043a\u0440\u0430\u0448-\u0438\u0433\u0440\u0435. \u0421\u0442\u0430\u043d\u044c \u043c\u0430\u0441\u0442\u0435\u0440\u043e\u043c \u0430\u0437\u0430\u0440\u0442\u0430!\",\"breadcrumb\":{\"@id\":\"https:\/\/playaviator.in\/aviator-game-strategies\/#breadcrumb\"},\"inLanguage\":\"pl-PL\",\"potentialAction\":[{\"@type\":\"ReadAction\",\"target\":[\"https:\/\/playaviator.in\/aviator-game-strategies\/\"]}]},{\"@type\":\"BreadcrumbList\",\"@id\":\"https:\/\/playaviator.in\/aviator-game-strategies\/#breadcrumb\",\"itemListElement\":[{\"@type\":\"ListItem\",\"position\":1,\"name\":\"Home\",\"item\":\"https:\/\/playaviator.in\/pl\/\"},{\"@type\":\"ListItem\",\"position\":2,\"name\":\"\u0421\u0442\u0440\u0430\u0442\u0435\u0433\u0438\u0438\"}]},{\"@type\":\"WebSite\",\"@id\":\"https:\/\/playaviator.in\/pl\/#website\",\"url\":\"https:\/\/playaviator.in\/pl\/\",\"name\":\"Aviator Game\",\"description\":\"\",\"publisher\":{\"@id\":\"https:\/\/playaviator.in\/pl\/#organization\"},\"potentialAction\":[{\"@type\":\"SearchAction\",\"target\":{\"@type\":\"EntryPoint\",\"urlTemplate\":\"https:\/\/playaviator.in\/pl\/?s={search_term_string}\"},\"query-input\":{\"@type\":\"PropertyValueSpecification\",\"valueRequired\":true,\"valueName\":\"search_term_string\"}}],\"inLanguage\":\"pl-PL\"},{\"@type\":\"Organization\",\"@id\":\"https:\/\/playaviator.in\/pl\/#organization\",\"name\":\"Aviator Game\",\"url\":\"https:\/\/playaviator.in\/pl\/\",\"logo\":{\"@type\":\"ImageObject\",\"inLanguage\":\"pl-PL\",\"@id\":\"https:\/\/playaviator.in\/pl\/#\/schema\/logo\/image\/\",\"url\":\"https:\/\/playaviator.in\/wp-content\/uploads\/Aviator_logo-e1702848125368.png\",\"contentUrl\":\"https:\/\/playaviator.in\/wp-content\/uploads\/Aviator_logo-e1702848125368.png\",\"width\":589,\"height\":156,\"caption\":\"Aviator Game\"},\"image\":{\"@id\":\"https:\/\/playaviator.in\/pl\/#\/schema\/logo\/image\/\"}}]}<\/script>\n<!-- \/ Yoast SEO plugin. -->","yoast_head_json":{"title":"\u0423\u043c\u043d\u044b\u0435 \u0445\u043e\u0434\u044b \u0432 Aviator: \u044d\u0444\u0444\u0435\u043a\u0442\u0438\u0432\u043d\u044b\u0435 \u0441\u0442\u0440\u0430\u0442\u0435\u0433\u0438\u0438 \u0434\u043b\u044f \u043f\u043e\u0431\u0435\u0434\u044b","description":"Opanuj najlepsze strategie w Aviator! Maksymalizuj swoje szanse na sukces w tej emocjonuj\u0105cej grze wypadkowej. Sta\u0144 si\u0119 mistrzem hazardu!","robots":{"index":"index","follow":"follow","max-snippet":"max-snippet:-1","max-image-preview":"max-image-preview:large","max-video-preview":"max-video-preview:-1"},"canonical":"https:\/\/playaviator.in\/pl\/aviator-game-strategies\/","og_locale":"pl_PL","og_type":"article","og_title":"\u0423\u043c\u043d\u044b\u0435 \u0445\u043e\u0434\u044b \u0432 Aviator: \u044d\u0444\u0444\u0435\u043a\u0442\u0438\u0432\u043d\u044b\u0435 \u0441\u0442\u0440\u0430\u0442\u0435\u0433\u0438\u0438 \u0434\u043b\u044f \u043f\u043e\u0431\u0435\u0434\u044b","og_description":"\u041e\u0441\u0432\u043e\u0439 \u043b\u0443\u0447\u0448\u0438\u0435 \u0441\u0442\u0440\u0430\u0442\u0435\u0433\u0438\u0438 \u0434\u043b\u044f Aviator! \u041c\u0430\u043a\u0441\u0438\u043c\u0438\u0437\u0438\u0440\u0443\u0439 \u0441\u0432\u043e\u0438 \u0448\u0430\u043d\u0441\u044b \u043d\u0430 \u0443\u0441\u043f\u0435\u0445 \u0432 \u044d\u0442\u043e\u0439 \u0437\u0430\u0445\u0432\u0430\u0442\u044b\u0432\u0430\u044e\u0449\u0435\u0439 \u043a\u0440\u0430\u0448-\u0438\u0433\u0440\u0435. \u0421\u0442\u0430\u043d\u044c \u043c\u0430\u0441\u0442\u0435\u0440\u043e\u043c \u0430\u0437\u0430\u0440\u0442\u0430!","og_url":"https:\/\/playaviator.in\/pl\/aviator-game-strategies\/","og_site_name":"Aviator Game","article_modified_time":"2023-12-26T22:36:08+00:00","twitter_card":"summary_large_image","twitter_misc":{"Szacowany czas czytania":"18 minut"},"schema":{"@context":"https:\/\/schema.org","@graph":[{"@type":"WebPage","@id":"https:\/\/playaviator.in\/aviator-game-strategies\/","url":"https:\/\/playaviator.in\/aviator-game-strategies\/","name":"\u0423\u043c\u043d\u044b\u0435 \u0445\u043e\u0434\u044b \u0432 Aviator: \u044d\u0444\u0444\u0435\u043a\u0442\u0438\u0432\u043d\u044b\u0435 \u0441\u0442\u0440\u0430\u0442\u0435\u0433\u0438\u0438 \u0434\u043b\u044f \u043f\u043e\u0431\u0435\u0434\u044b","isPartOf":{"@id":"https:\/\/playaviator.in\/pl\/#website"},"datePublished":"2023-12-16T22:33:01+00:00","dateModified":"2023-12-26T22:36:08+00:00","description":"\u041e\u0441\u0432\u043e\u0439 \u043b\u0443\u0447\u0448\u0438\u0435 \u0441\u0442\u0440\u0430\u0442\u0435\u0433\u0438\u0438 \u0434\u043b\u044f Aviator! \u041c\u0430\u043a\u0441\u0438\u043c\u0438\u0437\u0438\u0440\u0443\u0439 \u0441\u0432\u043e\u0438 \u0448\u0430\u043d\u0441\u044b \u043d\u0430 \u0443\u0441\u043f\u0435\u0445 \u0432 \u044d\u0442\u043e\u0439 \u0437\u0430\u0445\u0432\u0430\u0442\u044b\u0432\u0430\u044e\u0449\u0435\u0439 \u043a\u0440\u0430\u0448-\u0438\u0433\u0440\u0435. \u0421\u0442\u0430\u043d\u044c \u043c\u0430\u0441\u0442\u0435\u0440\u043e\u043c \u0430\u0437\u0430\u0440\u0442\u0430!","breadcrumb":{"@id":"https:\/\/playaviator.in\/aviator-game-strategies\/#breadcrumb"},"inLanguage":"pl-PL","potentialAction":[{"@type":"ReadAction","target":["https:\/\/playaviator.in\/aviator-game-strategies\/"]}]},{"@type":"BreadcrumbList","@id":"https:\/\/playaviator.in\/aviator-game-strategies\/#breadcrumb","itemListElement":[{"@type":"ListItem","position":1,"name":"Home","item":"https:\/\/playaviator.in\/pl\/"},{"@type":"ListItem","position":2,"name":"\u0421\u0442\u0440\u0430\u0442\u0435\u0433\u0438\u0438"}]},{"@type":"WebSite","@id":"https:\/\/playaviator.in\/pl\/#website","url":"https:\/\/playaviator.in\/pl\/","name":"Aviator Game","description":"","publisher":{"@id":"https:\/\/playaviator.in\/pl\/#organization"},"potentialAction":[{"@type":"SearchAction","target":{"@type":"EntryPoint","urlTemplate":"https:\/\/playaviator.in\/pl\/?s={search_term_string}"},"query-input":{"@type":"PropertyValueSpecification","valueRequired":true,"valueName":"search_term_string"}}],"inLanguage":"pl-PL"},{"@type":"Organization","@id":"https:\/\/playaviator.in\/pl\/#organization","name":"Aviator Game","url":"https:\/\/playaviator.in\/pl\/","logo":{"@type":"ImageObject","inLanguage":"pl-PL","@id":"https:\/\/playaviator.in\/pl\/#\/schema\/logo\/image\/","url":"https:\/\/playaviator.in\/wp-content\/uploads\/Aviator_logo-e1702848125368.png","contentUrl":"https:\/\/playaviator.in\/wp-content\/uploads\/Aviator_logo-e1702848125368.png","width":589,"height":156,"caption":"Aviator Game"},"image":{"@id":"https:\/\/playaviator.in\/pl\/#\/schema\/logo\/image\/"}}]}},"_links":{"self":[{"href":"https:\/\/playaviator.in\/pl\/wp-json\/wp\/v2\/pages\/18","targetHints":{"allow":["GET"]}}],"collection":[{"href":"https:\/\/playaviator.in\/pl\/wp-json\/wp\/v2\/pages"}],"about":[{"href":"https:\/\/playaviator.in\/pl\/wp-json\/wp\/v2\/types\/page"}],"author":[{"embeddable":true,"href":"https:\/\/playaviator.in\/pl\/wp-json\/wp\/v2\/users\/1"}],"replies":[{"embeddable":true,"href":"https:\/\/playaviator.in\/pl\/wp-json\/wp\/v2\/comments?post=18"}],"version-history":[{"count":27,"href":"https:\/\/playaviator.in\/pl\/wp-json\/wp\/v2\/pages\/18\/revisions"}],"predecessor-version":[{"id":159,"href":"https:\/\/playaviator.in\/pl\/wp-json\/wp\/v2\/pages\/18\/revisions\/159"}],"wp:attachment":[{"href":"https:\/\/playaviator.in\/pl\/wp-json\/wp\/v2\/media?parent=18"}],"curies":[{"name":"wp","href":"https:\/\/api.w.org\/{rel}","templated":true}]}}