{"id":12,"date":"2023-12-16T21:02:45","date_gmt":"2023-12-16T21:02:45","guid":{"rendered":"https:\/\/playaviator.in\/?page_id=12"},"modified":"2023-12-26T22:19:00","modified_gmt":"2023-12-26T22:19:00","slug":"play-aviator-online-casino","status":"publish","type":"page","link":"https:\/\/playaviator.in\/pl\/play-aviator-online-casino\/","title":{"rendered":"Zagraj w gr\u0119 Aviator w kasynie online"},"content":{"rendered":"<p>Czy jeste\u015b got\u00f3w na ekscytuj\u0105c\u0105 przygod\u0119 z wci\u0105gaj\u0105c\u0105 gr\u0105 &#8222;Aviator&#8221;, dost\u0119pn\u0105 w r\u00f3\u017cnych kasynach online? W tym szczeg\u00f3\u0142owym przewodniku omawiamy ka\u017cdy etap, pocz\u0105wszy od procesu rejestracji w kasynie, a\u017c po dokonywanie wp\u0142at i wyp\u0142at \u015brodk\u00f3w \u2014 wszystko po to, aby\u015b mia\u0142 p\u0142ynne i ekscytuj\u0105ce do\u015bwiadczenie z gr\u0105.<\/p>\n<h2>Przegl\u0105d krok\u00f3w:<\/h2>\n<ol>\n<li><strong>Zarejestruj si\u0119 w kasynie:<\/strong> Zacznij od wybrania renomowanego kasyna online i utworzenia konta. Podaj swoje dane, przejd\u017a weryfikacj\u0119 konta, je\u015bli jest wymagana, i uko\u0144cz proces rejestracji.<\/li>\n<li><strong>Zaloguj si\u0119 do kasyna:<\/strong> Po rejestracji zaloguj si\u0119 do kasyna, u\u017cywaj\u0105c swoich danych logowania (adresu e-mail i has\u0142a).<\/li>\n<li><strong>Wp\u0142a\u0107 depozyt:<\/strong> Przejd\u017a do sekcji kasjera w kasynie, wybierz metod\u0119 p\u0142atno\u015bci, okre\u015bl kwot\u0119 depozytu i dokonaj transakcji, aby do\u0142adowa\u0107 swoje konto.<\/li>\n<li><strong>Wyp\u0142a\u0107 swoje wygrane:<\/strong> Po osi\u0105gni\u0119ciu sukcesu w grze &#8222;Aviator&#8221;, odwied\u017a kasjera, wybierz metod\u0119 wyp\u0142aty, okre\u015bl kwot\u0119 wyp\u0142aty i poczekaj, a\u017c kasyno przetworzy twoj\u0105 pro\u015bb\u0119.<\/li>\n<\/ol>\n<p>Ten przewodnik dostarcza bardziej szczeg\u00f3\u0142owych informacji na temat ka\u017cdego etapu, oferuj\u0105c wyczerpuj\u0105ce instrukcje dla gwarantowanego wygodnego i ekscytuj\u0105cego procesu gry. Zanurzmy si\u0119 w \u015bwiat &#8222;Aviator&#8221;!<\/p>\n<h2>Przewodnik po rejestracji w kasynie:<\/h2>\n<ol>\n<li><strong>Wybierz wiarygodne kasyno:<\/strong> Wybierz kasyno online o doskona\u0142ej reputacji, oferuj\u0105ce &#8222;Aviator&#8221; w swojej ofercie. Zwr\u00f3\u0107 uwag\u0119 na pozytywne recenzje, obecno\u015b\u0107 licencji i przyjazny interfejs podczas dokonywania wyboru.<\/li>\n<li><strong>Odwied\u017a oficjaln\u0105 stron\u0119 internetow\u0105:<\/strong> Wejd\u017a na stron\u0119 wybranego kasyna za pomoc\u0105 przegl\u0105darki internetowej.<\/li>\n<li>Utw\u00f3rz konto: Na stronie g\u0142\u00f3wnej znajd\u017a przycisk &#8222;Zarejestruj&#8221; i post\u0119puj zgodnie z instrukcjami. Zostaniesz przekierowany do formularza rejestracyjnego.<\/li>\n<li><strong>Wype\u0142nij dane osobowe:<\/strong> Podaj wymagane informacje, takie jak imi\u0119, adres e-mail, data urodzenia i preferowana waluta. Utw\u00f3rz mocne has\u0142o dla bezpiecze\u0144stwa swojego konta.<\/li>\n<li><strong>Weryfikacja konta:<\/strong> W niekt\u00f3rych przypadkach kasyno mo\u017ce poprosi\u0107 o potwierdzenie twojego konta poprzez klikni\u0119cie w link wys\u0142any e-mailem lub dostarczenie dodatkowych dokument\u00f3w.<\/li>\n<li><strong>Uko\u0144cz rejestracj\u0119:<\/strong> Po wprowadzeniu niezb\u0119dnych informacji i ewentualnym potwierdzeniu konta, proces rejestracji jest zako\u0144czony. Teraz mo\u017cesz cieszy\u0107 si\u0119 gr\u0105 w &#8222;Aviator&#8221; w kasynie online.<\/li>\n<\/ol>\n<h2>Jak si\u0119 zalogowa\u0107 do kasyna:<\/h2>\n<ol>\n<li><strong>Otw\u00f3rz stron\u0119 kasyna:<\/strong> Uruchom przegl\u0105dark\u0119 internetow\u0105 i przejd\u017a na oficjaln\u0105 stron\u0119 kasyna.<\/li>\n<li><strong>Kliknij &#8222;Zaloguj&#8221;:<\/strong> Znajd\u017a przycisk &#8222;Zaloguj&#8221; na stronie g\u0142\u00f3wnej kasyna i aktywuj go.<\/li>\n<li><strong>Wprowad\u017a dane logowania:<\/strong> Wprowad\u017a adres e-mail i has\u0142o, kt\u00f3rych u\u017cy\u0142e\u015b podczas rejestracji.<\/li>\n<li><strong>Kliknij &#8222;Zaloguj&#8221;:<\/strong> Po dostarczeniu danych logowania kliknij &#8222;Zaloguj&#8221;, aby uzyska\u0107 dost\u0119p do swojego konta w kasynie.<\/li>\n<\/ol>\n<h2>Jak dokona\u0107 wp\u0142aty:<\/h2>\n<ol>\n<li><strong>Przejd\u017a do kasjera:<\/strong> Po zalogowaniu si\u0119 na swoje konto w kasynie, znajd\u017a sekcj\u0119 &#8222;Kasjer&#8221; lub &#8222;Wp\u0142ata&#8221;, gdzie mo\u017cesz do\u0142adowa\u0107 swoje konto.<\/li>\n<li><strong>Wybierz metod\u0119 p\u0142atno\u015bci:<\/strong> Wybierz preferowan\u0105 metod\u0119 p\u0142atno\u015bci spo\u015br\u00f3d dost\u0119pnych opcji, takich jak karty kredytowe\/debetowe, portfele elektroniczne, przelewy bankowe lub kryptowaluty.<\/li>\n<li><strong>Okre\u015bl kwot\u0119 depozytu:<\/strong> Wprowad\u017a kwot\u0119, jak\u0105 chcesz wp\u0142aci\u0107. Niekt\u00f3re kasyna mog\u0105 mie\u0107 minimalne wymagania depozytowe.<\/li>\n<li><strong>Zako\u0144cz transakcj\u0119:<\/strong> Post\u0119puj zgodnie z instrukcjami kasyna i sfinalizuj operacj\u0119 wp\u0142aty. \u015arodki powinny pojawi\u0107 si\u0119 na Twoim koncie w kasynie natychmiastowo.<\/li>\n<\/ol>\n<h2>Jak wyp\u0142aci\u0107 \u015brodki:<\/h2>\n<ol>\n<li><strong>Otw\u00f3rz kasjera:<\/strong> Przejd\u017a do sekcji kasyna o nazwie &#8222;Kasjer&#8221; lub &#8222;Wyp\u0142ata&#8221;.<\/li>\n<li><strong>Wybierz metod\u0119 wyp\u0142aty:<\/strong> Zdecyduj si\u0119 na preferowan\u0105 metod\u0119 wyp\u0142aty. Zaleca si\u0119 u\u017cywanie tej samej metody, kt\u00f3r\u0105 u\u017cy\u0142e\u015b do dokonywania wp\u0142at, je\u015bli to mo\u017cliwe.<\/li>\n<li><strong>Okre\u015bl kwot\u0119 wyp\u0142aty:<\/strong> Wprowad\u017a po\u017c\u0105dan\u0105 kwot\u0119 wyp\u0142aty, upewniaj\u0105c si\u0119, \u017ce spe\u0142nia ona limity wyp\u0142at kasyna.<\/li>\n<li><strong>Prze\u015blij pro\u015bb\u0119 o wyp\u0142at\u0119:<\/strong> Post\u0119puj zgodnie z instrukcjami dostarczonymi przez kasyno, aby z\u0142o\u017cy\u0107 pro\u015bb\u0119 o wyp\u0142at\u0119. W niekt\u00f3rych przypadkach mog\u0105 by\u0107 wymagane dodatkowe kroki weryfikacyjne ze wzgl\u0119d\u00f3w bezpiecze\u0144stwa.<\/li>\n<li><strong>Czekaj na przetworzenie:<\/strong> Poczekaj na przetworzenie pro\u015bby o wyp\u0142at\u0119 przez kasyno. Czasy przetwarzania mog\u0105 si\u0119 r\u00f3\u017cni\u0107 w zale\u017cno\u015bci od wybranej metody wyp\u0142aty i wewn\u0119trznych zasad kasyna.<\/li>\n<li><strong>Odbierz swoje \u015brodki:<\/strong> Po zatwierdzeniu wyp\u0142aty, \u015brodki zostan\u0105 przelane na wybran\u0105 metod\u0119 wyp\u0142aty, umo\u017cliwiaj\u0105c dost\u0119p do twoich wygranych.<\/li>\n<\/ol>\n<p>Pami\u0119taj, \u017ce ka\u017cde kasyno mo\u017ce mie\u0107 unikalne procedury i wymagania dotycz\u0105ce rejestracji, dokonywania wp\u0142at i wyp\u0142at \u015brodk\u00f3w. Zawsze dok\u0142adnie zapoznawaj si\u0119 z zasadami i warunkami kasyna oraz post\u0119puj zgodnie z ich zaleceniami, aby zapewni\u0107 sobie p\u0142ynne do\u015bwiadczenie z gr\u0105. Ponadto zaleca si\u0119 praktykowanie odpowiedzialnego podej\u015bcia do gry, ustanawiaj\u0105c limity na swoje do\u015bwiadczenia z grami, aby cieszy\u0107 si\u0119 &#8222;Aviator&#8221; i innymi grami kasynowymi odpowiedzialnie.<\/p>\n","protected":false},"excerpt":{"rendered":"<p>Czy jeste\u015b got\u00f3w na ekscytuj\u0105c\u0105 przygod\u0119 z wci\u0105gaj\u0105c\u0105 gr\u0105 &#8222;Aviator&#8221;, dost\u0119pn\u0105 w r\u00f3\u017cnych kasynach online? W tym szczeg\u00f3\u0142owym przewodniku omawiamy ka\u017cdy etap, pocz\u0105wszy od procesu rejestracji w kasynie, a\u017c po dokonywanie wp\u0142at i wyp\u0142at \u015brodk\u00f3w \u2014 wszystko po to, aby\u015b mia\u0142 p\u0142ynne i ekscytuj\u0105ce do\u015bwiadczenie z gr\u0105. Przegl\u0105d krok\u00f3w: Zarejestruj si\u0119 w kasynie: Zacznij od [&hellip;]<\/p>\n","protected":false},"author":1,"featured_media":0,"parent":0,"menu_order":0,"comment_status":"closed","ping_status":"closed","template":"","meta":{"footnotes":""},"class_list":["post-12","page","type-page","status-publish","hentry"],"yoast_head":"<!-- This site is optimized with the Yoast SEO plugin v27.2 - https:\/\/yoast.com\/product\/yoast-seo-wordpress\/ -->\n<title>\u041e\u0449\u0443\u0442\u0438 \u0430\u0434\u0440\u0435\u043d\u0430\u043b\u0438\u043d \u0441 Aviator: \u0438\u0433\u0440\u0430\u0439 \u0432 \u043a\u0440\u0430\u0448-\u0438\u0433\u0440\u0443 \u0432 \u043e\u043d\u043b\u0430\u0439\u043d-\u043a\u0430\u0437\u0438\u043d\u043e!<\/title>\n<meta name=\"description\" content=\"Zanurz si\u0119 w \u015bwiat ekscytacji z Aviatorem! Zak\u0142ady, adrenalina i wygrane czekaj\u0105 na Ciebie. Do\u0142\u0105cz i zagraj w gr\u0119 crash ju\u017c teraz!\" \/>\n<meta name=\"robots\" content=\"index, follow, max-snippet:-1, max-image-preview:large, max-video-preview:-1\" \/>\n<link rel=\"canonical\" href=\"https:\/\/playaviator.in\/pl\/play-aviator-online-casino\/\" \/>\n<meta property=\"og:locale\" content=\"pl_PL\" \/>\n<meta property=\"og:locale:alternate\" content=\"en_US\" \/>\n<meta property=\"og:locale:alternate\" content=\"ru_RU\" \/>\n<meta property=\"og:locale:alternate\" content=\"pt_PT\" \/>\n<meta property=\"og:locale:alternate\" content=\"es_ES\" \/>\n<meta property=\"og:locale:alternate\" content=\"ro_RO\" \/>\n<meta property=\"og:locale:alternate\" content=\"sr_RS\" \/>\n<meta property=\"og:locale:alternate\" content=\"bg_BG\" \/>\n<meta property=\"og:locale:alternate\" content=\"hu_HU\" \/>\n<meta property=\"og:locale:alternate\" content=\"el\" \/>\n<meta property=\"og:locale:alternate\" content=\"tr_TR\" \/>\n<meta property=\"og:type\" content=\"article\" \/>\n<meta property=\"og:title\" content=\"\u041e\u0449\u0443\u0442\u0438 \u0430\u0434\u0440\u0435\u043d\u0430\u043b\u0438\u043d \u0441 Aviator: \u0438\u0433\u0440\u0430\u0439 \u0432 \u043a\u0440\u0430\u0448-\u0438\u0433\u0440\u0443 \u0432 \u043e\u043d\u043b\u0430\u0439\u043d-\u043a\u0430\u0437\u0438\u043d\u043e!\" \/>\n<meta property=\"og:description\" content=\"\u041f\u043e\u0433\u0440\u0443\u0437\u0438\u0441\u044c \u0432 \u043c\u0438\u0440 \u0430\u0437\u0430\u0440\u0442\u0430 \u0441 Aviator! \u0421\u0442\u0430\u0432\u043a\u0438, \u0430\u0434\u0440\u0435\u043d\u0430\u043b\u0438\u043d \u0438 \u0432\u044b\u0438\u0433\u0440\u044b\u0448\u0438 \u0436\u0434\u0443\u0442 \u0442\u0435\u0431\u044f. \u0417\u0430\u0445\u043e\u0434\u0438 \u0438 \u0438\u0433\u0440\u0430\u0439 \u0432 \u043a\u0440\u0430\u0448-\u0438\u0433\u0440\u0443 \u043f\u0440\u044f\u043c\u043e \u0441\u0435\u0439\u0447\u0430\u0441!\" \/>\n<meta property=\"og:url\" content=\"https:\/\/playaviator.in\/pl\/play-aviator-online-casino\/\" \/>\n<meta property=\"og:site_name\" content=\"Aviator Game\" \/>\n<meta property=\"article:modified_time\" content=\"2023-12-26T22:19:00+00:00\" \/>\n<meta name=\"twitter:card\" content=\"summary_large_image\" \/>\n<meta name=\"twitter:label1\" content=\"Szacowany czas czytania\" \/>\n\t<meta name=\"twitter:data1\" content=\"30 minut\" \/>\n<script type=\"application\/ld+json\" class=\"yoast-schema-graph\">{\"@context\":\"https:\/\/schema.org\",\"@graph\":[{\"@type\":\"WebPage\",\"@id\":\"https:\/\/playaviator.in\/play-aviator-online-casino\/\",\"url\":\"https:\/\/playaviator.in\/play-aviator-online-casino\/\",\"name\":\"\u041e\u0449\u0443\u0442\u0438 \u0430\u0434\u0440\u0435\u043d\u0430\u043b\u0438\u043d \u0441 Aviator: \u0438\u0433\u0440\u0430\u0439 \u0432 \u043a\u0440\u0430\u0448-\u0438\u0433\u0440\u0443 \u0432 \u043e\u043d\u043b\u0430\u0439\u043d-\u043a\u0430\u0437\u0438\u043d\u043e!\",\"isPartOf\":{\"@id\":\"https:\/\/playaviator.in\/pl\/#website\"},\"datePublished\":\"2023-12-16T21:02:45+00:00\",\"dateModified\":\"2023-12-26T22:19:00+00:00\",\"description\":\"\u041f\u043e\u0433\u0440\u0443\u0437\u0438\u0441\u044c \u0432 \u043c\u0438\u0440 \u0430\u0437\u0430\u0440\u0442\u0430 \u0441 Aviator! \u0421\u0442\u0430\u0432\u043a\u0438, \u0430\u0434\u0440\u0435\u043d\u0430\u043b\u0438\u043d \u0438 \u0432\u044b\u0438\u0433\u0440\u044b\u0448\u0438 \u0436\u0434\u0443\u0442 \u0442\u0435\u0431\u044f. \u0417\u0430\u0445\u043e\u0434\u0438 \u0438 \u0438\u0433\u0440\u0430\u0439 \u0432 \u043a\u0440\u0430\u0448-\u0438\u0433\u0440\u0443 \u043f\u0440\u044f\u043c\u043e \u0441\u0435\u0439\u0447\u0430\u0441!\",\"breadcrumb\":{\"@id\":\"https:\/\/playaviator.in\/play-aviator-online-casino\/#breadcrumb\"},\"inLanguage\":\"pl-PL\",\"potentialAction\":[{\"@type\":\"ReadAction\",\"target\":[\"https:\/\/playaviator.in\/play-aviator-online-casino\/\"]}]},{\"@type\":\"BreadcrumbList\",\"@id\":\"https:\/\/playaviator.in\/play-aviator-online-casino\/#breadcrumb\",\"itemListElement\":[{\"@type\":\"ListItem\",\"position\":1,\"name\":\"Home\",\"item\":\"https:\/\/playaviator.in\/pl\/\"},{\"@type\":\"ListItem\",\"position\":2,\"name\":\"\u0418\u0433\u0440\u0430\u0442\u044c \u0432 Aviator \u0432 \u043e\u043d\u043b\u0430\u0439\u043d-\u043a\u0430\u0437\u0438\u043d\u043e\"}]},{\"@type\":\"WebSite\",\"@id\":\"https:\/\/playaviator.in\/pl\/#website\",\"url\":\"https:\/\/playaviator.in\/pl\/\",\"name\":\"Aviator Game\",\"description\":\"\",\"publisher\":{\"@id\":\"https:\/\/playaviator.in\/pl\/#organization\"},\"potentialAction\":[{\"@type\":\"SearchAction\",\"target\":{\"@type\":\"EntryPoint\",\"urlTemplate\":\"https:\/\/playaviator.in\/pl\/?s={search_term_string}\"},\"query-input\":{\"@type\":\"PropertyValueSpecification\",\"valueRequired\":true,\"valueName\":\"search_term_string\"}}],\"inLanguage\":\"pl-PL\"},{\"@type\":\"Organization\",\"@id\":\"https:\/\/playaviator.in\/pl\/#organization\",\"name\":\"Aviator Game\",\"url\":\"https:\/\/playaviator.in\/pl\/\",\"logo\":{\"@type\":\"ImageObject\",\"inLanguage\":\"pl-PL\",\"@id\":\"https:\/\/playaviator.in\/pl\/#\/schema\/logo\/image\/\",\"url\":\"https:\/\/playaviator.in\/wp-content\/uploads\/Aviator_logo-e1702848125368.png\",\"contentUrl\":\"https:\/\/playaviator.in\/wp-content\/uploads\/Aviator_logo-e1702848125368.png\",\"width\":589,\"height\":156,\"caption\":\"Aviator Game\"},\"image\":{\"@id\":\"https:\/\/playaviator.in\/pl\/#\/schema\/logo\/image\/\"}}]}<\/script>\n<!-- \/ Yoast SEO plugin. -->","yoast_head_json":{"title":"\u041e\u0449\u0443\u0442\u0438 \u0430\u0434\u0440\u0435\u043d\u0430\u043b\u0438\u043d \u0441 Aviator: \u0438\u0433\u0440\u0430\u0439 \u0432 \u043a\u0440\u0430\u0448-\u0438\u0433\u0440\u0443 \u0432 \u043e\u043d\u043b\u0430\u0439\u043d-\u043a\u0430\u0437\u0438\u043d\u043e!","description":"Zanurz si\u0119 w \u015bwiat ekscytacji z Aviatorem! Zak\u0142ady, adrenalina i wygrane czekaj\u0105 na Ciebie. Do\u0142\u0105cz i zagraj w gr\u0119 crash ju\u017c teraz!","robots":{"index":"index","follow":"follow","max-snippet":"max-snippet:-1","max-image-preview":"max-image-preview:large","max-video-preview":"max-video-preview:-1"},"canonical":"https:\/\/playaviator.in\/pl\/play-aviator-online-casino\/","og_locale":"pl_PL","og_type":"article","og_title":"\u041e\u0449\u0443\u0442\u0438 \u0430\u0434\u0440\u0435\u043d\u0430\u043b\u0438\u043d \u0441 Aviator: \u0438\u0433\u0440\u0430\u0439 \u0432 \u043a\u0440\u0430\u0448-\u0438\u0433\u0440\u0443 \u0432 \u043e\u043d\u043b\u0430\u0439\u043d-\u043a\u0430\u0437\u0438\u043d\u043e!","og_description":"\u041f\u043e\u0433\u0440\u0443\u0437\u0438\u0441\u044c \u0432 \u043c\u0438\u0440 \u0430\u0437\u0430\u0440\u0442\u0430 \u0441 Aviator! \u0421\u0442\u0430\u0432\u043a\u0438, \u0430\u0434\u0440\u0435\u043d\u0430\u043b\u0438\u043d \u0438 \u0432\u044b\u0438\u0433\u0440\u044b\u0448\u0438 \u0436\u0434\u0443\u0442 \u0442\u0435\u0431\u044f. \u0417\u0430\u0445\u043e\u0434\u0438 \u0438 \u0438\u0433\u0440\u0430\u0439 \u0432 \u043a\u0440\u0430\u0448-\u0438\u0433\u0440\u0443 \u043f\u0440\u044f\u043c\u043e \u0441\u0435\u0439\u0447\u0430\u0441!","og_url":"https:\/\/playaviator.in\/pl\/play-aviator-online-casino\/","og_site_name":"Aviator Game","article_modified_time":"2023-12-26T22:19:00+00:00","twitter_card":"summary_large_image","twitter_misc":{"Szacowany czas czytania":"30 minut"},"schema":{"@context":"https:\/\/schema.org","@graph":[{"@type":"WebPage","@id":"https:\/\/playaviator.in\/play-aviator-online-casino\/","url":"https:\/\/playaviator.in\/play-aviator-online-casino\/","name":"\u041e\u0449\u0443\u0442\u0438 \u0430\u0434\u0440\u0435\u043d\u0430\u043b\u0438\u043d \u0441 Aviator: \u0438\u0433\u0440\u0430\u0439 \u0432 \u043a\u0440\u0430\u0448-\u0438\u0433\u0440\u0443 \u0432 \u043e\u043d\u043b\u0430\u0439\u043d-\u043a\u0430\u0437\u0438\u043d\u043e!","isPartOf":{"@id":"https:\/\/playaviator.in\/pl\/#website"},"datePublished":"2023-12-16T21:02:45+00:00","dateModified":"2023-12-26T22:19:00+00:00","description":"\u041f\u043e\u0433\u0440\u0443\u0437\u0438\u0441\u044c \u0432 \u043c\u0438\u0440 \u0430\u0437\u0430\u0440\u0442\u0430 \u0441 Aviator! \u0421\u0442\u0430\u0432\u043a\u0438, \u0430\u0434\u0440\u0435\u043d\u0430\u043b\u0438\u043d \u0438 \u0432\u044b\u0438\u0433\u0440\u044b\u0448\u0438 \u0436\u0434\u0443\u0442 \u0442\u0435\u0431\u044f. \u0417\u0430\u0445\u043e\u0434\u0438 \u0438 \u0438\u0433\u0440\u0430\u0439 \u0432 \u043a\u0440\u0430\u0448-\u0438\u0433\u0440\u0443 \u043f\u0440\u044f\u043c\u043e \u0441\u0435\u0439\u0447\u0430\u0441!","breadcrumb":{"@id":"https:\/\/playaviator.in\/play-aviator-online-casino\/#breadcrumb"},"inLanguage":"pl-PL","potentialAction":[{"@type":"ReadAction","target":["https:\/\/playaviator.in\/play-aviator-online-casino\/"]}]},{"@type":"BreadcrumbList","@id":"https:\/\/playaviator.in\/play-aviator-online-casino\/#breadcrumb","itemListElement":[{"@type":"ListItem","position":1,"name":"Home","item":"https:\/\/playaviator.in\/pl\/"},{"@type":"ListItem","position":2,"name":"\u0418\u0433\u0440\u0430\u0442\u044c \u0432 Aviator \u0432 \u043e\u043d\u043b\u0430\u0439\u043d-\u043a\u0430\u0437\u0438\u043d\u043e"}]},{"@type":"WebSite","@id":"https:\/\/playaviator.in\/pl\/#website","url":"https:\/\/playaviator.in\/pl\/","name":"Aviator Game","description":"","publisher":{"@id":"https:\/\/playaviator.in\/pl\/#organization"},"potentialAction":[{"@type":"SearchAction","target":{"@type":"EntryPoint","urlTemplate":"https:\/\/playaviator.in\/pl\/?s={search_term_string}"},"query-input":{"@type":"PropertyValueSpecification","valueRequired":true,"valueName":"search_term_string"}}],"inLanguage":"pl-PL"},{"@type":"Organization","@id":"https:\/\/playaviator.in\/pl\/#organization","name":"Aviator Game","url":"https:\/\/playaviator.in\/pl\/","logo":{"@type":"ImageObject","inLanguage":"pl-PL","@id":"https:\/\/playaviator.in\/pl\/#\/schema\/logo\/image\/","url":"https:\/\/playaviator.in\/wp-content\/uploads\/Aviator_logo-e1702848125368.png","contentUrl":"https:\/\/playaviator.in\/wp-content\/uploads\/Aviator_logo-e1702848125368.png","width":589,"height":156,"caption":"Aviator Game"},"image":{"@id":"https:\/\/playaviator.in\/pl\/#\/schema\/logo\/image\/"}}]}},"_links":{"self":[{"href":"https:\/\/playaviator.in\/pl\/wp-json\/wp\/v2\/pages\/12","targetHints":{"allow":["GET"]}}],"collection":[{"href":"https:\/\/playaviator.in\/pl\/wp-json\/wp\/v2\/pages"}],"about":[{"href":"https:\/\/playaviator.in\/pl\/wp-json\/wp\/v2\/types\/page"}],"author":[{"embeddable":true,"href":"https:\/\/playaviator.in\/pl\/wp-json\/wp\/v2\/users\/1"}],"replies":[{"embeddable":true,"href":"https:\/\/playaviator.in\/pl\/wp-json\/wp\/v2\/comments?post=12"}],"version-history":[{"count":26,"href":"https:\/\/playaviator.in\/pl\/wp-json\/wp\/v2\/pages\/12\/revisions"}],"predecessor-version":[{"id":132,"href":"https:\/\/playaviator.in\/pl\/wp-json\/wp\/v2\/pages\/12\/revisions\/132"}],"wp:attachment":[{"href":"https:\/\/playaviator.in\/pl\/wp-json\/wp\/v2\/media?parent=12"}],"curies":[{"name":"wp","href":"https:\/\/api.w.org\/{rel}","templated":true}]}}