{"id":9,"date":"2023-12-16T20:50:35","date_gmt":"2023-12-16T20:50:35","guid":{"rendered":"https:\/\/playaviator.in\/?page_id=9"},"modified":"2023-12-26T22:50:30","modified_gmt":"2023-12-26T22:50:30","slug":"aviator-game-reviews","status":"publish","type":"page","link":"https:\/\/playaviator.in\/hu\/aviator-game-reviews\/","title":{"rendered":"\u00c9rt\u00e9kel\u00e9sek"},"content":{"rendered":"<p><strong>V\u00e9lem\u00e9ny: Ivan (30 \u00e9ves)<\/strong><\/p>\n<h3>Az &#8222;Aviator&#8221; j\u00e1t\u00e9k egy igazi \u00f6r\u00f6m egy kezd\u0151 szerencsej\u00e1t\u00e9kosnak!<\/h3>\n<p>Tapasztalatlans\u00e1gom ellen\u00e9re \u00fagy d\u00f6nt\u00f6ttem, hogy el\u0151sz\u00f6r kipr\u00f3b\u00e1lom magam az online kaszin\u00f3ban, \u00e9s az &#8222;Aviator&#8221; j\u00e1t\u00e9kot v\u00e1lasztottam. Meglep\u0151 m\u00f3don siker\u00fclt n\u00f6velnem az eredeti \u00f6sszeget 50-szeresen vagy ann\u00e1l is t\u00f6bbet. Tal\u00e1n kezdem \u00e9rteni a szerencsej\u00e1t\u00e9k sz\u00f3rakoz\u00e1s vonzalm\u00e1t.<\/p>\n<p><strong>V\u00e9lem\u00e9ny: Max (25 \u00e9ves)<\/strong><\/p>\n<h3>Gratul\u00e1ljatok a sikeres kezdetemhez az &#8222;Aviator&#8221; j\u00e1t\u00e9kban!<\/h3>\n<p>Az &#8222;Aviator&#8221; j\u00e1t\u00e9k megismer\u00e9se nemr\u00e9giben t\u00f6rt\u00e9nt velem, de m\u00e1r az els\u0151 pr\u00f3b\u00e1lkoz\u00e1s alkalm\u00e1val befizettem 10 doll\u00e1rt, \u00e9s 450 doll\u00e1rra n\u00f6veltem. A kifizet\u00e9si folyamat z\u00f6kken\u0151mentesen zajlott, \u00e9s most elhat\u00e1roztam, hogy folytatom a j\u00e1t\u00e9kos karrieremet.<\/p>\n<p><strong>V\u00e9lem\u00e9ny: Anton (28 \u00e9ves)<\/strong><\/p>\n<h3>Az &#8222;Aviator&#8221; mellett d\u00f6nt\u00e9s<\/h3>\n<p>Az &#8222;Aviator&#8221; v\u00e1laszt\u00e1som lett a crash j\u00e1t\u00e9kok k\u00f6z\u00fcl, \u00e9s nem csal\u00f3dtam. Itt a visszat\u00e9r\u00edt\u00e9sek magas szinten vannak, \u00e9s a licencelt platformokon szeretek j\u00e1tszani. A gyakori nyerem\u00e9nyek \u00e9s a probl\u00e9mamentes p\u00e9nzkih\u00faz\u00e1s teszi vonz\u00f3v\u00e1 sz\u00e1momra ezt a j\u00e1t\u00e9kot.<\/p>\n<p><strong>V\u00e9lem\u00e9ny: Anna (24 \u00e9ves)<\/strong><\/p>\n<h3>Pozit\u00edv bevezet\u00e9s az online &#8222;Aviator&#8221; j\u00e1t\u00e9kba<\/h3>\n<p>A &#8222;Aviator&#8221; crash j\u00e1t\u00e9kr\u00f3l nemr\u00e9giben \u00e9rtes\u00fcltem, \u00e9s nem lehetn\u00e9k boldogabb. A gyakori nyerem\u00e9nyek \u00e9s az azonnali p\u00e9nzkih\u00faz\u00e1s kellemes id\u0151t\u00f6lt\u00e9ss\u00e9 teszik a j\u00e1t\u00e9kot. Nagyon el\u00e9gedett vagyok a v\u00e1laszt\u00e1sommal.<\/p>\n<p><strong>V\u00e9lem\u00e9ny: Stas (32 \u00e9ves)<\/strong><\/p>\n<h3>&#8222;Aviator&#8221; &#8211; izgalmas \u00e9s izgalmas j\u00e1t\u00e9k nyeres\u00e9ggel<\/h3>\n<p>Az &#8222;Aviator&#8221; vil\u00e1g\u00e1ba val\u00f3 bel\u00e9p\u00e9semet a dem\u00f3 verzi\u00f3val kezdtem, majd \u00e1tt\u00e9rtem a val\u00f3s t\u00e9tekre. A j\u00e1t\u00e9k igaz\u00e1n izgalmas, \u00e9s annak ellen\u00e9re, hogy ritk\u00e1n l\u00e1togatom, k\u00f6vetkezetesen jelent\u0151s nyeres\u00e9get \u00e9rek el.<\/p>\n<p><strong>V\u00e9lem\u00e9ny: Nikolay (27 \u00e9ves)<\/strong><\/p>\n<h3>&#8222;Aviator&#8221; crash j\u00e1t\u00e9k &#8211; kellemes felfedez\u00e9s sz\u00e1momra<\/h3>\n<p>Kipr\u00f3b\u00e1ltam k\u00fcl\u00f6nb\u00f6z\u0151 nyer\u0151g\u00e9peket az online kaszin\u00f3kban, \u00e9s az &#8222;Aviator&#8221; kellemes felfedez\u00e9s volt sz\u00e1momra. Kis \u00f6sszeggel kezdtem, \u00e9s 2500 doll\u00e1rra n\u00f6veltem. Itt a szerencse mellettem \u00e1ll, \u00e9s tervezem, hogy folytatom a j\u00e1t\u00e9k k\u00eds\u00e9rleteimet.<\/p>\n<p><strong>V\u00e9lem\u00e9ny: Yakov (29 \u00e9ves)<\/strong><\/p>\n<h3>Elragadtat\u00e1s a &#8222;Aviator&#8221; siker\u00e9t\u0151l<\/h3>\n<p>D\u00f6nt\u00e9s a &#8222;Aviator&#8221; j\u00e1t\u00e9k \u00e9rt\u00e9kel\u00e9se mellett, nem tudok m\u00e1st tenni, mint kifejezni az elragadtat\u00e1somat. A j\u00e1t\u00e9k m\u00e1r az els\u0151 t\u00e9telt\u0151l kezdve meglepett, 20-szoros\u00e1ra n\u00f6velve a befektetett \u00f6sszeget. A szerencse mellettem volt, \u00e9s v\u00e1rom az \u00faj j\u00e1t\u00e9k\u00e9lm\u00e9nyeket.<\/p>\n<p><strong>V\u00e9lem\u00e9ny: Andrey (30 \u00e9ves)<\/strong><\/p>\n<h3>Kedvez\u0151 felfedez\u00e9s \u00e9s az els\u0151 nyerem\u00e9ny az &#8222;Aviator&#8221; j\u00e1t\u00e9kban<\/h3>\n<p>A &#8222;Aviator&#8221; j\u00e1t\u00e9kra egy bar\u00e1tom aj\u00e1nl\u00e1s\u00e1ra pr\u00f3b\u00e1ltam ki nemr\u00e9g. Nem v\u00e1rtam sokat, de az els\u0151 1000 doll\u00e1ros nyerem\u00e9ny kellemesen meglepett. \u00dagy d\u00f6nt\u00f6ttem, hogy megosztom a pozit\u00edv \u00e9lm\u00e9nyemet.<\/p>\n<p><strong>V\u00e9lem\u00e9ny: Alena (35 \u00e9ves)<\/strong><\/p>\n<h3>Professzion\u00e1lis szemmel az &#8222;Aviator&#8221; j\u00e1t\u00e9kra<\/h3>\n<p>Tapasztalt j\u00e1t\u00e9kos vagyok, \u00e9s az &#8222;Aviator&#8221; k\u00e9pes volt meglepni engem. Itt magas a nyer\u00e9si es\u00e9ly, \u00e9s az eredeti \u00f6sszeget 50-100-szoros\u00e1ra n\u00f6velem. Ez val\u00f3s\u00e1gos szerencsej\u00e1t\u00e9k \u00f6r\u00f6m.<\/p>\n","protected":false},"excerpt":{"rendered":"<p>V\u00e9lem\u00e9ny: Ivan (30 \u00e9ves) Az &#8222;Aviator&#8221; j\u00e1t\u00e9k egy igazi \u00f6r\u00f6m egy kezd\u0151 szerencsej\u00e1t\u00e9kosnak! Tapasztalatlans\u00e1gom ellen\u00e9re \u00fagy d\u00f6nt\u00f6ttem, hogy el\u0151sz\u00f6r kipr\u00f3b\u00e1lom magam az online kaszin\u00f3ban, \u00e9s az &#8222;Aviator&#8221; j\u00e1t\u00e9kot v\u00e1lasztottam. Meglep\u0151 m\u00f3don siker\u00fclt n\u00f6velnem az eredeti \u00f6sszeget 50-szeresen vagy ann\u00e1l is t\u00f6bbet. Tal\u00e1n kezdem \u00e9rteni a szerencsej\u00e1t\u00e9k sz\u00f3rakoz\u00e1s vonzalm\u00e1t. V\u00e9lem\u00e9ny: Max (25 \u00e9ves) Gratul\u00e1ljatok a sikeres [&hellip;]<\/p>\n","protected":false},"author":1,"featured_media":0,"parent":0,"menu_order":0,"comment_status":"closed","ping_status":"closed","template":"","meta":{"footnotes":""},"class_list":["post-9","page","type-page","status-publish","hentry"],"yoast_head":"<!-- This site is optimized with the Yoast SEO plugin v27.2 - https:\/\/yoast.com\/product\/yoast-seo-wordpress\/ -->\n<title>Recenzje graczy Aviator: Prawdziwe Wra\u017cenia i Opowie\u015bci o Wygranych<\/title>\n<meta name=\"description\" content=\"Olvasd el az Aviator lelkes j\u00e1t\u00e9kosok \u00e9rt\u00e9kel\u00e9seit! Fedezd fel, hogyan teremt izgalmas \u00e9lm\u00e9nyt ez a crash j\u00e1t\u00e9k az izgalom, strat\u00e9gia \u00e9s szerencse egy\u00fcttes hat\u00e1s\u00e1ra.\" \/>\n<meta name=\"robots\" content=\"index, follow, max-snippet:-1, max-image-preview:large, max-video-preview:-1\" \/>\n<link rel=\"canonical\" href=\"https:\/\/playaviator.in\/hu\/aviator-game-reviews\/\" \/>\n<meta property=\"og:locale\" content=\"hu_HU\" \/>\n<meta property=\"og:locale:alternate\" content=\"en_US\" \/>\n<meta property=\"og:locale:alternate\" content=\"ru_RU\" \/>\n<meta property=\"og:locale:alternate\" content=\"pt_PT\" \/>\n<meta property=\"og:locale:alternate\" content=\"es_ES\" \/>\n<meta property=\"og:locale:alternate\" content=\"ro_RO\" \/>\n<meta property=\"og:locale:alternate\" content=\"sr_RS\" \/>\n<meta property=\"og:locale:alternate\" content=\"bg_BG\" \/>\n<meta property=\"og:locale:alternate\" content=\"pl_PL\" \/>\n<meta property=\"og:locale:alternate\" content=\"el\" \/>\n<meta property=\"og:locale:alternate\" content=\"tr_TR\" \/>\n<meta property=\"og:type\" content=\"article\" \/>\n<meta property=\"og:title\" content=\"Recenzje graczy Aviator: Prawdziwe Wra\u017cenia i Opowie\u015bci o Wygranych\" \/>\n<meta property=\"og:description\" content=\"Przeczytaj entuzjastyczne recenzje graczy na temat Aviator! Odkryj, jak podekscytowanie, strategia i szcz\u0119\u015bcie tworz\u0105 ekscytuj\u0105ce do\u015bwiadczenie w tej grze crash.\" \/>\n<meta property=\"og:url\" content=\"https:\/\/playaviator.in\/hu\/aviator-game-reviews\/\" \/>\n<meta property=\"og:site_name\" content=\"Aviator Game\" \/>\n<meta property=\"article:modified_time\" content=\"2023-12-26T22:50:30+00:00\" \/>\n<meta name=\"twitter:card\" content=\"summary_large_image\" \/>\n<meta name=\"twitter:label1\" content=\"Becs\u00fclt olvas\u00e1si id\u0151\" \/>\n\t<meta name=\"twitter:data1\" content=\"16 perc\" \/>\n<script type=\"application\/ld+json\" class=\"yoast-schema-graph\">{\"@context\":\"https:\/\/schema.org\",\"@graph\":[{\"@type\":\"WebPage\",\"@id\":\"https:\/\/playaviator.in\/pl\/aviator-game-reviews\/\",\"url\":\"https:\/\/playaviator.in\/pl\/aviator-game-reviews\/\",\"name\":\"Recenzje graczy Aviator: Prawdziwe Wra\u017cenia i Opowie\u015bci o Wygranych\",\"isPartOf\":{\"@id\":\"https:\/\/playaviator.in\/pl\/#website\"},\"datePublished\":\"2023-12-16T20:50:35+00:00\",\"dateModified\":\"2023-12-26T22:50:30+00:00\",\"description\":\"Przeczytaj entuzjastyczne recenzje graczy na temat Aviator! Odkryj, jak podekscytowanie, strategia i szcz\u0119\u015bcie tworz\u0105 ekscytuj\u0105ce do\u015bwiadczenie w tej grze crash.\",\"breadcrumb\":{\"@id\":\"https:\/\/playaviator.in\/pl\/aviator-game-reviews\/#breadcrumb\"},\"inLanguage\":\"hu-HU\",\"potentialAction\":[{\"@type\":\"ReadAction\",\"target\":[\"https:\/\/playaviator.in\/pl\/aviator-game-reviews\/\"]}]},{\"@type\":\"BreadcrumbList\",\"@id\":\"https:\/\/playaviator.in\/pl\/aviator-game-reviews\/#breadcrumb\",\"itemListElement\":[{\"@type\":\"ListItem\",\"position\":1,\"name\":\"Home\",\"item\":\"https:\/\/playaviator.in\/pl\/\"},{\"@type\":\"ListItem\",\"position\":2,\"name\":\"Recenzje\"}]},{\"@type\":\"WebSite\",\"@id\":\"https:\/\/playaviator.in\/pl\/#website\",\"url\":\"https:\/\/playaviator.in\/pl\/\",\"name\":\"Aviator Game\",\"description\":\"\",\"publisher\":{\"@id\":\"https:\/\/playaviator.in\/pl\/#organization\"},\"potentialAction\":[{\"@type\":\"SearchAction\",\"target\":{\"@type\":\"EntryPoint\",\"urlTemplate\":\"https:\/\/playaviator.in\/pl\/?s={search_term_string}\"},\"query-input\":{\"@type\":\"PropertyValueSpecification\",\"valueRequired\":true,\"valueName\":\"search_term_string\"}}],\"inLanguage\":\"hu-HU\"},{\"@type\":\"Organization\",\"@id\":\"https:\/\/playaviator.in\/pl\/#organization\",\"name\":\"Aviator Game\",\"url\":\"https:\/\/playaviator.in\/pl\/\",\"logo\":{\"@type\":\"ImageObject\",\"inLanguage\":\"hu-HU\",\"@id\":\"https:\/\/playaviator.in\/pl\/#\/schema\/logo\/image\/\",\"url\":\"https:\/\/playaviator.in\/wp-content\/uploads\/Aviator_logo-e1702848125368.png\",\"contentUrl\":\"https:\/\/playaviator.in\/wp-content\/uploads\/Aviator_logo-e1702848125368.png\",\"width\":589,\"height\":156,\"caption\":\"Aviator Game\"},\"image\":{\"@id\":\"https:\/\/playaviator.in\/pl\/#\/schema\/logo\/image\/\"}}]}<\/script>\n<!-- \/ Yoast SEO plugin. -->","yoast_head_json":{"title":"Recenzje graczy Aviator: Prawdziwe Wra\u017cenia i Opowie\u015bci o Wygranych","description":"Olvasd el az Aviator lelkes j\u00e1t\u00e9kosok \u00e9rt\u00e9kel\u00e9seit! Fedezd fel, hogyan teremt izgalmas \u00e9lm\u00e9nyt ez a crash j\u00e1t\u00e9k az izgalom, strat\u00e9gia \u00e9s szerencse egy\u00fcttes hat\u00e1s\u00e1ra.","robots":{"index":"index","follow":"follow","max-snippet":"max-snippet:-1","max-image-preview":"max-image-preview:large","max-video-preview":"max-video-preview:-1"},"canonical":"https:\/\/playaviator.in\/hu\/aviator-game-reviews\/","og_locale":"hu_HU","og_type":"article","og_title":"Recenzje graczy Aviator: Prawdziwe Wra\u017cenia i Opowie\u015bci o Wygranych","og_description":"Przeczytaj entuzjastyczne recenzje graczy na temat Aviator! Odkryj, jak podekscytowanie, strategia i szcz\u0119\u015bcie tworz\u0105 ekscytuj\u0105ce do\u015bwiadczenie w tej grze crash.","og_url":"https:\/\/playaviator.in\/hu\/aviator-game-reviews\/","og_site_name":"Aviator Game","article_modified_time":"2023-12-26T22:50:30+00:00","twitter_card":"summary_large_image","twitter_misc":{"Becs\u00fclt olvas\u00e1si id\u0151":"16 perc"},"schema":{"@context":"https:\/\/schema.org","@graph":[{"@type":"WebPage","@id":"https:\/\/playaviator.in\/pl\/aviator-game-reviews\/","url":"https:\/\/playaviator.in\/pl\/aviator-game-reviews\/","name":"Recenzje graczy Aviator: Prawdziwe Wra\u017cenia i Opowie\u015bci o Wygranych","isPartOf":{"@id":"https:\/\/playaviator.in\/pl\/#website"},"datePublished":"2023-12-16T20:50:35+00:00","dateModified":"2023-12-26T22:50:30+00:00","description":"Przeczytaj entuzjastyczne recenzje graczy na temat Aviator! Odkryj, jak podekscytowanie, strategia i szcz\u0119\u015bcie tworz\u0105 ekscytuj\u0105ce do\u015bwiadczenie w tej grze crash.","breadcrumb":{"@id":"https:\/\/playaviator.in\/pl\/aviator-game-reviews\/#breadcrumb"},"inLanguage":"hu-HU","potentialAction":[{"@type":"ReadAction","target":["https:\/\/playaviator.in\/pl\/aviator-game-reviews\/"]}]},{"@type":"BreadcrumbList","@id":"https:\/\/playaviator.in\/pl\/aviator-game-reviews\/#breadcrumb","itemListElement":[{"@type":"ListItem","position":1,"name":"Home","item":"https:\/\/playaviator.in\/pl\/"},{"@type":"ListItem","position":2,"name":"Recenzje"}]},{"@type":"WebSite","@id":"https:\/\/playaviator.in\/pl\/#website","url":"https:\/\/playaviator.in\/pl\/","name":"Aviator Game","description":"","publisher":{"@id":"https:\/\/playaviator.in\/pl\/#organization"},"potentialAction":[{"@type":"SearchAction","target":{"@type":"EntryPoint","urlTemplate":"https:\/\/playaviator.in\/pl\/?s={search_term_string}"},"query-input":{"@type":"PropertyValueSpecification","valueRequired":true,"valueName":"search_term_string"}}],"inLanguage":"hu-HU"},{"@type":"Organization","@id":"https:\/\/playaviator.in\/pl\/#organization","name":"Aviator Game","url":"https:\/\/playaviator.in\/pl\/","logo":{"@type":"ImageObject","inLanguage":"hu-HU","@id":"https:\/\/playaviator.in\/pl\/#\/schema\/logo\/image\/","url":"https:\/\/playaviator.in\/wp-content\/uploads\/Aviator_logo-e1702848125368.png","contentUrl":"https:\/\/playaviator.in\/wp-content\/uploads\/Aviator_logo-e1702848125368.png","width":589,"height":156,"caption":"Aviator Game"},"image":{"@id":"https:\/\/playaviator.in\/pl\/#\/schema\/logo\/image\/"}}]}},"_links":{"self":[{"href":"https:\/\/playaviator.in\/hu\/wp-json\/wp\/v2\/pages\/9","targetHints":{"allow":["GET"]}}],"collection":[{"href":"https:\/\/playaviator.in\/hu\/wp-json\/wp\/v2\/pages"}],"about":[{"href":"https:\/\/playaviator.in\/hu\/wp-json\/wp\/v2\/types\/page"}],"author":[{"embeddable":true,"href":"https:\/\/playaviator.in\/hu\/wp-json\/wp\/v2\/users\/1"}],"replies":[{"embeddable":true,"href":"https:\/\/playaviator.in\/hu\/wp-json\/wp\/v2\/comments?post=9"}],"version-history":[{"count":27,"href":"https:\/\/playaviator.in\/hu\/wp-json\/wp\/v2\/pages\/9\/revisions"}],"predecessor-version":[{"id":163,"href":"https:\/\/playaviator.in\/hu\/wp-json\/wp\/v2\/pages\/9\/revisions\/163"}],"wp:attachment":[{"href":"https:\/\/playaviator.in\/hu\/wp-json\/wp\/v2\/media?parent=9"}],"curies":[{"name":"wp","href":"https:\/\/api.w.org\/{rel}","templated":true}]}}