{"id":7,"date":"2023-12-16T20:42:23","date_gmt":"2023-12-16T20:42:23","guid":{"rendered":"https:\/\/playaviator.in\/?page_id=7"},"modified":"2023-12-26T22:14:26","modified_gmt":"2023-12-26T22:14:26","slug":"home","status":"publish","type":"page","link":"https:\/\/playaviator.in\/hu\/","title":{"rendered":"H\u00f3d\u00edtsd meg az eget az Aviatorral: izgalmas j\u00e1t\u00e9kmenet, izgalmas fogad\u00e1sok \u00e9s nagy nyerem\u00e9nyek"},"content":{"rendered":"<p>A tr\u00e9lerj\u00e1t\u00e9k, az Aviator, egy egyszer\u0171 online grafikus j\u00e1t\u00e9k, amely az 1980-as \u00e9vek szellem\u00e9t id\u00e9zi. A j\u00e1t\u00e9k h\u00e1ttere fekete, \u00e9s a figyelem k\u00f6z\u00e9ppontj\u00e1ban a felsz\u00e1ll\u00f3 \u00e9s lesz\u00e1ll\u00f3 p\u00e1lya \u00e1ll egy vibr\u00e1l\u00f3 piros rep\u00fcl\u0151g\u00e9ppel. A j\u00e1t\u00e9k sor\u00e1n lehet\u0151s\u00e9g van k\u00e9t t\u00e9tet egyszerre elhelyezni. Ebben az Aviator-\u00e9rt\u00e9kel\u00e9sben r\u00e9szletesen kit\u00e9r\u00fcnk arra, hogyan lehet t\u00e9teket elhelyezni \u00e9s befejezni.<\/p>\n<p>Az Aviator szerencsej\u00e1t\u00e9kban a nyerem\u00e9nyeid att\u00f3l f\u00fcggnek, milyen magasra emelkedik a rep\u00fcl\u0151g\u00e9ped. Az el\u00e9rt magass\u00e1godnak megfelel\u0151en alkalmazott szorz\u00f3 a sikeres t\u00e9tedre. Fontos megjegyezni, hogy a siker a megfelel\u0151 pillanatban t\u00f6rt\u00e9n\u0151 meg\u00e1ll\u00e1s k\u00e9pess\u00e9g\u00e9t\u0151l f\u00fcgg, \u00e9s gyakran sz\u00fcks\u00e9ges a k\u00e9szp\u00e9nz gomb lenyom\u00e1sa, miel\u0151tt a rep\u00fcl\u0151g\u00e9p el\u00e9rn\u00e9 a maxim\u00e1lis magass\u00e1g\u00e1t. Az Aviator t\u00e9tjei lehet\u0151s\u00e9get ny\u00fajtanak a n\u00f6vekv\u0151 szorz\u00f3kb\u00f3l sz\u00e1rmaz\u00f3 nyeres\u00e9gek realiz\u00e1l\u00e1s\u00e1ra, ak\u00e1r x100-ig. M\u00e9g egy minim\u00e1lis, 1 doll\u00e1ros t\u00e9ttel is azonnal nyerhetsz 1000 doll\u00e1rt. Az Aviator platformja a Spribe \u00e1ltal m\u0171k\u00f6dtetett, \u00e9s megb\u00edzhat\u00f3 tisztess\u00e9gen alapul, biztos\u00edtva a p\u00e1rtatlans\u00e1got ezen a ter\u00fcleten. Azonban ne felejtsd el, hogy ha nem v\u00e1ltod be a nyerem\u00e9nyeidet a felsz\u00e1ll\u00e1s el\u0151tt, a t\u00e9t t\u00f6rl\u0151dik. Ez a j\u00e1t\u00e9k \u00e9rzelmek, kock\u00e1zat \u00e9s diadal kever\u00e9ke!<\/p>\n<h2>Hasznos tippek:<\/h2>\n<ul>\n<li>A rep\u00fcl\u0151g\u00e9p nyerem\u00e9ny\u00e9nek szorz\u00f3ja 1x-t\u0151l kezd\u0151dik, \u00e9s emelkedik, ahogyan a rep\u00fcl\u0151g\u00e9p emelkedik.<\/li>\n<li>A j\u00e1t\u00e9k bal oldal\u00e1n tal\u00e1lhat\u00f3 egy fogad\u00e1si panel, ahol nyomon k\u00f6vetheted m\u00e1s j\u00e1t\u00e9kosok cselekedeteit, nyerem\u00e9nyeiket vagy vesztes\u00e9geiket, \u00e9s l\u00e1thatod a t\u00f6bbi j\u00e1t\u00e9kos \u00e1ltal el\u00e9rt szorz\u00f3kat.<\/li>\n<li>A nyerem\u00e9nyeid a kifizet\u00e9s idej\u00e9n \u00e9rv\u00e9nyes koefficienst\u0151l f\u00fcggnek. Sz\u00e1mold ki a kifizet\u00e9st a koefficiensszel \u00e9s a t\u00e9ted m\u00e9ret\u00e9vel val\u00f3 szorz\u00e1s\u00e1val.<\/li>\n<li>A rep\u00fcl\u0151g\u00e9p felsz\u00e1ll\u00e1si sebess\u00e9ge egy tisztess\u00e9ges v\u00e9letlen sz\u00e1mgener\u00e1tor \u00e1ltal gener\u00e1lt koefficienst\u0151l f\u00fcgg, minden k\u00f6r el\u0151tt. Haszn\u00e1ld a j\u00e1t\u00e9k funkci\u00f3it az egyes k\u00f6r\u00f6k tisztess\u00e9g\u00e9nek ellen\u0151rz\u00e9s\u00e9hez.<\/li>\n<\/ul>\n<h2>Kifizet\u00e9s:<\/h2>\n<p>A fejleszt\u0151 szerint a kifizet\u00e9si koefficiens 97%, felt\u00e9telezve, hogy 100 k\u00f6r ut\u00e1n az Aviator Spribe kis rep\u00fcl\u0151g\u00e9pe a 0,00 koefficienssel indul el, ami lehetetlenn\u00e9 teszi a nyeres\u00e9g realiz\u00e1l\u00e1s\u00e1t. A koefficienseket minden k\u00f6rben a &#8222;Provably Fair&#8221; algoritmus seg\u00edts\u00e9g\u00e9vel gener\u00e1lj\u00e1k, teljes \u00e1tl\u00e1that\u00f3s\u00e1got biztos\u00edtva. Ez a kriptogr\u00e1fiai technol\u00f3gia garant\u00e1lja, hogy a koefficiensek nem az online kaszin\u00f3 szerverein gener\u00e1l\u00f3dnak.<\/p>\n<p>Az Aviator-ban a j\u00e1t\u00e9kbesz\u00e9lget\u00e9s fontos r\u00e9sze a j\u00e1t\u00e9kmenetnek, \u00e9s minden verzi\u00f3j\u00e1ban el\u00e9rhet\u0151:<\/p>\n<ul>\n<li>A webes v\u00e1ltozatban: A cseveg\u0151ablak a k\u00e9perny\u0151 jobb oldal\u00e1n tal\u00e1lhat\u00f3, ahol kapcsolatba l\u00e9phetsz m\u00e1s j\u00e1t\u00e9kosokkal, \u00e9s fontos \u00e9rtes\u00edt\u00e9seket kaphatsz a moder\u00e1torokt\u00f3l.<\/li>\n<li>A mobil v\u00e1ltozatban: Az \u00fczenetablak a k\u00e9perny\u0151 alj\u00e1n tal\u00e1lhat\u00f3.<\/li>\n<\/ul>\n<h3>A cseveg\u00e9s lehet\u0151s\u00e9get ny\u00fajt:<\/h3>\n<ul>\n<li>\u00dczenetek k\u00fcld\u00e9se minden j\u00e1t\u00e9kosnak a szob\u00e1ban.<\/li>\n<li>\u00c9rtes\u00edt\u00e9sek fogad\u00e1sa fontos esem\u00e9nyekr\u0151l.<\/li>\n<li>Inform\u00e1ci\u00f3k szerz\u00e9se m\u00e1s j\u00e1t\u00e9kosok cselekedeteir\u0151l.<\/li>\n<li>Probl\u00e9m\u00e1k bejelent\u00e9se a j\u00e1t\u00e9k sor\u00e1n.<\/li>\n<\/ul>\n<h2>Val\u00f3s idej\u0171 fogad\u00e1si statisztik\u00e1k:<\/h2>\n<p>Minden j\u00e1t\u00e9kos k\u00f6vetheti m\u00e1s r\u00e9sztvev\u0151k cselekedeteit \u00e9s siker\u00e9t. A j\u00e1t\u00e9k panel tartalmaz egy &#8222;Statisztika&#8221; szakaszt, amely mag\u00e1ban foglalja:<\/p>\n<ul>\n<li>A legut\u00f3bbi j\u00e1t\u00e9k idej\u00e9t.<\/li>\n<li>A gy\u0151ztes nev\u00e9t.<\/li>\n<li>A t\u00e9tm\u00e9ret\u00fcket.<\/li>\n<li>A koefficienst, amellyel j\u00e1tszottak.<\/li>\n<\/ul>\n<p>Az Aviator j\u00e1t\u00e9kban l\u00e9nyeges \u00f3vatoss\u00e1ggal \u00e9s okos t\u00e9tek elhelyez\u00e9s\u00e9vel kell j\u00e1tszani, miel\u0151tt a rep\u00fcl\u0151g\u00e9p el\u00e9rn\u00e9 a maxim\u00e1lis magass\u00e1g\u00e1t, hogy elker\u00fclj\u00fck a vesztes\u00e9geket. Azonban az okoskod\u00e1s \u00e9s az okos t\u00e9telemel\u00e9s gyakorl\u00e1s\u00e1val n\u00f6velheted a siker es\u00e9lyeit.<\/p>\n<h2>Aviator: Hogyan kell j\u00e1tszani?<\/h2>\n<p>Az &#8222;Aviator&#8221; j\u00e1t\u00e9kban a f\u0151 feladatod az, hogy helyezz el egy t\u00e9teket, \u00e9s v\u00e1ltasd ki azokat, miel\u0151tt a kis rep\u00fcl\u0151g\u00e9p el\u00e9rn\u00e9 maxim\u00e1lis sebess\u00e9g\u00e9t, hogy ig\u00e9nybe vehesd a nyerem\u00e9nyeidet. Ahogyan a rep\u00fcl\u0151g\u00e9p fokozatosan emelkedik, a szorz\u00f3 is n\u00f6vekszik, ak\u00e1r val\u00f3di p\u00e9nz\u00e9rt, ak\u00e1r a dem\u00f3 verzi\u00f3ban j\u00e1tszol.<\/p>\n<h3>Hogyan m\u0171k\u00f6dik a fogad\u00e1s az &#8222;Aviator&#8221; j\u00e1t\u00e9kban?<\/h3>\n<p>A j\u00e1t\u00e9k mechanizmusa rendk\u00edv\u00fcl egyszer\u0171. A v\u00e9letlen sz\u00e1mgener\u00e1tor meghat\u00e1rozza az eredm\u00e9nyeket, a j\u00e1t\u00e9kosok el\u0151sz\u00f6r t\u00e9teket helyeznek el, majd izgatottan figyelik, ahogy a rep\u00fcl\u0151g\u00e9p felsz\u00e1ll. Amint elt\u0171nik a l\u00e1t\u00f3mez\u0151b\u0151l, \u00e9s megjelenik a &#8222;Fly Away&#8221; felirat, a k\u00f6r befejez\u0151dik! Csak \u00f6t m\u00e1sodperc \u00e1ll rendelkez\u00e9sedre, hogy tippet tegy\u00e9l a k\u00f6rre az ind\u00edt\u00e1sa ut\u00e1n. Amikor a rep\u00fcl\u0151g\u00e9p felsz\u00e1ll, tippelhetsz a k\u00f6vetkez\u0151 k\u00f6rre. A jackpot \u00f6sszeg\u00e9t egy v\u00e9letlenszer\u0171 sz\u00e1mgener\u00e1tor hat\u00e1rozza meg, amely egy v\u00e9letlenszer\u0171 szorz\u00f3t hoz l\u00e9tre minden felsz\u00e1ll\u00e1s el\u0151tt. Az ilyen r\u00f6vid id\u0151 \u00e9s gyors szorz\u00f3k mellett minden m\u00e1sodperc sz\u00e1m\u00edt!<\/p>\n<p>Egy &#8222;Aviator&#8221; j\u00e1t\u00e9kk\u00f6rben val\u00f3 r\u00e9szv\u00e9telhez a j\u00e1t\u00e9kosnak be kell l\u00e9pnie a v\u00e1lasztott t\u00e9t \u00f6sszeg\u00e9t, majd megnyomnia a &#8222;Bet&#8221; gombot. \u00c9rdekess\u00e9g, hogy a felhaszn\u00e1l\u00f3 ak\u00e1r k\u00e9t t\u00e9tet is elhelyezhet egyszerre! Az &#8222;Aviator&#8221; j\u00e1t\u00e9kban az a feladatod, hogy nyerj az\u00e1ltal, hogy k\u00e9szp\u00e9nzre v\u00e1ltod a tippjeidet a legalkalmasabb pillanatban, \u00e9ppen a rep\u00fcl\u0151g\u00e9p felsz\u00e1ll\u00e1sa el\u0151tt. A legj\u00f6vedelmez\u0151bb strat\u00e9gia az, ha v\u00e1rsz, am\u00edg a szorz\u00f3 el\u00e9ri a maximum\u00e1t, maximaliz\u00e1lva ezzel a potenci\u00e1lis jutalmakat \u00e9s k\u00f6vetkez\u00e9sk\u00e9ppen a nyeres\u00e9gedet.<\/p>\n<h2>Hogyan lehet t\u00e9teket helyezni az &#8222;Aviator&#8221; j\u00e1t\u00e9kban?<\/h2>\n<p>Ahhoz, hogy val\u00f3di p\u00e9nzes t\u00e9teket helyezz el kedvenc j\u00e1t\u00e9kodban, el\u0151sz\u00f6r regisztr\u00e1lnod kell egy fi\u00f3kot a j\u00e1t\u00e9kplatformon, \u00e9s felt\u00f6ltened a szem\u00e9lyes banksz\u00e1ml\u00e1dat egy befizet\u00e9s l\u00e9trehoz\u00e1s\u00e1val. Ezeket a l\u00e9p\u00e9seket k\u00f6vet\u0151en k\u00e9szen \u00e1llsz magabiztosan t\u00e9tet elhelyezni!<\/p>\n<h3>T\u00e9t helyez\u00e9s\u00e9hez k\u00f6vesd ezeket a l\u00e9p\u00e9seket:<\/h3>\n<ul>\n<li>Jelentkezz be az online kaszin\u00f3 hivatalos oldal\u00e1ra, \u00e9s l\u00e9pj be a fi\u00f3kodba.<\/li>\n<li>Ind\u00edtsd el a j\u00e1t\u00e9kot a szok\u00e1sos slot m\u00f3dj\u00e1ban.<\/li>\n<li>Helyezz el egy l\u00e9p\u00e9st a v\u00e1lasztott \u00f6sszegeddel. Ez a cselekv\u00e9s a k\u00e9perny\u0151n tal\u00e1lhat\u00f3 megfelel\u0151 gombok seg\u00edts\u00e9g\u00e9vel t\u00f6rt\u00e9nik. Egy vagy k\u00e9t t\u00e9tet is elhelyezhetsz egyszerre, att\u00f3l f\u00fcgg\u0151en, hogy melyiket prefer\u00e1lod!<\/li>\n<\/ul>\n<h2>Kifizet\u00e9sek \u00e9s t\u00e9telhelyez\u00e9s<\/h2>\n<p>A t\u00e9tel elhelyez\u00e9s\u00e9hez egyszer\u0171en nyomd meg a &#8222;T\u00e9t&#8221; gombot. Egy m\u00e1sodik t\u00e9tet is hozz\u00e1adhatsz a panel jobb fels\u0151 sark\u00e1ban tal\u00e1lhat\u00f3 plusz ikonra kattintva. A nyerem\u00e9nyek kivon\u00e1s\u00e1hoz kattints a &#8222;Kivon\u00e1s&#8221; gombra. A p\u00e9nzt kivonhatod Visa k\u00e1rty\u00e1ra, e-p\u00e9nzt\u00e1rca vagy kriptovaluta sz\u00e1ml\u00e1ra.<\/p>\n<h2>Automatikus lej\u00e1tsz\u00e1s \u00e9s automatikus kivon\u00e1s<\/h2>\n<p>Az automatikus lej\u00e1tsz\u00e1s m\u00f3d aktiv\u00e1l\u00e1s\u00e1hoz kattints az &#8222;Automatikus t\u00e9t&#8221; gombra. Ezut\u00e1n a t\u00e9tek automatikusan elhelyez\u00e9sre ker\u00fclnek. Sz\u00fcks\u00e9g eset\u00e9n aktiv\u00e1lhat\u00f3 az automatikus kivon\u00e1s:<\/p>\n<ul>\n<li>Amikor az egyenleg egy meghat\u00e1rozott \u00f6sszeggel cs\u00f6kken.<\/li>\n<li>Ha az egyenleg egy bizonyos \u00f6sszeggel n\u0151.<\/li>\n<li>Amikor egy nyerem\u00e9ny egy bizonyos \u00f6sszeget meghalad.<\/li>\n<\/ul>\n<p>Ha az &#8222;Automatikus kivon\u00e1s&#8221; funkci\u00f3t enged\u00e9lyezed az &#8222;Aviator&#8221; j\u00e1t\u00e9k sor\u00e1n, a kifizet\u00e9si \u00f6sszeget akkor kapod meg a &#8222;Kivon\u00e1s&#8221; gombbal, amikor a rep\u00fcl\u0151g\u00e9p el\u00e9ri a megadott szorz\u00f3t.<\/p>\n<h2>A &#8222;Aviator&#8221; dem\u00f3 verzi\u00f3ja<\/h2>\n<p>Ahogyan b\u00e1rmely m\u00e1s kiv\u00e1l\u00f3 online j\u00e1t\u00e9kban, a &#8222;Aviator&#8221; dem\u00f3 verzi\u00f3j\u00e1ban k\u00e9nyelmesen j\u00e1tszhatsz, an\u00e9lk\u00fcl hogy p\u00e9nzt kock\u00e1ztatn\u00e1l. &#8222;Miel\u0151tt elkezden\u00e9d a val\u00f3di p\u00e9nz\u00e9rt val\u00f3 j\u00e1t\u00e9kot, er\u0151sen javasolt kipr\u00f3b\u00e1lni az &#8222;Aviator&#8221; dem\u00f3 m\u00f3dban. Ez lehet\u0151v\u00e9 teszi a j\u00e1t\u00e9kosoknak, hogy megismerj\u00e9k a j\u00e1t\u00e9k mechanizmus\u00e1t, meg\u00e9rts\u00e9k a j\u00e1t\u00e9k r\u00e9szleteit \u00e9s kialak\u00edts\u00e1k a fogad\u00e1si strat\u00e9gi\u00e1jukat, an\u00e9lk\u00fcl hogy val\u00f3di p\u00e9nzt kock\u00e1ztatn\u00e1nak. Ez jelent\u0151sen n\u00f6veli a siker es\u00e9lyeit, amikor val\u00f3di p\u00e9nz\u00e9rt j\u00e1tszanak.&#8221;<\/p>\n<p>Mind\u00f6ssze annyit kell tenned, hogy v\u00e1lasztod a &#8222;J\u00e1tssz sz\u00f3rakoz\u00e1sb\u00f3l&#8221; opci\u00f3t, \u00e9s a j\u00e1t\u00e9k megny\u00edlik \u2014 azonos a val\u00f3di &#8222;Aviator&#8221; j\u00e1t\u00e9kkal. Term\u00e9szetesen az &#8222;Aviator&#8221; dem\u00f3 verzi\u00f3ja lehet\u0151v\u00e9 teszi a $3,000 \u00e9rt\u00e9k\u0171 krediten val\u00f3 j\u00e1t\u00e9kot, amit mindig vissza\u00e1ll\u00edthatsz.<\/p>\n<h2>Hogyan j\u00e1tssz \u00e9s nyerj az &#8222;Aviator&#8221;-ban?<\/h2>\n<p>Ha tudni szeretn\u00e9d, hogyan nyerj az &#8222;Aviator&#8221;-ban, aj\u00e1nlott hat\u00e9kony j\u00e1t\u00e9kstrat\u00e9gi\u00e1t kialak\u00edtani \u00e9s szigor\u00faan betartani azt. Ne felejtsd el megismerkedni a slot g\u00e9p szab\u00e1lyaival \u00e9s mechanizmus\u00e1val a j\u00e1t\u00e9k kezdete el\u0151tt \u2014 a tud\u00e1s itt lesz a f\u0151 el\u0151ny\u00f6d. Ha ellen\u00e1llsz a k\u00eds\u00e9rt\u00e9snek a j\u00e1t\u00e9k sor\u00e1n, az es\u00e9lyeid \u00e9les emelkedni fognak!<\/p>\n<h3>Tippek \u00e9s aj\u00e1nl\u00e1sok az &#8222;Aviator&#8221;-hoz<\/h3>\n<p>Term\u00e9szetesen vannak olyan dolgok, amiket tehetsz annak \u00e9rdek\u00e9ben, hogy n\u00f6veld a siker es\u00e9lyeit.<\/p>\n<ol>\n<li>El\u0151sz\u00f6r is, ismerkedj meg a j\u00e1t\u00e9kkal a dem\u00f3 verzi\u00f3ban. \u00cdgy semmit sem kock\u00e1zatsz kezdetben, \u00e9s megismerheted a j\u00e1t\u00e9k mechanizmus\u00e1t.<\/li>\n<li>Keresd meg az egyens\u00falyt a kock\u00e1zat \u00e9s a potenci\u00e1lis nyeres\u00e9g k\u00f6z\u00f6tt. Min\u00e9l magasabb a szorz\u00f3, ann\u00e1l nagyobb a potenci\u00e1lis nyerem\u00e9ny. Azonban a nyer\u00e9s es\u00e9lye is cs\u00f6kken.<\/li>\n<li>Helyezz el okosan fogad\u00e1sokat, \u00e9s ker\u00fcld a kapzsis\u00e1got. Jobb \u00f3vatosan j\u00e1tszani \u00e9s kisebb nyeres\u00e9geket kapni, mint mindent kock\u00e1ztatva elvesz\u00edteni.<\/li>\n<li>V\u00e9g\u00fcl, gy\u0151z\u0151dj meg r\u00f3la, hogy stabil internetkapcsolatod van. Egy megb\u00edzhat\u00f3 kapcsolat elengedhetetlen, hogy a j\u00e1t\u00e9k ne fagyjon le k\u00f6zben, \u00e9s teljes m\u00e9rt\u00e9kben \u00e9lvezhesd a j\u00e1t\u00e9k folyamat\u00e1t.<\/li>\n<\/ol>\n<p>Az &#8222;Aviator&#8221; egy egyszer\u0171 \u00e9s lebilincsel\u0151 j\u00e1t\u00e9k, ami mindenkit meg tud ragadni. J\u00e1tssz val\u00f3di p\u00e9nz\u00e9rt vagy dem\u00f3 m\u00f3dban; a j\u00e1t\u00e9k biztosan sok \u00f3r\u00e1nyi sz\u00f3rakoz\u00e1st ny\u00fajt majd neked.<\/p>\n","protected":false},"excerpt":{"rendered":"<p>A tr\u00e9lerj\u00e1t\u00e9k, az Aviator, egy egyszer\u0171 online grafikus j\u00e1t\u00e9k, amely az 1980-as \u00e9vek szellem\u00e9t id\u00e9zi. A j\u00e1t\u00e9k h\u00e1ttere fekete, \u00e9s a figyelem k\u00f6z\u00e9ppontj\u00e1ban a felsz\u00e1ll\u00f3 \u00e9s lesz\u00e1ll\u00f3 p\u00e1lya \u00e1ll egy vibr\u00e1l\u00f3 piros rep\u00fcl\u0151g\u00e9ppel. A j\u00e1t\u00e9k sor\u00e1n lehet\u0151s\u00e9g van k\u00e9t t\u00e9tet egyszerre elhelyezni. Ebben az Aviator-\u00e9rt\u00e9kel\u00e9sben r\u00e9szletesen kit\u00e9r\u00fcnk arra, hogyan lehet t\u00e9teket elhelyezni \u00e9s befejezni. Az [&hellip;]<\/p>\n","protected":false},"author":1,"featured_media":0,"parent":0,"menu_order":0,"comment_status":"closed","ping_status":"closed","template":"","meta":{"footnotes":""},"class_list":["post-7","page","type-page","status-publish","hentry"],"yoast_head":"<!-- This site is optimized with the Yoast SEO plugin v27.2 - https:\/\/yoast.com\/product\/yoast-seo-wordpress\/ -->\n<title>Podbij niebo z Aviatorem: Ekscytuj\u0105ce zak\u0142ady i adrenalina<\/title>\n<meta name=\"description\" content=\"Fedezze fel a szerencsej\u00e1t\u00e9k vil\u00e1g\u00e1t az Aviatorral! Egyed\u00fcl\u00e1ll\u00f3 \u00fctk\u00f6z\u0151j\u00e1t\u00e9k egy online kaszin\u00f3ban. Vegyen kock\u00e1zatot, tegye meg a fogad\u00e1sait, \u00e9s gy\u0151zze le! Csatlakozzon \u00e9s \u00e9rezze meg az izgalmat!\" \/>\n<meta name=\"robots\" content=\"index, follow, max-snippet:-1, max-image-preview:large, max-video-preview:-1\" \/>\n<link rel=\"canonical\" href=\"https:\/\/playaviator.in\/hu\/\" \/>\n<meta property=\"og:locale\" content=\"hu_HU\" \/>\n<meta property=\"og:locale:alternate\" content=\"en_US\" \/>\n<meta property=\"og:locale:alternate\" content=\"ru_RU\" \/>\n<meta property=\"og:locale:alternate\" content=\"pt_PT\" \/>\n<meta property=\"og:locale:alternate\" content=\"es_ES\" \/>\n<meta property=\"og:locale:alternate\" content=\"ro_RO\" \/>\n<meta property=\"og:locale:alternate\" content=\"sr_RS\" \/>\n<meta property=\"og:locale:alternate\" content=\"bg_BG\" \/>\n<meta property=\"og:locale:alternate\" content=\"pl_PL\" \/>\n<meta property=\"og:locale:alternate\" content=\"el\" \/>\n<meta property=\"og:locale:alternate\" content=\"tr_TR\" \/>\n<meta property=\"og:type\" content=\"article\" \/>\n<meta property=\"og:title\" content=\"Podbij niebo z Aviatorem: Ekscytuj\u0105ce zak\u0142ady i adrenalina\" \/>\n<meta property=\"og:description\" content=\"Odkryj \u015bwiat hazardu z Aviatorem! Wyj\u0105tkowa gra w wypadki w kasynie online. Ryzykuj, stawiaj zak\u0142ady i zwyci\u0119\u017caj! Do\u0142\u0105cz i poczuj emocje!\" \/>\n<meta property=\"og:url\" content=\"https:\/\/playaviator.in\/hu\/\" \/>\n<meta property=\"og:site_name\" content=\"Aviator Game\" \/>\n<meta property=\"article:modified_time\" content=\"2023-12-26T22:14:26+00:00\" \/>\n<meta name=\"twitter:card\" content=\"summary_large_image\" \/>\n<meta name=\"twitter:label1\" content=\"Becs\u00fclt olvas\u00e1si id\u0151\" \/>\n\t<meta name=\"twitter:data1\" content=\"54 perc\" \/>\n<script type=\"application\/ld+json\" class=\"yoast-schema-graph\">{\"@context\":\"https:\/\/schema.org\",\"@graph\":[{\"@type\":\"WebPage\",\"@id\":\"https:\/\/playaviator.in\/pl\/\",\"url\":\"https:\/\/playaviator.in\/pl\/\",\"name\":\"Podbij niebo z Aviatorem: Ekscytuj\u0105ce zak\u0142ady i adrenalina\",\"isPartOf\":{\"@id\":\"https:\/\/playaviator.in\/pl\/#website\"},\"datePublished\":\"2023-12-16T20:42:23+00:00\",\"dateModified\":\"2023-12-26T22:14:26+00:00\",\"description\":\"Odkryj \u015bwiat hazardu z Aviatorem! Wyj\u0105tkowa gra w wypadki w kasynie online. Ryzykuj, stawiaj zak\u0142ady i zwyci\u0119\u017caj! Do\u0142\u0105cz i poczuj emocje!\",\"breadcrumb\":{\"@id\":\"https:\/\/playaviator.in\/pl\/#breadcrumb\"},\"inLanguage\":\"hu-HU\",\"potentialAction\":[{\"@type\":\"ReadAction\",\"target\":[\"https:\/\/playaviator.in\/pl\/\"]}]},{\"@type\":\"BreadcrumbList\",\"@id\":\"https:\/\/playaviator.in\/pl\/#breadcrumb\",\"itemListElement\":[{\"@type\":\"ListItem\",\"position\":1,\"name\":\"Home\",\"item\":\"https:\/\/playaviator.in\/pl\/\"},{\"@type\":\"ListItem\",\"position\":2,\"name\":\"Zdobywaj niebo z Aviatorem: ekscytuj\u0105ca rozgrywka, fascynuj\u0105ce zak\u0142ady i du\u017ce wygrane\"}]},{\"@type\":\"WebSite\",\"@id\":\"https:\/\/playaviator.in\/pl\/#website\",\"url\":\"https:\/\/playaviator.in\/pl\/\",\"name\":\"Aviator Game\",\"description\":\"\",\"publisher\":{\"@id\":\"https:\/\/playaviator.in\/pl\/#organization\"},\"potentialAction\":[{\"@type\":\"SearchAction\",\"target\":{\"@type\":\"EntryPoint\",\"urlTemplate\":\"https:\/\/playaviator.in\/pl\/?s={search_term_string}\"},\"query-input\":{\"@type\":\"PropertyValueSpecification\",\"valueRequired\":true,\"valueName\":\"search_term_string\"}}],\"inLanguage\":\"hu-HU\"},{\"@type\":\"Organization\",\"@id\":\"https:\/\/playaviator.in\/pl\/#organization\",\"name\":\"Aviator Game\",\"url\":\"https:\/\/playaviator.in\/pl\/\",\"logo\":{\"@type\":\"ImageObject\",\"inLanguage\":\"hu-HU\",\"@id\":\"https:\/\/playaviator.in\/pl\/#\/schema\/logo\/image\/\",\"url\":\"https:\/\/playaviator.in\/wp-content\/uploads\/Aviator_logo-e1702848125368.png\",\"contentUrl\":\"https:\/\/playaviator.in\/wp-content\/uploads\/Aviator_logo-e1702848125368.png\",\"width\":589,\"height\":156,\"caption\":\"Aviator Game\"},\"image\":{\"@id\":\"https:\/\/playaviator.in\/pl\/#\/schema\/logo\/image\/\"}}]}<\/script>\n<!-- \/ Yoast SEO plugin. -->","yoast_head_json":{"title":"Podbij niebo z Aviatorem: Ekscytuj\u0105ce zak\u0142ady i adrenalina","description":"Fedezze fel a szerencsej\u00e1t\u00e9k vil\u00e1g\u00e1t az Aviatorral! Egyed\u00fcl\u00e1ll\u00f3 \u00fctk\u00f6z\u0151j\u00e1t\u00e9k egy online kaszin\u00f3ban. Vegyen kock\u00e1zatot, tegye meg a fogad\u00e1sait, \u00e9s gy\u0151zze le! Csatlakozzon \u00e9s \u00e9rezze meg az izgalmat!","robots":{"index":"index","follow":"follow","max-snippet":"max-snippet:-1","max-image-preview":"max-image-preview:large","max-video-preview":"max-video-preview:-1"},"canonical":"https:\/\/playaviator.in\/hu\/","og_locale":"hu_HU","og_type":"article","og_title":"Podbij niebo z Aviatorem: Ekscytuj\u0105ce zak\u0142ady i adrenalina","og_description":"Odkryj \u015bwiat hazardu z Aviatorem! Wyj\u0105tkowa gra w wypadki w kasynie online. Ryzykuj, stawiaj zak\u0142ady i zwyci\u0119\u017caj! Do\u0142\u0105cz i poczuj emocje!","og_url":"https:\/\/playaviator.in\/hu\/","og_site_name":"Aviator Game","article_modified_time":"2023-12-26T22:14:26+00:00","twitter_card":"summary_large_image","twitter_misc":{"Becs\u00fclt olvas\u00e1si id\u0151":"54 perc"},"schema":{"@context":"https:\/\/schema.org","@graph":[{"@type":"WebPage","@id":"https:\/\/playaviator.in\/pl\/","url":"https:\/\/playaviator.in\/pl\/","name":"Podbij niebo z Aviatorem: Ekscytuj\u0105ce zak\u0142ady i adrenalina","isPartOf":{"@id":"https:\/\/playaviator.in\/pl\/#website"},"datePublished":"2023-12-16T20:42:23+00:00","dateModified":"2023-12-26T22:14:26+00:00","description":"Odkryj \u015bwiat hazardu z Aviatorem! Wyj\u0105tkowa gra w wypadki w kasynie online. Ryzykuj, stawiaj zak\u0142ady i zwyci\u0119\u017caj! Do\u0142\u0105cz i poczuj emocje!","breadcrumb":{"@id":"https:\/\/playaviator.in\/pl\/#breadcrumb"},"inLanguage":"hu-HU","potentialAction":[{"@type":"ReadAction","target":["https:\/\/playaviator.in\/pl\/"]}]},{"@type":"BreadcrumbList","@id":"https:\/\/playaviator.in\/pl\/#breadcrumb","itemListElement":[{"@type":"ListItem","position":1,"name":"Home","item":"https:\/\/playaviator.in\/pl\/"},{"@type":"ListItem","position":2,"name":"Zdobywaj niebo z Aviatorem: ekscytuj\u0105ca rozgrywka, fascynuj\u0105ce zak\u0142ady i du\u017ce wygrane"}]},{"@type":"WebSite","@id":"https:\/\/playaviator.in\/pl\/#website","url":"https:\/\/playaviator.in\/pl\/","name":"Aviator Game","description":"","publisher":{"@id":"https:\/\/playaviator.in\/pl\/#organization"},"potentialAction":[{"@type":"SearchAction","target":{"@type":"EntryPoint","urlTemplate":"https:\/\/playaviator.in\/pl\/?s={search_term_string}"},"query-input":{"@type":"PropertyValueSpecification","valueRequired":true,"valueName":"search_term_string"}}],"inLanguage":"hu-HU"},{"@type":"Organization","@id":"https:\/\/playaviator.in\/pl\/#organization","name":"Aviator Game","url":"https:\/\/playaviator.in\/pl\/","logo":{"@type":"ImageObject","inLanguage":"hu-HU","@id":"https:\/\/playaviator.in\/pl\/#\/schema\/logo\/image\/","url":"https:\/\/playaviator.in\/wp-content\/uploads\/Aviator_logo-e1702848125368.png","contentUrl":"https:\/\/playaviator.in\/wp-content\/uploads\/Aviator_logo-e1702848125368.png","width":589,"height":156,"caption":"Aviator Game"},"image":{"@id":"https:\/\/playaviator.in\/pl\/#\/schema\/logo\/image\/"}}]}},"_links":{"self":[{"href":"https:\/\/playaviator.in\/hu\/wp-json\/wp\/v2\/pages\/7","targetHints":{"allow":["GET"]}}],"collection":[{"href":"https:\/\/playaviator.in\/hu\/wp-json\/wp\/v2\/pages"}],"about":[{"href":"https:\/\/playaviator.in\/hu\/wp-json\/wp\/v2\/types\/page"}],"author":[{"embeddable":true,"href":"https:\/\/playaviator.in\/hu\/wp-json\/wp\/v2\/users\/1"}],"replies":[{"embeddable":true,"href":"https:\/\/playaviator.in\/hu\/wp-json\/wp\/v2\/comments?post=7"}],"version-history":[{"count":35,"href":"https:\/\/playaviator.in\/hu\/wp-json\/wp\/v2\/pages\/7\/revisions"}],"predecessor-version":[{"id":147,"href":"https:\/\/playaviator.in\/hu\/wp-json\/wp\/v2\/pages\/7\/revisions\/147"}],"wp:attachment":[{"href":"https:\/\/playaviator.in\/hu\/wp-json\/wp\/v2\/media?parent=7"}],"curies":[{"name":"wp","href":"https:\/\/api.w.org\/{rel}","templated":true}]}}