{"id":5,"date":"2023-12-16T19:56:11","date_gmt":"2023-12-16T19:56:11","guid":{"rendered":"https:\/\/playaviator.in\/?page_id=5"},"modified":"2023-12-26T22:17:09","modified_gmt":"2023-12-26T22:17:09","slug":"faq-aviator-game","status":"publish","type":"page","link":"https:\/\/playaviator.in\/hu\/faq-aviator-game\/","title":{"rendered":"FAQ"},"content":{"rendered":"<h3>Hogyan nyerj\u00fcnk sok p\u00e9nzt az Aviator j\u00e1t\u00e9kban?<\/h3>\n<p>Ehhez a k\u00e9rd\u00e9shez nincs univerz\u00e1lis v\u00e1lasz. Az Aviator j\u00e1t\u00e9kban szerezhet\u00fcnk jelent\u0151s \u00f6sszeget tapasztalatunk \u00e9s szerencs\u00e9nk f\u00fcggv\u00e9ny\u00e9ben. Fontos azonban megjegyezni, hogy minden szerencsej\u00e1t\u00e9k bizonyos kock\u00e1zattal j\u00e1r. Az \u00f6sszes a Aviator j\u00e1t\u00e9khoz kapcsol\u00f3d\u00f3 kock\u00e1zat meg\u00e9rt\u00e9se kritikus fontoss\u00e1g\u00fa.<\/p>\n<h3>Lehet-e ingyen j\u00e1tszani az Aviator j\u00e1t\u00e9kot?<\/h3>\n<p>Igen, ingyen j\u00e1tszhat az Aviator j\u00e1t\u00e9kban a dem\u00f3 m\u00f3dban. Ez lehet\u0151v\u00e9 teszi, hogy megismerkedjen a j\u00e1t\u00e9kkal an\u00e9lk\u00fcl, hogy p\u00e9nzt inveszt\u00e1lna.<\/p>\n<h3>Lehet-e p\u00e9nzt nyerni az Aviator j\u00e1t\u00e9kban?<\/h3>\n<p>Igen, nyerhetsz val\u00f3di p\u00e9nzt az Aviator j\u00e1t\u00e9kban. Azonban ezzel j\u00e1r egy kock\u00e1zat, ahogyan minden szerencsej\u00e1t\u00e9k tev\u00e9kenys\u00e9ggel. Fontos tudat\u00e1ban lenni az Aviator j\u00e1t\u00e9k j\u00e1rhat\u00f3 kock\u00e1zatoknak, ha val\u00f3di p\u00e9nzt szeretn\u00e9l nyerni.<\/p>\n<h3>Hogyan j\u00e1tszhatom az &#8222;Aviator&#8221; j\u00e1t\u00e9kot online?<\/h3>\n<p>Az Aviator j\u00e1t\u00e9khoz l\u00e9trehozhatsz egy fi\u00f3kot weboldalunkon szerepl\u0151 kaszin\u00f3k egyik\u00e9ben. Miut\u00e1n regisztr\u00e1lt\u00e1l, kiv\u00e1laszthatod a j\u00e1t\u00e9kot a el\u00e9rhet\u0151 lehet\u0151s\u00e9gek list\u00e1j\u00e1r\u00f3l.<\/p>\n<h3>Hogyan tudom felt\u00f6lteni a sz\u00e1ml\u00e1mat az Aviator j\u00e1t\u00e9kban?<\/h3>\n<p>Sz\u00e1mos m\u00f3dja van a sz\u00e1mla felt\u00f6lt\u00e9s\u00e9nek az Aviator j\u00e1t\u00e9kban. Az egyik lehet\u0151s\u00e9g a hitelk\u00e1rtya haszn\u00e1lata. Egy\u00e9b opci\u00f3 lehet az elektronikus p\u00e9nzt\u00e1rca, p\u00e9ld\u00e1ul a Skrill vagy PayPal.<\/p>\n<h3>Lehet-e megj\u00f3solni az Aviator j\u00e1t\u00e9k kimenetel\u00e9t?<\/h3>\n<p>Az Aviator j\u00e1t\u00e9k kimenetel\u00e9t lehetetlen megj\u00f3solni. Ez\u00e9rt fontos tudat\u00e1ban lenni a j\u00e1t\u00e9khoz kapcsol\u00f3d\u00f3 kock\u00e1zatoknak, ha p\u00e9nzt szeretn\u00e9l nyerni.<\/p>\n<h3>Mi a minim\u00e1lis t\u00e9t az Aviator j\u00e1t\u00e9kban?<\/h3>\n<p>Az Aviator j\u00e1t\u00e9kban a minim\u00e1lis t\u00e9t 1 cent.<\/p>\n<h3>Mi a maxim\u00e1lis t\u00e9t, amit el lehet helyezni az Aviator j\u00e1t\u00e9kban?<\/h3>\n<p>Az Aviator j\u00e1t\u00e9kban a maxim\u00e1lis t\u00e9t 100 doll\u00e1r.<\/p>\n<h3>Mi a RTP az Aviator j\u00e1t\u00e9kban?<\/h3>\n<p>Az Aviator j\u00e1t\u00e9k RTP-je (Visszat\u00e9r\u00e9s a J\u00e1t\u00e9koshoz) 95 sz\u00e1zal\u00e9k.<\/p>\n","protected":false},"excerpt":{"rendered":"<p>Hogyan nyerj\u00fcnk sok p\u00e9nzt az Aviator j\u00e1t\u00e9kban? Ehhez a k\u00e9rd\u00e9shez nincs univerz\u00e1lis v\u00e1lasz. Az Aviator j\u00e1t\u00e9kban szerezhet\u00fcnk jelent\u0151s \u00f6sszeget tapasztalatunk \u00e9s szerencs\u00e9nk f\u00fcggv\u00e9ny\u00e9ben. Fontos azonban megjegyezni, hogy minden szerencsej\u00e1t\u00e9k bizonyos kock\u00e1zattal j\u00e1r. Az \u00f6sszes a Aviator j\u00e1t\u00e9khoz kapcsol\u00f3d\u00f3 kock\u00e1zat meg\u00e9rt\u00e9se kritikus fontoss\u00e1g\u00fa. Lehet-e ingyen j\u00e1tszani az Aviator j\u00e1t\u00e9kot? Igen, ingyen j\u00e1tszhat az Aviator j\u00e1t\u00e9kban a [&hellip;]<\/p>\n","protected":false},"author":1,"featured_media":0,"parent":0,"menu_order":0,"comment_status":"closed","ping_status":"closed","template":"","meta":{"footnotes":""},"class_list":["post-5","page","type-page","status-publish","hentry"],"yoast_head":"<!-- This site is optimized with the Yoast SEO plugin v27.2 - https:\/\/yoast.com\/product\/yoast-seo-wordpress\/ -->\n<title>\u03a3\u03c5\u03c7\u03bd\u03ad\u03c2 \u0395\u03c1\u03c9\u03c4\u03ae\u03c3\u03b5\u03b9\u03c2 \u03b3\u03b9\u03b1 \u03c4\u03bf online \u03c0\u03b1\u03b9\u03c7\u03bd\u03af\u03b4\u03b9 \u03ba\u03b1\u03c4\u03b1\u03c1\u03c1\u03bf\u03ae\u03c2 Aviator<\/title>\n<meta name=\"description\" content=\"Keres v\u00e1laszokat? A GYIK r\u00e9szben bemutatjuk az Aviator szab\u00e1lyait, strat\u00e9gi\u00e1it \u00e9s funkci\u00f3it. Tanulja meg mindazt, amire sz\u00fcks\u00e9ge van a sikeres j\u00e1t\u00e9khoz!\" \/>\n<meta name=\"robots\" content=\"index, follow, max-snippet:-1, max-image-preview:large, max-video-preview:-1\" \/>\n<link rel=\"canonical\" href=\"https:\/\/playaviator.in\/hu\/faq-aviator-game\/\" \/>\n<meta property=\"og:locale\" content=\"hu_HU\" \/>\n<meta property=\"og:locale:alternate\" content=\"en_US\" \/>\n<meta property=\"og:locale:alternate\" content=\"ru_RU\" \/>\n<meta property=\"og:locale:alternate\" content=\"pt_PT\" \/>\n<meta property=\"og:locale:alternate\" content=\"es_ES\" \/>\n<meta property=\"og:locale:alternate\" content=\"ro_RO\" \/>\n<meta property=\"og:locale:alternate\" content=\"sr_RS\" \/>\n<meta property=\"og:locale:alternate\" content=\"bg_BG\" \/>\n<meta property=\"og:locale:alternate\" content=\"pl_PL\" \/>\n<meta property=\"og:locale:alternate\" content=\"el\" \/>\n<meta property=\"og:locale:alternate\" content=\"tr_TR\" \/>\n<meta property=\"og:type\" content=\"article\" \/>\n<meta property=\"og:title\" content=\"\u03a3\u03c5\u03c7\u03bd\u03ad\u03c2 \u0395\u03c1\u03c9\u03c4\u03ae\u03c3\u03b5\u03b9\u03c2 \u03b3\u03b9\u03b1 \u03c4\u03bf online \u03c0\u03b1\u03b9\u03c7\u03bd\u03af\u03b4\u03b9 \u03ba\u03b1\u03c4\u03b1\u03c1\u03c1\u03bf\u03ae\u03c2 Aviator\" \/>\n<meta property=\"og:description\" content=\"\u03a8\u03ac\u03c7\u03bd\u03b5\u03c4\u03b5 \u03b1\u03c0\u03b1\u03bd\u03c4\u03ae\u03c3\u03b5\u03b9\u03c2; \u03a3\u03c4\u03bf \u03c4\u03bc\u03ae\u03bc\u03b1 \u03a3\u03c5\u03c7\u03bd\u03ce\u03bd \u0395\u03c1\u03c9\u03c4\u03ae\u03c3\u03b5\u03c9\u03bd, \u03b8\u03b1 \u03ba\u03b1\u03bb\u03cd\u03c8\u03bf\u03c5\u03bc\u03b5 \u03c4\u03bf\u03c5\u03c2 \u03ba\u03b1\u03bd\u03cc\u03bd\u03b5\u03c2, \u03c4\u03b9\u03c2 \u03c3\u03c4\u03c1\u03b1\u03c4\u03b7\u03b3\u03b9\u03ba\u03ad\u03c2 \u03ba\u03b1\u03b9 \u03c4\u03b1 \u03c7\u03b1\u03c1\u03b1\u03ba\u03c4\u03b7\u03c1\u03b9\u03c3\u03c4\u03b9\u03ba\u03ac \u03c4\u03bf\u03c5 Aviator. \u039c\u03ac\u03b8\u03b5\u03c4\u03b5 \u03c4\u03b1 \u03c0\u03ac\u03bd\u03c4\u03b1 \u03b3\u03b9\u03b1 \u03bd\u03b1 \u03c0\u03b1\u03af\u03be\u03b5\u03c4\u03b5 \u03bc\u03b5 \u03b5\u03c0\u03b9\u03c4\u03c5\u03c7\u03af\u03b1!\" \/>\n<meta property=\"og:url\" content=\"https:\/\/playaviator.in\/hu\/faq-aviator-game\/\" \/>\n<meta property=\"og:site_name\" content=\"Aviator Game\" \/>\n<meta property=\"article:modified_time\" content=\"2023-12-26T22:17:09+00:00\" \/>\n<meta name=\"twitter:card\" content=\"summary_large_image\" \/>\n<meta name=\"twitter:label1\" content=\"Becs\u00fclt olvas\u00e1si id\u0151\" \/>\n\t<meta name=\"twitter:data1\" content=\"11 perc\" \/>\n<script type=\"application\/ld+json\" class=\"yoast-schema-graph\">{\"@context\":\"https:\/\/schema.org\",\"@graph\":[{\"@type\":\"WebPage\",\"@id\":\"https:\/\/playaviator.in\/el\/faq-aviator-game\/\",\"url\":\"https:\/\/playaviator.in\/el\/faq-aviator-game\/\",\"name\":\"\u03a3\u03c5\u03c7\u03bd\u03ad\u03c2 \u0395\u03c1\u03c9\u03c4\u03ae\u03c3\u03b5\u03b9\u03c2 \u03b3\u03b9\u03b1 \u03c4\u03bf online \u03c0\u03b1\u03b9\u03c7\u03bd\u03af\u03b4\u03b9 \u03ba\u03b1\u03c4\u03b1\u03c1\u03c1\u03bf\u03ae\u03c2 Aviator\",\"isPartOf\":{\"@id\":\"https:\/\/playaviator.in\/pl\/#website\"},\"datePublished\":\"2023-12-16T19:56:11+00:00\",\"dateModified\":\"2023-12-26T22:17:09+00:00\",\"description\":\"\u03a8\u03ac\u03c7\u03bd\u03b5\u03c4\u03b5 \u03b1\u03c0\u03b1\u03bd\u03c4\u03ae\u03c3\u03b5\u03b9\u03c2; \u03a3\u03c4\u03bf \u03c4\u03bc\u03ae\u03bc\u03b1 \u03a3\u03c5\u03c7\u03bd\u03ce\u03bd \u0395\u03c1\u03c9\u03c4\u03ae\u03c3\u03b5\u03c9\u03bd, \u03b8\u03b1 \u03ba\u03b1\u03bb\u03cd\u03c8\u03bf\u03c5\u03bc\u03b5 \u03c4\u03bf\u03c5\u03c2 \u03ba\u03b1\u03bd\u03cc\u03bd\u03b5\u03c2, \u03c4\u03b9\u03c2 \u03c3\u03c4\u03c1\u03b1\u03c4\u03b7\u03b3\u03b9\u03ba\u03ad\u03c2 \u03ba\u03b1\u03b9 \u03c4\u03b1 \u03c7\u03b1\u03c1\u03b1\u03ba\u03c4\u03b7\u03c1\u03b9\u03c3\u03c4\u03b9\u03ba\u03ac \u03c4\u03bf\u03c5 Aviator. \u039c\u03ac\u03b8\u03b5\u03c4\u03b5 \u03c4\u03b1 \u03c0\u03ac\u03bd\u03c4\u03b1 \u03b3\u03b9\u03b1 \u03bd\u03b1 \u03c0\u03b1\u03af\u03be\u03b5\u03c4\u03b5 \u03bc\u03b5 \u03b5\u03c0\u03b9\u03c4\u03c5\u03c7\u03af\u03b1!\",\"breadcrumb\":{\"@id\":\"https:\/\/playaviator.in\/el\/faq-aviator-game\/#breadcrumb\"},\"inLanguage\":\"hu-HU\",\"potentialAction\":[{\"@type\":\"ReadAction\",\"target\":[\"https:\/\/playaviator.in\/el\/faq-aviator-game\/\"]}]},{\"@type\":\"BreadcrumbList\",\"@id\":\"https:\/\/playaviator.in\/el\/faq-aviator-game\/#breadcrumb\",\"itemListElement\":[{\"@type\":\"ListItem\",\"position\":1,\"name\":\"Home\",\"item\":\"https:\/\/playaviator.in\/pl\/\"},{\"@type\":\"ListItem\",\"position\":2,\"name\":\"FAQ\"}]},{\"@type\":\"WebSite\",\"@id\":\"https:\/\/playaviator.in\/pl\/#website\",\"url\":\"https:\/\/playaviator.in\/pl\/\",\"name\":\"Aviator Game\",\"description\":\"\",\"publisher\":{\"@id\":\"https:\/\/playaviator.in\/pl\/#organization\"},\"potentialAction\":[{\"@type\":\"SearchAction\",\"target\":{\"@type\":\"EntryPoint\",\"urlTemplate\":\"https:\/\/playaviator.in\/pl\/?s={search_term_string}\"},\"query-input\":{\"@type\":\"PropertyValueSpecification\",\"valueRequired\":true,\"valueName\":\"search_term_string\"}}],\"inLanguage\":\"hu-HU\"},{\"@type\":\"Organization\",\"@id\":\"https:\/\/playaviator.in\/pl\/#organization\",\"name\":\"Aviator Game\",\"url\":\"https:\/\/playaviator.in\/pl\/\",\"logo\":{\"@type\":\"ImageObject\",\"inLanguage\":\"hu-HU\",\"@id\":\"https:\/\/playaviator.in\/pl\/#\/schema\/logo\/image\/\",\"url\":\"https:\/\/playaviator.in\/wp-content\/uploads\/Aviator_logo-e1702848125368.png\",\"contentUrl\":\"https:\/\/playaviator.in\/wp-content\/uploads\/Aviator_logo-e1702848125368.png\",\"width\":589,\"height\":156,\"caption\":\"Aviator Game\"},\"image\":{\"@id\":\"https:\/\/playaviator.in\/pl\/#\/schema\/logo\/image\/\"}}]}<\/script>\n<!-- \/ Yoast SEO plugin. -->","yoast_head_json":{"title":"\u03a3\u03c5\u03c7\u03bd\u03ad\u03c2 \u0395\u03c1\u03c9\u03c4\u03ae\u03c3\u03b5\u03b9\u03c2 \u03b3\u03b9\u03b1 \u03c4\u03bf online \u03c0\u03b1\u03b9\u03c7\u03bd\u03af\u03b4\u03b9 \u03ba\u03b1\u03c4\u03b1\u03c1\u03c1\u03bf\u03ae\u03c2 Aviator","description":"Keres v\u00e1laszokat? A GYIK r\u00e9szben bemutatjuk az Aviator szab\u00e1lyait, strat\u00e9gi\u00e1it \u00e9s funkci\u00f3it. Tanulja meg mindazt, amire sz\u00fcks\u00e9ge van a sikeres j\u00e1t\u00e9khoz!","robots":{"index":"index","follow":"follow","max-snippet":"max-snippet:-1","max-image-preview":"max-image-preview:large","max-video-preview":"max-video-preview:-1"},"canonical":"https:\/\/playaviator.in\/hu\/faq-aviator-game\/","og_locale":"hu_HU","og_type":"article","og_title":"\u03a3\u03c5\u03c7\u03bd\u03ad\u03c2 \u0395\u03c1\u03c9\u03c4\u03ae\u03c3\u03b5\u03b9\u03c2 \u03b3\u03b9\u03b1 \u03c4\u03bf online \u03c0\u03b1\u03b9\u03c7\u03bd\u03af\u03b4\u03b9 \u03ba\u03b1\u03c4\u03b1\u03c1\u03c1\u03bf\u03ae\u03c2 Aviator","og_description":"\u03a8\u03ac\u03c7\u03bd\u03b5\u03c4\u03b5 \u03b1\u03c0\u03b1\u03bd\u03c4\u03ae\u03c3\u03b5\u03b9\u03c2; \u03a3\u03c4\u03bf \u03c4\u03bc\u03ae\u03bc\u03b1 \u03a3\u03c5\u03c7\u03bd\u03ce\u03bd \u0395\u03c1\u03c9\u03c4\u03ae\u03c3\u03b5\u03c9\u03bd, \u03b8\u03b1 \u03ba\u03b1\u03bb\u03cd\u03c8\u03bf\u03c5\u03bc\u03b5 \u03c4\u03bf\u03c5\u03c2 \u03ba\u03b1\u03bd\u03cc\u03bd\u03b5\u03c2, \u03c4\u03b9\u03c2 \u03c3\u03c4\u03c1\u03b1\u03c4\u03b7\u03b3\u03b9\u03ba\u03ad\u03c2 \u03ba\u03b1\u03b9 \u03c4\u03b1 \u03c7\u03b1\u03c1\u03b1\u03ba\u03c4\u03b7\u03c1\u03b9\u03c3\u03c4\u03b9\u03ba\u03ac \u03c4\u03bf\u03c5 Aviator. \u039c\u03ac\u03b8\u03b5\u03c4\u03b5 \u03c4\u03b1 \u03c0\u03ac\u03bd\u03c4\u03b1 \u03b3\u03b9\u03b1 \u03bd\u03b1 \u03c0\u03b1\u03af\u03be\u03b5\u03c4\u03b5 \u03bc\u03b5 \u03b5\u03c0\u03b9\u03c4\u03c5\u03c7\u03af\u03b1!","og_url":"https:\/\/playaviator.in\/hu\/faq-aviator-game\/","og_site_name":"Aviator Game","article_modified_time":"2023-12-26T22:17:09+00:00","twitter_card":"summary_large_image","twitter_misc":{"Becs\u00fclt olvas\u00e1si id\u0151":"11 perc"},"schema":{"@context":"https:\/\/schema.org","@graph":[{"@type":"WebPage","@id":"https:\/\/playaviator.in\/el\/faq-aviator-game\/","url":"https:\/\/playaviator.in\/el\/faq-aviator-game\/","name":"\u03a3\u03c5\u03c7\u03bd\u03ad\u03c2 \u0395\u03c1\u03c9\u03c4\u03ae\u03c3\u03b5\u03b9\u03c2 \u03b3\u03b9\u03b1 \u03c4\u03bf online \u03c0\u03b1\u03b9\u03c7\u03bd\u03af\u03b4\u03b9 \u03ba\u03b1\u03c4\u03b1\u03c1\u03c1\u03bf\u03ae\u03c2 Aviator","isPartOf":{"@id":"https:\/\/playaviator.in\/pl\/#website"},"datePublished":"2023-12-16T19:56:11+00:00","dateModified":"2023-12-26T22:17:09+00:00","description":"\u03a8\u03ac\u03c7\u03bd\u03b5\u03c4\u03b5 \u03b1\u03c0\u03b1\u03bd\u03c4\u03ae\u03c3\u03b5\u03b9\u03c2; \u03a3\u03c4\u03bf \u03c4\u03bc\u03ae\u03bc\u03b1 \u03a3\u03c5\u03c7\u03bd\u03ce\u03bd \u0395\u03c1\u03c9\u03c4\u03ae\u03c3\u03b5\u03c9\u03bd, \u03b8\u03b1 \u03ba\u03b1\u03bb\u03cd\u03c8\u03bf\u03c5\u03bc\u03b5 \u03c4\u03bf\u03c5\u03c2 \u03ba\u03b1\u03bd\u03cc\u03bd\u03b5\u03c2, \u03c4\u03b9\u03c2 \u03c3\u03c4\u03c1\u03b1\u03c4\u03b7\u03b3\u03b9\u03ba\u03ad\u03c2 \u03ba\u03b1\u03b9 \u03c4\u03b1 \u03c7\u03b1\u03c1\u03b1\u03ba\u03c4\u03b7\u03c1\u03b9\u03c3\u03c4\u03b9\u03ba\u03ac \u03c4\u03bf\u03c5 Aviator. \u039c\u03ac\u03b8\u03b5\u03c4\u03b5 \u03c4\u03b1 \u03c0\u03ac\u03bd\u03c4\u03b1 \u03b3\u03b9\u03b1 \u03bd\u03b1 \u03c0\u03b1\u03af\u03be\u03b5\u03c4\u03b5 \u03bc\u03b5 \u03b5\u03c0\u03b9\u03c4\u03c5\u03c7\u03af\u03b1!","breadcrumb":{"@id":"https:\/\/playaviator.in\/el\/faq-aviator-game\/#breadcrumb"},"inLanguage":"hu-HU","potentialAction":[{"@type":"ReadAction","target":["https:\/\/playaviator.in\/el\/faq-aviator-game\/"]}]},{"@type":"BreadcrumbList","@id":"https:\/\/playaviator.in\/el\/faq-aviator-game\/#breadcrumb","itemListElement":[{"@type":"ListItem","position":1,"name":"Home","item":"https:\/\/playaviator.in\/pl\/"},{"@type":"ListItem","position":2,"name":"FAQ"}]},{"@type":"WebSite","@id":"https:\/\/playaviator.in\/pl\/#website","url":"https:\/\/playaviator.in\/pl\/","name":"Aviator Game","description":"","publisher":{"@id":"https:\/\/playaviator.in\/pl\/#organization"},"potentialAction":[{"@type":"SearchAction","target":{"@type":"EntryPoint","urlTemplate":"https:\/\/playaviator.in\/pl\/?s={search_term_string}"},"query-input":{"@type":"PropertyValueSpecification","valueRequired":true,"valueName":"search_term_string"}}],"inLanguage":"hu-HU"},{"@type":"Organization","@id":"https:\/\/playaviator.in\/pl\/#organization","name":"Aviator Game","url":"https:\/\/playaviator.in\/pl\/","logo":{"@type":"ImageObject","inLanguage":"hu-HU","@id":"https:\/\/playaviator.in\/pl\/#\/schema\/logo\/image\/","url":"https:\/\/playaviator.in\/wp-content\/uploads\/Aviator_logo-e1702848125368.png","contentUrl":"https:\/\/playaviator.in\/wp-content\/uploads\/Aviator_logo-e1702848125368.png","width":589,"height":156,"caption":"Aviator Game"},"image":{"@id":"https:\/\/playaviator.in\/pl\/#\/schema\/logo\/image\/"}}]}},"_links":{"self":[{"href":"https:\/\/playaviator.in\/hu\/wp-json\/wp\/v2\/pages\/5","targetHints":{"allow":["GET"]}}],"collection":[{"href":"https:\/\/playaviator.in\/hu\/wp-json\/wp\/v2\/pages"}],"about":[{"href":"https:\/\/playaviator.in\/hu\/wp-json\/wp\/v2\/types\/page"}],"author":[{"embeddable":true,"href":"https:\/\/playaviator.in\/hu\/wp-json\/wp\/v2\/users\/1"}],"replies":[{"embeddable":true,"href":"https:\/\/playaviator.in\/hu\/wp-json\/wp\/v2\/comments?post=5"}],"version-history":[{"count":12,"href":"https:\/\/playaviator.in\/hu\/wp-json\/wp\/v2\/pages\/5\/revisions"}],"predecessor-version":[{"id":122,"href":"https:\/\/playaviator.in\/hu\/wp-json\/wp\/v2\/pages\/5\/revisions\/122"}],"wp:attachment":[{"href":"https:\/\/playaviator.in\/hu\/wp-json\/wp\/v2\/media?parent=5"}],"curies":[{"name":"wp","href":"https:\/\/api.w.org\/{rel}","templated":true}]}}