{"id":18,"date":"2023-12-16T22:33:01","date_gmt":"2023-12-16T22:33:01","guid":{"rendered":"https:\/\/playaviator.in\/?page_id=18"},"modified":"2023-12-26T22:36:08","modified_gmt":"2023-12-26T22:36:08","slug":"aviator-game-strategies","status":"publish","type":"page","link":"https:\/\/playaviator.in\/hu\/aviator-game-strategies\/","title":{"rendered":"Strat\u00e9gi\u00e1k"},"content":{"rendered":"<p>A szerencsej\u00e1t\u00e9k-strat\u00e9gia egy olyan speci\u00e1lis fogad\u00e1si rendszer, amelyet tapasztalt j\u00e1t\u00e9kosok fejlesztettek ki. Ha betartod, cs\u00f6kkentheted a vesztes\u00e9g kock\u00e1zat\u00e1t \u00e9s jelent\u0151s \u00f6sszegeket nyerhetsz. Sikeres j\u00e1t\u00e9khoz az online kaszin\u00f3ban, k\u00fcl\u00f6n\u00f6sen az &#8222;Aviator&#8221; j\u00e1t\u00e9kban, t\u00f6bb strat\u00e9gia is l\u00e9tezik: alacsony kock\u00e1zat\u00fa strat\u00e9gia, k\u00f6zepes kock\u00e1zat\u00fa strat\u00e9gia, magas kock\u00e1zat\u00fa strat\u00e9gia \u00e9s a k\u00e9t egyidej\u0171 fogad\u00e1s strat\u00e9gi\u00e1ja.<\/p>\n<h2>Alacsony kock\u00e1zat\u00fa strat\u00e9gia:<\/h2>\n<p>Az &#8222;Aviator&#8221; alacsony kock\u00e1zat\u00fa strat\u00e9gi\u00e1ja nem a gyors, hanem a nagy nyerem\u00e9nyekre \u00f6sszpontos\u00edt. Az esszencia abban rejlik, hogy minim\u00e1lis szorz\u00f3kkal j\u00e1tszik, amelyek 1,20-t\u00f3l 1,21-ig terjednek. Ahogy az egyenleg n\u0151, javasolt nagyobb t\u00e9tekre v\u00e1ltani.<\/p>\n<h2>K\u00f6zepes kock\u00e1zat\u00fa strat\u00e9gia:<\/h2>\n<p>Ez a strat\u00e9gia 2-3-as szorz\u00f3k lefed\u00e9s\u00e9t jelenti, k\u00f6r\u00fclbel\u00fcl 40% -os val\u00f3sz\u00edn\u0171s\u00e9ggel. Sikertelen eredm\u00e9nyek hosszabb t\u00e1v\u00fa hi\u00e1ny\u00e1ban aj\u00e1nlott v\u00e1rni magasabb szorz\u00f3kra.<\/p>\n<h2>Magas kock\u00e1zat\u00fa strat\u00e9gia:<\/h2>\n<p>Ez a strat\u00e9gia nem biztos\u00edt stabil j\u00f6vedelmet; kis kifizet\u00e9sekre \u00f6sszpontos\u00edt olyan szorz\u00f3kkal, amelyek 1,5 \u00f3r\u00e1nk\u00e9nt meghaladj\u00e1k a 100x-et. Az akt\u00edv fogad\u00e1sok megkezd\u00e9se el\u0151tt aj\u00e1nlott tanulm\u00e1nyozni a legut\u00f3bbi eredm\u00e9nyeket egy 100x-es szorz\u00f3val, jegyezze fel az id\u0151t \u00e9s kezdje el a j\u00e1t\u00e9kot.<\/p>\n<h2>K\u00e9t egyidej\u0171 fogad\u00e1s strat\u00e9gi\u00e1ja:<\/h2>\n<p>A k\u00e9t egyidej\u0171 fogad\u00e1s strat\u00e9gi\u00e1ja kev\u00e9sb\u00e9 k\u00fcl\u00f6nb\u00f6zik a k\u00fcl\u00f6n fogad\u00e1sokt\u00f3l, de t\u00f6bb koncentr\u00e1ci\u00f3t ig\u00e9nyel. Az els\u0151 fogad\u00e1sn\u00e1l egy automatikus kifizet\u00e9st \u00e9s egy 1,2x-es szorz\u00f3t javasolnak. A m\u00e1sodik fogad\u00e1s m\u00e9rs\u00e9kelt kock\u00e1zattal k\u00e9sz\u00fclhet. Ezen strat\u00e9gia haszn\u00e1latakor azt aj\u00e1nlj\u00e1k, hogy \u00e1llj meg az els\u0151 fogad\u00e1sn\u00e1l 40x-es szorz\u00f3n\u00e1l, \u00e9s a m\u00e1sodikn\u00e1l 100x-n\u00e9l, biztos\u00edtva az egyens\u00falyt \u00e9s a magas szorz\u00f3kat.<\/p>\n<h2>Optim\u00e1lis Fogad\u00e1si Rendszerek<\/h2>\n<p>Sz\u00e1mos fogad\u00e1si rendszer l\u00e9tezik, amelyek gy\u0151zelmet \u00edg\u00e9rnek, de nem mindegyik teljes\u00edti az elv\u00e1r\u00e1sokat. N\u00e9h\u00e1ny rendszer a gyakorlati tapasztalaton alapul, \u00e9s hat\u00e9konys\u00e1gukat bebizony\u00edtott\u00e1k, m\u00edg m\u00e1sok csak matematikai modellek, amelyek lehetnek pontosak vagy sem.<\/p>\n<ul>\n<li>Az egyik legn\u00e9pszer\u0171bb fogad\u00e1si rendszer a Martingale rendszer. Az a l\u00e9nyege, hogy minden vesztes\u00e9g ut\u00e1n megdupl\u00e1zza a t\u00e9tet, am\u00edg v\u00e9g\u00fcl nyer.<\/li>\n<li>A Labouchere fogad\u00e1si rendszer egy m\u00e1sik matematikai m\u00f3dszer, amely mag\u00e1ban foglal egy fogad\u00e1si sorozatot, a sorozat els\u0151 \u00e9s utols\u00f3 sz\u00e1m\u00e1nak kihagy\u00e1s\u00e1val minden fogad\u00e1s ut\u00e1n.<\/li>\n<li>A Fibonacci fogad\u00e1si rendszer a Labouchere rendszerhez hasonl\u00f3an sz\u00e1mok hozz\u00e1ad\u00e1s\u00e1t jelenti azok elt\u00e1vol\u00edt\u00e1sa helyett minden vesztes\u00e9g ut\u00e1n.<\/li>\n<li>A D&#8217;Alembert fogad\u00e1si rendszer egy m\u00e1sik matematikai strat\u00e9gia, amely a t\u00e9tet egys\u00e9ggel n\u00f6veli egy vesztes\u00e9g ut\u00e1n, \u00e9s egys\u00e9ggel cs\u00f6kkenti egy gy\u0151zelem ut\u00e1n.<\/li>\n<li>A Paroli fogad\u00e1si rendszer egy elm\u00e9leti modell, amely az \u00f6tleten alapul, hogy sorozatokra \u00e9p\u00fcl. Mag\u00e1ban foglalja a t\u00e9t megdupl\u00e1z\u00e1s\u00e1t egy gy\u0151zelem ut\u00e1n, \u00e9s a null\u00e1ra \u00e1ll\u00edt\u00e1s\u00e1t egy vesztes\u00e9g ut\u00e1n.<\/li>\n<\/ul>\n<p>Egyetlen fogad\u00e1si rendszer sem garant\u00e1lja a sikert, de n\u00e9h\u00e1ny m\u00e1sokn\u00e1l hat\u00e9konyabbnak bizonyul. Pr\u00f3b\u00e1lj ki t\u00f6bb k\u00fcl\u00f6nb\u00f6z\u0151 rendszert, \u00e9s d\u00f6ntsd el, melyik illik legink\u00e1bb a j\u00e1t\u00e9kst\u00edlusodhoz.<\/p>\n","protected":false},"excerpt":{"rendered":"<p>A szerencsej\u00e1t\u00e9k-strat\u00e9gia egy olyan speci\u00e1lis fogad\u00e1si rendszer, amelyet tapasztalt j\u00e1t\u00e9kosok fejlesztettek ki. Ha betartod, cs\u00f6kkentheted a vesztes\u00e9g kock\u00e1zat\u00e1t \u00e9s jelent\u0151s \u00f6sszegeket nyerhetsz. Sikeres j\u00e1t\u00e9khoz az online kaszin\u00f3ban, k\u00fcl\u00f6n\u00f6sen az &#8222;Aviator&#8221; j\u00e1t\u00e9kban, t\u00f6bb strat\u00e9gia is l\u00e9tezik: alacsony kock\u00e1zat\u00fa strat\u00e9gia, k\u00f6zepes kock\u00e1zat\u00fa strat\u00e9gia, magas kock\u00e1zat\u00fa strat\u00e9gia \u00e9s a k\u00e9t egyidej\u0171 fogad\u00e1s strat\u00e9gi\u00e1ja. Alacsony kock\u00e1zat\u00fa strat\u00e9gia: Az &#8222;Aviator&#8221; [&hellip;]<\/p>\n","protected":false},"author":1,"featured_media":0,"parent":0,"menu_order":0,"comment_status":"closed","ping_status":"closed","template":"","meta":{"footnotes":""},"class_list":["post-18","page","type-page","status-publish","hentry"],"yoast_head":"<!-- This site is optimized with the Yoast SEO plugin v27.2 - https:\/\/yoast.com\/product\/yoast-seo-wordpress\/ -->\n<title>\u0423\u043c\u043d\u044b\u0435 \u0445\u043e\u0434\u044b \u0432 Aviator: \u044d\u0444\u0444\u0435\u043a\u0442\u0438\u0432\u043d\u044b\u0435 \u0441\u0442\u0440\u0430\u0442\u0435\u0433\u0438\u0438 \u0434\u043b\u044f \u043f\u043e\u0431\u0435\u0434\u044b<\/title>\n<meta name=\"description\" content=\"Mestere a legjobb strat\u00e9gi\u00e1knak az Aviatorban! Maximaliz\u00e1ld es\u00e9lyeidet a izgalmas crash j\u00e1t\u00e9kban. Legy\u00e9l egy szerencsej\u00e1t\u00e9k-mester!\" \/>\n<meta name=\"robots\" content=\"index, follow, max-snippet:-1, max-image-preview:large, max-video-preview:-1\" \/>\n<link rel=\"canonical\" href=\"https:\/\/playaviator.in\/hu\/aviator-game-strategies\/\" \/>\n<meta property=\"og:locale\" content=\"hu_HU\" \/>\n<meta property=\"og:locale:alternate\" content=\"en_US\" \/>\n<meta property=\"og:locale:alternate\" content=\"ru_RU\" \/>\n<meta property=\"og:locale:alternate\" content=\"pt_PT\" \/>\n<meta property=\"og:locale:alternate\" content=\"es_ES\" \/>\n<meta property=\"og:locale:alternate\" content=\"ro_RO\" \/>\n<meta property=\"og:locale:alternate\" content=\"sr_RS\" \/>\n<meta property=\"og:locale:alternate\" content=\"bg_BG\" \/>\n<meta property=\"og:locale:alternate\" content=\"pl_PL\" \/>\n<meta property=\"og:locale:alternate\" content=\"el\" \/>\n<meta property=\"og:locale:alternate\" content=\"tr_TR\" \/>\n<meta property=\"og:type\" content=\"article\" \/>\n<meta property=\"og:title\" content=\"\u0423\u043c\u043d\u044b\u0435 \u0445\u043e\u0434\u044b \u0432 Aviator: \u044d\u0444\u0444\u0435\u043a\u0442\u0438\u0432\u043d\u044b\u0435 \u0441\u0442\u0440\u0430\u0442\u0435\u0433\u0438\u0438 \u0434\u043b\u044f \u043f\u043e\u0431\u0435\u0434\u044b\" \/>\n<meta property=\"og:description\" content=\"\u041e\u0441\u0432\u043e\u0439 \u043b\u0443\u0447\u0448\u0438\u0435 \u0441\u0442\u0440\u0430\u0442\u0435\u0433\u0438\u0438 \u0434\u043b\u044f Aviator! \u041c\u0430\u043a\u0441\u0438\u043c\u0438\u0437\u0438\u0440\u0443\u0439 \u0441\u0432\u043e\u0438 \u0448\u0430\u043d\u0441\u044b \u043d\u0430 \u0443\u0441\u043f\u0435\u0445 \u0432 \u044d\u0442\u043e\u0439 \u0437\u0430\u0445\u0432\u0430\u0442\u044b\u0432\u0430\u044e\u0449\u0435\u0439 \u043a\u0440\u0430\u0448-\u0438\u0433\u0440\u0435. \u0421\u0442\u0430\u043d\u044c \u043c\u0430\u0441\u0442\u0435\u0440\u043e\u043c \u0430\u0437\u0430\u0440\u0442\u0430!\" \/>\n<meta property=\"og:url\" content=\"https:\/\/playaviator.in\/hu\/aviator-game-strategies\/\" \/>\n<meta property=\"og:site_name\" content=\"Aviator Game\" \/>\n<meta property=\"article:modified_time\" content=\"2023-12-26T22:36:08+00:00\" \/>\n<meta name=\"twitter:card\" content=\"summary_large_image\" \/>\n<meta name=\"twitter:label1\" content=\"Becs\u00fclt olvas\u00e1si id\u0151\" \/>\n\t<meta name=\"twitter:data1\" content=\"18 perc\" \/>\n<script type=\"application\/ld+json\" class=\"yoast-schema-graph\">{\"@context\":\"https:\/\/schema.org\",\"@graph\":[{\"@type\":\"WebPage\",\"@id\":\"https:\/\/playaviator.in\/aviator-game-strategies\/\",\"url\":\"https:\/\/playaviator.in\/aviator-game-strategies\/\",\"name\":\"\u0423\u043c\u043d\u044b\u0435 \u0445\u043e\u0434\u044b \u0432 Aviator: \u044d\u0444\u0444\u0435\u043a\u0442\u0438\u0432\u043d\u044b\u0435 \u0441\u0442\u0440\u0430\u0442\u0435\u0433\u0438\u0438 \u0434\u043b\u044f \u043f\u043e\u0431\u0435\u0434\u044b\",\"isPartOf\":{\"@id\":\"https:\/\/playaviator.in\/pl\/#website\"},\"datePublished\":\"2023-12-16T22:33:01+00:00\",\"dateModified\":\"2023-12-26T22:36:08+00:00\",\"description\":\"\u041e\u0441\u0432\u043e\u0439 \u043b\u0443\u0447\u0448\u0438\u0435 \u0441\u0442\u0440\u0430\u0442\u0435\u0433\u0438\u0438 \u0434\u043b\u044f Aviator! \u041c\u0430\u043a\u0441\u0438\u043c\u0438\u0437\u0438\u0440\u0443\u0439 \u0441\u0432\u043e\u0438 \u0448\u0430\u043d\u0441\u044b \u043d\u0430 \u0443\u0441\u043f\u0435\u0445 \u0432 \u044d\u0442\u043e\u0439 \u0437\u0430\u0445\u0432\u0430\u0442\u044b\u0432\u0430\u044e\u0449\u0435\u0439 \u043a\u0440\u0430\u0448-\u0438\u0433\u0440\u0435. \u0421\u0442\u0430\u043d\u044c \u043c\u0430\u0441\u0442\u0435\u0440\u043e\u043c \u0430\u0437\u0430\u0440\u0442\u0430!\",\"breadcrumb\":{\"@id\":\"https:\/\/playaviator.in\/aviator-game-strategies\/#breadcrumb\"},\"inLanguage\":\"hu-HU\",\"potentialAction\":[{\"@type\":\"ReadAction\",\"target\":[\"https:\/\/playaviator.in\/aviator-game-strategies\/\"]}]},{\"@type\":\"BreadcrumbList\",\"@id\":\"https:\/\/playaviator.in\/aviator-game-strategies\/#breadcrumb\",\"itemListElement\":[{\"@type\":\"ListItem\",\"position\":1,\"name\":\"Home\",\"item\":\"https:\/\/playaviator.in\/pl\/\"},{\"@type\":\"ListItem\",\"position\":2,\"name\":\"\u0421\u0442\u0440\u0430\u0442\u0435\u0433\u0438\u0438\"}]},{\"@type\":\"WebSite\",\"@id\":\"https:\/\/playaviator.in\/pl\/#website\",\"url\":\"https:\/\/playaviator.in\/pl\/\",\"name\":\"Aviator Game\",\"description\":\"\",\"publisher\":{\"@id\":\"https:\/\/playaviator.in\/pl\/#organization\"},\"potentialAction\":[{\"@type\":\"SearchAction\",\"target\":{\"@type\":\"EntryPoint\",\"urlTemplate\":\"https:\/\/playaviator.in\/pl\/?s={search_term_string}\"},\"query-input\":{\"@type\":\"PropertyValueSpecification\",\"valueRequired\":true,\"valueName\":\"search_term_string\"}}],\"inLanguage\":\"hu-HU\"},{\"@type\":\"Organization\",\"@id\":\"https:\/\/playaviator.in\/pl\/#organization\",\"name\":\"Aviator Game\",\"url\":\"https:\/\/playaviator.in\/pl\/\",\"logo\":{\"@type\":\"ImageObject\",\"inLanguage\":\"hu-HU\",\"@id\":\"https:\/\/playaviator.in\/pl\/#\/schema\/logo\/image\/\",\"url\":\"https:\/\/playaviator.in\/wp-content\/uploads\/Aviator_logo-e1702848125368.png\",\"contentUrl\":\"https:\/\/playaviator.in\/wp-content\/uploads\/Aviator_logo-e1702848125368.png\",\"width\":589,\"height\":156,\"caption\":\"Aviator Game\"},\"image\":{\"@id\":\"https:\/\/playaviator.in\/pl\/#\/schema\/logo\/image\/\"}}]}<\/script>\n<!-- \/ Yoast SEO plugin. -->","yoast_head_json":{"title":"\u0423\u043c\u043d\u044b\u0435 \u0445\u043e\u0434\u044b \u0432 Aviator: \u044d\u0444\u0444\u0435\u043a\u0442\u0438\u0432\u043d\u044b\u0435 \u0441\u0442\u0440\u0430\u0442\u0435\u0433\u0438\u0438 \u0434\u043b\u044f \u043f\u043e\u0431\u0435\u0434\u044b","description":"Mestere a legjobb strat\u00e9gi\u00e1knak az Aviatorban! Maximaliz\u00e1ld es\u00e9lyeidet a izgalmas crash j\u00e1t\u00e9kban. Legy\u00e9l egy szerencsej\u00e1t\u00e9k-mester!","robots":{"index":"index","follow":"follow","max-snippet":"max-snippet:-1","max-image-preview":"max-image-preview:large","max-video-preview":"max-video-preview:-1"},"canonical":"https:\/\/playaviator.in\/hu\/aviator-game-strategies\/","og_locale":"hu_HU","og_type":"article","og_title":"\u0423\u043c\u043d\u044b\u0435 \u0445\u043e\u0434\u044b \u0432 Aviator: \u044d\u0444\u0444\u0435\u043a\u0442\u0438\u0432\u043d\u044b\u0435 \u0441\u0442\u0440\u0430\u0442\u0435\u0433\u0438\u0438 \u0434\u043b\u044f \u043f\u043e\u0431\u0435\u0434\u044b","og_description":"\u041e\u0441\u0432\u043e\u0439 \u043b\u0443\u0447\u0448\u0438\u0435 \u0441\u0442\u0440\u0430\u0442\u0435\u0433\u0438\u0438 \u0434\u043b\u044f Aviator! \u041c\u0430\u043a\u0441\u0438\u043c\u0438\u0437\u0438\u0440\u0443\u0439 \u0441\u0432\u043e\u0438 \u0448\u0430\u043d\u0441\u044b \u043d\u0430 \u0443\u0441\u043f\u0435\u0445 \u0432 \u044d\u0442\u043e\u0439 \u0437\u0430\u0445\u0432\u0430\u0442\u044b\u0432\u0430\u044e\u0449\u0435\u0439 \u043a\u0440\u0430\u0448-\u0438\u0433\u0440\u0435. \u0421\u0442\u0430\u043d\u044c \u043c\u0430\u0441\u0442\u0435\u0440\u043e\u043c \u0430\u0437\u0430\u0440\u0442\u0430!","og_url":"https:\/\/playaviator.in\/hu\/aviator-game-strategies\/","og_site_name":"Aviator Game","article_modified_time":"2023-12-26T22:36:08+00:00","twitter_card":"summary_large_image","twitter_misc":{"Becs\u00fclt olvas\u00e1si id\u0151":"18 perc"},"schema":{"@context":"https:\/\/schema.org","@graph":[{"@type":"WebPage","@id":"https:\/\/playaviator.in\/aviator-game-strategies\/","url":"https:\/\/playaviator.in\/aviator-game-strategies\/","name":"\u0423\u043c\u043d\u044b\u0435 \u0445\u043e\u0434\u044b \u0432 Aviator: \u044d\u0444\u0444\u0435\u043a\u0442\u0438\u0432\u043d\u044b\u0435 \u0441\u0442\u0440\u0430\u0442\u0435\u0433\u0438\u0438 \u0434\u043b\u044f \u043f\u043e\u0431\u0435\u0434\u044b","isPartOf":{"@id":"https:\/\/playaviator.in\/pl\/#website"},"datePublished":"2023-12-16T22:33:01+00:00","dateModified":"2023-12-26T22:36:08+00:00","description":"\u041e\u0441\u0432\u043e\u0439 \u043b\u0443\u0447\u0448\u0438\u0435 \u0441\u0442\u0440\u0430\u0442\u0435\u0433\u0438\u0438 \u0434\u043b\u044f Aviator! \u041c\u0430\u043a\u0441\u0438\u043c\u0438\u0437\u0438\u0440\u0443\u0439 \u0441\u0432\u043e\u0438 \u0448\u0430\u043d\u0441\u044b \u043d\u0430 \u0443\u0441\u043f\u0435\u0445 \u0432 \u044d\u0442\u043e\u0439 \u0437\u0430\u0445\u0432\u0430\u0442\u044b\u0432\u0430\u044e\u0449\u0435\u0439 \u043a\u0440\u0430\u0448-\u0438\u0433\u0440\u0435. \u0421\u0442\u0430\u043d\u044c \u043c\u0430\u0441\u0442\u0435\u0440\u043e\u043c \u0430\u0437\u0430\u0440\u0442\u0430!","breadcrumb":{"@id":"https:\/\/playaviator.in\/aviator-game-strategies\/#breadcrumb"},"inLanguage":"hu-HU","potentialAction":[{"@type":"ReadAction","target":["https:\/\/playaviator.in\/aviator-game-strategies\/"]}]},{"@type":"BreadcrumbList","@id":"https:\/\/playaviator.in\/aviator-game-strategies\/#breadcrumb","itemListElement":[{"@type":"ListItem","position":1,"name":"Home","item":"https:\/\/playaviator.in\/pl\/"},{"@type":"ListItem","position":2,"name":"\u0421\u0442\u0440\u0430\u0442\u0435\u0433\u0438\u0438"}]},{"@type":"WebSite","@id":"https:\/\/playaviator.in\/pl\/#website","url":"https:\/\/playaviator.in\/pl\/","name":"Aviator Game","description":"","publisher":{"@id":"https:\/\/playaviator.in\/pl\/#organization"},"potentialAction":[{"@type":"SearchAction","target":{"@type":"EntryPoint","urlTemplate":"https:\/\/playaviator.in\/pl\/?s={search_term_string}"},"query-input":{"@type":"PropertyValueSpecification","valueRequired":true,"valueName":"search_term_string"}}],"inLanguage":"hu-HU"},{"@type":"Organization","@id":"https:\/\/playaviator.in\/pl\/#organization","name":"Aviator Game","url":"https:\/\/playaviator.in\/pl\/","logo":{"@type":"ImageObject","inLanguage":"hu-HU","@id":"https:\/\/playaviator.in\/pl\/#\/schema\/logo\/image\/","url":"https:\/\/playaviator.in\/wp-content\/uploads\/Aviator_logo-e1702848125368.png","contentUrl":"https:\/\/playaviator.in\/wp-content\/uploads\/Aviator_logo-e1702848125368.png","width":589,"height":156,"caption":"Aviator Game"},"image":{"@id":"https:\/\/playaviator.in\/pl\/#\/schema\/logo\/image\/"}}]}},"_links":{"self":[{"href":"https:\/\/playaviator.in\/hu\/wp-json\/wp\/v2\/pages\/18","targetHints":{"allow":["GET"]}}],"collection":[{"href":"https:\/\/playaviator.in\/hu\/wp-json\/wp\/v2\/pages"}],"about":[{"href":"https:\/\/playaviator.in\/hu\/wp-json\/wp\/v2\/types\/page"}],"author":[{"embeddable":true,"href":"https:\/\/playaviator.in\/hu\/wp-json\/wp\/v2\/users\/1"}],"replies":[{"embeddable":true,"href":"https:\/\/playaviator.in\/hu\/wp-json\/wp\/v2\/comments?post=18"}],"version-history":[{"count":27,"href":"https:\/\/playaviator.in\/hu\/wp-json\/wp\/v2\/pages\/18\/revisions"}],"predecessor-version":[{"id":159,"href":"https:\/\/playaviator.in\/hu\/wp-json\/wp\/v2\/pages\/18\/revisions\/159"}],"wp:attachment":[{"href":"https:\/\/playaviator.in\/hu\/wp-json\/wp\/v2\/media?parent=18"}],"curies":[{"name":"wp","href":"https:\/\/api.w.org\/{rel}","templated":true}]}}