{"id":12,"date":"2023-12-16T21:02:45","date_gmt":"2023-12-16T21:02:45","guid":{"rendered":"https:\/\/playaviator.in\/?page_id=12"},"modified":"2023-12-26T22:19:00","modified_gmt":"2023-12-26T22:19:00","slug":"play-aviator-online-casino","status":"publish","type":"page","link":"https:\/\/playaviator.in\/hu\/play-aviator-online-casino\/","title":{"rendered":"J\u00e1tssz az Aviator j\u00e1t\u00e9kkal egy online kaszin\u00f3ban"},"content":{"rendered":"<p>K\u00e9szen \u00e1llsz egy izgalmas kalandra az &#8222;Aviator&#8221; elb\u0171v\u00f6l\u0151 j\u00e1t\u00e9kkal, amely el\u00e9rhet\u0151 k\u00fcl\u00f6nb\u00f6z\u0151 online kaszin\u00f3kban? Ebben a r\u00e9szletes \u00fatmutat\u00f3ban minden szakaszt lefed\u00fcnk a kaszin\u00f3 regisztr\u00e1ci\u00f3s folyamat\u00e1t\u00f3l a befizet\u00e9sen \u00e9s a p\u00e9nz kiv\u00e9tel\u00e9n \u00e1t &#8211; minden, hogy z\u00f6kken\u0151mentes \u00e9s izgalmas j\u00e1t\u00e9k\u00e9lm\u00e9nyben legyen r\u00e9szed.<\/p>\n<h2>A l\u00e9p\u00e9sek \u00e1ttekint\u00e9se:<\/h2>\n<ol>\n<li><strong>Regisztr\u00e1lj a kaszin\u00f3ban:<\/strong> Kezdd azzal, hogy kiv\u00e1lasztasz egy megb\u00edzhat\u00f3 online kaszin\u00f3t \u00e9s l\u00e9trehozol egy fi\u00f3kot. Ad meg az adataidat, v\u00e9gezd el a fi\u00f3kellen\u0151rz\u00e9st, ha sz\u00fcks\u00e9ges, \u00e9s fejezd be a regisztr\u00e1ci\u00f3s folyamatot.<\/li>\n<li><strong>Bejelentkez\u00e9s a kaszin\u00f3ba:<\/strong> A regisztr\u00e1ci\u00f3 ut\u00e1n jelentkezz be a kaszin\u00f3ba az adataiddal (e-mail c\u00edm \u00e9s jelsz\u00f3).<\/li>\n<li><strong>Befizet\u00e9s:<\/strong> L\u00e1togasd meg a kaszin\u00f3 p\u00e9nzt\u00e1r\u00e1t, v\u00e1lassz egy fizet\u00e9si m\u00f3dot, \u00e1ll\u00edtsd be a befizet\u00e9s \u00f6sszeg\u00e9t, \u00e9s fejezd be a tranzakci\u00f3t a fi\u00f3kod felt\u00f6lt\u00e9s\u00e9hez.<\/li>\n<li><strong>Nyerem\u00e9nyeid kiv\u00e9tele:<\/strong> Sikeres &#8222;Aviator&#8221; j\u00e1t\u00e9k ut\u00e1n l\u00e1togasd meg a p\u00e9nzt\u00e1rat, v\u00e1lassz egy kiv\u00e9teli m\u00f3dot, \u00e1ll\u00edtsd be a kiv\u00e9teli \u00f6sszeget, \u00e9s v\u00e1rj, am\u00edg a kaszin\u00f3 feldolgozza a k\u00e9r\u00e9sed.<\/li>\n<\/ol>\n<p>Ez a vezet\u0151 tov\u00e1bbi r\u00e9szletes inform\u00e1ci\u00f3kat ny\u00fajt minden szakaszr\u00f3l, teljes k\u00f6r\u0171 utas\u00edt\u00e1sokkal a garant\u00e1ltan k\u00e9nyelmes \u00e9s izgalmas j\u00e1t\u00e9k\u00e9lm\u00e9ny \u00e9rdek\u00e9ben. Mer\u00fclj\u00fcnk el az &#8222;Aviator&#8221; vil\u00e1g\u00e1ban!<\/p>\n<h2>Kaszin\u00f3 Regisztr\u00e1ci\u00f3s \u00datmutat\u00f3:<\/h2>\n<ol>\n<li><strong>V\u00e1lassz egy megb\u00edzhat\u00f3 kaszin\u00f3t:<\/strong> V\u00e1lassz egy online kaszin\u00f3t kiv\u00e1l\u00f3 h\u00edrn\u00e9vvel, amely Aviator j\u00e1t\u00e9kot k\u00edn\u00e1l. Figyelj a pozit\u00edv v\u00e9lem\u00e9nyekre, a licensz jelenl\u00e9t\u00e9re \u00e9s a felhaszn\u00e1l\u00f3bar\u00e1t fel\u00fcletre a v\u00e1laszt\u00e1s sor\u00e1n.<\/li>\n<li><strong>L\u00e1togasd meg a hivatalos webhelyet:<\/strong> Juss el a v\u00e1lasztott kaszin\u00f3 webhely\u00e9re a webb\u00f6ng\u00e9sz\u0151d seg\u00edts\u00e9g\u00e9vel.<\/li>\n<li><strong>Hozz l\u00e9tre egy fi\u00f3kot:<\/strong> A kezd\u0151lapon keresd meg a &#8222;Regisztr\u00e1ci\u00f3&#8221; gombot, \u00e9s k\u00f6vesd az utas\u00edt\u00e1sokat. \u00c1tir\u00e1ny\u00edtanak a regisztr\u00e1ci\u00f3s \u0171rlapra.<\/li>\n<li>T\u00f6ltsd ki a szem\u00e9lyes adatokat: Add meg a sz\u00fcks\u00e9ges inform\u00e1ci\u00f3kat, mint p\u00e9ld\u00e1ul a neved, e-mail c\u00edmed, sz\u00fclet\u00e9si d\u00e1tumod \u00e9s a k\u00edv\u00e1nt valuta. Hozz l\u00e9tre egy er\u0151s jelsz\u00f3t a fi\u00f3kod biztons\u00e1ga \u00e9rdek\u00e9ben.<\/li>\n<li><strong>Fi\u00f3kellen\u0151rz\u00e9s:<\/strong> N\u00e9h\u00e1ny esetben a kaszin\u00f3 ig\u00e9nyelheti a fi\u00f3kod meger\u0151s\u00edt\u00e9s\u00e9t, egy e-mailen kereszt\u00fcli link k\u00f6vet\u00e9s\u00e9vel vagy tov\u00e1bbi dokumentumok bemutat\u00e1s\u00e1val.<\/li>\n<li><strong>Fejezd be a regisztr\u00e1ci\u00f3t:<\/strong> Miut\u00e1n megadtad a sz\u00fcks\u00e9ges inform\u00e1ci\u00f3kat \u00e9s sz\u00fcks\u00e9g eset\u00e9n meger\u0151s\u00edtetted a fi\u00f3kodat, a regisztr\u00e1ci\u00f3s folyamat befejez\u0151d\u00f6tt. Most m\u00e1r \u00e9lvezheted az &#8222;Aviator&#8221; j\u00e1t\u00e9kot az online kaszin\u00f3ban.<\/li>\n<\/ol>\n<h2>Hogyan jelentkezz be a kaszin\u00f3ba:<\/h2>\n<ol>\n<li><strong>Nyisd meg a kaszin\u00f3 oldal\u00e1t:<\/strong> Ind\u00edtsd el a webb\u00f6ng\u00e9sz\u0151t, \u00e9s l\u00e1togass el a hivatalos kaszin\u00f3 oldalra.<\/li>\n<li><strong>Kattints a &#8222;Bejelentkez\u00e9s&#8221; gombra:<\/strong> A kaszin\u00f3 f\u0151oldal\u00e1n keress egy &#8222;Bejelentkez\u00e9s&#8221; gombot, \u00e9s aktiv\u00e1ld.<\/li>\n<li><strong>\u00cdrd be az adataidat:<\/strong> Add meg a regisztr\u00e1ci\u00f3kor haszn\u00e1lt e-mail c\u00edmet \u00e9s jelsz\u00f3t.<\/li>\n<li><strong>Kattints a &#8222;Bejelentkez\u00e9s&#8221; gombra:<\/strong> Miut\u00e1n megadtad a bejelentkez\u00e9si adatokat, kattints a &#8222;Bejelentkez\u00e9s&#8221; gombra a kaszin\u00f3fi\u00f3kodhoz val\u00f3 hozz\u00e1f\u00e9r\u00e9shez.<\/li>\n<\/ol>\n<h2>Hogyan befizess a kaszin\u00f3ban:<\/h2>\n<ol>\n<li><strong>Menj a p\u00e9nzt\u00e1rhoz:<\/strong> Miut\u00e1n bejelentkezt\u00e9l a kaszin\u00f3fi\u00f3kodba, keress egy &#8222;P\u00e9nzt\u00e1r&#8221; vagy &#8222;Befizet\u00e9s&#8221; r\u00e9szt, ahol felt\u00f6ltheted a fi\u00f3kodat.<\/li>\n<li><strong>V\u00e1lassz egy fizet\u00e9si m\u00f3dot:<\/strong> D\u00f6nts a prefer\u00e1lt fizet\u00e9si m\u00f3dod mellett a k\u00edn\u00e1lt lehet\u0151s\u00e9gek k\u00f6z\u00fcl, mint p\u00e9ld\u00e1ul hitelk\u00e1rty\u00e1k, e-p\u00e9nzt\u00e1rc\u00e1k, banki \u00e1tutal\u00e1sok vagy kriptovalut\u00e1k.<\/li>\n<li><strong>Add meg a befizet\u00e9s \u00f6sszeg\u00e9t:<\/strong> Add meg az \u00f6sszeget, amit befizetn\u00e9l. N\u00e9h\u00e1ny kaszin\u00f3 minim\u00e1lis befizet\u00e9si k\u00f6vetelm\u00e9nyekkel rendelkezhet.<\/li>\n<li><strong>Fejezd be a tranzakci\u00f3t:<\/strong> K\u00f6vesd a kaszin\u00f3 utas\u00edt\u00e1sait, \u00e9s fejezd be a befizet\u00e9si m\u0171veletet. A p\u00e9nznek gyorsan meg kell jelennie a kaszin\u00f3fi\u00f3kodban.<\/li>\n<\/ol>\n<h2>Hogyan k\u00e9rj p\u00e9nzvisszavon\u00e1st:<\/h2>\n<ul>\n<li><strong>L\u00e1togasd meg a p\u00e9nzt\u00e1rat:<\/strong> Navig\u00e1lj el a kaszin\u00f3 &#8222;P\u00e9nzt\u00e1r&#8221; vagy &#8222;Visszavon\u00e1s&#8221; nev\u0171 r\u00e9sz\u00e9re.<\/li>\n<li><strong>V\u00e1lassz egy visszavon\u00e1si m\u00f3dot:<\/strong> D\u00f6nts a prefer\u00e1lt visszavon\u00e1si m\u00f3dod mellett. Ha lehets\u00e9ges, aj\u00e1nlott ugyanazt a m\u00f3dszert haszn\u00e1lni, amit a befizet\u00e9shez haszn\u00e1lt\u00e1l.<\/li>\n<li><strong>Add meg a kiv\u00e9teli \u00f6sszeget:<\/strong> Add meg a k\u00edv\u00e1nt visszavon\u00e1si \u00f6sszeget, \u00fcgyelve arra, hogy megfeleljen a kaszin\u00f3 visszavon\u00e1si korl\u00e1tainak.<\/li>\n<li><strong>K\u00fcldd el a visszavon\u00e1si k\u00e9relmet:<\/strong> K\u00f6vesd a kaszin\u00f3 \u00e1ltal ny\u00fajtott utas\u00edt\u00e1sokat a visszavon\u00e1si k\u00e9relem beny\u00fajt\u00e1s\u00e1hoz. N\u00e9h\u00e1ny esetben tov\u00e1bbi ellen\u0151rz\u00e9si l\u00e9p\u00e9sekre lehet sz\u00fcks\u00e9g a biztons\u00e1g \u00e9rdek\u00e9ben.<\/li>\n<li><strong>V\u00e1rakoz\u00e1s a feldolgoz\u00e1sra:<\/strong> V\u00e1rd meg, am\u00edg a kaszin\u00f3 feldolgozza a visszavon\u00e1si k\u00e9relmed. A feldolgoz\u00e1si id\u0151k v\u00e1ltozhatnak a v\u00e1lasztott visszavon\u00e1si m\u00f3dt\u00f3l \u00e9s a kaszin\u00f3 bels\u0151 ir\u00e1nyelveit\u0151l f\u00fcgg\u0151en.<\/li>\n<li><strong>Fogadd meg a p\u00e9nzed:<\/strong> Miut\u00e1n a visszavon\u00e1s j\u00f3v\u00e1hagy\u00e1sra ker\u00fclt, a p\u00e9nzed \u00e1tker\u00fcl a v\u00e1lasztott visszavon\u00e1si m\u00f3dszerre, lehet\u0151v\u00e9 t\u00e9ve a nyerem\u00e9nyeid el\u00e9r\u00e9s\u00e9t.<\/li>\n<\/ul>\n<p>Ne felejtsd el, hogy minden kaszin\u00f3nak saj\u00e1tos elj\u00e1r\u00e1sai \u00e9s k\u00f6vetelm\u00e9nyei lehetnek a regisztr\u00e1ci\u00f3val, a befizet\u00e9ssel \u00e9s a p\u00e9nzkiv\u00e9tellel kapcsolatban. Mindig alaposan olvasd el a kaszin\u00f3 szab\u00e1lyzatait \u00e9s felt\u00e9teleit, \u00e9s k\u00f6vesd az aj\u00e1nl\u00e1saikat a z\u00f6kken\u0151mentes j\u00e1t\u00e9k\u00e9lm\u00e9ny \u00e9rdek\u00e9ben. Ezen fel\u00fcl, a felel\u0151s j\u00e1t\u00e9k gyakorl\u00e1sa, azaz korl\u00e1tok be\u00e1ll\u00edt\u00e1sa a j\u00e1t\u00e9k\u00e9lm\u00e9nyedre, aj\u00e1nlott ahhoz, hogy felel\u0151ss\u00e9gteljesen \u00e9lvezd az &#8222;Aviator&#8221; \u00e9s m\u00e1s kaszin\u00f3j\u00e1t\u00e9kokat.<\/p>\n","protected":false},"excerpt":{"rendered":"<p>K\u00e9szen \u00e1llsz egy izgalmas kalandra az &#8222;Aviator&#8221; elb\u0171v\u00f6l\u0151 j\u00e1t\u00e9kkal, amely el\u00e9rhet\u0151 k\u00fcl\u00f6nb\u00f6z\u0151 online kaszin\u00f3kban? Ebben a r\u00e9szletes \u00fatmutat\u00f3ban minden szakaszt lefed\u00fcnk a kaszin\u00f3 regisztr\u00e1ci\u00f3s folyamat\u00e1t\u00f3l a befizet\u00e9sen \u00e9s a p\u00e9nz kiv\u00e9tel\u00e9n \u00e1t &#8211; minden, hogy z\u00f6kken\u0151mentes \u00e9s izgalmas j\u00e1t\u00e9k\u00e9lm\u00e9nyben legyen r\u00e9szed. A l\u00e9p\u00e9sek \u00e1ttekint\u00e9se: Regisztr\u00e1lj a kaszin\u00f3ban: Kezdd azzal, hogy kiv\u00e1lasztasz egy megb\u00edzhat\u00f3 online kaszin\u00f3t [&hellip;]<\/p>\n","protected":false},"author":1,"featured_media":0,"parent":0,"menu_order":0,"comment_status":"closed","ping_status":"closed","template":"","meta":{"footnotes":""},"class_list":["post-12","page","type-page","status-publish","hentry"],"yoast_head":"<!-- This site is optimized with the Yoast SEO plugin v27.2 - https:\/\/yoast.com\/product\/yoast-seo-wordpress\/ -->\n<title>\u041e\u0449\u0443\u0442\u0438 \u0430\u0434\u0440\u0435\u043d\u0430\u043b\u0438\u043d \u0441 Aviator: \u0438\u0433\u0440\u0430\u0439 \u0432 \u043a\u0440\u0430\u0448-\u0438\u0433\u0440\u0443 \u0432 \u043e\u043d\u043b\u0430\u0439\u043d-\u043a\u0430\u0437\u0438\u043d\u043e!<\/title>\n<meta name=\"description\" content=\"Mer\u00fclj el az izgalom vil\u00e1g\u00e1ban az Aviatorral! Fogad\u00e1sok, adrenalin \u00e9s nyerem\u00e9nyek v\u00e1rnak r\u00e1d. Csatlakozz \u00e9s j\u00e1tszd el a crash j\u00e1t\u00e9kot m\u00e9g ma!\" \/>\n<meta name=\"robots\" content=\"index, follow, max-snippet:-1, max-image-preview:large, max-video-preview:-1\" \/>\n<link rel=\"canonical\" href=\"https:\/\/playaviator.in\/hu\/play-aviator-online-casino\/\" \/>\n<meta property=\"og:locale\" content=\"hu_HU\" \/>\n<meta property=\"og:locale:alternate\" content=\"en_US\" \/>\n<meta property=\"og:locale:alternate\" content=\"ru_RU\" \/>\n<meta property=\"og:locale:alternate\" content=\"pt_PT\" \/>\n<meta property=\"og:locale:alternate\" content=\"es_ES\" \/>\n<meta property=\"og:locale:alternate\" content=\"ro_RO\" \/>\n<meta property=\"og:locale:alternate\" content=\"sr_RS\" \/>\n<meta property=\"og:locale:alternate\" content=\"bg_BG\" \/>\n<meta property=\"og:locale:alternate\" content=\"pl_PL\" \/>\n<meta property=\"og:locale:alternate\" content=\"el\" \/>\n<meta property=\"og:locale:alternate\" content=\"tr_TR\" \/>\n<meta property=\"og:type\" content=\"article\" \/>\n<meta property=\"og:title\" content=\"\u041e\u0449\u0443\u0442\u0438 \u0430\u0434\u0440\u0435\u043d\u0430\u043b\u0438\u043d \u0441 Aviator: \u0438\u0433\u0440\u0430\u0439 \u0432 \u043a\u0440\u0430\u0448-\u0438\u0433\u0440\u0443 \u0432 \u043e\u043d\u043b\u0430\u0439\u043d-\u043a\u0430\u0437\u0438\u043d\u043e!\" \/>\n<meta property=\"og:description\" content=\"\u041f\u043e\u0433\u0440\u0443\u0437\u0438\u0441\u044c \u0432 \u043c\u0438\u0440 \u0430\u0437\u0430\u0440\u0442\u0430 \u0441 Aviator! \u0421\u0442\u0430\u0432\u043a\u0438, \u0430\u0434\u0440\u0435\u043d\u0430\u043b\u0438\u043d \u0438 \u0432\u044b\u0438\u0433\u0440\u044b\u0448\u0438 \u0436\u0434\u0443\u0442 \u0442\u0435\u0431\u044f. \u0417\u0430\u0445\u043e\u0434\u0438 \u0438 \u0438\u0433\u0440\u0430\u0439 \u0432 \u043a\u0440\u0430\u0448-\u0438\u0433\u0440\u0443 \u043f\u0440\u044f\u043c\u043e \u0441\u0435\u0439\u0447\u0430\u0441!\" \/>\n<meta property=\"og:url\" content=\"https:\/\/playaviator.in\/hu\/play-aviator-online-casino\/\" \/>\n<meta property=\"og:site_name\" content=\"Aviator Game\" \/>\n<meta property=\"article:modified_time\" content=\"2023-12-26T22:19:00+00:00\" \/>\n<meta name=\"twitter:card\" content=\"summary_large_image\" \/>\n<meta name=\"twitter:label1\" content=\"Becs\u00fclt olvas\u00e1si id\u0151\" \/>\n\t<meta name=\"twitter:data1\" content=\"30 perc\" \/>\n<script type=\"application\/ld+json\" class=\"yoast-schema-graph\">{\"@context\":\"https:\/\/schema.org\",\"@graph\":[{\"@type\":\"WebPage\",\"@id\":\"https:\/\/playaviator.in\/play-aviator-online-casino\/\",\"url\":\"https:\/\/playaviator.in\/play-aviator-online-casino\/\",\"name\":\"\u041e\u0449\u0443\u0442\u0438 \u0430\u0434\u0440\u0435\u043d\u0430\u043b\u0438\u043d \u0441 Aviator: \u0438\u0433\u0440\u0430\u0439 \u0432 \u043a\u0440\u0430\u0448-\u0438\u0433\u0440\u0443 \u0432 \u043e\u043d\u043b\u0430\u0439\u043d-\u043a\u0430\u0437\u0438\u043d\u043e!\",\"isPartOf\":{\"@id\":\"https:\/\/playaviator.in\/pl\/#website\"},\"datePublished\":\"2023-12-16T21:02:45+00:00\",\"dateModified\":\"2023-12-26T22:19:00+00:00\",\"description\":\"\u041f\u043e\u0433\u0440\u0443\u0437\u0438\u0441\u044c \u0432 \u043c\u0438\u0440 \u0430\u0437\u0430\u0440\u0442\u0430 \u0441 Aviator! \u0421\u0442\u0430\u0432\u043a\u0438, \u0430\u0434\u0440\u0435\u043d\u0430\u043b\u0438\u043d \u0438 \u0432\u044b\u0438\u0433\u0440\u044b\u0448\u0438 \u0436\u0434\u0443\u0442 \u0442\u0435\u0431\u044f. \u0417\u0430\u0445\u043e\u0434\u0438 \u0438 \u0438\u0433\u0440\u0430\u0439 \u0432 \u043a\u0440\u0430\u0448-\u0438\u0433\u0440\u0443 \u043f\u0440\u044f\u043c\u043e \u0441\u0435\u0439\u0447\u0430\u0441!\",\"breadcrumb\":{\"@id\":\"https:\/\/playaviator.in\/play-aviator-online-casino\/#breadcrumb\"},\"inLanguage\":\"hu-HU\",\"potentialAction\":[{\"@type\":\"ReadAction\",\"target\":[\"https:\/\/playaviator.in\/play-aviator-online-casino\/\"]}]},{\"@type\":\"BreadcrumbList\",\"@id\":\"https:\/\/playaviator.in\/play-aviator-online-casino\/#breadcrumb\",\"itemListElement\":[{\"@type\":\"ListItem\",\"position\":1,\"name\":\"Home\",\"item\":\"https:\/\/playaviator.in\/pl\/\"},{\"@type\":\"ListItem\",\"position\":2,\"name\":\"\u0418\u0433\u0440\u0430\u0442\u044c \u0432 Aviator \u0432 \u043e\u043d\u043b\u0430\u0439\u043d-\u043a\u0430\u0437\u0438\u043d\u043e\"}]},{\"@type\":\"WebSite\",\"@id\":\"https:\/\/playaviator.in\/pl\/#website\",\"url\":\"https:\/\/playaviator.in\/pl\/\",\"name\":\"Aviator Game\",\"description\":\"\",\"publisher\":{\"@id\":\"https:\/\/playaviator.in\/pl\/#organization\"},\"potentialAction\":[{\"@type\":\"SearchAction\",\"target\":{\"@type\":\"EntryPoint\",\"urlTemplate\":\"https:\/\/playaviator.in\/pl\/?s={search_term_string}\"},\"query-input\":{\"@type\":\"PropertyValueSpecification\",\"valueRequired\":true,\"valueName\":\"search_term_string\"}}],\"inLanguage\":\"hu-HU\"},{\"@type\":\"Organization\",\"@id\":\"https:\/\/playaviator.in\/pl\/#organization\",\"name\":\"Aviator Game\",\"url\":\"https:\/\/playaviator.in\/pl\/\",\"logo\":{\"@type\":\"ImageObject\",\"inLanguage\":\"hu-HU\",\"@id\":\"https:\/\/playaviator.in\/pl\/#\/schema\/logo\/image\/\",\"url\":\"https:\/\/playaviator.in\/wp-content\/uploads\/Aviator_logo-e1702848125368.png\",\"contentUrl\":\"https:\/\/playaviator.in\/wp-content\/uploads\/Aviator_logo-e1702848125368.png\",\"width\":589,\"height\":156,\"caption\":\"Aviator Game\"},\"image\":{\"@id\":\"https:\/\/playaviator.in\/pl\/#\/schema\/logo\/image\/\"}}]}<\/script>\n<!-- \/ Yoast SEO plugin. -->","yoast_head_json":{"title":"\u041e\u0449\u0443\u0442\u0438 \u0430\u0434\u0440\u0435\u043d\u0430\u043b\u0438\u043d \u0441 Aviator: \u0438\u0433\u0440\u0430\u0439 \u0432 \u043a\u0440\u0430\u0448-\u0438\u0433\u0440\u0443 \u0432 \u043e\u043d\u043b\u0430\u0439\u043d-\u043a\u0430\u0437\u0438\u043d\u043e!","description":"Mer\u00fclj el az izgalom vil\u00e1g\u00e1ban az Aviatorral! Fogad\u00e1sok, adrenalin \u00e9s nyerem\u00e9nyek v\u00e1rnak r\u00e1d. Csatlakozz \u00e9s j\u00e1tszd el a crash j\u00e1t\u00e9kot m\u00e9g ma!","robots":{"index":"index","follow":"follow","max-snippet":"max-snippet:-1","max-image-preview":"max-image-preview:large","max-video-preview":"max-video-preview:-1"},"canonical":"https:\/\/playaviator.in\/hu\/play-aviator-online-casino\/","og_locale":"hu_HU","og_type":"article","og_title":"\u041e\u0449\u0443\u0442\u0438 \u0430\u0434\u0440\u0435\u043d\u0430\u043b\u0438\u043d \u0441 Aviator: \u0438\u0433\u0440\u0430\u0439 \u0432 \u043a\u0440\u0430\u0448-\u0438\u0433\u0440\u0443 \u0432 \u043e\u043d\u043b\u0430\u0439\u043d-\u043a\u0430\u0437\u0438\u043d\u043e!","og_description":"\u041f\u043e\u0433\u0440\u0443\u0437\u0438\u0441\u044c \u0432 \u043c\u0438\u0440 \u0430\u0437\u0430\u0440\u0442\u0430 \u0441 Aviator! \u0421\u0442\u0430\u0432\u043a\u0438, \u0430\u0434\u0440\u0435\u043d\u0430\u043b\u0438\u043d \u0438 \u0432\u044b\u0438\u0433\u0440\u044b\u0448\u0438 \u0436\u0434\u0443\u0442 \u0442\u0435\u0431\u044f. \u0417\u0430\u0445\u043e\u0434\u0438 \u0438 \u0438\u0433\u0440\u0430\u0439 \u0432 \u043a\u0440\u0430\u0448-\u0438\u0433\u0440\u0443 \u043f\u0440\u044f\u043c\u043e \u0441\u0435\u0439\u0447\u0430\u0441!","og_url":"https:\/\/playaviator.in\/hu\/play-aviator-online-casino\/","og_site_name":"Aviator Game","article_modified_time":"2023-12-26T22:19:00+00:00","twitter_card":"summary_large_image","twitter_misc":{"Becs\u00fclt olvas\u00e1si id\u0151":"30 perc"},"schema":{"@context":"https:\/\/schema.org","@graph":[{"@type":"WebPage","@id":"https:\/\/playaviator.in\/play-aviator-online-casino\/","url":"https:\/\/playaviator.in\/play-aviator-online-casino\/","name":"\u041e\u0449\u0443\u0442\u0438 \u0430\u0434\u0440\u0435\u043d\u0430\u043b\u0438\u043d \u0441 Aviator: \u0438\u0433\u0440\u0430\u0439 \u0432 \u043a\u0440\u0430\u0448-\u0438\u0433\u0440\u0443 \u0432 \u043e\u043d\u043b\u0430\u0439\u043d-\u043a\u0430\u0437\u0438\u043d\u043e!","isPartOf":{"@id":"https:\/\/playaviator.in\/pl\/#website"},"datePublished":"2023-12-16T21:02:45+00:00","dateModified":"2023-12-26T22:19:00+00:00","description":"\u041f\u043e\u0433\u0440\u0443\u0437\u0438\u0441\u044c \u0432 \u043c\u0438\u0440 \u0430\u0437\u0430\u0440\u0442\u0430 \u0441 Aviator! \u0421\u0442\u0430\u0432\u043a\u0438, \u0430\u0434\u0440\u0435\u043d\u0430\u043b\u0438\u043d \u0438 \u0432\u044b\u0438\u0433\u0440\u044b\u0448\u0438 \u0436\u0434\u0443\u0442 \u0442\u0435\u0431\u044f. \u0417\u0430\u0445\u043e\u0434\u0438 \u0438 \u0438\u0433\u0440\u0430\u0439 \u0432 \u043a\u0440\u0430\u0448-\u0438\u0433\u0440\u0443 \u043f\u0440\u044f\u043c\u043e \u0441\u0435\u0439\u0447\u0430\u0441!","breadcrumb":{"@id":"https:\/\/playaviator.in\/play-aviator-online-casino\/#breadcrumb"},"inLanguage":"hu-HU","potentialAction":[{"@type":"ReadAction","target":["https:\/\/playaviator.in\/play-aviator-online-casino\/"]}]},{"@type":"BreadcrumbList","@id":"https:\/\/playaviator.in\/play-aviator-online-casino\/#breadcrumb","itemListElement":[{"@type":"ListItem","position":1,"name":"Home","item":"https:\/\/playaviator.in\/pl\/"},{"@type":"ListItem","position":2,"name":"\u0418\u0433\u0440\u0430\u0442\u044c \u0432 Aviator \u0432 \u043e\u043d\u043b\u0430\u0439\u043d-\u043a\u0430\u0437\u0438\u043d\u043e"}]},{"@type":"WebSite","@id":"https:\/\/playaviator.in\/pl\/#website","url":"https:\/\/playaviator.in\/pl\/","name":"Aviator Game","description":"","publisher":{"@id":"https:\/\/playaviator.in\/pl\/#organization"},"potentialAction":[{"@type":"SearchAction","target":{"@type":"EntryPoint","urlTemplate":"https:\/\/playaviator.in\/pl\/?s={search_term_string}"},"query-input":{"@type":"PropertyValueSpecification","valueRequired":true,"valueName":"search_term_string"}}],"inLanguage":"hu-HU"},{"@type":"Organization","@id":"https:\/\/playaviator.in\/pl\/#organization","name":"Aviator Game","url":"https:\/\/playaviator.in\/pl\/","logo":{"@type":"ImageObject","inLanguage":"hu-HU","@id":"https:\/\/playaviator.in\/pl\/#\/schema\/logo\/image\/","url":"https:\/\/playaviator.in\/wp-content\/uploads\/Aviator_logo-e1702848125368.png","contentUrl":"https:\/\/playaviator.in\/wp-content\/uploads\/Aviator_logo-e1702848125368.png","width":589,"height":156,"caption":"Aviator Game"},"image":{"@id":"https:\/\/playaviator.in\/pl\/#\/schema\/logo\/image\/"}}]}},"_links":{"self":[{"href":"https:\/\/playaviator.in\/hu\/wp-json\/wp\/v2\/pages\/12","targetHints":{"allow":["GET"]}}],"collection":[{"href":"https:\/\/playaviator.in\/hu\/wp-json\/wp\/v2\/pages"}],"about":[{"href":"https:\/\/playaviator.in\/hu\/wp-json\/wp\/v2\/types\/page"}],"author":[{"embeddable":true,"href":"https:\/\/playaviator.in\/hu\/wp-json\/wp\/v2\/users\/1"}],"replies":[{"embeddable":true,"href":"https:\/\/playaviator.in\/hu\/wp-json\/wp\/v2\/comments?post=12"}],"version-history":[{"count":26,"href":"https:\/\/playaviator.in\/hu\/wp-json\/wp\/v2\/pages\/12\/revisions"}],"predecessor-version":[{"id":132,"href":"https:\/\/playaviator.in\/hu\/wp-json\/wp\/v2\/pages\/12\/revisions\/132"}],"wp:attachment":[{"href":"https:\/\/playaviator.in\/hu\/wp-json\/wp\/v2\/media?parent=12"}],"curies":[{"name":"wp","href":"https:\/\/api.w.org\/{rel}","templated":true}]}}