{"id":7,"date":"2023-12-16T20:42:23","date_gmt":"2023-12-16T20:42:23","guid":{"rendered":"https:\/\/playaviator.in\/?page_id=7"},"modified":"2023-12-26T22:14:26","modified_gmt":"2023-12-26T22:14:26","slug":"home","status":"publish","type":"page","link":"https:\/\/playaviator.in\/es\/","title":{"rendered":"Conquista los Cielos con Aviator: Jugabilidad Emocionante, Apuestas Electrizantes y Grandes Ganancias"},"content":{"rendered":"<h2>\u00bfQu\u00e9 es el juego Aviator?<\/h2>\n<p>El juego de casino Aviator es un juego gr\u00e1fico en l\u00ednea simple impregnado del esp\u00edritu de los a\u00f1os 80. El fondo del juego es negro, y el centro de atenci\u00f3n es la pista de despegue y aterrizaje con un vibrante avi\u00f3n rojo. Durante el juego, tienes la oportunidad de realizar dos apuestas simult\u00e1neamente. En esta rese\u00f1a del Aviator, profundizaremos en los detalles de c\u00f3mo realizar y cerrar apuestas.<\/p>\n<p>En el juego de apuestas Aviator, tus ganancias dependen de cu\u00e1n alto ascienda tu avi\u00f3n. El multiplicador aplicado a tu apuesta exitosa corresponde a la altura que alcanza tu avi\u00f3n. Es crucial recordar que el \u00e9xito depende de la habilidad para detenerse en el momento adecuado y a menudo requiere presionar el bot\u00f3n de retiro antes de alcanzar la altitud m\u00e1xima del avi\u00f3n. Las apuestas en Aviator ofrecen la oportunidad de obtener ganancias a partir de multiplicadores crecientes, alcanzando hasta x100. Incluso con una apuesta m\u00ednima de $1, puedes ganar instant\u00e1neamente $1,000. La plataforma Spribe Aviator opera sobre la base de la equidad comprobada, asegurando imparcialidad en esta industria. Sin embargo, recuerda que si no retiras tus ganancias antes del despegue, la apuesta se cancelar\u00e1. \u00a1Este juego es una mezcla de emociones, riesgo y triunfo!<\/p>\n<h2>Consejos \u00fatiles:<\/h2>\n<ol>\n<li>El multiplicador para las ganancias del avi\u00f3n comienza en 1x y aumenta a medida que el avi\u00f3n asciende.<\/li>\n<li>En el lado izquierdo del juego, hay un panel de apuestas donde puedes seguir las acciones de otros jugadores, sus victorias o derrotas, y ver los multiplicadores que obtienen otros jugadores.<\/li>\n<li>Tus ganancias dependen del coeficiente actual en el momento del pago. Calcula el pago multiplicando el coeficiente por el tama\u00f1o de tu apuesta.<\/li>\n<li>La velocidad de despegue del avi\u00f3n depende del coeficiente generado por un generador de n\u00fameros aleatorios justo antes de cada ronda. Utiliza las funciones del juego para verificar la equidad de cada ronda.<\/li>\n<\/ol>\n<h3>Pago:<\/h3>\n<p>El desarrollador afirma un coeficiente de pago del 97%, suponiendo que despu\u00e9s de 100 rondas de Aviator Spribe, el peque\u00f1o avi\u00f3n comenzar\u00e1 su ascenso con un multiplicador de 0.00, haciendo que la ganancia sea imposible. Los coeficientes para cada ronda se generan utilizando el algoritmo \u00abProvably Fair\u00bb, garantizando completa transparencia. Esta tecnolog\u00eda criptogr\u00e1fica asegura que los coeficientes no se generen en los servidores de casinos en l\u00ednea.<\/p>\n<h2>Chat en el juego Aviator:<\/h2>\n<p>El chat en el juego Aviator es una parte integral de la jugabilidad y est\u00e1 disponible en todas sus versiones:<\/p>\n<p>En la versi\u00f3n web: La ventana de chat est\u00e1 ubicada en el lado derecho de la pantalla, donde puedes interactuar con otros jugadores y recibir notificaciones importantes de los moderadores. En la versi\u00f3n m\u00f3vil: La ventana de mensajes est\u00e1 en la parte inferior de la pantalla.<\/p>\n<h3>El chat brinda la oportunidad de:<\/h3>\n<ol>\n<li>Enviar mensajes a todos los jugadores en la sala.<\/li>\n<li>Recibir notificaciones sobre eventos importantes.<\/li>\n<li>Obtener informaci\u00f3n sobre las acciones de otros jugadores.<\/li>\n<li>Informar posibles problemas durante el juego.<\/li>\n<\/ol>\n<h2>Estad\u00edsticas de Apuestas en Tiempo Real:<\/h2>\n<p>Cada jugador puede seguir las acciones y \u00e9xitos de otros participantes. El panel de juego incluye una secci\u00f3n de \u00abEstad\u00edsticas\u00bb, que comprende:<\/p>\n<ol>\n<li>La hora del \u00faltimo juego.<\/li>\n<li>El nombre del ganador.<\/li>\n<li>El tama\u00f1o de su apuesta.<\/li>\n<li>El coeficiente con el que jugaron.<\/li>\n<\/ol>\n<p>En el juego Aviator, es crucial ser cauteloso y realizar apuestas antes de que el avi\u00f3n alcance su altitud m\u00e1xima para evitar p\u00e9rdidas. Sin embargo, al ejercer la prudencia y gestionar el aumento de las apuestas con sabidur\u00eda, puedes aumentar tus posibilidades de \u00e9xito.<\/p>\n<h2>Aviator: \u00bfC\u00f3mo Jugar?<\/h2>\n<p>En el juego \u00abAviator\u00bb, tu tarea principal es realizar una apuesta y retirarla antes de que el peque\u00f1o avi\u00f3n acelere a su velocidad m\u00e1xima para que puedas reclamar tus ganancias. A medida que el avi\u00f3n asciende gradualmente, el multiplicador aumenta, ya sea que est\u00e9s jugando \u00abAviator\u00bb con dinero real o en la versi\u00f3n de demostraci\u00f3n.<\/p>\n<h3>\u00bfC\u00f3mo funcionan las apuestas en \u00abAviator\u00bb?<\/h3>\n<p>La mec\u00e1nica del juego es incre\u00edblemente simple. Gracias a un generador de n\u00fameros aleatorios que determina los resultados, los jugadores primero realizan apuestas y luego observan con entusiasmo c\u00f3mo despega el avi\u00f3n. Una vez que desaparece de la vista y aparece el letrero \u00abFly Away\u00bb, \u00a1tu ronda est\u00e1 completa! Solo tienes cinco segundos para realizar una apuesta en el round despu\u00e9s de que comienza. Cuando el avi\u00f3n despega, puedes apostar en el pr\u00f3ximo round. La cantidad del premio mayor la determina un generador de n\u00fameros aleatorios, que crea un multiplicador aleatorio justo antes de cada despegue. \u00a1Con tan poco tiempo y multiplicadores r\u00e1pidos, cada segundo cuenta!<\/p>\n<p>Para participar en una ronda de juego de \u00abAviator\u00bb, el jugador debe ingresar la cantidad de apuesta elegida y presionar el bot\u00f3n \u00abApostar\u00bb. \u00a1Curiosamente, el usuario incluso puede realizar dos apuestas simult\u00e1neamente! En el juego \u00abAviator\u00bb, tu tarea es ganar retirando tu apuesta en el momento m\u00e1s oportuno, justo antes de que el avi\u00f3n despegue. La estrategia m\u00e1s rentable es esperar hasta que el multiplicador alcance su m\u00e1ximo, maximizando las recompensas potenciales y, por lo tanto, aumentando tu ganancia.<\/p>\n<h2>\u00bfC\u00f3mo realizar apuestas en \u00abAviator\u00bb?<\/h2>\n<p>Para realizar una apuesta con dinero real en tu juego favorito, primero debes registrarte en una cuenta en la plataforma de juegos y financiar tu banca personal haciendo un dep\u00f3sito. Despu\u00e9s de completar estos pasos, \u00a1estar\u00e1s listo para realizar apuestas con confianza!<\/p>\n<h3>Para realizar una apuesta, sigue estos pasos:<\/h3>\n<ol>\n<li>Inicia sesi\u00f3n en el sitio web oficial del casino en l\u00ednea e ingresa a tu cuenta.<\/li>\n<li>Inicia el juego en modo est\u00e1ndar de tragamonedas.<\/li>\n<li>Realiza una jugada colocando la cantidad elegida. Esta acci\u00f3n se realiza a trav\u00e9s de los botones correspondientes en la pantalla. \u00a1Puedes realizar una o dos apuestas a la vez, seg\u00fan tu preferencia!<\/li>\n<\/ol>\n<h2>Retiros y Apuestas<\/h2>\n<p>Para realizar una apuesta, simplemente presiona el bot\u00f3n \u00abApostar\u00bb. Puedes agregar una segunda apuesta haciendo clic en el \u00edcono de suma en la esquina superior derecha del panel. Para retirar las ganancias, haz clic en el bot\u00f3n \u00abRetirar\u00bb. El dinero se puede retirar a una tarjeta Visa, billeteras electr\u00f3nicas o una cuenta de criptomonedas.<\/p>\n<h2>Juego Autom\u00e1tico y Retiro Autom\u00e1tico<\/h2>\n<p>Para activar el modo de juego autom\u00e1tico, haz clic en el bot\u00f3n \u00abApuesta Autom\u00e1tica\u00bb. Despu\u00e9s de eso, las apuestas se realizar\u00e1n autom\u00e1ticamente. Si es necesario, se puede activar el retiro autom\u00e1tico:<\/p>\n<ul>\n<li>Cuando el saldo disminuye a una cantidad especificada.<\/li>\n<li>Si el saldo aumenta en una cantidad determinada.<\/li>\n<li>Cuando una victoria supera una cantidad espec\u00edfica.<\/li>\n<\/ul>\n<p>Si habilitas la funci\u00f3n de \u00abRetiro Autom\u00e1tico\u00bb mientras juegas \u00abAviator\u00bb, la cantidad del pago se recibir\u00e1 utilizando el bot\u00f3n \u00abRetirar\u00bb tan pronto como el avi\u00f3n alcance tu multiplicador especificado.<\/p>\n<h2>Versi\u00f3n de Demostraci\u00f3n de \u00abAviator\u00bb<\/h2>\n<p>Al igual que en cualquier otro excelente juego en l\u00ednea, en la versi\u00f3n de demostraci\u00f3n de \u00abAviator\u00bb, puedes jugar c\u00f3modamente sin arriesgar dinero. \u00abAntes de comenzar a jugar con dinero real, se recomienda probar \u00abAviator\u00bb en modo de demostraci\u00f3n. Esto permite que los jugadores se familiaricen con la mec\u00e1nica del juego, comprendan los matices de la jugabilidad y desarrollen una estrategia de apuestas sin arriesgar dinero real. Esto aumenta significativamente las posibilidades de \u00e9xito al jugar con fondos reales.\u00bb<\/p>\n<p>Todo lo que necesitas hacer es seleccionar \u00abJugar por Diversi\u00f3n\u00bb, y el juego se abrir\u00e1 \u2014 igual que el juego real de \u00abAviator\u00bb. Por supuesto, la versi\u00f3n de demostraci\u00f3n de \u00abAviator\u00bb te permite jugar con un cr\u00e9dito de $3,000 que siempre puedes restaurar.<\/p>\n<h2>\u00bfC\u00f3mo jugar y ganar en \u00abAviator\u00bb?<\/h2>\n<p>Si quieres saber c\u00f3mo ganar en \u00abAviator\u00bb, se recomienda desarrollar una estrategia de juego efectiva y adherirse estrictamente a ella. No olvides familiarizarte con las reglas y la mec\u00e1nica de esta m\u00e1quina tragamonedas antes de comenzar el juego \u2014 el conocimiento aqu\u00ed ser\u00e1 tu principal ventaja. \u00a1Si resistes la tentaci\u00f3n durante el juego, tus posibilidades de \u00e9xito aumentar\u00e1n considerablemente!<\/p>\n<h3>Consejos y Recomendaciones para \u00abAviator\u00bb<\/h3>\n<p>Por supuesto, hay algunas cosas que puedes hacer para aumentar tus posibilidades de \u00e9xito.<\/p>\n<ol>\n<li>En primer lugar, familiar\u00edzate con el juego en la versi\u00f3n de demostraci\u00f3n. De esta manera, no arriesgas nada desde el principio y puedes entender la mec\u00e1nica del juego. Encuentra un equilibrio entre el riesgo y el beneficio potencial.<\/li>\n<li>Cuanto mayor sea el multiplicador, mayores ser\u00e1n las ganancias potenciales. Sin embargo, la probabilidad de ganar tambi\u00e9n disminuye.<\/li>\n<li>Realiza apuestas con sabidur\u00eda y evita la codicia. Es mejor jugar con cautela y obtener peque\u00f1as ganancias que apostar todo y posiblemente perderlo todo.<\/li>\n<li>Finalmente, aseg\u00farate de tener una conexi\u00f3n a Internet estable. Una conexi\u00f3n confiable es esencial para que el juego no se congele a la mitad y puedas disfrutar completamente del proceso de juego.<\/li>\n<\/ol>\n<p>\u00abAviator\u00bb es un juego simple y cautivador que puede atraer a todos. Juega con dinero real o en modo de demostraci\u00f3n; el juego sin duda te proporcionar\u00e1 muchas horas de diversi\u00f3n.<\/p>\n","protected":false},"excerpt":{"rendered":"<p>\u00bfQu\u00e9 es el juego Aviator? El juego de casino Aviator es un juego gr\u00e1fico en l\u00ednea simple impregnado del esp\u00edritu de los a\u00f1os 80. El fondo del juego es negro, y el centro de atenci\u00f3n es la pista de despegue y aterrizaje con un vibrante avi\u00f3n rojo. Durante el juego, tienes la oportunidad de realizar [&hellip;]<\/p>\n","protected":false},"author":1,"featured_media":0,"parent":0,"menu_order":0,"comment_status":"closed","ping_status":"closed","template":"","meta":{"footnotes":""},"class_list":["post-7","page","type-page","status-publish","hentry"],"yoast_head":"<!-- This site is optimized with the Yoast SEO plugin v27.2 - https:\/\/yoast.com\/product\/yoast-seo-wordpress\/ -->\n<title>Podbij niebo z Aviatorem: Ekscytuj\u0105ce zak\u0142ady i adrenalina<\/title>\n<meta name=\"description\" content=\"Explora el mundo del juego con Aviator. Un juego de crash \u00fanico en un casino en l\u00ednea. \u00a1Arri\u00e9sgate, haz tus apuestas y triunfa! \u00a1\u00danete y siente la emoci\u00f3n!\" \/>\n<meta name=\"robots\" content=\"index, follow, max-snippet:-1, max-image-preview:large, max-video-preview:-1\" \/>\n<link rel=\"canonical\" href=\"https:\/\/playaviator.in\/es\/\" \/>\n<meta property=\"og:locale\" content=\"es_ES\" \/>\n<meta property=\"og:locale:alternate\" content=\"en_US\" \/>\n<meta property=\"og:locale:alternate\" content=\"ru_RU\" \/>\n<meta property=\"og:locale:alternate\" content=\"pt_PT\" \/>\n<meta property=\"og:locale:alternate\" content=\"ro_RO\" \/>\n<meta property=\"og:locale:alternate\" content=\"sr_RS\" \/>\n<meta property=\"og:locale:alternate\" content=\"bg_BG\" \/>\n<meta property=\"og:locale:alternate\" content=\"hu_HU\" \/>\n<meta property=\"og:locale:alternate\" content=\"pl_PL\" \/>\n<meta property=\"og:locale:alternate\" content=\"el\" \/>\n<meta property=\"og:locale:alternate\" content=\"tr_TR\" \/>\n<meta property=\"og:type\" content=\"article\" \/>\n<meta property=\"og:title\" content=\"Podbij niebo z Aviatorem: Ekscytuj\u0105ce zak\u0142ady i adrenalina\" \/>\n<meta property=\"og:description\" content=\"Odkryj \u015bwiat hazardu z Aviatorem! Wyj\u0105tkowa gra w wypadki w kasynie online. Ryzykuj, stawiaj zak\u0142ady i zwyci\u0119\u017caj! Do\u0142\u0105cz i poczuj emocje!\" \/>\n<meta property=\"og:url\" content=\"https:\/\/playaviator.in\/es\/\" \/>\n<meta property=\"og:site_name\" content=\"Aviator Game\" \/>\n<meta property=\"article:modified_time\" content=\"2023-12-26T22:14:26+00:00\" \/>\n<meta name=\"twitter:card\" content=\"summary_large_image\" \/>\n<meta name=\"twitter:label1\" content=\"Tiempo de lectura\" \/>\n\t<meta name=\"twitter:data1\" content=\"54 minutos\" \/>\n<script type=\"application\/ld+json\" class=\"yoast-schema-graph\">{\"@context\":\"https:\/\/schema.org\",\"@graph\":[{\"@type\":\"WebPage\",\"@id\":\"https:\/\/playaviator.in\/pl\/\",\"url\":\"https:\/\/playaviator.in\/pl\/\",\"name\":\"Podbij niebo z Aviatorem: Ekscytuj\u0105ce zak\u0142ady i adrenalina\",\"isPartOf\":{\"@id\":\"https:\/\/playaviator.in\/pl\/#website\"},\"datePublished\":\"2023-12-16T20:42:23+00:00\",\"dateModified\":\"2023-12-26T22:14:26+00:00\",\"description\":\"Odkryj \u015bwiat hazardu z Aviatorem! Wyj\u0105tkowa gra w wypadki w kasynie online. Ryzykuj, stawiaj zak\u0142ady i zwyci\u0119\u017caj! Do\u0142\u0105cz i poczuj emocje!\",\"breadcrumb\":{\"@id\":\"https:\/\/playaviator.in\/pl\/#breadcrumb\"},\"inLanguage\":\"es-ES\",\"potentialAction\":[{\"@type\":\"ReadAction\",\"target\":[\"https:\/\/playaviator.in\/pl\/\"]}]},{\"@type\":\"BreadcrumbList\",\"@id\":\"https:\/\/playaviator.in\/pl\/#breadcrumb\",\"itemListElement\":[{\"@type\":\"ListItem\",\"position\":1,\"name\":\"Home\",\"item\":\"https:\/\/playaviator.in\/pl\/\"},{\"@type\":\"ListItem\",\"position\":2,\"name\":\"Zdobywaj niebo z Aviatorem: ekscytuj\u0105ca rozgrywka, fascynuj\u0105ce zak\u0142ady i du\u017ce wygrane\"}]},{\"@type\":\"WebSite\",\"@id\":\"https:\/\/playaviator.in\/pl\/#website\",\"url\":\"https:\/\/playaviator.in\/pl\/\",\"name\":\"Aviator Game\",\"description\":\"\",\"publisher\":{\"@id\":\"https:\/\/playaviator.in\/pl\/#organization\"},\"potentialAction\":[{\"@type\":\"SearchAction\",\"target\":{\"@type\":\"EntryPoint\",\"urlTemplate\":\"https:\/\/playaviator.in\/pl\/?s={search_term_string}\"},\"query-input\":{\"@type\":\"PropertyValueSpecification\",\"valueRequired\":true,\"valueName\":\"search_term_string\"}}],\"inLanguage\":\"es-ES\"},{\"@type\":\"Organization\",\"@id\":\"https:\/\/playaviator.in\/pl\/#organization\",\"name\":\"Aviator Game\",\"url\":\"https:\/\/playaviator.in\/pl\/\",\"logo\":{\"@type\":\"ImageObject\",\"inLanguage\":\"es-ES\",\"@id\":\"https:\/\/playaviator.in\/pl\/#\/schema\/logo\/image\/\",\"url\":\"https:\/\/playaviator.in\/wp-content\/uploads\/Aviator_logo-e1702848125368.png\",\"contentUrl\":\"https:\/\/playaviator.in\/wp-content\/uploads\/Aviator_logo-e1702848125368.png\",\"width\":589,\"height\":156,\"caption\":\"Aviator Game\"},\"image\":{\"@id\":\"https:\/\/playaviator.in\/pl\/#\/schema\/logo\/image\/\"}}]}<\/script>\n<!-- \/ Yoast SEO plugin. -->","yoast_head_json":{"title":"Podbij niebo z Aviatorem: Ekscytuj\u0105ce zak\u0142ady i adrenalina","description":"Explora el mundo del juego con Aviator. Un juego de crash \u00fanico en un casino en l\u00ednea. \u00a1Arri\u00e9sgate, haz tus apuestas y triunfa! \u00a1\u00danete y siente la emoci\u00f3n!","robots":{"index":"index","follow":"follow","max-snippet":"max-snippet:-1","max-image-preview":"max-image-preview:large","max-video-preview":"max-video-preview:-1"},"canonical":"https:\/\/playaviator.in\/es\/","og_locale":"es_ES","og_type":"article","og_title":"Podbij niebo z Aviatorem: Ekscytuj\u0105ce zak\u0142ady i adrenalina","og_description":"Odkryj \u015bwiat hazardu z Aviatorem! Wyj\u0105tkowa gra w wypadki w kasynie online. Ryzykuj, stawiaj zak\u0142ady i zwyci\u0119\u017caj! Do\u0142\u0105cz i poczuj emocje!","og_url":"https:\/\/playaviator.in\/es\/","og_site_name":"Aviator Game","article_modified_time":"2023-12-26T22:14:26+00:00","twitter_card":"summary_large_image","twitter_misc":{"Tiempo de lectura":"54 minutos"},"schema":{"@context":"https:\/\/schema.org","@graph":[{"@type":"WebPage","@id":"https:\/\/playaviator.in\/pl\/","url":"https:\/\/playaviator.in\/pl\/","name":"Podbij niebo z Aviatorem: Ekscytuj\u0105ce zak\u0142ady i adrenalina","isPartOf":{"@id":"https:\/\/playaviator.in\/pl\/#website"},"datePublished":"2023-12-16T20:42:23+00:00","dateModified":"2023-12-26T22:14:26+00:00","description":"Odkryj \u015bwiat hazardu z Aviatorem! Wyj\u0105tkowa gra w wypadki w kasynie online. Ryzykuj, stawiaj zak\u0142ady i zwyci\u0119\u017caj! Do\u0142\u0105cz i poczuj emocje!","breadcrumb":{"@id":"https:\/\/playaviator.in\/pl\/#breadcrumb"},"inLanguage":"es-ES","potentialAction":[{"@type":"ReadAction","target":["https:\/\/playaviator.in\/pl\/"]}]},{"@type":"BreadcrumbList","@id":"https:\/\/playaviator.in\/pl\/#breadcrumb","itemListElement":[{"@type":"ListItem","position":1,"name":"Home","item":"https:\/\/playaviator.in\/pl\/"},{"@type":"ListItem","position":2,"name":"Zdobywaj niebo z Aviatorem: ekscytuj\u0105ca rozgrywka, fascynuj\u0105ce zak\u0142ady i du\u017ce wygrane"}]},{"@type":"WebSite","@id":"https:\/\/playaviator.in\/pl\/#website","url":"https:\/\/playaviator.in\/pl\/","name":"Aviator Game","description":"","publisher":{"@id":"https:\/\/playaviator.in\/pl\/#organization"},"potentialAction":[{"@type":"SearchAction","target":{"@type":"EntryPoint","urlTemplate":"https:\/\/playaviator.in\/pl\/?s={search_term_string}"},"query-input":{"@type":"PropertyValueSpecification","valueRequired":true,"valueName":"search_term_string"}}],"inLanguage":"es-ES"},{"@type":"Organization","@id":"https:\/\/playaviator.in\/pl\/#organization","name":"Aviator Game","url":"https:\/\/playaviator.in\/pl\/","logo":{"@type":"ImageObject","inLanguage":"es-ES","@id":"https:\/\/playaviator.in\/pl\/#\/schema\/logo\/image\/","url":"https:\/\/playaviator.in\/wp-content\/uploads\/Aviator_logo-e1702848125368.png","contentUrl":"https:\/\/playaviator.in\/wp-content\/uploads\/Aviator_logo-e1702848125368.png","width":589,"height":156,"caption":"Aviator Game"},"image":{"@id":"https:\/\/playaviator.in\/pl\/#\/schema\/logo\/image\/"}}]}},"_links":{"self":[{"href":"https:\/\/playaviator.in\/es\/wp-json\/wp\/v2\/pages\/7","targetHints":{"allow":["GET"]}}],"collection":[{"href":"https:\/\/playaviator.in\/es\/wp-json\/wp\/v2\/pages"}],"about":[{"href":"https:\/\/playaviator.in\/es\/wp-json\/wp\/v2\/types\/page"}],"author":[{"embeddable":true,"href":"https:\/\/playaviator.in\/es\/wp-json\/wp\/v2\/users\/1"}],"replies":[{"embeddable":true,"href":"https:\/\/playaviator.in\/es\/wp-json\/wp\/v2\/comments?post=7"}],"version-history":[{"count":35,"href":"https:\/\/playaviator.in\/es\/wp-json\/wp\/v2\/pages\/7\/revisions"}],"predecessor-version":[{"id":147,"href":"https:\/\/playaviator.in\/es\/wp-json\/wp\/v2\/pages\/7\/revisions\/147"}],"wp:attachment":[{"href":"https:\/\/playaviator.in\/es\/wp-json\/wp\/v2\/media?parent=7"}],"curies":[{"name":"wp","href":"https:\/\/api.w.org\/{rel}","templated":true}]}}