{"id":5,"date":"2023-12-16T19:56:11","date_gmt":"2023-12-16T19:56:11","guid":{"rendered":"https:\/\/playaviator.in\/?page_id=5"},"modified":"2023-12-26T22:17:09","modified_gmt":"2023-12-26T22:17:09","slug":"faq-aviator-game","status":"publish","type":"page","link":"https:\/\/playaviator.in\/es\/faq-aviator-game\/","title":{"rendered":"FAQ"},"content":{"rendered":"<h3>C\u00f3mo ganar mucho dinero en el juego Aviator?<\/h3>\n<p>No hay una respuesta universal a esta pregunta. Puedes ganar una cantidad sustancial de dinero jugando al juego Aviator dependiendo de tu experiencia y suerte. Sin embargo, es importante recordar que todo juego de azar implica un cierto nivel de riesgo. Comprender todos los riesgos asociados con jugar a Aviator es crucial.<\/p>\n<h3>\u00bfPuedo jugar Aviator gratis?<\/h3>\n<p>S\u00ed, puedes jugar a Aviator gratis en modo demostraci\u00f3n. Esto te permite familiarizarte con el juego sin invertir dinero.<\/p>\n<h3>\u00bfEs posible ganar dinero en el juego Aviator?<\/h3>\n<p>S\u00ed, puedes ganar dinero real en el juego Aviator. Sin embargo, hay un riesgo involucrado, como en cualquier actividad de juego. Es importante ser consciente de los riesgos asociados con jugar al juego Aviator si deseas ganar dinero real.<\/p>\n<h3>\u00bfC\u00f3mo jugar al juego \u00abAviator\u00bb en l\u00ednea?<\/h3>\n<p>Para jugar al juego Aviator, puedes crear una cuenta en cualquiera de los casinos enumerados en nuestro sitio web. Una vez registrado, podr\u00e1s elegir el juego de la lista de opciones disponibles.<\/p>\n<h3>\u00bfC\u00f3mo puedo financiar mi cuenta en el juego Aviator?<\/h3>\n<p>Existen varias formas de financiar tu cuenta en el juego Aviator. Una opci\u00f3n es usar una tarjeta de cr\u00e9dito. Otra opci\u00f3n es utilizar una billetera electr\u00f3nica, como Skrill o PayPal.<\/p>\n<h3>\u00bfEs posible predecir el resultado del juego Aviator?<\/h3>\n<p>Es imposible predecir los resultados del juego Aviator. Por lo tanto, es importante ser consciente de los riesgos asociados con jugar si deseas ganar dinero.<\/p>\n<h3>\u00bfCu\u00e1l es la apuesta m\u00ednima en Aviator?<\/h3>\n<p>La apuesta m\u00ednima en Aviator es de 1 centavo.<\/p>\n<h3>\u00bfCu\u00e1l es la apuesta m\u00e1xima que se puede realizar en Aviator?<\/h3>\n<p>La apuesta m\u00e1xima en Aviator es de 100 d\u00f3lares.<\/p>\n<h3>\u00bfCu\u00e1l es el RTP en el juego Aviator?<\/h3>\n<p>El RTP (Retorno al Jugador) en el juego Aviator es del 95 por ciento.<\/p>\n","protected":false},"excerpt":{"rendered":"<p>C\u00f3mo ganar mucho dinero en el juego Aviator? No hay una respuesta universal a esta pregunta. Puedes ganar una cantidad sustancial de dinero jugando al juego Aviator dependiendo de tu experiencia y suerte. Sin embargo, es importante recordar que todo juego de azar implica un cierto nivel de riesgo. Comprender todos los riesgos asociados con [&hellip;]<\/p>\n","protected":false},"author":1,"featured_media":0,"parent":0,"menu_order":0,"comment_status":"closed","ping_status":"closed","template":"","meta":{"footnotes":""},"class_list":["post-5","page","type-page","status-publish","hentry"],"yoast_head":"<!-- This site is optimized with the Yoast SEO plugin v27.2 - https:\/\/yoast.com\/product\/yoast-seo-wordpress\/ -->\n<title>\u03a3\u03c5\u03c7\u03bd\u03ad\u03c2 \u0395\u03c1\u03c9\u03c4\u03ae\u03c3\u03b5\u03b9\u03c2 \u03b3\u03b9\u03b1 \u03c4\u03bf online \u03c0\u03b1\u03b9\u03c7\u03bd\u03af\u03b4\u03b9 \u03ba\u03b1\u03c4\u03b1\u03c1\u03c1\u03bf\u03ae\u03c2 Aviator<\/title>\n<meta name=\"description\" content=\"\u00bfBuscas respuestas? En la secci\u00f3n de preguntas frecuentes, cubriremos las reglas, estrategias y caracter\u00edsticas de Aviator. \u00a1Aprende todo lo que necesitas para jugar con \u00e9xito!\" \/>\n<meta name=\"robots\" content=\"index, follow, max-snippet:-1, max-image-preview:large, max-video-preview:-1\" \/>\n<link rel=\"canonical\" href=\"https:\/\/playaviator.in\/es\/faq-aviator-game\/\" \/>\n<meta property=\"og:locale\" content=\"es_ES\" \/>\n<meta property=\"og:locale:alternate\" content=\"en_US\" \/>\n<meta property=\"og:locale:alternate\" content=\"ru_RU\" \/>\n<meta property=\"og:locale:alternate\" content=\"pt_PT\" \/>\n<meta property=\"og:locale:alternate\" content=\"ro_RO\" \/>\n<meta property=\"og:locale:alternate\" content=\"sr_RS\" \/>\n<meta property=\"og:locale:alternate\" content=\"bg_BG\" \/>\n<meta property=\"og:locale:alternate\" content=\"hu_HU\" \/>\n<meta property=\"og:locale:alternate\" content=\"pl_PL\" \/>\n<meta property=\"og:locale:alternate\" content=\"el\" \/>\n<meta property=\"og:locale:alternate\" content=\"tr_TR\" \/>\n<meta property=\"og:type\" content=\"article\" \/>\n<meta property=\"og:title\" content=\"\u03a3\u03c5\u03c7\u03bd\u03ad\u03c2 \u0395\u03c1\u03c9\u03c4\u03ae\u03c3\u03b5\u03b9\u03c2 \u03b3\u03b9\u03b1 \u03c4\u03bf online \u03c0\u03b1\u03b9\u03c7\u03bd\u03af\u03b4\u03b9 \u03ba\u03b1\u03c4\u03b1\u03c1\u03c1\u03bf\u03ae\u03c2 Aviator\" \/>\n<meta property=\"og:description\" content=\"\u03a8\u03ac\u03c7\u03bd\u03b5\u03c4\u03b5 \u03b1\u03c0\u03b1\u03bd\u03c4\u03ae\u03c3\u03b5\u03b9\u03c2; \u03a3\u03c4\u03bf \u03c4\u03bc\u03ae\u03bc\u03b1 \u03a3\u03c5\u03c7\u03bd\u03ce\u03bd \u0395\u03c1\u03c9\u03c4\u03ae\u03c3\u03b5\u03c9\u03bd, \u03b8\u03b1 \u03ba\u03b1\u03bb\u03cd\u03c8\u03bf\u03c5\u03bc\u03b5 \u03c4\u03bf\u03c5\u03c2 \u03ba\u03b1\u03bd\u03cc\u03bd\u03b5\u03c2, \u03c4\u03b9\u03c2 \u03c3\u03c4\u03c1\u03b1\u03c4\u03b7\u03b3\u03b9\u03ba\u03ad\u03c2 \u03ba\u03b1\u03b9 \u03c4\u03b1 \u03c7\u03b1\u03c1\u03b1\u03ba\u03c4\u03b7\u03c1\u03b9\u03c3\u03c4\u03b9\u03ba\u03ac \u03c4\u03bf\u03c5 Aviator. \u039c\u03ac\u03b8\u03b5\u03c4\u03b5 \u03c4\u03b1 \u03c0\u03ac\u03bd\u03c4\u03b1 \u03b3\u03b9\u03b1 \u03bd\u03b1 \u03c0\u03b1\u03af\u03be\u03b5\u03c4\u03b5 \u03bc\u03b5 \u03b5\u03c0\u03b9\u03c4\u03c5\u03c7\u03af\u03b1!\" \/>\n<meta property=\"og:url\" content=\"https:\/\/playaviator.in\/es\/faq-aviator-game\/\" \/>\n<meta property=\"og:site_name\" content=\"Aviator Game\" \/>\n<meta property=\"article:modified_time\" content=\"2023-12-26T22:17:09+00:00\" \/>\n<meta name=\"twitter:card\" content=\"summary_large_image\" \/>\n<meta name=\"twitter:label1\" content=\"Tiempo de lectura\" \/>\n\t<meta name=\"twitter:data1\" content=\"11 minutos\" \/>\n<script type=\"application\/ld+json\" class=\"yoast-schema-graph\">{\"@context\":\"https:\/\/schema.org\",\"@graph\":[{\"@type\":\"WebPage\",\"@id\":\"https:\/\/playaviator.in\/el\/faq-aviator-game\/\",\"url\":\"https:\/\/playaviator.in\/el\/faq-aviator-game\/\",\"name\":\"\u03a3\u03c5\u03c7\u03bd\u03ad\u03c2 \u0395\u03c1\u03c9\u03c4\u03ae\u03c3\u03b5\u03b9\u03c2 \u03b3\u03b9\u03b1 \u03c4\u03bf online \u03c0\u03b1\u03b9\u03c7\u03bd\u03af\u03b4\u03b9 \u03ba\u03b1\u03c4\u03b1\u03c1\u03c1\u03bf\u03ae\u03c2 Aviator\",\"isPartOf\":{\"@id\":\"https:\/\/playaviator.in\/pl\/#website\"},\"datePublished\":\"2023-12-16T19:56:11+00:00\",\"dateModified\":\"2023-12-26T22:17:09+00:00\",\"description\":\"\u03a8\u03ac\u03c7\u03bd\u03b5\u03c4\u03b5 \u03b1\u03c0\u03b1\u03bd\u03c4\u03ae\u03c3\u03b5\u03b9\u03c2; \u03a3\u03c4\u03bf \u03c4\u03bc\u03ae\u03bc\u03b1 \u03a3\u03c5\u03c7\u03bd\u03ce\u03bd \u0395\u03c1\u03c9\u03c4\u03ae\u03c3\u03b5\u03c9\u03bd, \u03b8\u03b1 \u03ba\u03b1\u03bb\u03cd\u03c8\u03bf\u03c5\u03bc\u03b5 \u03c4\u03bf\u03c5\u03c2 \u03ba\u03b1\u03bd\u03cc\u03bd\u03b5\u03c2, \u03c4\u03b9\u03c2 \u03c3\u03c4\u03c1\u03b1\u03c4\u03b7\u03b3\u03b9\u03ba\u03ad\u03c2 \u03ba\u03b1\u03b9 \u03c4\u03b1 \u03c7\u03b1\u03c1\u03b1\u03ba\u03c4\u03b7\u03c1\u03b9\u03c3\u03c4\u03b9\u03ba\u03ac \u03c4\u03bf\u03c5 Aviator. \u039c\u03ac\u03b8\u03b5\u03c4\u03b5 \u03c4\u03b1 \u03c0\u03ac\u03bd\u03c4\u03b1 \u03b3\u03b9\u03b1 \u03bd\u03b1 \u03c0\u03b1\u03af\u03be\u03b5\u03c4\u03b5 \u03bc\u03b5 \u03b5\u03c0\u03b9\u03c4\u03c5\u03c7\u03af\u03b1!\",\"breadcrumb\":{\"@id\":\"https:\/\/playaviator.in\/el\/faq-aviator-game\/#breadcrumb\"},\"inLanguage\":\"es-ES\",\"potentialAction\":[{\"@type\":\"ReadAction\",\"target\":[\"https:\/\/playaviator.in\/el\/faq-aviator-game\/\"]}]},{\"@type\":\"BreadcrumbList\",\"@id\":\"https:\/\/playaviator.in\/el\/faq-aviator-game\/#breadcrumb\",\"itemListElement\":[{\"@type\":\"ListItem\",\"position\":1,\"name\":\"Home\",\"item\":\"https:\/\/playaviator.in\/pl\/\"},{\"@type\":\"ListItem\",\"position\":2,\"name\":\"FAQ\"}]},{\"@type\":\"WebSite\",\"@id\":\"https:\/\/playaviator.in\/pl\/#website\",\"url\":\"https:\/\/playaviator.in\/pl\/\",\"name\":\"Aviator Game\",\"description\":\"\",\"publisher\":{\"@id\":\"https:\/\/playaviator.in\/pl\/#organization\"},\"potentialAction\":[{\"@type\":\"SearchAction\",\"target\":{\"@type\":\"EntryPoint\",\"urlTemplate\":\"https:\/\/playaviator.in\/pl\/?s={search_term_string}\"},\"query-input\":{\"@type\":\"PropertyValueSpecification\",\"valueRequired\":true,\"valueName\":\"search_term_string\"}}],\"inLanguage\":\"es-ES\"},{\"@type\":\"Organization\",\"@id\":\"https:\/\/playaviator.in\/pl\/#organization\",\"name\":\"Aviator Game\",\"url\":\"https:\/\/playaviator.in\/pl\/\",\"logo\":{\"@type\":\"ImageObject\",\"inLanguage\":\"es-ES\",\"@id\":\"https:\/\/playaviator.in\/pl\/#\/schema\/logo\/image\/\",\"url\":\"https:\/\/playaviator.in\/wp-content\/uploads\/Aviator_logo-e1702848125368.png\",\"contentUrl\":\"https:\/\/playaviator.in\/wp-content\/uploads\/Aviator_logo-e1702848125368.png\",\"width\":589,\"height\":156,\"caption\":\"Aviator Game\"},\"image\":{\"@id\":\"https:\/\/playaviator.in\/pl\/#\/schema\/logo\/image\/\"}}]}<\/script>\n<!-- \/ Yoast SEO plugin. -->","yoast_head_json":{"title":"\u03a3\u03c5\u03c7\u03bd\u03ad\u03c2 \u0395\u03c1\u03c9\u03c4\u03ae\u03c3\u03b5\u03b9\u03c2 \u03b3\u03b9\u03b1 \u03c4\u03bf online \u03c0\u03b1\u03b9\u03c7\u03bd\u03af\u03b4\u03b9 \u03ba\u03b1\u03c4\u03b1\u03c1\u03c1\u03bf\u03ae\u03c2 Aviator","description":"\u00bfBuscas respuestas? En la secci\u00f3n de preguntas frecuentes, cubriremos las reglas, estrategias y caracter\u00edsticas de Aviator. \u00a1Aprende todo lo que necesitas para jugar con \u00e9xito!","robots":{"index":"index","follow":"follow","max-snippet":"max-snippet:-1","max-image-preview":"max-image-preview:large","max-video-preview":"max-video-preview:-1"},"canonical":"https:\/\/playaviator.in\/es\/faq-aviator-game\/","og_locale":"es_ES","og_type":"article","og_title":"\u03a3\u03c5\u03c7\u03bd\u03ad\u03c2 \u0395\u03c1\u03c9\u03c4\u03ae\u03c3\u03b5\u03b9\u03c2 \u03b3\u03b9\u03b1 \u03c4\u03bf online \u03c0\u03b1\u03b9\u03c7\u03bd\u03af\u03b4\u03b9 \u03ba\u03b1\u03c4\u03b1\u03c1\u03c1\u03bf\u03ae\u03c2 Aviator","og_description":"\u03a8\u03ac\u03c7\u03bd\u03b5\u03c4\u03b5 \u03b1\u03c0\u03b1\u03bd\u03c4\u03ae\u03c3\u03b5\u03b9\u03c2; \u03a3\u03c4\u03bf \u03c4\u03bc\u03ae\u03bc\u03b1 \u03a3\u03c5\u03c7\u03bd\u03ce\u03bd \u0395\u03c1\u03c9\u03c4\u03ae\u03c3\u03b5\u03c9\u03bd, \u03b8\u03b1 \u03ba\u03b1\u03bb\u03cd\u03c8\u03bf\u03c5\u03bc\u03b5 \u03c4\u03bf\u03c5\u03c2 \u03ba\u03b1\u03bd\u03cc\u03bd\u03b5\u03c2, \u03c4\u03b9\u03c2 \u03c3\u03c4\u03c1\u03b1\u03c4\u03b7\u03b3\u03b9\u03ba\u03ad\u03c2 \u03ba\u03b1\u03b9 \u03c4\u03b1 \u03c7\u03b1\u03c1\u03b1\u03ba\u03c4\u03b7\u03c1\u03b9\u03c3\u03c4\u03b9\u03ba\u03ac \u03c4\u03bf\u03c5 Aviator. \u039c\u03ac\u03b8\u03b5\u03c4\u03b5 \u03c4\u03b1 \u03c0\u03ac\u03bd\u03c4\u03b1 \u03b3\u03b9\u03b1 \u03bd\u03b1 \u03c0\u03b1\u03af\u03be\u03b5\u03c4\u03b5 \u03bc\u03b5 \u03b5\u03c0\u03b9\u03c4\u03c5\u03c7\u03af\u03b1!","og_url":"https:\/\/playaviator.in\/es\/faq-aviator-game\/","og_site_name":"Aviator Game","article_modified_time":"2023-12-26T22:17:09+00:00","twitter_card":"summary_large_image","twitter_misc":{"Tiempo de lectura":"11 minutos"},"schema":{"@context":"https:\/\/schema.org","@graph":[{"@type":"WebPage","@id":"https:\/\/playaviator.in\/el\/faq-aviator-game\/","url":"https:\/\/playaviator.in\/el\/faq-aviator-game\/","name":"\u03a3\u03c5\u03c7\u03bd\u03ad\u03c2 \u0395\u03c1\u03c9\u03c4\u03ae\u03c3\u03b5\u03b9\u03c2 \u03b3\u03b9\u03b1 \u03c4\u03bf online \u03c0\u03b1\u03b9\u03c7\u03bd\u03af\u03b4\u03b9 \u03ba\u03b1\u03c4\u03b1\u03c1\u03c1\u03bf\u03ae\u03c2 Aviator","isPartOf":{"@id":"https:\/\/playaviator.in\/pl\/#website"},"datePublished":"2023-12-16T19:56:11+00:00","dateModified":"2023-12-26T22:17:09+00:00","description":"\u03a8\u03ac\u03c7\u03bd\u03b5\u03c4\u03b5 \u03b1\u03c0\u03b1\u03bd\u03c4\u03ae\u03c3\u03b5\u03b9\u03c2; \u03a3\u03c4\u03bf \u03c4\u03bc\u03ae\u03bc\u03b1 \u03a3\u03c5\u03c7\u03bd\u03ce\u03bd \u0395\u03c1\u03c9\u03c4\u03ae\u03c3\u03b5\u03c9\u03bd, \u03b8\u03b1 \u03ba\u03b1\u03bb\u03cd\u03c8\u03bf\u03c5\u03bc\u03b5 \u03c4\u03bf\u03c5\u03c2 \u03ba\u03b1\u03bd\u03cc\u03bd\u03b5\u03c2, \u03c4\u03b9\u03c2 \u03c3\u03c4\u03c1\u03b1\u03c4\u03b7\u03b3\u03b9\u03ba\u03ad\u03c2 \u03ba\u03b1\u03b9 \u03c4\u03b1 \u03c7\u03b1\u03c1\u03b1\u03ba\u03c4\u03b7\u03c1\u03b9\u03c3\u03c4\u03b9\u03ba\u03ac \u03c4\u03bf\u03c5 Aviator. \u039c\u03ac\u03b8\u03b5\u03c4\u03b5 \u03c4\u03b1 \u03c0\u03ac\u03bd\u03c4\u03b1 \u03b3\u03b9\u03b1 \u03bd\u03b1 \u03c0\u03b1\u03af\u03be\u03b5\u03c4\u03b5 \u03bc\u03b5 \u03b5\u03c0\u03b9\u03c4\u03c5\u03c7\u03af\u03b1!","breadcrumb":{"@id":"https:\/\/playaviator.in\/el\/faq-aviator-game\/#breadcrumb"},"inLanguage":"es-ES","potentialAction":[{"@type":"ReadAction","target":["https:\/\/playaviator.in\/el\/faq-aviator-game\/"]}]},{"@type":"BreadcrumbList","@id":"https:\/\/playaviator.in\/el\/faq-aviator-game\/#breadcrumb","itemListElement":[{"@type":"ListItem","position":1,"name":"Home","item":"https:\/\/playaviator.in\/pl\/"},{"@type":"ListItem","position":2,"name":"FAQ"}]},{"@type":"WebSite","@id":"https:\/\/playaviator.in\/pl\/#website","url":"https:\/\/playaviator.in\/pl\/","name":"Aviator Game","description":"","publisher":{"@id":"https:\/\/playaviator.in\/pl\/#organization"},"potentialAction":[{"@type":"SearchAction","target":{"@type":"EntryPoint","urlTemplate":"https:\/\/playaviator.in\/pl\/?s={search_term_string}"},"query-input":{"@type":"PropertyValueSpecification","valueRequired":true,"valueName":"search_term_string"}}],"inLanguage":"es-ES"},{"@type":"Organization","@id":"https:\/\/playaviator.in\/pl\/#organization","name":"Aviator Game","url":"https:\/\/playaviator.in\/pl\/","logo":{"@type":"ImageObject","inLanguage":"es-ES","@id":"https:\/\/playaviator.in\/pl\/#\/schema\/logo\/image\/","url":"https:\/\/playaviator.in\/wp-content\/uploads\/Aviator_logo-e1702848125368.png","contentUrl":"https:\/\/playaviator.in\/wp-content\/uploads\/Aviator_logo-e1702848125368.png","width":589,"height":156,"caption":"Aviator Game"},"image":{"@id":"https:\/\/playaviator.in\/pl\/#\/schema\/logo\/image\/"}}]}},"_links":{"self":[{"href":"https:\/\/playaviator.in\/es\/wp-json\/wp\/v2\/pages\/5","targetHints":{"allow":["GET"]}}],"collection":[{"href":"https:\/\/playaviator.in\/es\/wp-json\/wp\/v2\/pages"}],"about":[{"href":"https:\/\/playaviator.in\/es\/wp-json\/wp\/v2\/types\/page"}],"author":[{"embeddable":true,"href":"https:\/\/playaviator.in\/es\/wp-json\/wp\/v2\/users\/1"}],"replies":[{"embeddable":true,"href":"https:\/\/playaviator.in\/es\/wp-json\/wp\/v2\/comments?post=5"}],"version-history":[{"count":12,"href":"https:\/\/playaviator.in\/es\/wp-json\/wp\/v2\/pages\/5\/revisions"}],"predecessor-version":[{"id":122,"href":"https:\/\/playaviator.in\/es\/wp-json\/wp\/v2\/pages\/5\/revisions\/122"}],"wp:attachment":[{"href":"https:\/\/playaviator.in\/es\/wp-json\/wp\/v2\/media?parent=5"}],"curies":[{"name":"wp","href":"https:\/\/api.w.org\/{rel}","templated":true}]}}