{"id":18,"date":"2023-12-16T22:33:01","date_gmt":"2023-12-16T22:33:01","guid":{"rendered":"https:\/\/playaviator.in\/?page_id=18"},"modified":"2023-12-26T22:36:08","modified_gmt":"2023-12-26T22:36:08","slug":"aviator-game-strategies","status":"publish","type":"page","link":"https:\/\/playaviator.in\/es\/aviator-game-strategies\/","title":{"rendered":"Estrategias"},"content":{"rendered":"<p>La estrategia de juego es un sistema de apuestas especial desarrollado por jugadores experimentados. Al adherirse a ella, puedes reducir el riesgo de p\u00e9rdidas y ganar cantidades significativas. Para un juego exitoso en un casino en l\u00ednea, especialmente en el juego \u00abAviator\u00bb, existen varias estrategias: estrategia de bajo riesgo, estrategia de riesgo moderado, estrategia de alto riesgo y una estrategia con dos apuestas simult\u00e1neas.<\/p>\n<h2>Estrategia de bajo riesgo:<\/h2>\n<p>En \u00abAviator\u00bb, la estrategia de bajo riesgo no busca ganancias r\u00e1pidas pero grandes. Su esencia radica en jugar con multiplicadores m\u00ednimos que van desde x1.20 hasta x1.21. A medida que aumenta el saldo, se recomienda cambiar a apuestas m\u00e1s significativas.<\/p>\n<h2>Estrategia de riesgo moderado:<\/h2>\n<p>Esta estrategia implica cubrir multiplicadores de 2 a 3, con una probabilidad de alrededor del 40%. En caso de una prolongada ausencia de resultados exitosos, se recomienda esperar coeficientes m\u00e1s altos.<\/p>\n<h2>Estrategia de alto riesgo:<\/h2>\n<p>Esta estrategia no proporciona un ingreso estable; se enfoca en obtener peque\u00f1os pagos con multiplicadores que superan x100 cada 1.5 horas. Antes de realizar apuestas activas, se recomienda estudiar los resultados recientes con un multiplicador x100, tomar nota del tiempo y comenzar a jugar.<\/p>\n<h2>Dos apuestas simult\u00e1neas:<\/h2>\n<p>La estrategia de apuestas simult\u00e1neas difiere poco de jugar con apuestas simples y requiere m\u00e1s concentraci\u00f3n. Para la primera apuesta, se sugiere un retiro autom\u00e1tico y un coeficiente de x1.2. La segunda apuesta se puede hacer con un riesgo moderado. Al utilizar esta estrategia, se recomienda detenerse en un multiplicador x40 para la primera apuesta y x100 para la segunda, asegurando equilibrio y altos coeficientes.<\/p>\n<h2>Sistemas de Apuestas \u00d3ptimos:<\/h2>\n<p>Existen diversos sistemas de apuestas que prometen la victoria, pero no todos cumplen con las expectativas. Algunos sistemas se basan en la experiencia pr\u00e1ctica y han demostrado su eficacia, mientras que otros son solo modelos matem\u00e1ticos que pueden ser precisos o no.<\/p>\n<ul>\n<li>Uno de los sistemas de apuestas m\u00e1s populares es el sistema Martingale. Implica duplicar tu apuesta despu\u00e9s de cada p\u00e9rdida hasta que finalmente ganes.<\/li>\n<li>El sistema de apuestas Labouchere es otro m\u00e9todo matem\u00e1tico que incluye una secuencia de apuestas con la eliminaci\u00f3n de los primeros y \u00faltimos n\u00fameros en la serie despu\u00e9s de cada apuesta.<\/li>\n<li>Similar al sistema Labouchere, el sistema de apuestas Fibonacci implica sumar n\u00fameros en lugar de eliminarlos despu\u00e9s de cada p\u00e9rdida.<\/li>\n<li>El sistema de apuestas D&#8217;Alembert es otra estrategia matem\u00e1tica, que implica aumentar la apuesta en una unidad despu\u00e9s de una p\u00e9rdida y disminuirla en una unidad despu\u00e9s de una victoria.<\/li>\n<li>El sistema de apuestas Paroli es un modelo te\u00f3rico basado en la idea de rachas. Implica duplicar la apuesta despu\u00e9s de una victoria y restablecerla despu\u00e9s de una p\u00e9rdida.<\/li>\n<\/ul>\n<p>Ning\u00fan sistema de apuestas garantiza el \u00e9xito, pero algunos resultan ser m\u00e1s efectivos que otros. Prueba varios sistemas diferentes y determina cu\u00e1l se adapta mejor a tu estilo de juego.<\/p>\n","protected":false},"excerpt":{"rendered":"<p>La estrategia de juego es un sistema de apuestas especial desarrollado por jugadores experimentados. Al adherirse a ella, puedes reducir el riesgo de p\u00e9rdidas y ganar cantidades significativas. Para un juego exitoso en un casino en l\u00ednea, especialmente en el juego \u00abAviator\u00bb, existen varias estrategias: estrategia de bajo riesgo, estrategia de riesgo moderado, estrategia de [&hellip;]<\/p>\n","protected":false},"author":1,"featured_media":0,"parent":0,"menu_order":0,"comment_status":"closed","ping_status":"closed","template":"","meta":{"footnotes":""},"class_list":["post-18","page","type-page","status-publish","hentry"],"yoast_head":"<!-- This site is optimized with the Yoast SEO plugin v27.2 - https:\/\/yoast.com\/product\/yoast-seo-wordpress\/ -->\n<title>\u0423\u043c\u043d\u044b\u0435 \u0445\u043e\u0434\u044b \u0432 Aviator: \u044d\u0444\u0444\u0435\u043a\u0442\u0438\u0432\u043d\u044b\u0435 \u0441\u0442\u0440\u0430\u0442\u0435\u0433\u0438\u0438 \u0434\u043b\u044f \u043f\u043e\u0431\u0435\u0434\u044b<\/title>\n<meta name=\"description\" content=\"Domina las mejores estrategias para Aviator. Maximiza tus posibilidades de \u00e9xito en este emocionante juego de crash. \u00a1Convi\u00e9rtete en un maestro del azar!\" \/>\n<meta name=\"robots\" content=\"index, follow, max-snippet:-1, max-image-preview:large, max-video-preview:-1\" \/>\n<link rel=\"canonical\" href=\"https:\/\/playaviator.in\/es\/aviator-game-strategies\/\" \/>\n<meta property=\"og:locale\" content=\"es_ES\" \/>\n<meta property=\"og:locale:alternate\" content=\"en_US\" \/>\n<meta property=\"og:locale:alternate\" content=\"ru_RU\" \/>\n<meta property=\"og:locale:alternate\" content=\"pt_PT\" \/>\n<meta property=\"og:locale:alternate\" content=\"ro_RO\" \/>\n<meta property=\"og:locale:alternate\" content=\"sr_RS\" \/>\n<meta property=\"og:locale:alternate\" content=\"bg_BG\" \/>\n<meta property=\"og:locale:alternate\" content=\"hu_HU\" \/>\n<meta property=\"og:locale:alternate\" content=\"pl_PL\" \/>\n<meta property=\"og:locale:alternate\" content=\"el\" \/>\n<meta property=\"og:locale:alternate\" content=\"tr_TR\" \/>\n<meta property=\"og:type\" content=\"article\" \/>\n<meta property=\"og:title\" content=\"\u0423\u043c\u043d\u044b\u0435 \u0445\u043e\u0434\u044b \u0432 Aviator: \u044d\u0444\u0444\u0435\u043a\u0442\u0438\u0432\u043d\u044b\u0435 \u0441\u0442\u0440\u0430\u0442\u0435\u0433\u0438\u0438 \u0434\u043b\u044f \u043f\u043e\u0431\u0435\u0434\u044b\" \/>\n<meta property=\"og:description\" content=\"\u041e\u0441\u0432\u043e\u0439 \u043b\u0443\u0447\u0448\u0438\u0435 \u0441\u0442\u0440\u0430\u0442\u0435\u0433\u0438\u0438 \u0434\u043b\u044f Aviator! \u041c\u0430\u043a\u0441\u0438\u043c\u0438\u0437\u0438\u0440\u0443\u0439 \u0441\u0432\u043e\u0438 \u0448\u0430\u043d\u0441\u044b \u043d\u0430 \u0443\u0441\u043f\u0435\u0445 \u0432 \u044d\u0442\u043e\u0439 \u0437\u0430\u0445\u0432\u0430\u0442\u044b\u0432\u0430\u044e\u0449\u0435\u0439 \u043a\u0440\u0430\u0448-\u0438\u0433\u0440\u0435. \u0421\u0442\u0430\u043d\u044c \u043c\u0430\u0441\u0442\u0435\u0440\u043e\u043c \u0430\u0437\u0430\u0440\u0442\u0430!\" \/>\n<meta property=\"og:url\" content=\"https:\/\/playaviator.in\/es\/aviator-game-strategies\/\" \/>\n<meta property=\"og:site_name\" content=\"Aviator Game\" \/>\n<meta property=\"article:modified_time\" content=\"2023-12-26T22:36:08+00:00\" \/>\n<meta name=\"twitter:card\" content=\"summary_large_image\" \/>\n<meta name=\"twitter:label1\" content=\"Tiempo de lectura\" \/>\n\t<meta name=\"twitter:data1\" content=\"18 minutos\" \/>\n<script type=\"application\/ld+json\" class=\"yoast-schema-graph\">{\"@context\":\"https:\/\/schema.org\",\"@graph\":[{\"@type\":\"WebPage\",\"@id\":\"https:\/\/playaviator.in\/aviator-game-strategies\/\",\"url\":\"https:\/\/playaviator.in\/aviator-game-strategies\/\",\"name\":\"\u0423\u043c\u043d\u044b\u0435 \u0445\u043e\u0434\u044b \u0432 Aviator: \u044d\u0444\u0444\u0435\u043a\u0442\u0438\u0432\u043d\u044b\u0435 \u0441\u0442\u0440\u0430\u0442\u0435\u0433\u0438\u0438 \u0434\u043b\u044f \u043f\u043e\u0431\u0435\u0434\u044b\",\"isPartOf\":{\"@id\":\"https:\/\/playaviator.in\/pl\/#website\"},\"datePublished\":\"2023-12-16T22:33:01+00:00\",\"dateModified\":\"2023-12-26T22:36:08+00:00\",\"description\":\"\u041e\u0441\u0432\u043e\u0439 \u043b\u0443\u0447\u0448\u0438\u0435 \u0441\u0442\u0440\u0430\u0442\u0435\u0433\u0438\u0438 \u0434\u043b\u044f Aviator! \u041c\u0430\u043a\u0441\u0438\u043c\u0438\u0437\u0438\u0440\u0443\u0439 \u0441\u0432\u043e\u0438 \u0448\u0430\u043d\u0441\u044b \u043d\u0430 \u0443\u0441\u043f\u0435\u0445 \u0432 \u044d\u0442\u043e\u0439 \u0437\u0430\u0445\u0432\u0430\u0442\u044b\u0432\u0430\u044e\u0449\u0435\u0439 \u043a\u0440\u0430\u0448-\u0438\u0433\u0440\u0435. \u0421\u0442\u0430\u043d\u044c \u043c\u0430\u0441\u0442\u0435\u0440\u043e\u043c \u0430\u0437\u0430\u0440\u0442\u0430!\",\"breadcrumb\":{\"@id\":\"https:\/\/playaviator.in\/aviator-game-strategies\/#breadcrumb\"},\"inLanguage\":\"es-ES\",\"potentialAction\":[{\"@type\":\"ReadAction\",\"target\":[\"https:\/\/playaviator.in\/aviator-game-strategies\/\"]}]},{\"@type\":\"BreadcrumbList\",\"@id\":\"https:\/\/playaviator.in\/aviator-game-strategies\/#breadcrumb\",\"itemListElement\":[{\"@type\":\"ListItem\",\"position\":1,\"name\":\"Home\",\"item\":\"https:\/\/playaviator.in\/pl\/\"},{\"@type\":\"ListItem\",\"position\":2,\"name\":\"\u0421\u0442\u0440\u0430\u0442\u0435\u0433\u0438\u0438\"}]},{\"@type\":\"WebSite\",\"@id\":\"https:\/\/playaviator.in\/pl\/#website\",\"url\":\"https:\/\/playaviator.in\/pl\/\",\"name\":\"Aviator Game\",\"description\":\"\",\"publisher\":{\"@id\":\"https:\/\/playaviator.in\/pl\/#organization\"},\"potentialAction\":[{\"@type\":\"SearchAction\",\"target\":{\"@type\":\"EntryPoint\",\"urlTemplate\":\"https:\/\/playaviator.in\/pl\/?s={search_term_string}\"},\"query-input\":{\"@type\":\"PropertyValueSpecification\",\"valueRequired\":true,\"valueName\":\"search_term_string\"}}],\"inLanguage\":\"es-ES\"},{\"@type\":\"Organization\",\"@id\":\"https:\/\/playaviator.in\/pl\/#organization\",\"name\":\"Aviator Game\",\"url\":\"https:\/\/playaviator.in\/pl\/\",\"logo\":{\"@type\":\"ImageObject\",\"inLanguage\":\"es-ES\",\"@id\":\"https:\/\/playaviator.in\/pl\/#\/schema\/logo\/image\/\",\"url\":\"https:\/\/playaviator.in\/wp-content\/uploads\/Aviator_logo-e1702848125368.png\",\"contentUrl\":\"https:\/\/playaviator.in\/wp-content\/uploads\/Aviator_logo-e1702848125368.png\",\"width\":589,\"height\":156,\"caption\":\"Aviator Game\"},\"image\":{\"@id\":\"https:\/\/playaviator.in\/pl\/#\/schema\/logo\/image\/\"}}]}<\/script>\n<!-- \/ Yoast SEO plugin. -->","yoast_head_json":{"title":"\u0423\u043c\u043d\u044b\u0435 \u0445\u043e\u0434\u044b \u0432 Aviator: \u044d\u0444\u0444\u0435\u043a\u0442\u0438\u0432\u043d\u044b\u0435 \u0441\u0442\u0440\u0430\u0442\u0435\u0433\u0438\u0438 \u0434\u043b\u044f \u043f\u043e\u0431\u0435\u0434\u044b","description":"Domina las mejores estrategias para Aviator. Maximiza tus posibilidades de \u00e9xito en este emocionante juego de crash. \u00a1Convi\u00e9rtete en un maestro del azar!","robots":{"index":"index","follow":"follow","max-snippet":"max-snippet:-1","max-image-preview":"max-image-preview:large","max-video-preview":"max-video-preview:-1"},"canonical":"https:\/\/playaviator.in\/es\/aviator-game-strategies\/","og_locale":"es_ES","og_type":"article","og_title":"\u0423\u043c\u043d\u044b\u0435 \u0445\u043e\u0434\u044b \u0432 Aviator: \u044d\u0444\u0444\u0435\u043a\u0442\u0438\u0432\u043d\u044b\u0435 \u0441\u0442\u0440\u0430\u0442\u0435\u0433\u0438\u0438 \u0434\u043b\u044f \u043f\u043e\u0431\u0435\u0434\u044b","og_description":"\u041e\u0441\u0432\u043e\u0439 \u043b\u0443\u0447\u0448\u0438\u0435 \u0441\u0442\u0440\u0430\u0442\u0435\u0433\u0438\u0438 \u0434\u043b\u044f Aviator! \u041c\u0430\u043a\u0441\u0438\u043c\u0438\u0437\u0438\u0440\u0443\u0439 \u0441\u0432\u043e\u0438 \u0448\u0430\u043d\u0441\u044b \u043d\u0430 \u0443\u0441\u043f\u0435\u0445 \u0432 \u044d\u0442\u043e\u0439 \u0437\u0430\u0445\u0432\u0430\u0442\u044b\u0432\u0430\u044e\u0449\u0435\u0439 \u043a\u0440\u0430\u0448-\u0438\u0433\u0440\u0435. \u0421\u0442\u0430\u043d\u044c \u043c\u0430\u0441\u0442\u0435\u0440\u043e\u043c \u0430\u0437\u0430\u0440\u0442\u0430!","og_url":"https:\/\/playaviator.in\/es\/aviator-game-strategies\/","og_site_name":"Aviator Game","article_modified_time":"2023-12-26T22:36:08+00:00","twitter_card":"summary_large_image","twitter_misc":{"Tiempo de lectura":"18 minutos"},"schema":{"@context":"https:\/\/schema.org","@graph":[{"@type":"WebPage","@id":"https:\/\/playaviator.in\/aviator-game-strategies\/","url":"https:\/\/playaviator.in\/aviator-game-strategies\/","name":"\u0423\u043c\u043d\u044b\u0435 \u0445\u043e\u0434\u044b \u0432 Aviator: \u044d\u0444\u0444\u0435\u043a\u0442\u0438\u0432\u043d\u044b\u0435 \u0441\u0442\u0440\u0430\u0442\u0435\u0433\u0438\u0438 \u0434\u043b\u044f \u043f\u043e\u0431\u0435\u0434\u044b","isPartOf":{"@id":"https:\/\/playaviator.in\/pl\/#website"},"datePublished":"2023-12-16T22:33:01+00:00","dateModified":"2023-12-26T22:36:08+00:00","description":"\u041e\u0441\u0432\u043e\u0439 \u043b\u0443\u0447\u0448\u0438\u0435 \u0441\u0442\u0440\u0430\u0442\u0435\u0433\u0438\u0438 \u0434\u043b\u044f Aviator! \u041c\u0430\u043a\u0441\u0438\u043c\u0438\u0437\u0438\u0440\u0443\u0439 \u0441\u0432\u043e\u0438 \u0448\u0430\u043d\u0441\u044b \u043d\u0430 \u0443\u0441\u043f\u0435\u0445 \u0432 \u044d\u0442\u043e\u0439 \u0437\u0430\u0445\u0432\u0430\u0442\u044b\u0432\u0430\u044e\u0449\u0435\u0439 \u043a\u0440\u0430\u0448-\u0438\u0433\u0440\u0435. \u0421\u0442\u0430\u043d\u044c \u043c\u0430\u0441\u0442\u0435\u0440\u043e\u043c \u0430\u0437\u0430\u0440\u0442\u0430!","breadcrumb":{"@id":"https:\/\/playaviator.in\/aviator-game-strategies\/#breadcrumb"},"inLanguage":"es-ES","potentialAction":[{"@type":"ReadAction","target":["https:\/\/playaviator.in\/aviator-game-strategies\/"]}]},{"@type":"BreadcrumbList","@id":"https:\/\/playaviator.in\/aviator-game-strategies\/#breadcrumb","itemListElement":[{"@type":"ListItem","position":1,"name":"Home","item":"https:\/\/playaviator.in\/pl\/"},{"@type":"ListItem","position":2,"name":"\u0421\u0442\u0440\u0430\u0442\u0435\u0433\u0438\u0438"}]},{"@type":"WebSite","@id":"https:\/\/playaviator.in\/pl\/#website","url":"https:\/\/playaviator.in\/pl\/","name":"Aviator Game","description":"","publisher":{"@id":"https:\/\/playaviator.in\/pl\/#organization"},"potentialAction":[{"@type":"SearchAction","target":{"@type":"EntryPoint","urlTemplate":"https:\/\/playaviator.in\/pl\/?s={search_term_string}"},"query-input":{"@type":"PropertyValueSpecification","valueRequired":true,"valueName":"search_term_string"}}],"inLanguage":"es-ES"},{"@type":"Organization","@id":"https:\/\/playaviator.in\/pl\/#organization","name":"Aviator Game","url":"https:\/\/playaviator.in\/pl\/","logo":{"@type":"ImageObject","inLanguage":"es-ES","@id":"https:\/\/playaviator.in\/pl\/#\/schema\/logo\/image\/","url":"https:\/\/playaviator.in\/wp-content\/uploads\/Aviator_logo-e1702848125368.png","contentUrl":"https:\/\/playaviator.in\/wp-content\/uploads\/Aviator_logo-e1702848125368.png","width":589,"height":156,"caption":"Aviator Game"},"image":{"@id":"https:\/\/playaviator.in\/pl\/#\/schema\/logo\/image\/"}}]}},"_links":{"self":[{"href":"https:\/\/playaviator.in\/es\/wp-json\/wp\/v2\/pages\/18","targetHints":{"allow":["GET"]}}],"collection":[{"href":"https:\/\/playaviator.in\/es\/wp-json\/wp\/v2\/pages"}],"about":[{"href":"https:\/\/playaviator.in\/es\/wp-json\/wp\/v2\/types\/page"}],"author":[{"embeddable":true,"href":"https:\/\/playaviator.in\/es\/wp-json\/wp\/v2\/users\/1"}],"replies":[{"embeddable":true,"href":"https:\/\/playaviator.in\/es\/wp-json\/wp\/v2\/comments?post=18"}],"version-history":[{"count":27,"href":"https:\/\/playaviator.in\/es\/wp-json\/wp\/v2\/pages\/18\/revisions"}],"predecessor-version":[{"id":159,"href":"https:\/\/playaviator.in\/es\/wp-json\/wp\/v2\/pages\/18\/revisions\/159"}],"wp:attachment":[{"href":"https:\/\/playaviator.in\/es\/wp-json\/wp\/v2\/media?parent=18"}],"curies":[{"name":"wp","href":"https:\/\/api.w.org\/{rel}","templated":true}]}}